{"id":6445,"date":"2023-07-05T21:24:43","date_gmt":"2023-07-05T19:24:43","guid":{"rendered":"https:\/\/tomyklou.gr\/product\/benton-tea-tree-cleansing-water-200ml\/"},"modified":"2026-02-22T18:44:34","modified_gmt":"2026-02-22T16:44:34","slug":"benton-tea-tree-cleansing-water-200ml","status":"publish","type":"product","link":"https:\/\/tomyklou.gr\/de\/product\/benton-tea-tree-cleansing-water-200ml\/","title":{"rendered":"Benton Tea Tree Cleansing Water 200ml"},"content":{"rendered":"<h3>Anwendung<\/h3>\n<p><em><strong>Am Morgen<\/strong><\/em><\/p>\n<ol>\n<li>Tauchen Sie ein Wattepad in das Reinigungswasser und gehen Sie damit anschlie\u00dfend sanft \u00fcber das Gesicht.<\/li>\n<li>Fahren Sie dann mit Ihrer gew\u00f6hnlichen Hautpflegeroutine fort.<\/li>\n<\/ol>\n<p><b style=\"font-style: inherit\"><i>Am Abend<\/i><\/b><\/p>\n<ol>\n<li><span style=\"font-size: 16px\">Tauchen Sie ein Wattepad in das Reinigungswasser und gehen Sie damit anschlie\u00dfend sanft \u00fcber das Gesicht.<\/span><\/li>\n<li>Gebrauchen Sie anschlie\u00dfend f\u00fcr eine tiefere Reinigung ein sch\u00e4umendes Gesichtsreinigungsmittel.<\/li>\n<li>Fahren Sie dann mit Ihrer gew\u00f6hnlichen Hautpflegeroutine fort.<\/li>\n<\/ol>\n<h3>Inhaltsstoffe<\/h3>\n<p>Melaleuca Alternifolia (Tea Tree) Leaf Water (70%), Water (Aqua), Dipropylene Glycol, Glycerin, 1,2-Hexanediol, Butylene Glycol, \u00a0Melaleuca Alternifolia (Tea Tree) Leaf Oil, Polyglyceryl-6 Caprylate, Polyglyceryl-10 Laurate, Sodium Chloride<\/p>\n<h3>Warnhinweise<\/h3>\n<ol>\n<li>Nur zur \u00e4u\u00dferlichen Anwendung geeignet.<\/li>\n<li>Nicht auf verletzte Haut oder auf Wunden auftragen.<\/li>\n<li>Sollten Nebenwirkungen wie Irritationen oder Ausschlag eintreten, Anwendung sofort beenden und unverz\u00fcglich an einen Arzt wenden.<\/li>\n<li>Kontakt mit den Augen vermeiden. Sollte das Produkt ins Auge gelangen, das Auge sofort gr\u00fcndlich mit klarem Wasser aussp\u00fclen.<\/li>\n<li>Au\u00dfer Reichweite von Kindern aufbewahren.<\/li>\n<li>Nicht schlucken. Bei Verschlucken Arzt oder Giftzentrale aufsuchen.<\/li>\n<\/ol>\n","protected":false},"excerpt":{"rendered":"<p><strong>Benton\u00a0<\/strong>Tea Tree Cleansing Water enth\u00e4lt nur 10 Inhaltsstoffe und hat einen leicht sauren, hautschonenden pH-Wert.\u00a0Das Reinigungswasser entfernt sanft Verunreinigungen und reguliert die Talgproduktion. Frei von Duftstoffen, Parabenen, Sulfaten und Phenoxyethanol.<\/p>\n","protected":false},"featured_media":6520,"comment_status":"open","ping_status":"closed","template":"","meta":{"content-type":"","site-sidebar-layout":"default","site-content-layout":"default","ast-site-content-layout":"default","site-content-style":"default","site-sidebar-style":"default","ast-global-header-display":"","ast-banner-title-visibility":"","ast-main-header-display":"","ast-hfb-above-header-display":"","ast-hfb-below-header-display":"","ast-hfb-mobile-header-display":"","site-post-title":"","ast-breadcrumbs-content":"","ast-featured-img":"","footer-sml-layout":"","ast-disable-related-posts":"","theme-transparent-header-meta":"default","adv-header-id-meta":"","stick-header-meta":"","header-above-stick-meta":"","header-main-stick-meta":"","header-below-stick-meta":"","astra-migrate-meta-layouts":"default","ast-page-background-enabled":"default","ast-page-background-meta":{"desktop":{"background-color":"","background-image":"","background-repeat":"repeat","background-position":"center center","background-size":"auto","background-attachment":"scroll","background-type":"","background-media":"","overlay-type":"","overlay-color":"","overlay-opacity":"","overlay-gradient":""},"tablet":{"background-color":"","background-image":"","background-repeat":"repeat","background-position":"center center","background-size":"auto","background-attachment":"scroll","background-type":"","background-media":"","overlay-type":"","overlay-color":"","overlay-opacity":"","overlay-gradient":""},"mobile":{"background-color":"","background-image":"","background-repeat":"repeat","background-position":"center center","background-size":"auto","background-attachment":"scroll","background-type":"","background-media":"","overlay-type":"","overlay-color":"","overlay-opacity":"","overlay-gradient":""}},"ast-content-background-meta":{"desktop":{"background-color":"var(--ast-global-color-5)","background-image":"","background-repeat":"repeat","background-position":"center center","background-size":"auto","background-attachment":"scroll","background-type":"","background-media":"","overlay-type":"","overlay-color":"","overlay-opacity":"","overlay-gradient":""},"tablet":{"background-color":"var(--ast-global-color-5)","background-image":"","background-repeat":"repeat","background-position":"center center","background-size":"auto","background-attachment":"scroll","background-type":"","background-media":"","overlay-type":"","overlay-color":"","overlay-opacity":"","overlay-gradient":""},"mobile":{"background-color":"var(--ast-global-color-5)","background-image":"","background-repeat":"repeat","background-position":"center center","background-size":"auto","background-attachment":"scroll","background-type":"","background-media":"","overlay-type":"","overlay-color":"","overlay-opacity":"","overlay-gradient":""}}},"product_brand":[],"product_cat":[312,126,31],"product_tag":[64],"class_list":{"0":"post-6445","1":"product","2":"type-product","3":"status-publish","4":"has-post-thumbnail","6":"product_cat-gesichtsreiniger","7":"product_cat-benton","8":"product_cat-gesicht","9":"product_tag-reinigung","10":"desktop-align-center","11":"tablet-align-center","12":"mobile-align-center","14":"first","15":"outofstock","16":"taxable","17":"shipping-taxable","18":"purchasable","19":"product-type-simple"},"_links":{"self":[{"href":"https:\/\/tomyklou.gr\/de\/wp-json\/wp\/v2\/product\/6445","targetHints":{"allow":["GET"]}}],"collection":[{"href":"https:\/\/tomyklou.gr\/de\/wp-json\/wp\/v2\/product"}],"about":[{"href":"https:\/\/tomyklou.gr\/de\/wp-json\/wp\/v2\/types\/product"}],"replies":[{"embeddable":true,"href":"https:\/\/tomyklou.gr\/de\/wp-json\/wp\/v2\/comments?post=6445"}],"wp:featuredmedia":[{"embeddable":true,"href":"https:\/\/tomyklou.gr\/de\/wp-json\/wp\/v2\/media\/6520"}],"wp:attachment":[{"href":"https:\/\/tomyklou.gr\/de\/wp-json\/wp\/v2\/media?parent=6445"}],"wp:term":[{"taxonomy":"product_brand","embeddable":true,"href":"https:\/\/tomyklou.gr\/de\/wp-json\/wp\/v2\/product_brand?post=6445"},{"taxonomy":"product_cat","embeddable":true,"href":"https:\/\/tomyklou.gr\/de\/wp-json\/wp\/v2\/product_cat?post=6445"},{"taxonomy":"product_tag","embeddable":true,"href":"https:\/\/tomyklou.gr\/de\/wp-json\/wp\/v2\/product_tag?post=6445"}],"curies":[{"name":"wp","href":"https:\/\/api.w.org\/{rel}","templated":true}]}}