{"id":6450,"date":"2023-07-05T21:24:46","date_gmt":"2023-07-05T19:24:46","guid":{"rendered":"https:\/\/tomyklou.gr\/product\/benton-aloe-real-cool-soothing-gel-300ml\/"},"modified":"2026-02-22T18:44:33","modified_gmt":"2026-02-22T16:44:33","slug":"benton-aloe-real-cool-soothing-gel-300ml","status":"publish","type":"product","link":"https:\/\/tomyklou.gr\/de\/product\/benton-aloe-real-cool-soothing-gel\/","title":{"rendered":"Benton Aloe Real Cool Soothing Gel 300ml"},"content":{"rendered":"<h3>Anwendung<\/h3>\n<ul>\n<li>Als K\u00f6rpercreme<\/li>\n<li>Gesichtscreme oder Maske zur Feuchtigkeitsspende<\/li>\n<li>Als Creme nach der Rasur<\/li>\n<li>Als Haarmittel<\/li>\n<li>Maskenpackung gegen Sonnenbr\u00e4nde<\/li>\n<li>Make-Up-Grundlage<\/li>\n<li>Nagelpflegeprodukt<\/li>\n<li>Entspannungskur f\u00fcr die Augen.<\/li>\n<\/ul>\n<h3>Inhaltsstoffe<\/h3>\n<p>Aloe Barbadensis Leaf Extract, 1,2-Hexanediol, Propanediol, Laminaria Japonica Extract, Dioscorea Japonica Root Extract, Ulmus Davidiana Root Extract, Viola Mandshurica Flower Extract, Glycerin, Pentylene Glycol, Cocos Nucifera (Coconut) Fruit Extract, Pinus Sylvestris Leaf Extract, Carbomer, Arginine, Sodium Phytate<\/p>\n<h3>Warnhinweise<\/h3>\n<ol>\n<li>Nur zur \u00e4u\u00dferlichen Anwendung geeignet.<\/li>\n<li>Nicht auf verletzte Haut oder auf Wunden auftragen.<\/li>\n<li>Sollten Nebenwirkungen wie Irritationen oder Ausschlag eintreten, Anwendung sofort beenden und unverz\u00fcglich an einen Arzt wenden.<\/li>\n<li>Kontakt mit den Augen vermeiden. Sollte das Produkt ins Auge gelangen, das Auge sofort gr\u00fcndlich mit klarem Wasser aussp\u00fclen.<\/li>\n<li>Au\u00dfer Reichweite von Kindern aufbewahren.<\/li>\n<li>Nicht schlucken. Bei Verschlucken Arzt oder Giftzentrale aufsuchen.<\/li>\n<\/ol>\n","protected":false},"excerpt":{"rendered":"<p>Schenken Sie trockener, schmerzender Haut maximale Erholung mit dem Benton Aloe Real Cool Soothing Gel.<\/p>\n<p>Das beruhigende Gel wirkt schnell und reduziert Entz\u00fcndungen, liefert eine k\u00fchlende Feuchtigkeitsspende und hilft bei der Heilung gesch\u00e4digte Haut. Das wasserbasierte Gel zieht schnell ein und kann sowohl auf das Gesicht als auch auf den K\u00f6rper angewendet werden, ohne klebrige R\u00fcckst\u00e4nde zu hinterlassen.<\/p>\n<ul>\n<li><em><strong>93% Aloe<\/strong><\/em>\u00a0<em>Barbadensis Blattextrakt<\/em>\u00a0ist rein an\u00a0<em>Polysacchariden<\/em>, die die Haut intensiv mit Feuchtigkeit versorgen.<\/li>\n<li><em>Der patentierte \u201cSoothing Cooler\u201d<\/em>\u00a0ist eine spezielle Mischung aus\u00a0<em>5 pflanzlichen Extrakten<\/em>, die eine k\u00fchlende Wirkung haben und die Haut beruhigen.<\/li>\n<\/ul>\n<p>Frei von Alkohol, irritierenden Inhaltsstoffen und k\u00fcnstlichen Duftstoffen!<\/p>\n","protected":false},"featured_media":6543,"comment_status":"open","ping_status":"closed","template":"","meta":{"content-type":"","site-sidebar-layout":"default","site-content-layout":"default","ast-site-content-layout":"default","site-content-style":"default","site-sidebar-style":"default","ast-global-header-display":"","ast-banner-title-visibility":"","ast-main-header-display":"","ast-hfb-above-header-display":"","ast-hfb-below-header-display":"","ast-hfb-mobile-header-display":"","site-post-title":"","ast-breadcrumbs-content":"","ast-featured-img":"","footer-sml-layout":"","ast-disable-related-posts":"","theme-transparent-header-meta":"default","adv-header-id-meta":"","stick-header-meta":"","header-above-stick-meta":"","header-main-stick-meta":"","header-below-stick-meta":"","astra-migrate-meta-layouts":"default","ast-page-background-enabled":"default","ast-page-background-meta":{"desktop":{"background-color":"","background-image":"","background-repeat":"repeat","background-position":"center center","background-size":"auto","background-attachment":"scroll","background-type":"","background-media":"","overlay-type":"","overlay-color":"","overlay-opacity":"","overlay-gradient":""},"tablet":{"background-color":"","background-image":"","background-repeat":"repeat","background-position":"center center","background-size":"auto","background-attachment":"scroll","background-type":"","background-media":"","overlay-type":"","overlay-color":"","overlay-opacity":"","overlay-gradient":""},"mobile":{"background-color":"","background-image":"","background-repeat":"repeat","background-position":"center center","background-size":"auto","background-attachment":"scroll","background-type":"","background-media":"","overlay-type":"","overlay-color":"","overlay-opacity":"","overlay-gradient":""}},"ast-content-background-meta":{"desktop":{"background-color":"var(--ast-global-color-5)","background-image":"","background-repeat":"repeat","background-position":"center center","background-size":"auto","background-attachment":"scroll","background-type":"","background-media":"","overlay-type":"","overlay-color":"","overlay-opacity":"","overlay-gradient":""},"tablet":{"background-color":"var(--ast-global-color-5)","background-image":"","background-repeat":"repeat","background-position":"center center","background-size":"auto","background-attachment":"scroll","background-type":"","background-media":"","overlay-type":"","overlay-color":"","overlay-opacity":"","overlay-gradient":""},"mobile":{"background-color":"var(--ast-global-color-5)","background-image":"","background-repeat":"repeat","background-position":"center center","background-size":"auto","background-attachment":"scroll","background-type":"","background-media":"","overlay-type":"","overlay-color":"","overlay-opacity":"","overlay-gradient":""}}},"product_brand":[],"product_cat":[316,321,126,85,327,31,71],"product_tag":[67,34],"class_list":{"0":"post-6450","1":"product","2":"type-product","3":"status-publish","4":"has-post-thumbnail","6":"product_cat-gesichtsmaske","7":"product_cat-spezialbehandlung","8":"product_cat-benton","9":"product_cat-koerperlotion","10":"product_cat-new-arrivals","11":"product_cat-gesicht","12":"product_cat-koerperpflege","13":"product_tag-spezialbehandlung","14":"product_tag-sheet","15":"desktop-align-center","16":"tablet-align-center","17":"mobile-align-center","19":"first","20":"outofstock","21":"taxable","22":"shipping-taxable","23":"purchasable","24":"product-type-simple"},"_links":{"self":[{"href":"https:\/\/tomyklou.gr\/de\/wp-json\/wp\/v2\/product\/6450","targetHints":{"allow":["GET"]}}],"collection":[{"href":"https:\/\/tomyklou.gr\/de\/wp-json\/wp\/v2\/product"}],"about":[{"href":"https:\/\/tomyklou.gr\/de\/wp-json\/wp\/v2\/types\/product"}],"replies":[{"embeddable":true,"href":"https:\/\/tomyklou.gr\/de\/wp-json\/wp\/v2\/comments?post=6450"}],"wp:featuredmedia":[{"embeddable":true,"href":"https:\/\/tomyklou.gr\/de\/wp-json\/wp\/v2\/media\/6543"}],"wp:attachment":[{"href":"https:\/\/tomyklou.gr\/de\/wp-json\/wp\/v2\/media?parent=6450"}],"wp:term":[{"taxonomy":"product_brand","embeddable":true,"href":"https:\/\/tomyklou.gr\/de\/wp-json\/wp\/v2\/product_brand?post=6450"},{"taxonomy":"product_cat","embeddable":true,"href":"https:\/\/tomyklou.gr\/de\/wp-json\/wp\/v2\/product_cat?post=6450"},{"taxonomy":"product_tag","embeddable":true,"href":"https:\/\/tomyklou.gr\/de\/wp-json\/wp\/v2\/product_tag?post=6450"}],"curies":[{"name":"wp","href":"https:\/\/api.w.org\/{rel}","templated":true}]}}