{"id":6451,"date":"2023-07-05T21:24:46","date_gmt":"2023-07-05T19:24:46","guid":{"rendered":"https:\/\/tomyklou.gr\/product\/benton-air-fit-uv-defense-sun-cream-50ml\/"},"modified":"2026-02-22T18:44:33","modified_gmt":"2026-02-22T16:44:33","slug":"benton-air-fit-uv-defense-sun-cream-50ml","status":"publish","type":"product","link":"https:\/\/tomyklou.gr\/de\/product\/benton-air-fit-uv-defense-sun-cream\/","title":{"rendered":"Benton Air Fit UV Defense Sun Cream 50ml"},"content":{"rendered":"<h3>Anwendung<\/h3>\n<ol>\n<li>Tragen Sie im letzten Schritt der Basispflege eine ausreichende Menge auf.<\/li>\n<li>30 Minuten vor dem Sonnenbad auftragen.<\/li>\n<li>F\u00fcr den perfekten Sonnenschutz w\u00e4hrend der Outdoor-Aktivit\u00e4t alle zwei Stunden erneut auftragen.<\/li>\n<\/ol>\n<h3>Inhaltsstoffe<\/h3>\n<p>Water, Dibutyl Adipate, Propanediol, Diethylamino Hydroxybenzoyl Hexyl Benzoate, Polymethylsilsesquioxane, Ethylhexyl Triazone, Niacinamide, Methylene Bis-Benzotriazolyl Tetramethylbutylphenol, Coco-Caprylate\/Caprate, Caprylyl Methicone, Diethylhexyl Butamido Triazone, Glycerin, 1,2-Hexanediol, Butylene Glycol, Pentylene Glycol, Centella Asiatica Extract, Behenyl Alcohol, Poly C10-30 Alkyl Acrylate, Polyglyceryl-3 Methylglucose Distearate, Decyl Glucoside, Melia Azadirachta Leaf Extract, Melia Azadirachta Flower Extract, Acrylates\/C10-30 Alkyl Acrylate Crosspolymer, Panthenol, Tocopherol, Dipotassium Glycyrrhizate, Madecassoside, Madecassic Acid, Asiaticoside, Asiatic Acid, Tromethamine, Carbomer, Sodium Stearoyl Glutamate, Polyacrylate Crosspolymer-6, Ethylhexylglycerin, Adenosine, Rosmarinus Officinalis (Rosemary) Leaf Oil, Xanthan Gum, Butyl Alcohol<\/p>\n<h3>Warnhinweise<\/h3>\n<ol>\n<li>Nur zur \u00e4u\u00dferlichen Anwendung geeignet.<\/li>\n<li>Nicht auf verletzte Haut oder auf Wunden auftragen.<\/li>\n<li>Sollten Nebenwirkungen wie Irritationen oder Ausschlag eintreten, Anwendung sofort beenden und unverz\u00fcglich an einen Arzt wenden.<\/li>\n<li>Kontakt mit den Augen vermeiden. Sollte das Produkt ins Auge gelangen, das Auge sofort gr\u00fcndlich mit klarem Wasser aussp\u00fclen.<\/li>\n<li>Au\u00dfer Reichweite von Kindern aufbewahren.<\/li>\n<li>Nicht schlucken. Bei Verschlucken Arzt oder Giftzentrale aufsuchen.<\/li>\n<\/ol>\n","protected":false},"excerpt":{"rendered":"<p>Die<strong> Benton<\/strong> Air Fit UV-Schutz-Sonnencreme SPF 50+ PA++++ ist ein leichter chemischer Sonnenschutz, der Schutz vor UVA- und UVB-Strahlen bietet und sehr schnell einzieht, ohne ein klebriges Gef\u00fchl zu hinterlassen. Der Sonnenschutz ist mit Barriere st\u00e4rkenden Inhaltsstoffen wie Panthenol und Vitamin E angereichert. Der Sonnenschutz enth\u00e4lt auch Centella Asiatica f\u00fcr beruhigende Eigenschaften.<\/p>\n<p>Einer der wichtigsten Faktoren des Alterns und der Entwicklung von Hyperpigmentierung und Melasma ist (\u00fcberm\u00e4\u00dfige) Sonneneinstrahlung. Wir unterscheiden drei Arten von UV-Strahlen: UVA (UVA1 hat eine Reichweite von 340-400 Nanometer und UVA2 hat eine Reichweite von 320 und 340 Nanometer), UVB (320-280 nm) und UVC (280-100 nm). UVC wird durch die Ozonschicht blockiert, sodass wir keinen Strahlen unter 280 nm ausgesetzt sind.<\/p>\n<p>UV-Filter:<\/p>\n<p>Uvinul A Plus (320-400 nm), Uvinal T 150 (280-320 nm), Tinosrb M (280-400 nm), Iscotrizinol, Uvasorb HEB (sehr photostabil, 310 nm).<\/p>\n<p><strong>Zutaten, die wir lieben:<\/strong><br \/>\nNiacinamid: Verhindert die Auswirkungen der Hautalterung, indem es die Synthese von Ceramiden stimuliert, die Hautbarriere verbessert, dunkle Flecken verblasst und feine Linien und Falten verringert.<br \/>\nTocopherol, Vitamin E: Ein wichtiges, \u00f6ll\u00f6sliches Antioxidans in der Haut. Sch\u00fctzt die Haut vor Sch\u00e4den durch freie Radikale und macht die Haut widerstandsf\u00e4higer gegen UV-Strahlen.<\/p>\n","protected":false},"featured_media":6546,"comment_status":"open","ping_status":"closed","template":"","meta":{"content-type":"","site-sidebar-layout":"default","site-content-layout":"default","ast-site-content-layout":"default","site-content-style":"default","site-sidebar-style":"default","ast-global-header-display":"","ast-banner-title-visibility":"","ast-main-header-display":"","ast-hfb-above-header-display":"","ast-hfb-below-header-display":"","ast-hfb-mobile-header-display":"","site-post-title":"","ast-breadcrumbs-content":"","ast-featured-img":"","footer-sml-layout":"","ast-disable-related-posts":"","theme-transparent-header-meta":"default","adv-header-id-meta":"","stick-header-meta":"","header-above-stick-meta":"","header-main-stick-meta":"","header-below-stick-meta":"","astra-migrate-meta-layouts":"set","ast-page-background-enabled":"default","ast-page-background-meta":{"desktop":{"background-color":"","background-image":"","background-repeat":"repeat","background-position":"center center","background-size":"auto","background-attachment":"scroll","background-type":"","background-media":"","overlay-type":"","overlay-color":"","overlay-opacity":"","overlay-gradient":""},"tablet":{"background-color":"","background-image":"","background-repeat":"repeat","background-position":"center center","background-size":"auto","background-attachment":"scroll","background-type":"","background-media":"","overlay-type":"","overlay-color":"","overlay-opacity":"","overlay-gradient":""},"mobile":{"background-color":"","background-image":"","background-repeat":"repeat","background-position":"center center","background-size":"auto","background-attachment":"scroll","background-type":"","background-media":"","overlay-type":"","overlay-color":"","overlay-opacity":"","overlay-gradient":""}},"ast-content-background-meta":{"desktop":{"background-color":"var(--ast-global-color-5)","background-image":"","background-repeat":"repeat","background-position":"center center","background-size":"auto","background-attachment":"scroll","background-type":"","background-media":"","overlay-type":"","overlay-color":"","overlay-opacity":"","overlay-gradient":""},"tablet":{"background-color":"var(--ast-global-color-5)","background-image":"","background-repeat":"repeat","background-position":"center center","background-size":"auto","background-attachment":"scroll","background-type":"","background-media":"","overlay-type":"","overlay-color":"","overlay-opacity":"","overlay-gradient":""},"mobile":{"background-color":"var(--ast-global-color-5)","background-image":"","background-repeat":"repeat","background-position":"center center","background-size":"auto","background-attachment":"scroll","background-type":"","background-media":"","overlay-type":"","overlay-color":"","overlay-opacity":"","overlay-gradient":""}}},"product_brand":[],"product_cat":[313,126,31],"product_tag":[36],"class_list":{"0":"post-6451","1":"product","2":"type-product","3":"status-publish","4":"has-post-thumbnail","6":"product_cat-gesichtssonnencreme","7":"product_cat-benton","8":"product_cat-gesicht","9":"product_tag-sonnenschutz","10":"desktop-align-center","11":"tablet-align-center","12":"mobile-align-center","14":"first","15":"outofstock","16":"taxable","17":"shipping-taxable","18":"purchasable","19":"product-type-simple"},"_links":{"self":[{"href":"https:\/\/tomyklou.gr\/de\/wp-json\/wp\/v2\/product\/6451","targetHints":{"allow":["GET"]}}],"collection":[{"href":"https:\/\/tomyklou.gr\/de\/wp-json\/wp\/v2\/product"}],"about":[{"href":"https:\/\/tomyklou.gr\/de\/wp-json\/wp\/v2\/types\/product"}],"replies":[{"embeddable":true,"href":"https:\/\/tomyklou.gr\/de\/wp-json\/wp\/v2\/comments?post=6451"}],"wp:featuredmedia":[{"embeddable":true,"href":"https:\/\/tomyklou.gr\/de\/wp-json\/wp\/v2\/media\/6546"}],"wp:attachment":[{"href":"https:\/\/tomyklou.gr\/de\/wp-json\/wp\/v2\/media?parent=6451"}],"wp:term":[{"taxonomy":"product_brand","embeddable":true,"href":"https:\/\/tomyklou.gr\/de\/wp-json\/wp\/v2\/product_brand?post=6451"},{"taxonomy":"product_cat","embeddable":true,"href":"https:\/\/tomyklou.gr\/de\/wp-json\/wp\/v2\/product_cat?post=6451"},{"taxonomy":"product_tag","embeddable":true,"href":"https:\/\/tomyklou.gr\/de\/wp-json\/wp\/v2\/product_tag?post=6451"}],"curies":[{"name":"wp","href":"https:\/\/api.w.org\/{rel}","templated":true}]}}