{"id":6634,"date":"2023-07-05T22:29:18","date_gmt":"2023-07-05T20:29:18","guid":{"rendered":"https:\/\/tomyklou.gr\/product\/cosrx-two-in-one-poreless-power-liquid-100ml\/"},"modified":"2026-02-22T18:43:35","modified_gmt":"2026-02-22T16:43:35","slug":"cosrx-two-in-one-poreless-power-liquid-100ml","status":"publish","type":"product","link":"https:\/\/tomyklou.gr\/de\/product\/cosrx-two-in-one-poreless-power-liquid\/","title":{"rendered":"COSRX Two In One Poreless Power Liquid 100ml"},"content":{"rendered":"<h3>Anwendung<\/h3>\n<ol>\n<li>Tragen Sie das Liquid direkt nach dem Reinigen oder vor der Essenz auf.<\/li>\n<li>Bringen Sie mit einem Wattepad eine geeignete Menge auf die Haut an.<\/li>\n<li>Konzentrieren Sie sich hierbei vor allem auf stark beanspruchte Gebiete der Haut (wie zum Beispiel die T-Zone und die Wangen)<\/li>\n<\/ol>\n<h3>Inhaltsstoffe<\/h3>\n<p>Salix Alba Bark Water, Butylene Glycol, 1,2-Hexanediol, Hydroxypropyl Cyclodextrin, Water, Ethyl Hexanediol, PEG-60 Hydrogenated Castor Oil, Betaine Salicylate, Arginine, Betaine, Allantoin, Panthenol, Ethylhexylglycerin, Carbomer, Pentylene Glycol, Sodium Hyaluronate, Cassia Obtusifolia Seed Extract, Menthyl Lactate, Mentha Haplocalix Extract, Disodium Phosphate, Sodium\u00a0Phosphate<\/p>\n<h3>Achtung<\/h3>\n<p>Dieses Produkt enth\u00e4lt Betaine Salicylate und verwandte Stoffe. Nicht verwenden, wenn Sie eine\u00a0<strong>Aspirin-Allergie<\/strong>\u00a0haben.<\/p>\n<h3>Warnhinweise<\/h3>\n<ol>\n<li>Nur zur \u00e4u\u00dferlichen Anwendung geeignet.<\/li>\n<li>Nicht auf verletzte Haut oder auf Wunden auftragen.<\/li>\n<li>Sollten Nebenwirkungen wie Irritationen oder Ausschlag eintreten, Anwendung sofort beenden und unverz\u00fcglich an einen Arzt wenden.<\/li>\n<li>Kontakt mit den Augen vermeiden. Sollte das Produkt ins Auge gelangen, das Auge sofort gr\u00fcndlich mit klarem Wasser aussp\u00fclen.<\/li>\n<li>Au\u00dfer Reichweite von Kindern aufbewahren.<\/li>\n<li>Nicht schlucken. Bei Verschlucken Arzt oder Giftzentrale aufsuchen.<\/li>\n<li>Dieses Produkt enth\u00e4lt Betaine Salicylate und verwandte Stoffe. Nicht verwenden, wenn Sie eine\u00a0<strong>Aspirin-Allergie<\/strong>\u00a0haben.<\/li>\n<\/ol>\n","protected":false},"excerpt":{"rendered":"<p><strong>COSRX<\/strong>\u00a0Two In\u00a0One Poreless Power Liquid ist ein \u00d6l, das \u00fcberm\u00e4\u00dfiger Talgproduktion entgegen wirkt und verstopfte Poren reinigt. Bei regelm\u00e4\u00dfiger Anwendung sorgt es f\u00fcr eine glattere Haut und eine reduzierte Porengr\u00f6\u00dfe. Beinhaltet zu 0,1% BHA, um tiefsitzende Verunreinigungen zu entfernen. Es ist reich an Tanninen, um die vergr\u00f6\u00dferten Poren zu st\u00e4rken, und es enth\u00e4lt zu 88% Weidenrinden-Extrakt, um Akne zu bek\u00e4mpfen und Bakterien abzut\u00f6ten. Die Fl\u00fcssigkeit hilft auch dabei, die Hauttemperatur herabzusetzen und wirkt \u00fcberm\u00e4\u00dfiger Fettproduktion der Haut entgegen. Es ist auch mild genug, um mit anderen AHA- oder BHA-Produkten kombiniert werden zu k\u00f6nnen.<\/p>\n","protected":false},"featured_media":6632,"comment_status":"open","ping_status":"closed","template":"","meta":{"content-type":"","site-sidebar-layout":"default","site-content-layout":"default","ast-site-content-layout":"default","site-content-style":"default","site-sidebar-style":"default","ast-global-header-display":"","ast-banner-title-visibility":"","ast-main-header-display":"","ast-hfb-above-header-display":"","ast-hfb-below-header-display":"","ast-hfb-mobile-header-display":"","site-post-title":"","ast-breadcrumbs-content":"","ast-featured-img":"","footer-sml-layout":"","ast-disable-related-posts":"","theme-transparent-header-meta":"default","adv-header-id-meta":"","stick-header-meta":"","header-above-stick-meta":"","header-main-stick-meta":"","header-below-stick-meta":"","astra-migrate-meta-layouts":"default","ast-page-background-enabled":"default","ast-page-background-meta":{"desktop":{"background-color":"","background-image":"","background-repeat":"repeat","background-position":"center center","background-size":"auto","background-attachment":"scroll","background-type":"","background-media":"","overlay-type":"","overlay-color":"","overlay-opacity":"","overlay-gradient":""},"tablet":{"background-color":"","background-image":"","background-repeat":"repeat","background-position":"center center","background-size":"auto","background-attachment":"scroll","background-type":"","background-media":"","overlay-type":"","overlay-color":"","overlay-opacity":"","overlay-gradient":""},"mobile":{"background-color":"","background-image":"","background-repeat":"repeat","background-position":"center center","background-size":"auto","background-attachment":"scroll","background-type":"","background-media":"","overlay-type":"","overlay-color":"","overlay-opacity":"","overlay-gradient":""}},"ast-content-background-meta":{"desktop":{"background-color":"var(--ast-global-color-5)","background-image":"","background-repeat":"repeat","background-position":"center center","background-size":"auto","background-attachment":"scroll","background-type":"","background-media":"","overlay-type":"","overlay-color":"","overlay-opacity":"","overlay-gradient":""},"tablet":{"background-color":"var(--ast-global-color-5)","background-image":"","background-repeat":"repeat","background-position":"center center","background-size":"auto","background-attachment":"scroll","background-type":"","background-media":"","overlay-type":"","overlay-color":"","overlay-opacity":"","overlay-gradient":""},"mobile":{"background-color":"var(--ast-global-color-5)","background-image":"","background-repeat":"repeat","background-position":"center center","background-size":"auto","background-attachment":"scroll","background-type":"","background-media":"","overlay-type":"","overlay-color":"","overlay-opacity":"","overlay-gradient":""}}},"product_brand":[],"product_cat":[315,128,31],"product_tag":[],"class_list":{"0":"post-6634","1":"product","2":"type-product","3":"status-publish","4":"has-post-thumbnail","6":"product_cat-gesichtswasser","7":"product_cat-cosrx","8":"product_cat-gesicht","9":"desktop-align-center","10":"tablet-align-center","11":"mobile-align-center","13":"first","14":"outofstock","15":"taxable","16":"shipping-taxable","17":"purchasable","18":"product-type-simple"},"_links":{"self":[{"href":"https:\/\/tomyklou.gr\/de\/wp-json\/wp\/v2\/product\/6634","targetHints":{"allow":["GET"]}}],"collection":[{"href":"https:\/\/tomyklou.gr\/de\/wp-json\/wp\/v2\/product"}],"about":[{"href":"https:\/\/tomyklou.gr\/de\/wp-json\/wp\/v2\/types\/product"}],"replies":[{"embeddable":true,"href":"https:\/\/tomyklou.gr\/de\/wp-json\/wp\/v2\/comments?post=6634"}],"wp:featuredmedia":[{"embeddable":true,"href":"https:\/\/tomyklou.gr\/de\/wp-json\/wp\/v2\/media\/6632"}],"wp:attachment":[{"href":"https:\/\/tomyklou.gr\/de\/wp-json\/wp\/v2\/media?parent=6634"}],"wp:term":[{"taxonomy":"product_brand","embeddable":true,"href":"https:\/\/tomyklou.gr\/de\/wp-json\/wp\/v2\/product_brand?post=6634"},{"taxonomy":"product_cat","embeddable":true,"href":"https:\/\/tomyklou.gr\/de\/wp-json\/wp\/v2\/product_cat?post=6634"},{"taxonomy":"product_tag","embeddable":true,"href":"https:\/\/tomyklou.gr\/de\/wp-json\/wp\/v2\/product_tag?post=6634"}],"curies":[{"name":"wp","href":"https:\/\/api.w.org\/{rel}","templated":true}]}}