{"id":6651,"date":"2023-07-05T22:29:31","date_gmt":"2023-07-05T20:29:31","guid":{"rendered":"https:\/\/tomyklou.gr\/product\/cosrx-one-step-moisture-up-pad-70pads\/"},"modified":"2026-02-22T18:43:34","modified_gmt":"2026-02-22T16:43:34","slug":"cosrx-one-step-moisture-up-pad-70pads","status":"publish","type":"product","link":"https:\/\/tomyklou.gr\/de\/product\/cosrx-one-step-moisture-up-pad-70pads\/","title":{"rendered":"COSRX One Step Moisture Up Pad 70pads"},"content":{"rendered":"<h3>Anwendung<\/h3>\n<ol>\n<li>Reinigen Sie die Haut.<\/li>\n<li>Streichen Sie mit der rauen, peelenden Seite des Pads sanft \u00fcber das gesamte Gesicht (Augenpartie aussparen).<\/li>\n<li>Drehen Sie das Pad um und streichen Sie nochmals mit der weichen Seite \u00fcber das gesamte Gesicht.<\/li>\n<li>Verschlie\u00dfen Sie die Dose nach Gebrauch gut, um ein Austrocknen des Produktes zu vermeiden.<\/li>\n<li>Menschen mit einer <strong>Aspirin-Allergie<\/strong> reagieren empfindlich auf das BHA (Beta-Hydroxys\u00e4ure) in diesem Produkt. Vermeiden Sie dieses Produkt, falls Sie gegen Aspirin allergisch sein sollten.<\/li>\n<\/ol>\n<h3>Inhaltsstoffe<\/h3>\n<p>Propolis Extract, Butylene Glycol, Glycerin, Betaine, Cetearyl Olivate, Sorbitan Olivate, 1,2-Hexanediol, Betaine Salicylate, Panthenol, Allantoin, Hydroxyethyl Acrylate\/Sodium Acryloyldimethyl Taurate Copolymer, Sodium Hyaluronate, Ethylhexylglycerin, Sodium Hydroxide, Xanthan Gum, Citrus Limon (Lemon) Peel Oil, Citrus Aurantium Bergamia (Bergamot) Fruit Oil<\/p>\n<h3>Achtung<\/h3>\n<p>Dieses Produkt enth\u00e4lt Betaine Salicylate und verwandte Stoffe. Nicht verwenden, wenn Sie eine\u00a0<strong>Aspirin-Allergie<\/strong>\u00a0haben.<\/p>\n<h3>Warnhinweise<\/h3>\n<ol>\n<li>Nur zur \u00e4u\u00dferlichen Anwendung geeignet.<\/li>\n<li>Nicht auf verletzte Haut oder auf Wunden auftragen.<\/li>\n<li>Sollten Nebenwirkungen wie Irritationen oder Ausschlag eintreten, Anwendung sofort beenden und unverz\u00fcglich an einen Arzt wenden.<\/li>\n<li>Kontakt mit den Augen vermeiden. Sollte das Produkt ins Auge gelangen, das Auge sofort gr\u00fcndlich mit klarem Wasser aussp\u00fclen.<\/li>\n<li>Au\u00dfer Reichweite von Kindern aufbewahren.<\/li>\n<li>Nicht schlucken. Bei Verschlucken Arzt oder Giftzentrale aufsuchen.<\/li>\n<li>Dieses Produkt enth\u00e4lt Betaine Salicylate und verwandte Stoffe. Nicht verwenden, wenn Sie eine\u00a0<strong>Aspirin-Allergie<\/strong>\u00a0haben.<\/li>\n<\/ol>\n","protected":false},"excerpt":{"rendered":"<p><strong>COSRX<\/strong>\u00a0One Step Moisture Up Pad 70 Pads ist mit Hyalurons\u00e4ure, Propolis und nat\u00fcrlichem BHA formuliert, um zu peelen, zu sch\u00fctzen, und das Aufnahmepotenzial der Haut zu erh\u00f6hen. Versorgt den ganzen Tag \u00fcber maximal mit Feuchtigkeit. Perfekt f\u00fcr sensible und schnell gereizte Haut.<\/p>\n","protected":false},"featured_media":6649,"comment_status":"open","ping_status":"closed","template":"","meta":{"content-type":"","site-sidebar-layout":"default","site-content-layout":"default","ast-site-content-layout":"default","site-content-style":"default","site-sidebar-style":"default","ast-global-header-display":"","ast-banner-title-visibility":"","ast-main-header-display":"","ast-hfb-above-header-display":"","ast-hfb-below-header-display":"","ast-hfb-mobile-header-display":"","site-post-title":"","ast-breadcrumbs-content":"","ast-featured-img":"","footer-sml-layout":"","ast-disable-related-posts":"","theme-transparent-header-meta":"default","adv-header-id-meta":"","stick-header-meta":"","header-above-stick-meta":"","header-main-stick-meta":"","header-below-stick-meta":"","astra-migrate-meta-layouts":"set","ast-page-background-enabled":"default","ast-page-background-meta":{"desktop":{"background-color":"","background-image":"","background-repeat":"repeat","background-position":"center center","background-size":"auto","background-attachment":"scroll","background-type":"","background-media":"","overlay-type":"","overlay-color":"","overlay-opacity":"","overlay-gradient":""},"tablet":{"background-color":"","background-image":"","background-repeat":"repeat","background-position":"center center","background-size":"auto","background-attachment":"scroll","background-type":"","background-media":"","overlay-type":"","overlay-color":"","overlay-opacity":"","overlay-gradient":""},"mobile":{"background-color":"","background-image":"","background-repeat":"repeat","background-position":"center center","background-size":"auto","background-attachment":"scroll","background-type":"","background-media":"","overlay-type":"","overlay-color":"","overlay-opacity":"","overlay-gradient":""}},"ast-content-background-meta":{"desktop":{"background-color":"var(--ast-global-color-5)","background-image":"","background-repeat":"repeat","background-position":"center center","background-size":"auto","background-attachment":"scroll","background-type":"","background-media":"","overlay-type":"","overlay-color":"","overlay-opacity":"","overlay-gradient":""},"tablet":{"background-color":"var(--ast-global-color-5)","background-image":"","background-repeat":"repeat","background-position":"center center","background-size":"auto","background-attachment":"scroll","background-type":"","background-media":"","overlay-type":"","overlay-color":"","overlay-opacity":"","overlay-gradient":""},"mobile":{"background-color":"var(--ast-global-color-5)","background-image":"","background-repeat":"repeat","background-position":"center center","background-size":"auto","background-attachment":"scroll","background-type":"","background-media":"","overlay-type":"","overlay-color":"","overlay-opacity":"","overlay-gradient":""}}},"product_brand":[],"product_cat":[314,128,31],"product_tag":[69],"class_list":{"0":"post-6651","1":"product","2":"type-product","3":"status-publish","4":"has-post-thumbnail","6":"product_cat-gesichtspeeling","7":"product_cat-cosrx","8":"product_cat-gesicht","9":"product_tag-peeling","10":"desktop-align-center","11":"tablet-align-center","12":"mobile-align-center","14":"first","15":"outofstock","16":"taxable","17":"shipping-taxable","18":"purchasable","19":"product-type-simple"},"_links":{"self":[{"href":"https:\/\/tomyklou.gr\/de\/wp-json\/wp\/v2\/product\/6651","targetHints":{"allow":["GET"]}}],"collection":[{"href":"https:\/\/tomyklou.gr\/de\/wp-json\/wp\/v2\/product"}],"about":[{"href":"https:\/\/tomyklou.gr\/de\/wp-json\/wp\/v2\/types\/product"}],"replies":[{"embeddable":true,"href":"https:\/\/tomyklou.gr\/de\/wp-json\/wp\/v2\/comments?post=6651"}],"wp:featuredmedia":[{"embeddable":true,"href":"https:\/\/tomyklou.gr\/de\/wp-json\/wp\/v2\/media\/6649"}],"wp:attachment":[{"href":"https:\/\/tomyklou.gr\/de\/wp-json\/wp\/v2\/media?parent=6651"}],"wp:term":[{"taxonomy":"product_brand","embeddable":true,"href":"https:\/\/tomyklou.gr\/de\/wp-json\/wp\/v2\/product_brand?post=6651"},{"taxonomy":"product_cat","embeddable":true,"href":"https:\/\/tomyklou.gr\/de\/wp-json\/wp\/v2\/product_cat?post=6651"},{"taxonomy":"product_tag","embeddable":true,"href":"https:\/\/tomyklou.gr\/de\/wp-json\/wp\/v2\/product_tag?post=6651"}],"curies":[{"name":"wp","href":"https:\/\/api.w.org\/{rel}","templated":true}]}}