{"id":6707,"date":"2023-07-05T22:30:01","date_gmt":"2023-07-05T20:30:01","guid":{"rendered":"https:\/\/tomyklou.gr\/product\/cosrx-acne-pimple-master-24-patches-1ea\/"},"modified":"2026-02-22T18:43:32","modified_gmt":"2026-02-22T16:43:32","slug":"cosrx-acne-pimple-master-24-patches-1ea","status":"publish","type":"product","link":"https:\/\/tomyklou.gr\/de\/product\/cosrx-acne-pimple-master-24-patches-1ea\/","title":{"rendered":"COSRX Acne Pimple Master 24 patches (1ea)"},"content":{"rendered":"<h3>Anwendung<\/h3>\n<ol>\n<li>Die Haut abends reinigen und anschlie\u00dfend abtrocknen. Noch keine Hautpflegeprodukte auftragen!<\/li>\n<li>Ein Pickel-Pflaster aus der Folie nehmen und auf den Pickel kleben.<\/li>\n<li>Nun kann die gew\u00f6hnliche Hautpflegeroutine fortgesetzt werden.<\/li>\n<li>Das Pflaster ersetzen, sobald es durch Sekrete der Haut wei\u00df geworden ist.<\/li>\n<\/ol>\n<h3>Inhaltsstoffe<\/h3>\n<p>Cellulose Gum, Styrene Isoprene Styrene Block Copolymer, Polyisobutylene, Petroleum Resin, Polyurethane Film, Liquid Paraffin, Tetrakis Methane<\/p>\n<h3>Warnhinweise<\/h3>\n<ol>\n<li>Nur zur \u00e4u\u00dferlichen Anwendung geeignet.<\/li>\n<li>Nicht auf verletzte Haut oder auf Wunden auftragen.<\/li>\n<li>Sollten Nebenwirkungen wie Irritationen oder Ausschlag eintreten, Anwendung sofort beenden und unverz\u00fcglich an einen Arzt wenden.<\/li>\n<li>Kontakt mit den Augen vermeiden. Sollte das Produkt ins Auge gelangen, das Auge sofort gr\u00fcndlich mit klarem Wasser aussp\u00fclen.<\/li>\n<li>Au\u00dfer Reichweite von Kindern aufbewahren.<\/li>\n<li>Nicht schlucken. Bei Verschlucken Arzt oder Giftzentrale aufsuchen.<\/li>\n<\/ol>\n","protected":false},"excerpt":{"rendered":"<p><strong>COSRX<\/strong>\u00a0Acne Pimple Master Patch entfernt Verunreinigungen und bildet eine Schutzschicht gegen Bakterien und Viren, die das weitere Wachstum von Pickeln verhindert. Die Pickel-Pflaster bestehen aus einem durchsichtigen, hydrokolloiden Material, das sich wie ein Hydrogel anf\u00fchlt und sehr gut auf der Haut haftet. Pickel werden \u00fcber Nacht ausgetrocknet und werden nicht gr\u00f6\u00dfer, da sie durch die Pflaster vor Viren und Bakterien gesch\u00fctzt werden. Jede Packung beinhaltet Patches mit 3 verschiedenen Gr\u00f6\u00dfen f\u00fcr unterschiedlich gro\u00dfe Pickel.<\/p>\n<p><em>Anmerkung<\/em>: Diese Patches sind f\u00fcr den Gebrauch \u00fcber Nacht gedacht. F\u00fcr den Schutz \u00fcber Tag bitte die\u00a0COSRX Clear Fit Master Patches\u00a0verwenden.<\/p>\n","protected":false},"featured_media":6696,"comment_status":"open","ping_status":"closed","template":"","meta":{"content-type":"","site-sidebar-layout":"default","site-content-layout":"default","ast-site-content-layout":"default","site-content-style":"default","site-sidebar-style":"default","ast-global-header-display":"","ast-banner-title-visibility":"","ast-main-header-display":"","ast-hfb-above-header-display":"","ast-hfb-below-header-display":"","ast-hfb-mobile-header-display":"","site-post-title":"","ast-breadcrumbs-content":"","ast-featured-img":"","footer-sml-layout":"","ast-disable-related-posts":"","theme-transparent-header-meta":"default","adv-header-id-meta":"","stick-header-meta":"","header-above-stick-meta":"","header-main-stick-meta":"","header-below-stick-meta":"","astra-migrate-meta-layouts":"set","ast-page-background-enabled":"default","ast-page-background-meta":{"desktop":{"background-color":"","background-image":"","background-repeat":"repeat","background-position":"center center","background-size":"auto","background-attachment":"scroll","background-type":"","background-media":"","overlay-type":"","overlay-color":"","overlay-opacity":"","overlay-gradient":""},"tablet":{"background-color":"","background-image":"","background-repeat":"repeat","background-position":"center center","background-size":"auto","background-attachment":"scroll","background-type":"","background-media":"","overlay-type":"","overlay-color":"","overlay-opacity":"","overlay-gradient":""},"mobile":{"background-color":"","background-image":"","background-repeat":"repeat","background-position":"center center","background-size":"auto","background-attachment":"scroll","background-type":"","background-media":"","overlay-type":"","overlay-color":"","overlay-opacity":"","overlay-gradient":""}},"ast-content-background-meta":{"desktop":{"background-color":"var(--ast-global-color-5)","background-image":"","background-repeat":"repeat","background-position":"center center","background-size":"auto","background-attachment":"scroll","background-type":"","background-media":"","overlay-type":"","overlay-color":"","overlay-opacity":"","overlay-gradient":""},"tablet":{"background-color":"var(--ast-global-color-5)","background-image":"","background-repeat":"repeat","background-position":"center center","background-size":"auto","background-attachment":"scroll","background-type":"","background-media":"","overlay-type":"","overlay-color":"","overlay-opacity":"","overlay-gradient":""},"mobile":{"background-color":"var(--ast-global-color-5)","background-image":"","background-repeat":"repeat","background-position":"center center","background-size":"auto","background-attachment":"scroll","background-type":"","background-media":"","overlay-type":"","overlay-color":"","overlay-opacity":"","overlay-gradient":""}}},"product_brand":[],"product_cat":[321,128,31],"product_tag":[67],"class_list":{"0":"post-6707","1":"product","2":"type-product","3":"status-publish","4":"has-post-thumbnail","6":"product_cat-spezialbehandlung","7":"product_cat-cosrx","8":"product_cat-gesicht","9":"product_tag-spezialbehandlung","10":"desktop-align-center","11":"tablet-align-center","12":"mobile-align-center","14":"first","15":"outofstock","16":"taxable","17":"shipping-taxable","18":"purchasable","19":"product-type-simple"},"_links":{"self":[{"href":"https:\/\/tomyklou.gr\/de\/wp-json\/wp\/v2\/product\/6707","targetHints":{"allow":["GET"]}}],"collection":[{"href":"https:\/\/tomyklou.gr\/de\/wp-json\/wp\/v2\/product"}],"about":[{"href":"https:\/\/tomyklou.gr\/de\/wp-json\/wp\/v2\/types\/product"}],"replies":[{"embeddable":true,"href":"https:\/\/tomyklou.gr\/de\/wp-json\/wp\/v2\/comments?post=6707"}],"wp:featuredmedia":[{"embeddable":true,"href":"https:\/\/tomyklou.gr\/de\/wp-json\/wp\/v2\/media\/6696"}],"wp:attachment":[{"href":"https:\/\/tomyklou.gr\/de\/wp-json\/wp\/v2\/media?parent=6707"}],"wp:term":[{"taxonomy":"product_brand","embeddable":true,"href":"https:\/\/tomyklou.gr\/de\/wp-json\/wp\/v2\/product_brand?post=6707"},{"taxonomy":"product_cat","embeddable":true,"href":"https:\/\/tomyklou.gr\/de\/wp-json\/wp\/v2\/product_cat?post=6707"},{"taxonomy":"product_tag","embeddable":true,"href":"https:\/\/tomyklou.gr\/de\/wp-json\/wp\/v2\/product_tag?post=6707"}],"curies":[{"name":"wp","href":"https:\/\/api.w.org\/{rel}","templated":true}]}}