{"id":7084,"date":"2023-07-05T22:57:11","date_gmt":"2023-07-05T20:57:11","guid":{"rendered":"https:\/\/tomyklou.gr\/product\/dr-jart-ceramidin-mask-5ea\/"},"modified":"2026-02-22T18:43:31","modified_gmt":"2026-02-22T16:43:31","slug":"dr-jart-ceramidin-mask-5ea","status":"publish","type":"product","link":"https:\/\/tomyklou.gr\/de\/product\/dr-jart-ceramidin-mask-5ea\/","title":{"rendered":"Dr. Jart+ Ceramidin Mask (5ea)"},"content":{"rendered":"<h3>Anwendung<\/h3>\n<ol>\n<li>Entnehmen Sie die Maske aus der Verpackung und falten Sie sie vorsichtig auseinander.<\/li>\n<li>Entfernen Sie die Folie von der Maske.<\/li>\n<li>Legen Sie die Maske auf das Gesicht und lassen Sie sie f\u00fcr 15-20 Minuten einwirken.<\/li>\n<li>Entfernen Sie die Maske und arbeiten Sie das restliche Serum in die Haut ein, bis es vollst\u00e4ndig eingezogen ist.<\/li>\n<\/ol>\n<h3>Inhaltsstoffe<\/h3>\n<p>Water, Cetyl Ethylhexanoate, Glycerin, Caprylic\/Capric Triglyceride, Butylene Glycol, Methylpropanediol, Dipropylene Glycol, Citrus Aurantium Bergamia (Bergamot) Fruit Oil, Pelargonium Graveolens Flower Oil, Salvia Officinalis (Sage) Oil, Pogostemon Cablin Oil, Pinus Koraiensis Seed Oil, Sodium Hyaluronate, Trehalose, Betaine, Erythritol, Glyceryl Stearate, Sorbitan Stearate, Ceramide NP, Hydrogenated Lecithin, Tocopherol, Bixa Orellana Seed Oil, Helianthus Annuus (Sunflower) Seed Oil, Glycine Soja (Soybean) Oil, Aloe Barbadensis Leaf Juice, Panthenol, Portulaca Oleracea Extract, Bifida Ferment Lysate, Ulmus Davidiana Root Extract, Amaranthus Caudatus Seed Extract, Glycyrrhiza Glabra (Licorice) Root Extract, Artemisia Vulgaris Extract, Beta Vulgaris (Beet) Root Extract, Algae Extract, Pueraria Thunbergiana Root Extract, Paeonia Lactiflora Root Extract, Cnidium Officinale Root Extract, Stearic Acid, Palmitic Acid, Dextrin, PEG-100 Stearate, Dimethicone, PEG\/PPG-17\/6 Copolymer, Polysorbate 60, Cetearyl Alcohol, Tromethamine, Butyrospermum Parkii (Shea) Butter, Xanthan Gum, Carbomer, Caramel, Disodium EDTA, Ethylhexylglycerin, 1,2-Hexanediol, Phenoxyethanol<\/p>\n<h3>Warnhinweise<\/h3>\n<ol>\n<li>Nur zur \u00e4u\u00dferlichen Anwendung geeignet.<\/li>\n<li>Nicht auf verletzte Haut oder auf Wunden auftragen.<\/li>\n<li>Sollten Nebenwirkungen wie Irritationen oder Ausschlag eintreten, Anwendung sofort beenden und unverz\u00fcglich an einen Arzt wenden.<\/li>\n<li>Kontakt mit den Augen vermeiden. Sollte das Produkt ins Auge gelangen, das Auge sofort gr\u00fcndlich mit klarem Wasser aussp\u00fclen.<\/li>\n<li>Au\u00dfer Reichweite von Kindern aufbewahren.<\/li>\n<li>Nicht schlucken. Bei Verschlucken Arzt oder Giftzentrale aufsuchen.<\/li>\n<\/ol>\n","protected":false},"excerpt":{"rendered":"<p><strong>Dr. Jart+<\/strong>\u00a0Ceramidin Mask ist eine ultra-feuchtigkeitsspendende Sheet-Maske, die die Feuchtigkeit f\u00fcr einen lang anhaltenden Effekt einschlie\u00dft. Enth\u00e4lt Ceramide und Sonnenblumen\u00f6l, um eine tiefe Feuchtigkeitspflege zu gew\u00e4hrleisten, die Hauttextur zu verbessern und die nat\u00fcrliche Hautbarriere zu st\u00e4rken. Der Stoff ist angenehm zu tragen und erleichtert die \u00dcbertragung der Wirkstoffe in die Haut. Sofortige Feuchtigkeitspflege und Verbesserung der Hauttextur mit einem glatten, nicht-klebenden Finish. Geeignet f\u00fcr sensible Haut.<\/p>\n","protected":false},"featured_media":7081,"comment_status":"open","ping_status":"closed","template":"","meta":{"content-type":"","site-sidebar-layout":"default","site-content-layout":"default","ast-site-content-layout":"default","site-content-style":"default","site-sidebar-style":"default","ast-global-header-display":"","ast-banner-title-visibility":"","ast-main-header-display":"","ast-hfb-above-header-display":"","ast-hfb-below-header-display":"","ast-hfb-mobile-header-display":"","site-post-title":"","ast-breadcrumbs-content":"","ast-featured-img":"","footer-sml-layout":"","ast-disable-related-posts":"","theme-transparent-header-meta":"default","adv-header-id-meta":"","stick-header-meta":"","header-above-stick-meta":"","header-main-stick-meta":"","header-below-stick-meta":"","astra-migrate-meta-layouts":"default","ast-page-background-enabled":"default","ast-page-background-meta":{"desktop":{"background-color":"","background-image":"","background-repeat":"repeat","background-position":"center center","background-size":"auto","background-attachment":"scroll","background-type":"","background-media":"","overlay-type":"","overlay-color":"","overlay-opacity":"","overlay-gradient":""},"tablet":{"background-color":"","background-image":"","background-repeat":"repeat","background-position":"center center","background-size":"auto","background-attachment":"scroll","background-type":"","background-media":"","overlay-type":"","overlay-color":"","overlay-opacity":"","overlay-gradient":""},"mobile":{"background-color":"","background-image":"","background-repeat":"repeat","background-position":"center center","background-size":"auto","background-attachment":"scroll","background-type":"","background-media":"","overlay-type":"","overlay-color":"","overlay-opacity":"","overlay-gradient":""}},"ast-content-background-meta":{"desktop":{"background-color":"var(--ast-global-color-5)","background-image":"","background-repeat":"repeat","background-position":"center center","background-size":"auto","background-attachment":"scroll","background-type":"","background-media":"","overlay-type":"","overlay-color":"","overlay-opacity":"","overlay-gradient":""},"tablet":{"background-color":"var(--ast-global-color-5)","background-image":"","background-repeat":"repeat","background-position":"center center","background-size":"auto","background-attachment":"scroll","background-type":"","background-media":"","overlay-type":"","overlay-color":"","overlay-opacity":"","overlay-gradient":""},"mobile":{"background-color":"var(--ast-global-color-5)","background-image":"","background-repeat":"repeat","background-position":"center center","background-size":"auto","background-attachment":"scroll","background-type":"","background-media":"","overlay-type":"","overlay-color":"","overlay-opacity":"","overlay-gradient":""}}},"product_brand":[],"product_cat":[316,131,31],"product_tag":[34],"class_list":{"0":"post-7084","1":"product","2":"type-product","3":"status-publish","4":"has-post-thumbnail","6":"product_cat-gesichtsmaske","7":"product_cat-dr-jart","8":"product_cat-gesicht","9":"product_tag-sheet","10":"desktop-align-center","11":"tablet-align-center","12":"mobile-align-center","14":"first","15":"outofstock","16":"taxable","17":"shipping-taxable","18":"purchasable","19":"product-type-simple"},"_links":{"self":[{"href":"https:\/\/tomyklou.gr\/de\/wp-json\/wp\/v2\/product\/7084","targetHints":{"allow":["GET"]}}],"collection":[{"href":"https:\/\/tomyklou.gr\/de\/wp-json\/wp\/v2\/product"}],"about":[{"href":"https:\/\/tomyklou.gr\/de\/wp-json\/wp\/v2\/types\/product"}],"replies":[{"embeddable":true,"href":"https:\/\/tomyklou.gr\/de\/wp-json\/wp\/v2\/comments?post=7084"}],"wp:featuredmedia":[{"embeddable":true,"href":"https:\/\/tomyklou.gr\/de\/wp-json\/wp\/v2\/media\/7081"}],"wp:attachment":[{"href":"https:\/\/tomyklou.gr\/de\/wp-json\/wp\/v2\/media?parent=7084"}],"wp:term":[{"taxonomy":"product_brand","embeddable":true,"href":"https:\/\/tomyklou.gr\/de\/wp-json\/wp\/v2\/product_brand?post=7084"},{"taxonomy":"product_cat","embeddable":true,"href":"https:\/\/tomyklou.gr\/de\/wp-json\/wp\/v2\/product_cat?post=7084"},{"taxonomy":"product_tag","embeddable":true,"href":"https:\/\/tomyklou.gr\/de\/wp-json\/wp\/v2\/product_tag?post=7084"}],"curies":[{"name":"wp","href":"https:\/\/api.w.org\/{rel}","templated":true}]}}