{"id":7089,"date":"2023-07-05T22:57:13","date_gmt":"2023-07-05T20:57:13","guid":{"rendered":"https:\/\/tomyklou.gr\/product\/frudia-my-orchard-aloe-real-soothing-gel-300ml\/"},"modified":"2026-02-22T18:43:31","modified_gmt":"2026-02-22T16:43:31","slug":"frudia-aloe-soothing-gel-300ml","status":"publish","type":"product","link":"https:\/\/tomyklou.gr\/de\/product\/frudia-my-orchard-aloe-real-soothing-gel\/","title":{"rendered":"Frudia My Orchard Aloe Real Soothing Gel"},"content":{"rendered":"<h3>Anwendung<\/h3>\n<ol>\n<li>Tragen Sie eine gro\u00dfz\u00fcgige Menge mit einem Wattepad auf die gereinigte Haut auf.<\/li>\n<li>Gebrauchen Sie anschlie\u00dfend ein Serum und eine Gesichtscreme Ihrer Wahl.<\/li>\n<\/ol>\n<h3>Inhaltsstoffe<\/h3>\n<p>Witch Hazel (0.001%), Persea Gratissima (Avocado) Fruit Extract, Glycerin, Propanediol, Betaine, 1,2-Hexanediol, Butylene Glycol Dicaprylate\/Dicaprate, Caprylic\/Capric Triglyceride, Panthenol, Water, Simmondsia Chinensis (Jojoba) Seed Oil, Polyglyceryl-3 Methylglucose Distearate, Glyceryl Caprylate, Ammonium Acryloyldimethyltaurate\/VP Copolymer, Cetyl Alcohol, Sorbitan Stearate, Butylene Glycol, Arachidyl Alcohol, Squalane, Caprylyl Glycol, Cocos Nucifera (Coconut) Oil, Punica Granatum Fruit Extract, Behenyl Alcohol, Ethylhexylglycerin, Xanthan Gum, Stearyl Alcohol, Arachidyl Glucoside, Zanthoxylum Piperitum Fruit Extract, Usnea Barbata (Lichen) Extract, Pulsatilla Koreana Extract, Allantoin, Illicium Verum (Anise) Fruit Extract, Disodium EDTA, Citrus Aurantium Bergamia (Bergamot) Fruit Oil, Myristyl Alcohol, Lavandula Hybrida Oil, Madecassoside, Lauryl Alcohol, Juniperus Virginiana Oil, Cupressus Sempervirens Leaf\/Nut\/Stem Oil, Citrus Aurantium Dulcis (Orange) Peel Oil, Aesculus Hippocastanum (Horse Chestnut) Extract, Asiaticoside, Centella Asiatica Extract, Citrus Paradisi (Grapefruit) Peel Oil, Madecassic Acid, Cinnamomum Camphora (Camphor) Bark Oil, Camellia Sinensis Leaf Oil, Asiatic Acid, Gardenia Tahitensis Flower, Tocopherol, Camphor, Phenylalanine, Leucine, Methionine, Lysine, Valine, Isoleucine, Histidine, Threonine, Tryptophan<\/p>\n<h3>Warnhinweise<\/h3>\n<ol>\n<li>Nur zur \u00e4u\u00dferlichen Anwendung geeignet.<\/li>\n<li>Nicht auf verletzte Haut oder auf Wunden auftragen.<\/li>\n<li>Sollten Nebenwirkungen wie Irritationen oder Ausschlag eintreten, Anwendung sofort beenden und unverz\u00fcglich an einen Arzt wenden.<\/li>\n<li>Kontakt mit den Augen vermeiden. Sollte das Produkt ins Auge gelangen, das Auge sofort gr\u00fcndlich mit klarem Wasser aussp\u00fclen.<\/li>\n<li>Au\u00dfer Reichweite von Kindern aufbewahren.<\/li>\n<li>Nicht schlucken. Bei Verschlucken Arzt oder Giftzentrale aufsuchen.<\/li>\n<\/ol>\n","protected":false},"excerpt":{"rendered":"<p><b>Frudia Avocado Relief Toner\u00a0<\/b>beruhigt gereizte Haut und stellt die Hautschutzbarriere wieder her.<\/p>\n<p>Der Toner enth\u00e4lt 76% Avocadoextrakt, einen Inhaltsstoff, der reich ist an Fetts\u00e4uren, Kalium und Lecithin, die die Haut mit Feuchtigkeit versorgen und den Feuchtigkeitsverlust vermeiden. Avocadoextrakt hat au\u00dferdem auch entz\u00fcndungshemmende Eigenschaften, was es zu einem gro\u00dfartigen, feuchtigkeitsspendenden Inhaltsstoff f\u00fcr zu Akne neigende oder gereizte Haut macht.<\/p>\n<p>Der Toner enth\u00e4lt zudem Panthenol, das in allen lebenden Zellen vorhanden ist und eine wichtige Rolle spielt bei der Aufnahme und Speicherung von Feuchtigkeit im Hautgewebe. Als kraftvoller Feuchtigkeitsspender reduziert Panthenol die Austrocknung der Haut und f\u00f6rdert das Verheilen von Hautsch\u00e4den und Irritationen.<\/p>\n<p>Zus\u00e4tzliche Inhaltsstoffe wie Bergamotten\u00f6l, Centella-Asiatica-Extrakt, Kamillen\u00f6l und Lavendel\u00f6l entspannen und beruhigen die Haut.<\/p>\n<p><b>Frudia Avocado Relief Toner\u00a0<\/b>ist ein beruhigendes Produkt f\u00fcr die Haut, die Reizungen, Irritationen und Entz\u00fcndungen ausgesetzt ist. Es lindert all diese Symptome und stellt die nat\u00fcrliche Hautschutzbarriere wieder her, um die Haut vor sch\u00e4dlichen Umweltfaktoren zu sch\u00fctzen. Das Produkt hat einen\u00a0Hautvertr\u00e4glichkeitstest\u00a0bestanden und ist geeignet f\u00fcr alle Hauttypen.<\/p>\n","protected":false},"featured_media":6724,"comment_status":"open","ping_status":"closed","template":"","meta":{"content-type":"","site-sidebar-layout":"default","site-content-layout":"default","ast-site-content-layout":"default","site-content-style":"default","site-sidebar-style":"default","ast-global-header-display":"","ast-banner-title-visibility":"","ast-main-header-display":"","ast-hfb-above-header-display":"","ast-hfb-below-header-display":"","ast-hfb-mobile-header-display":"","site-post-title":"","ast-breadcrumbs-content":"","ast-featured-img":"","footer-sml-layout":"","ast-disable-related-posts":"","theme-transparent-header-meta":"default","adv-header-id-meta":"","stick-header-meta":"","header-above-stick-meta":"","header-main-stick-meta":"","header-below-stick-meta":"","astra-migrate-meta-layouts":"set","ast-page-background-enabled":"default","ast-page-background-meta":{"desktop":{"background-color":"","background-image":"","background-repeat":"repeat","background-position":"center center","background-size":"auto","background-attachment":"scroll","background-type":"","background-media":"","overlay-type":"","overlay-color":"","overlay-opacity":"","overlay-gradient":""},"tablet":{"background-color":"","background-image":"","background-repeat":"repeat","background-position":"center center","background-size":"auto","background-attachment":"scroll","background-type":"","background-media":"","overlay-type":"","overlay-color":"","overlay-opacity":"","overlay-gradient":""},"mobile":{"background-color":"","background-image":"","background-repeat":"repeat","background-position":"center center","background-size":"auto","background-attachment":"scroll","background-type":"","background-media":"","overlay-type":"","overlay-color":"","overlay-opacity":"","overlay-gradient":""}},"ast-content-background-meta":{"desktop":{"background-color":"var(--ast-global-color-5)","background-image":"","background-repeat":"repeat","background-position":"center center","background-size":"auto","background-attachment":"scroll","background-type":"","background-media":"","overlay-type":"","overlay-color":"","overlay-opacity":"","overlay-gradient":""},"tablet":{"background-color":"var(--ast-global-color-5)","background-image":"","background-repeat":"repeat","background-position":"center center","background-size":"auto","background-attachment":"scroll","background-type":"","background-media":"","overlay-type":"","overlay-color":"","overlay-opacity":"","overlay-gradient":""},"mobile":{"background-color":"var(--ast-global-color-5)","background-image":"","background-repeat":"repeat","background-position":"center center","background-size":"auto","background-attachment":"scroll","background-type":"","background-media":"","overlay-type":"","overlay-color":"","overlay-opacity":"","overlay-gradient":""}}},"product_brand":[],"product_cat":[322,137,31,71],"product_tag":[35],"class_list":{"0":"post-7089","1":"product","2":"type-product","3":"status-publish","4":"has-post-thumbnail","6":"product_cat-gesichtscreme","7":"product_cat-frudia","8":"product_cat-gesicht","9":"product_cat-koerperpflege","10":"product_tag-moisturizer","11":"desktop-align-center","12":"tablet-align-center","13":"mobile-align-center","15":"first","16":"outofstock","17":"taxable","18":"shipping-taxable","19":"purchasable","20":"product-type-simple"},"_links":{"self":[{"href":"https:\/\/tomyklou.gr\/de\/wp-json\/wp\/v2\/product\/7089","targetHints":{"allow":["GET"]}}],"collection":[{"href":"https:\/\/tomyklou.gr\/de\/wp-json\/wp\/v2\/product"}],"about":[{"href":"https:\/\/tomyklou.gr\/de\/wp-json\/wp\/v2\/types\/product"}],"replies":[{"embeddable":true,"href":"https:\/\/tomyklou.gr\/de\/wp-json\/wp\/v2\/comments?post=7089"}],"wp:featuredmedia":[{"embeddable":true,"href":"https:\/\/tomyklou.gr\/de\/wp-json\/wp\/v2\/media\/6724"}],"wp:attachment":[{"href":"https:\/\/tomyklou.gr\/de\/wp-json\/wp\/v2\/media?parent=7089"}],"wp:term":[{"taxonomy":"product_brand","embeddable":true,"href":"https:\/\/tomyklou.gr\/de\/wp-json\/wp\/v2\/product_brand?post=7089"},{"taxonomy":"product_cat","embeddable":true,"href":"https:\/\/tomyklou.gr\/de\/wp-json\/wp\/v2\/product_cat?post=7089"},{"taxonomy":"product_tag","embeddable":true,"href":"https:\/\/tomyklou.gr\/de\/wp-json\/wp\/v2\/product_tag?post=7089"}],"curies":[{"name":"wp","href":"https:\/\/api.w.org\/{rel}","templated":true}]}}