{"id":7095,"date":"2023-07-05T22:57:15","date_gmt":"2023-07-05T20:57:15","guid":{"rendered":"https:\/\/tomyklou.gr\/product\/frudia-my-orchard-mochi-cleansing-foam-peach-120ml\/"},"modified":"2026-02-22T18:43:31","modified_gmt":"2026-02-22T16:43:31","slug":"frudia-my-orchard-mochi-cleansing-foam-peach-120ml","status":"publish","type":"product","link":"https:\/\/tomyklou.gr\/de\/product\/frudia-my-orchard-mochi-cleansing-foam-peach-120ml\/","title":{"rendered":"Frudia My Orchard Mochi Cleansing Foam Peach 120ml"},"content":{"rendered":"<h3>Anwendung<\/h3>\n<ol>\n<li>Die Haut im Gesicht und am Hals anfeuchten. Dann eine angemessene Menge mit sauberen H\u00e4nden auftragen.<\/li>\n<li>Sanft in die Haut einmassieren.<\/li>\n<li>Mit lauwarmem Wasser abwaschen und mit einem sauberen, weichen Handtuch trocken tupfen.<\/li>\n<\/ol>\n<h3>Inhaltsstoffe<\/h3>\n<p>Water, Ammonium Lauryl Sulfate, Ammonium Laureth Sulfate, Cocamidopropyl Betaine, Acrylates\/Vinyl Neodecanoate Crosspolymer, Sodium Chloride, Potassium Hydroxide, Betaine, Erythritol, Citrus Unshiu Peel Extract,\u00a0Butylene Glycol,\u00a0Titanium Dioxide,\u00a0 Sodium Cocoyl Apple Amino Acids, Pentylene Glycol, Centella Asiatica Extract, Hexylene Glycol, Oleth-10, Polysorbate 60, Beta-Glucan, Polygonum Cuspidatum Root Extract, Silica,\u00a0Triethoxycaprylylsilane,\u00a0Glycyrrhiza Glabra (Licorice) Root Extract, Prunus Persica (Peach) Fruit, Sodium Hyaluronate, Chamomilla Recutita (Matricaria) Flower Extract, Rosmarinus Officinalis (Rosemary) Leaf Extract, Tetrasodium Glutamate\u00a0Diacetate, Honey Extract, Hedera Helis (Ivy) Extract, Tillandsia Usneoides Extract, Ethylhexylglycerin, Disodium EDTA, Sodium Benzoate, Chlorphenesin, \u00a01,2-Hexanediol, Fragrance, Linalool, Benzyl Salicylate, Hexyl Cinnamal<\/p>\n<h3>Warnhinweise<\/h3>\n<ol>\n<li>Nur zur \u00e4u\u00dferlichen Anwendung geeignet.<\/li>\n<li>Nicht auf verletzte Haut oder auf Wunden auftragen.<\/li>\n<li>Sollten Nebenwirkungen wie Irritationen oder Ausschlag eintreten, Anwendung sofort beenden und unverz\u00fcglich an einen Arzt wenden.<\/li>\n<li>Kontakt mit den Augen vermeiden. Sollte das Produkt ins Auge gelangen, das Auge sofort gr\u00fcndlich mit klarem Wasser aussp\u00fclen.<\/li>\n<li>Au\u00dfer Reichweite von Kindern aufbewahren.<\/li>\n<li>Nicht schlucken. Bei Verschlucken Arzt oder Giftzentrale aufsuchen.<\/li>\n<\/ol>\n","protected":false},"excerpt":{"rendered":"<p><strong>Frudia\u00a0<\/strong>My Orchard Mochi Cleansing Foam Peach\u00a0ist mit Honig- und Pfirsich-Extrakt \u00fcbersch\u00fcttet. Der Schaum entfernt selbst kaum sichtbare Ablagerungen. Gereizte und erm\u00fcdete Haut wird mithilfe eines speziellen &#8218;BSASM&#8216;-Stoffs beruhigt. Kleine Bl\u00e4schen im Schaum, die mit schwach wirkender S\u00e4ure gef\u00fcllt sind,\u00a0erhalten den nat\u00fcrlichen pH-Wert und st\u00e4rken so die Schutz-Barriere der Haut.\u00a0My Orchard Mochi Cleansing Foam Peach von Frudia ist die L\u00f6sung f\u00fcr trockene Haut, die dazu neigt, zu spannen.<\/p>\n","protected":false},"featured_media":7091,"comment_status":"open","ping_status":"closed","template":"","meta":{"content-type":"","site-sidebar-layout":"default","site-content-layout":"default","ast-site-content-layout":"default","site-content-style":"default","site-sidebar-style":"default","ast-global-header-display":"","ast-banner-title-visibility":"","ast-main-header-display":"","ast-hfb-above-header-display":"","ast-hfb-below-header-display":"","ast-hfb-mobile-header-display":"","site-post-title":"","ast-breadcrumbs-content":"","ast-featured-img":"","footer-sml-layout":"","ast-disable-related-posts":"","theme-transparent-header-meta":"default","adv-header-id-meta":"","stick-header-meta":"","header-above-stick-meta":"","header-main-stick-meta":"","header-below-stick-meta":"","astra-migrate-meta-layouts":"default","ast-page-background-enabled":"default","ast-page-background-meta":{"desktop":{"background-color":"","background-image":"","background-repeat":"repeat","background-position":"center center","background-size":"auto","background-attachment":"scroll","background-type":"","background-media":"","overlay-type":"","overlay-color":"","overlay-opacity":"","overlay-gradient":""},"tablet":{"background-color":"","background-image":"","background-repeat":"repeat","background-position":"center center","background-size":"auto","background-attachment":"scroll","background-type":"","background-media":"","overlay-type":"","overlay-color":"","overlay-opacity":"","overlay-gradient":""},"mobile":{"background-color":"","background-image":"","background-repeat":"repeat","background-position":"center center","background-size":"auto","background-attachment":"scroll","background-type":"","background-media":"","overlay-type":"","overlay-color":"","overlay-opacity":"","overlay-gradient":""}},"ast-content-background-meta":{"desktop":{"background-color":"var(--ast-global-color-5)","background-image":"","background-repeat":"repeat","background-position":"center center","background-size":"auto","background-attachment":"scroll","background-type":"","background-media":"","overlay-type":"","overlay-color":"","overlay-opacity":"","overlay-gradient":""},"tablet":{"background-color":"var(--ast-global-color-5)","background-image":"","background-repeat":"repeat","background-position":"center center","background-size":"auto","background-attachment":"scroll","background-type":"","background-media":"","overlay-type":"","overlay-color":"","overlay-opacity":"","overlay-gradient":""},"mobile":{"background-color":"var(--ast-global-color-5)","background-image":"","background-repeat":"repeat","background-position":"center center","background-size":"auto","background-attachment":"scroll","background-type":"","background-media":"","overlay-type":"","overlay-color":"","overlay-opacity":"","overlay-gradient":""}}},"product_brand":[],"product_cat":[312,137,31],"product_tag":[64],"class_list":{"0":"post-7095","1":"product","2":"type-product","3":"status-publish","4":"has-post-thumbnail","6":"product_cat-gesichtsreiniger","7":"product_cat-frudia","8":"product_cat-gesicht","9":"product_tag-reinigung","10":"desktop-align-center","11":"tablet-align-center","12":"mobile-align-center","14":"first","15":"outofstock","16":"taxable","17":"shipping-taxable","18":"purchasable","19":"product-type-simple"},"_links":{"self":[{"href":"https:\/\/tomyklou.gr\/de\/wp-json\/wp\/v2\/product\/7095","targetHints":{"allow":["GET"]}}],"collection":[{"href":"https:\/\/tomyklou.gr\/de\/wp-json\/wp\/v2\/product"}],"about":[{"href":"https:\/\/tomyklou.gr\/de\/wp-json\/wp\/v2\/types\/product"}],"replies":[{"embeddable":true,"href":"https:\/\/tomyklou.gr\/de\/wp-json\/wp\/v2\/comments?post=7095"}],"wp:featuredmedia":[{"embeddable":true,"href":"https:\/\/tomyklou.gr\/de\/wp-json\/wp\/v2\/media\/7091"}],"wp:attachment":[{"href":"https:\/\/tomyklou.gr\/de\/wp-json\/wp\/v2\/media?parent=7095"}],"wp:term":[{"taxonomy":"product_brand","embeddable":true,"href":"https:\/\/tomyklou.gr\/de\/wp-json\/wp\/v2\/product_brand?post=7095"},{"taxonomy":"product_cat","embeddable":true,"href":"https:\/\/tomyklou.gr\/de\/wp-json\/wp\/v2\/product_cat?post=7095"},{"taxonomy":"product_tag","embeddable":true,"href":"https:\/\/tomyklou.gr\/de\/wp-json\/wp\/v2\/product_tag?post=7095"}],"curies":[{"name":"wp","href":"https:\/\/api.w.org\/{rel}","templated":true}]}}