{"id":7103,"date":"2023-07-05T22:57:18","date_gmt":"2023-07-05T20:57:18","guid":{"rendered":"https:\/\/tomyklou.gr\/product\/frudia-blueberry-hydrating-honey-lip-balm-10ml\/"},"modified":"2026-02-22T18:43:31","modified_gmt":"2026-02-22T16:43:31","slug":"frudia-blueberry-hydrating-honey-lip-balm-10ml","status":"publish","type":"product","link":"https:\/\/tomyklou.gr\/de\/product\/frudia-blueberry-hydrating-honey-lip-balm-10ml\/","title":{"rendered":"Frudia Blueberry Hydrating Honey Lip Balm 10ml"},"content":{"rendered":"<h3>Anwendung<\/h3>\n<ol>\n<li>F\u00fcr weiche und hydratisierte Lippen den Balsam regelm\u00e4\u00dfig gebrauchen.<\/li>\n<\/ol>\n<h3>Inhaltsstoffe<\/h3>\n<p><span class=\"\" role=\"listitem\">Mineral Oil,\u00a0<\/span><span class=\"\" role=\"listitem\">Petrolatum,\u00a0<\/span><span class=\"\" role=\"listitem\">Microcrystalline Wax,\u00a0<\/span><span class=\"\" role=\"listitem\">Hydrogenated Castor Oil Dimer Dilinoleate,\u00a0<\/span><span class=\"\" role=\"listitem\">Paraffin,\u00a0<\/span><span class=\"\" role=\"listitem\">Beeswax,\u00a0<\/span><span class=\"\" role=\"listitem\">Diisostearyl Malate,\u00a0<\/span><span class=\"\" role=\"listitem\">Ricinus Communis (Castor) Seed Oil,\u00a0<\/span><span class=\"\" role=\"listitem\">Silica Dimethyl Silylate,\u00a0<span class=\"showmore-mobile\" role=\"listitem\">Glyceryl Caprylate,\u00a0<\/span><span class=\"showmore-mobile\" role=\"listitem\">Butylene\/\u200bEthylene\/\u200bStyrene Copolymer,\u00a0<\/span><span class=\"showmore-mobile\" role=\"listitem\">Ethylene\/\u200bPropylene\/\u200bStyrene Copolymer,\u00a0<\/span><span class=\"showmore-mobile\" role=\"listitem\">Water,\u00a0<\/span><span class=\"showmore-mobile\" role=\"listitem\">Hydrogenated Polyisobutene,\u00a0<\/span><span class=\"showmore-mobile\" role=\"listitem\">Caprylic\/\u200bCapric Triglyceride,\u00a0<\/span><span class=\"showmore-mobile\" role=\"listitem\">Coco-Caprylate \/\u200b Caprate,\u00a0<\/span><span class=\"showmore-mobile\" role=\"listitem\">Butylene Glycol,\u00a0<\/span><span class=\"showmore-mobile\" role=\"listitem\">Hydrolyzed Collagen,\u00a0<\/span><span class=\"showmore-mobile\" role=\"listitem\">Prunus Armeniaca (Apricot) Kernel Oil,\u00a0<\/span><span class=\"showmore-mobile\" role=\"listitem\">Vitis Vinifera (Grape) Seed Oil,\u00a0<\/span><span class=\"showmore-mobile\" role=\"listitem\">1,2-Hexanediol,\u00a0<\/span><span class=\"showmore-mobile\" role=\"listitem\">Ribes Nigrum (Black Currant) Leaf Extract,\u00a0<\/span><span class=\"showmore-mobile\" role=\"listitem\">Sodium Hyaluronate,\u00a0<\/span><span class=\"showmore-mobile\" role=\"listitem\">Vaccinium Angustifolium (Blueberry) Fruit Extract,\u00a0<\/span><span class=\"showmore-mobile\" role=\"listitem\">Citrus Paradisi (Grapefruit) Seed Oil,\u00a0<\/span><span class=\"showmore-mobile\" role=\"listitem\">Honey Extract,\u00a0<\/span><span class=\"showmore-mobile\" role=\"listitem\">Mangifera Indica (Mango) Seed Oil,\u00a0<\/span><span class=\"showmore-mobile\" role=\"listitem\">Punica Granatum Seed Oil,\u00a0<\/span><span class=\"showmore-mobile\" role=\"listitem\">Solanum Lycopersicum (Tomato) Seed Oil,\u00a0<\/span><span class=\"showmore-mobile\" role=\"listitem\">Anemarrhena Asphodeloides Root Extract,\u00a0<\/span><span class=\"showmore-mobile\" role=\"listitem\">Tocopherol,\u00a0<\/span><span class=\"showmore-mobile\" role=\"listitem\">Phenoxyethanol,\u00a0<\/span><span class=\"showmore-mobile\" role=\"listitem\">Fragrance<\/span><\/span><\/p>\n<h3>Warnhinweise<\/h3>\n<ol>\n<li>Nur zur \u00e4u\u00dferlichen Anwendung geeignet.<\/li>\n<li>Nicht auf verletzte Haut oder auf Wunden auftragen.<\/li>\n<li>Sollten Nebenwirkungen wie Irritationen oder Ausschlag eintreten, Anwendung sofort beenden und unverz\u00fcglich an einen Arzt wenden.<\/li>\n<li>Kontakt mit den Augen vermeiden. Sollte das Produkt ins Auge gelangen, das Auge sofort gr\u00fcndlich mit klarem Wasser aussp\u00fclen.<\/li>\n<li>Au\u00dfer Reichweite von Kindern aufbewahren.<\/li>\n<li>Nicht schlucken. Bei Verschlucken Arzt oder Giftzentrale aufsuchen<\/li>\n<\/ol>\n","protected":false},"excerpt":{"rendered":"<p><b>Frudia<\/b>\u00a0Blueberry Hydrating Honey Lip Balm\u00a0ist ein pflegender Lippenbalsam mit Gel-Textur, der trockene Lippen mithilfe pflegender Inhaltsstoffe (wie Rizinus\u00f6l, Aprikosen\u00f6l, Granatapfelkern\u00f6l, Mangokern\u00f6l und Traubenkern\u00f6l) wieder auff\u00fcllt und gl\u00e4ttet. Durch essenzielle N\u00e4hrstoffe und ausreichend Feuchtigkeit bleiben die Lippen lange geschmeidig. Kraftvolle Antioxidantien aus nat\u00fcrlichem Honig-, Johannisbeer- und Blaubeer-Extrakt unterst\u00fctzen die Haut bei dem Wiederaufbau der Schutzschicht auf den Lippen und sch\u00fctzen vor freien Radikalen.\u00a0Hydrolysiertes Kollagen f\u00fcllt die Lippen auf, strafft und f\u00f6rdert die Elastizit\u00e4t.<\/p>\n<p>Der\u00a0<b>Frudia<\/b>\u00a0Blueberry Hydrating Honey Lip Balm erzeugt beim Auftragen eine honigartige Beschichtung, um trockene Lippen vor sch\u00e4dlichen Umwelteinfl\u00fcssen zu sch\u00fctzen. Empfohlen f\u00fcr trockene, raue, rissige Lippen.<\/p>\n","protected":false},"featured_media":6742,"comment_status":"open","ping_status":"closed","template":"","meta":{"content-type":"","site-sidebar-layout":"default","site-content-layout":"default","ast-site-content-layout":"default","site-content-style":"default","site-sidebar-style":"default","ast-global-header-display":"","ast-banner-title-visibility":"","ast-main-header-display":"","ast-hfb-above-header-display":"","ast-hfb-below-header-display":"","ast-hfb-mobile-header-display":"","site-post-title":"","ast-breadcrumbs-content":"","ast-featured-img":"","footer-sml-layout":"","ast-disable-related-posts":"","theme-transparent-header-meta":"default","adv-header-id-meta":"","stick-header-meta":"","header-above-stick-meta":"","header-main-stick-meta":"","header-below-stick-meta":"","astra-migrate-meta-layouts":"set","ast-page-background-enabled":"default","ast-page-background-meta":{"desktop":{"background-color":"","background-image":"","background-repeat":"repeat","background-position":"center center","background-size":"auto","background-attachment":"scroll","background-type":"","background-media":"","overlay-type":"","overlay-color":"","overlay-opacity":"","overlay-gradient":""},"tablet":{"background-color":"","background-image":"","background-repeat":"repeat","background-position":"center center","background-size":"auto","background-attachment":"scroll","background-type":"","background-media":"","overlay-type":"","overlay-color":"","overlay-opacity":"","overlay-gradient":""},"mobile":{"background-color":"","background-image":"","background-repeat":"repeat","background-position":"center center","background-size":"auto","background-attachment":"scroll","background-type":"","background-media":"","overlay-type":"","overlay-color":"","overlay-opacity":"","overlay-gradient":""}},"ast-content-background-meta":{"desktop":{"background-color":"var(--ast-global-color-5)","background-image":"","background-repeat":"repeat","background-position":"center center","background-size":"auto","background-attachment":"scroll","background-type":"","background-media":"","overlay-type":"","overlay-color":"","overlay-opacity":"","overlay-gradient":""},"tablet":{"background-color":"var(--ast-global-color-5)","background-image":"","background-repeat":"repeat","background-position":"center center","background-size":"auto","background-attachment":"scroll","background-type":"","background-media":"","overlay-type":"","overlay-color":"","overlay-opacity":"","overlay-gradient":""},"mobile":{"background-color":"var(--ast-global-color-5)","background-image":"","background-repeat":"repeat","background-position":"center center","background-size":"auto","background-attachment":"scroll","background-type":"","background-media":"","overlay-type":"","overlay-color":"","overlay-opacity":"","overlay-gradient":""}}},"product_brand":[],"product_cat":[321,137,66,31,328],"product_tag":[67],"class_list":{"0":"post-7103","1":"product","2":"type-product","3":"status-publish","4":"has-post-thumbnail","6":"product_cat-spezialbehandlung","7":"product_cat-frudia","8":"product_cat-make-up","9":"product_cat-gesicht","10":"product_cat-lippenpflege","11":"product_tag-spezialbehandlung","12":"desktop-align-center","13":"tablet-align-center","14":"mobile-align-center","16":"first","17":"outofstock","18":"taxable","19":"shipping-taxable","20":"purchasable","21":"product-type-simple"},"_links":{"self":[{"href":"https:\/\/tomyklou.gr\/de\/wp-json\/wp\/v2\/product\/7103","targetHints":{"allow":["GET"]}}],"collection":[{"href":"https:\/\/tomyklou.gr\/de\/wp-json\/wp\/v2\/product"}],"about":[{"href":"https:\/\/tomyklou.gr\/de\/wp-json\/wp\/v2\/types\/product"}],"replies":[{"embeddable":true,"href":"https:\/\/tomyklou.gr\/de\/wp-json\/wp\/v2\/comments?post=7103"}],"wp:featuredmedia":[{"embeddable":true,"href":"https:\/\/tomyklou.gr\/de\/wp-json\/wp\/v2\/media\/6742"}],"wp:attachment":[{"href":"https:\/\/tomyklou.gr\/de\/wp-json\/wp\/v2\/media?parent=7103"}],"wp:term":[{"taxonomy":"product_brand","embeddable":true,"href":"https:\/\/tomyklou.gr\/de\/wp-json\/wp\/v2\/product_brand?post=7103"},{"taxonomy":"product_cat","embeddable":true,"href":"https:\/\/tomyklou.gr\/de\/wp-json\/wp\/v2\/product_cat?post=7103"},{"taxonomy":"product_tag","embeddable":true,"href":"https:\/\/tomyklou.gr\/de\/wp-json\/wp\/v2\/product_tag?post=7103"}],"curies":[{"name":"wp","href":"https:\/\/api.w.org\/{rel}","templated":true}]}}