{"id":7111,"date":"2023-07-05T22:57:22","date_gmt":"2023-07-05T20:57:22","guid":{"rendered":"https:\/\/tomyklou.gr\/product\/frudia-citrus-brightening-toner-195ml\/"},"modified":"2026-02-22T18:43:30","modified_gmt":"2026-02-22T16:43:30","slug":"frudia-citrus-brightening-toner-195ml","status":"publish","type":"product","link":"https:\/\/tomyklou.gr\/de\/product\/frudia-citrus-brightening-toner-195ml\/","title":{"rendered":"Frudia Citrus Brightening Toner 195ml"},"content":{"rendered":"<h3>Anwendung<\/h3>\n<ol>\n<li>Nach dem Toner gebrauchen.<\/li>\n<li>Tragen Sie eine geeignete Menge direkt nach dem Reinigen auf Haut auf.<\/li>\n<li>Arbeiten Sie das Produkt in die Haut ein, bis es vollst\u00e4ndig eingezogen ist.<\/li>\n<\/ol>\n<h3>Inhaltsstoffe<\/h3>\n<p>Dimethicone (3.7%), Citrus Unshiu Peel Extract, Water, Dipropylene Glycol, Phenyl Trimethicone, Triethylhexanoin, Alcohol, 1,2-Hexanediol, Niacinamide, Polysorbate 60, Phenoxyethanol, Polysorbate 20, Dimethicone\/Vinyl Dimethicone Crosspolymer, Chlorphenesin, Sodium Polyacrylate, Carbomer, Tromethamine, Fragrance, Panthenol, Polyquaternium-51, Synthetic Fluorphlogopite, Titanium Dioxide, Biosaccharide Gum-1, Disodium EDTA, Coco-Caprylate\/Caprate, Sodium Acrylate\/Sodium Acryloyldimethyl Taurate Copolymer, Isohexadecane, Prunus Armeniaca (Apricot) Kernel Oil, Vitis Vinifera (Grape) Seed Oil, Polysorbate 80, Tin Oxide, Sorbitan Oleate, Citrus Paradisi (Grapefruit) Seed Oil, Mangifera Indica (Mango) Seed Oil, Punica Granatum Seed Oil, Solanum Lycopersicum (Tomato) Seed Oil, Tocopherol<\/p>\n<h3>Warnhinweise<\/h3>\n<ol>\n<li>Nur zur \u00e4u\u00dferlichen Anwendung geeignet.<\/li>\n<li>Nicht auf verletzte Haut oder auf Wunden auftragen.<\/li>\n<li>Sollten Nebenwirkungen wie Irritationen oder Ausschlag eintreten, Anwendung sofort beenden und unverz\u00fcglich an einen Arzt wenden.<\/li>\n<li>Kontakt mit den Augen vermeiden. Sollte das Produkt ins Auge gelangen, das Auge sofort gr\u00fcndlich mit klarem Wasser aussp\u00fclen.<\/li>\n<li>Au\u00dfer Reichweite von Kindern aufbewahren.<\/li>\n<li>Nicht schlucken. Bei Verschlucken Arzt oder Giftzentrale aufsuchen.<\/li>\n<\/ol>\n","protected":false},"excerpt":{"rendered":"<p><b>Frudia Citrus Brightening Serum\u00a0<\/b>ist ein aufhellendes Serum, das\u00a0den nat\u00fcrlichen Glanz auf die Haut zur\u00fcckbringt und die Haut mit der Kraft von Jeju Tangerine belebt.<\/p>\n<p>71% Tangerine-Extrakt versorgt die Haut mit Vitamin C, das den Hautton ausgleicht, Pigmentierung reduziert und Falten sowie feine Linien bek\u00e4mpft, indem es die Kollagensynthese anregt. Es ist au\u00dferdem eine Quelle f\u00fcr Zitrus-Flavonoide, die den Teint aufhellen und gleichzeitig die Poren verfeinern.<\/p>\n<p>Zus\u00e4tzlich enth\u00e4lt die Formel Nicotinamid, einen kr\u00e4ftigen Anti-Aging-Inhaltsstoff, der die geschw\u00e4chte Haut wiederherstellt, Poren verfeinert, einen ebenm\u00e4\u00dfigen Hautton f\u00f6rdert und Falten sowie feine Linien reduziert.<\/p>\n<p>Aprikosen\u00f6l, Traubensamen\u00f6l, Grapefruitsamen\u00f6l und Mangosamen\u00f6l versorgen die Haut tief mit Feuchtigkeit und helfen der Haut dabei, die Feuchtigkeit l\u00e4nger zu speichern. Diese Inhaltsstoffe n\u00e4hren die Haut mit essentiellen N\u00e4hrstoffen, die die Hautschutzbarriere st\u00e4rken und diese gegen\u00fcber Umweltstressoren widerstandsf\u00e4higer machen.<\/p>\n<p><b>Frudia Citrus Brightening Serum\u00a0<\/b>ist perfekt f\u00fcr jeden, der auf der Suche ist nach Feuchtigkeitspflege und Aufhellung in einem. Es gleicht\u00a0Hautunebenheiten aus, reduziert sichtbare Anzeichen von Hautalterung sowie Hyperpigmentierung und versorgt die Haut reichlich mit Feuchtigkeit, um einen strahlenden Look zu garantieren. Das Produkt hat einen\u00a0Hautvertr\u00e4glichkeitstest\u00a0bestanden und ist geeignet f\u00fcr alle Hauttypen.<\/p>\n","protected":false},"featured_media":6766,"comment_status":"open","ping_status":"closed","template":"","meta":{"content-type":"","site-sidebar-layout":"default","site-content-layout":"default","ast-site-content-layout":"default","site-content-style":"default","site-sidebar-style":"default","ast-global-header-display":"","ast-banner-title-visibility":"","ast-main-header-display":"","ast-hfb-above-header-display":"","ast-hfb-below-header-display":"","ast-hfb-mobile-header-display":"","site-post-title":"","ast-breadcrumbs-content":"","ast-featured-img":"","footer-sml-layout":"","ast-disable-related-posts":"","theme-transparent-header-meta":"default","adv-header-id-meta":"","stick-header-meta":"","header-above-stick-meta":"","header-main-stick-meta":"","header-below-stick-meta":"","astra-migrate-meta-layouts":"default","ast-page-background-enabled":"default","ast-page-background-meta":{"desktop":{"background-color":"","background-image":"","background-repeat":"repeat","background-position":"center center","background-size":"auto","background-attachment":"scroll","background-type":"","background-media":"","overlay-type":"","overlay-color":"","overlay-opacity":"","overlay-gradient":""},"tablet":{"background-color":"","background-image":"","background-repeat":"repeat","background-position":"center center","background-size":"auto","background-attachment":"scroll","background-type":"","background-media":"","overlay-type":"","overlay-color":"","overlay-opacity":"","overlay-gradient":""},"mobile":{"background-color":"","background-image":"","background-repeat":"repeat","background-position":"center center","background-size":"auto","background-attachment":"scroll","background-type":"","background-media":"","overlay-type":"","overlay-color":"","overlay-opacity":"","overlay-gradient":""}},"ast-content-background-meta":{"desktop":{"background-color":"var(--ast-global-color-5)","background-image":"","background-repeat":"repeat","background-position":"center center","background-size":"auto","background-attachment":"scroll","background-type":"","background-media":"","overlay-type":"","overlay-color":"","overlay-opacity":"","overlay-gradient":""},"tablet":{"background-color":"var(--ast-global-color-5)","background-image":"","background-repeat":"repeat","background-position":"center center","background-size":"auto","background-attachment":"scroll","background-type":"","background-media":"","overlay-type":"","overlay-color":"","overlay-opacity":"","overlay-gradient":""},"mobile":{"background-color":"var(--ast-global-color-5)","background-image":"","background-repeat":"repeat","background-position":"center center","background-size":"auto","background-attachment":"scroll","background-type":"","background-media":"","overlay-type":"","overlay-color":"","overlay-opacity":"","overlay-gradient":""}}},"product_brand":[],"product_cat":[315,319,137,31],"product_tag":[],"class_list":{"0":"post-7111","1":"product","2":"type-product","3":"status-publish","4":"has-post-thumbnail","6":"product_cat-gesichtswasser","7":"product_cat-gesichtsserum","8":"product_cat-frudia","9":"product_cat-gesicht","10":"desktop-align-center","11":"tablet-align-center","12":"mobile-align-center","14":"first","15":"outofstock","16":"taxable","17":"shipping-taxable","18":"purchasable","19":"product-type-simple"},"_links":{"self":[{"href":"https:\/\/tomyklou.gr\/de\/wp-json\/wp\/v2\/product\/7111","targetHints":{"allow":["GET"]}}],"collection":[{"href":"https:\/\/tomyklou.gr\/de\/wp-json\/wp\/v2\/product"}],"about":[{"href":"https:\/\/tomyklou.gr\/de\/wp-json\/wp\/v2\/types\/product"}],"replies":[{"embeddable":true,"href":"https:\/\/tomyklou.gr\/de\/wp-json\/wp\/v2\/comments?post=7111"}],"wp:featuredmedia":[{"embeddable":true,"href":"https:\/\/tomyklou.gr\/de\/wp-json\/wp\/v2\/media\/6766"}],"wp:attachment":[{"href":"https:\/\/tomyklou.gr\/de\/wp-json\/wp\/v2\/media?parent=7111"}],"wp:term":[{"taxonomy":"product_brand","embeddable":true,"href":"https:\/\/tomyklou.gr\/de\/wp-json\/wp\/v2\/product_brand?post=7111"},{"taxonomy":"product_cat","embeddable":true,"href":"https:\/\/tomyklou.gr\/de\/wp-json\/wp\/v2\/product_cat?post=7111"},{"taxonomy":"product_tag","embeddable":true,"href":"https:\/\/tomyklou.gr\/de\/wp-json\/wp\/v2\/product_tag?post=7111"}],"curies":[{"name":"wp","href":"https:\/\/api.w.org\/{rel}","templated":true}]}}