{"id":7116,"date":"2023-07-05T22:57:25","date_gmt":"2023-07-05T20:57:25","guid":{"rendered":"https:\/\/tomyklou.gr\/product\/frudia-blueberry-hydrating-toner-195ml\/"},"modified":"2026-02-22T18:43:30","modified_gmt":"2026-02-22T16:43:30","slug":"frudia-blueberry-hydrating-toner-195ml","status":"publish","type":"product","link":"https:\/\/tomyklou.gr\/de\/product\/frudia-blueberry-hydrating-toner-195ml\/","title":{"rendered":"Frudia Blueberry Hydrating Toner 195ml"},"content":{"rendered":"<h3>Anwendung<\/h3>\n<ol>\n<li>Tragen Sie eine gro\u00dfz\u00fcgige Menge mit einem Wattepad auf die gereinigte Haut auf.<\/li>\n<li>Gebrauchen Sie anschlie\u00dfend ein Serum und eine Gesichtscreme Ihrer Wahl.<\/li>\n<\/ol>\n<h3>Inhaltsstoffe<\/h3>\n<p>Vaccinium Angustifolium (Blueberry) Fruit Extract (88%), Butylene Glycol, Glycereth-26, 1,2-Hexanediol, Panthenol, Diethoxyethyl Succinate, Betaine, PEG-60 Hydrogenated Castor Oil, Phenoxyethanol, Ammonium Acryloyldimethyltaurate\/VP Copolymer, Disodium EDTA, Fragrance, Coco-Caprylate\/Caprate, Vitis Vinifera (Grape) Seed Oil, Prunus Armeniaca (Apricot) Kernel Oil, Solanum Lycopersicum (Tomato) Seed Oil, Punica Granatum Seed Oil, Mangifera Indica (Mango) Seed Oil, Citrus Paradisi (Grapefruit) Seed Oil, Tocopherol<\/p>\n<h3>Warnhinweise<\/h3>\n<ol>\n<li>Nur zur \u00e4u\u00dferlichen Anwendung geeignet.<\/li>\n<li>Nicht auf verletzte Haut oder auf Wunden auftragen.<\/li>\n<li>Sollten Nebenwirkungen wie Irritationen oder Ausschlag eintreten, Anwendung sofort beenden und unverz\u00fcglich an einen Arzt wenden.<\/li>\n<li>Kontakt mit den Augen vermeiden. Sollte das Produkt ins Auge gelangen, das Auge sofort gr\u00fcndlich mit klarem Wasser aussp\u00fclen.<\/li>\n<li>Au\u00dfer Reichweite von Kindern aufbewahren.<\/li>\n<li>Nicht schlucken. Bei Verschlucken Arzt oder Giftzentrale aufsuchen.<\/li>\n<\/ol>\n","protected":false},"excerpt":{"rendered":"<p><b>Frudia Blueberry Hydrating Toner\u00a0<\/b>ist ein extrem feuchtigkeitsspendender Toner, der die Hautpflegeroutine verbessert und\u00a0die Haut mit der frischen Energie der Blaubeeren belebt.<\/p>\n<p>77% Blaubeeren-Extrakt ist eine reichhaltige Quelle f\u00fcr Vitamin C und E, die abgestorbene Hautzellen von der Hautoberfl\u00e4che entfernt und das Wachstum neuer Zellen stimuliert, wodurch die Haut glatter und widerstandsf\u00e4higer wird. Blaubeerextrakt enth\u00e4lt auch Anthocyane, die die Lichtalterung sowie toxische Effekte der UV-Strahlen abschw\u00e4chen und den Kollagenabbau der Haut, die UVB-Strahlen ausgesetzt ist, hemmen.<\/p>\n<p>Die Formel enth\u00e4lt au\u00dferdem Inhaltsstoffe wie Panthenol, Rizinus\u00f6l, Traubensamen\u00f6l, Tomatensamen\u00f6l, Aprikosen\u00f6l, Mangosamen\u00f6l und Grapefruitsamen\u00f6l, um die Haut tief mit Feuchtigkeit zu versorgen, die Feuchtigkeit lange zu speichern und um die Haut mit essenziellen N\u00e4hrstoffen zu pflegen, die die Hautschutzbarriere st\u00e4rken und den Hautton aufhellen. F\u00fcr einen strahlenden Teint.<\/p>\n<p><b>Frudia Blueberry Hydrating Toner\u00a0<\/b>versorgt die Haut tief mit Feuchtigkeit und st\u00e4rkt sie, um sie vor sch\u00e4dlichen Faktoren wie st\u00e4dtischer Luftverschmutzung zu sch\u00fctzen. Das Produkt hat einen Hautvertr\u00e4glichkeitstest bestanden und ist geeignet f\u00fcr alle Hauttypen, inklusive trockene, sensible Haut.<\/p>\n","protected":false},"featured_media":7112,"comment_status":"open","ping_status":"closed","template":"","meta":{"content-type":"","site-sidebar-layout":"default","site-content-layout":"default","ast-site-content-layout":"default","site-content-style":"default","site-sidebar-style":"default","ast-global-header-display":"","ast-banner-title-visibility":"","ast-main-header-display":"","ast-hfb-above-header-display":"","ast-hfb-below-header-display":"","ast-hfb-mobile-header-display":"","site-post-title":"","ast-breadcrumbs-content":"","ast-featured-img":"","footer-sml-layout":"","ast-disable-related-posts":"","theme-transparent-header-meta":"default","adv-header-id-meta":"","stick-header-meta":"","header-above-stick-meta":"","header-main-stick-meta":"","header-below-stick-meta":"","astra-migrate-meta-layouts":"default","ast-page-background-enabled":"default","ast-page-background-meta":{"desktop":{"background-color":"","background-image":"","background-repeat":"repeat","background-position":"center center","background-size":"auto","background-attachment":"scroll","background-type":"","background-media":"","overlay-type":"","overlay-color":"","overlay-opacity":"","overlay-gradient":""},"tablet":{"background-color":"","background-image":"","background-repeat":"repeat","background-position":"center center","background-size":"auto","background-attachment":"scroll","background-type":"","background-media":"","overlay-type":"","overlay-color":"","overlay-opacity":"","overlay-gradient":""},"mobile":{"background-color":"","background-image":"","background-repeat":"repeat","background-position":"center center","background-size":"auto","background-attachment":"scroll","background-type":"","background-media":"","overlay-type":"","overlay-color":"","overlay-opacity":"","overlay-gradient":""}},"ast-content-background-meta":{"desktop":{"background-color":"var(--ast-global-color-5)","background-image":"","background-repeat":"repeat","background-position":"center center","background-size":"auto","background-attachment":"scroll","background-type":"","background-media":"","overlay-type":"","overlay-color":"","overlay-opacity":"","overlay-gradient":""},"tablet":{"background-color":"var(--ast-global-color-5)","background-image":"","background-repeat":"repeat","background-position":"center center","background-size":"auto","background-attachment":"scroll","background-type":"","background-media":"","overlay-type":"","overlay-color":"","overlay-opacity":"","overlay-gradient":""},"mobile":{"background-color":"var(--ast-global-color-5)","background-image":"","background-repeat":"repeat","background-position":"center center","background-size":"auto","background-attachment":"scroll","background-type":"","background-media":"","overlay-type":"","overlay-color":"","overlay-opacity":"","overlay-gradient":""}}},"product_brand":[],"product_cat":[315,137,113,31],"product_tag":[],"class_list":{"0":"post-7116","1":"product","2":"type-product","3":"status-publish","4":"has-post-thumbnail","6":"product_cat-gesichtswasser","7":"product_cat-frudia","8":"product_cat-spezielle-produkte","9":"product_cat-gesicht","10":"desktop-align-center","11":"tablet-align-center","12":"mobile-align-center","14":"first","15":"outofstock","16":"taxable","17":"shipping-taxable","18":"purchasable","19":"product-type-simple"},"_links":{"self":[{"href":"https:\/\/tomyklou.gr\/de\/wp-json\/wp\/v2\/product\/7116","targetHints":{"allow":["GET"]}}],"collection":[{"href":"https:\/\/tomyklou.gr\/de\/wp-json\/wp\/v2\/product"}],"about":[{"href":"https:\/\/tomyklou.gr\/de\/wp-json\/wp\/v2\/types\/product"}],"replies":[{"embeddable":true,"href":"https:\/\/tomyklou.gr\/de\/wp-json\/wp\/v2\/comments?post=7116"}],"wp:featuredmedia":[{"embeddable":true,"href":"https:\/\/tomyklou.gr\/de\/wp-json\/wp\/v2\/media\/7112"}],"wp:attachment":[{"href":"https:\/\/tomyklou.gr\/de\/wp-json\/wp\/v2\/media?parent=7116"}],"wp:term":[{"taxonomy":"product_brand","embeddable":true,"href":"https:\/\/tomyklou.gr\/de\/wp-json\/wp\/v2\/product_brand?post=7116"},{"taxonomy":"product_cat","embeddable":true,"href":"https:\/\/tomyklou.gr\/de\/wp-json\/wp\/v2\/product_cat?post=7116"},{"taxonomy":"product_tag","embeddable":true,"href":"https:\/\/tomyklou.gr\/de\/wp-json\/wp\/v2\/product_tag?post=7116"}],"curies":[{"name":"wp","href":"https:\/\/api.w.org\/{rel}","templated":true}]}}