{"id":7124,"date":"2023-07-05T22:57:28","date_gmt":"2023-07-05T20:57:28","guid":{"rendered":"https:\/\/tomyklou.gr\/product\/import-placeholder-for-sbm-1002-8809647390091\/"},"modified":"2026-02-22T18:43:29","modified_gmt":"2026-02-22T16:43:29","slug":"some-by-mi-aha-bha-pha-30-days-miracle-foam-100ml","status":"publish","type":"product","link":"https:\/\/tomyklou.gr\/de\/product\/some-by-mi-aha-bha-pha-30-days-miracle-foam-100ml\/","title":{"rendered":"Some By Mi AHA BHA PHA 30 Days Miracle Foam 100ml"},"content":{"rendered":"<h3>Anwendung<\/h3>\n<ol>\n<li>Eine geeignete Menge mit sauberen H\u00e4nden auf das nasse Gesicht und den Hals auftragen.<\/li>\n<li>Den Schaum mit kreisenden Bewegungen in die Haut einmassieren.<\/li>\n<li>Das Produkt mit lauwarmem Wasser von der Haut abwaschen und die Haut mit einem sauberen Handtuch trocken tupfen.<\/li>\n<li>F\u00fcr ein perfektes Resultat mit dem <strong>Some By Mi\u00a0<\/strong>AHA BHA PHA 30 Days Miracle <a href=\"https:\/\/tomyklou.gr\/product\/some-by-mi-aha-bha-pha-toner\/\">Toner<\/a>,<a href=\"https:\/\/tomyklou.gr\/product\/some-by-mi-aha-bha-pha-serum\/\"> Serum<\/a> und <a href=\"https:\/\/tomyklou.gr\/product\/some-by-mi-aha-bha-pha-cream\/\">Cream<\/a>.<\/li>\n<\/ol>\n<h3>Inhaltsstoffe<\/h3>\n<p>Water, Glycerin, Centella Asiatica Extract, Palmitic Acid, Stearic Acid, Lauric Acid, Myristic Acid, Potassium Hydroxide, Lauryl Betaine, Butylene Glycol, PEG-100 Stearate, Glyceryl Stearate, Beeswax, Melaleuca Alternifolia (Tea Tree) Leaf Water, Sodium Methyl Cocoyl Taurate, Potassium Cocoyl Glycinate, Salicylic Acid, Dipropylene Glycol, Sodium Chloride, Hydroxyacetophenone, Mentha Piperita (Peppermint) Oil, Caprylyl Glycol, 1,2-Hexanediol, Disodium EDTA, Hydroxyethylcellulose, Calamine, Gluconolactone, Citric Acid, Ipotassium Glycyrrhizate, Artemisia Vulgaris Extract, Madecassoside, Asiaticoside, Asiatic Acid, Madecassic Acid<\/p>\n<p>*Eine Ver\u00e4nderung der Inhaltsstoffe unterliegt dem Ermessen des Herstellers. Willst du vor dem Kauf ganz sicher gehen? Dann kontaktiere uns f\u00fcr ein Foto der aktuellen Produktverpackung.<\/p>\n<h3>Warnhinweise<\/h3>\n<ol>\n<li>Nur zur \u00e4u\u00dferlichen Anwendung geeignet.<\/li>\n<li>Nicht auf verletzte Haut oder auf Wunden auftragen.<\/li>\n<li>Sollten Nebenwirkungen wie Irritationen oder Ausschlag eintreten, Anwendung sofort beenden und unverz\u00fcglich an einen Arzt wenden.<\/li>\n<li>Kontakt mit den Augen vermeiden. Sollte das Produkt ins Auge gelangen, das Auge sofort gr\u00fcndlich mit klarem Wasser aussp\u00fclen.<\/li>\n<li>Au\u00dfer Reichweite von Kindern aufbewahren.<\/li>\n<li>Nicht schlucken. Bei Verschlucken Arzt oder Giftzentrale aufsuchen.<\/li>\n<\/ol>\n","protected":false},"excerpt":{"rendered":"<p><strong>Some By Mi\u00a0<\/strong>AHA BHA PHA 30 Days Miracle Foam ist ein hypoallergener, leicht saurer Centella-Reinigungsschaum, der problematische Haut beruhigt und gleichzeitig mit Feuchtigkeit und N\u00e4hrstoffen versorgt. Der Schaum ist mit 80% Centella Asiatica-Extrakt und anderen Wirkstoffen angereichert, um R\u00f6tungen zu lindern und gleichzeitig die Haut vor \u00e4u\u00dferen Reizstoffen zu sch\u00fctzen. Der Schaum reinigt die Haut und verleiht ihr eine neue Energie.<\/p>\n<p>F\u00fcr ein perfektes Resultat mit dem <strong>Some By Mi\u00a0<\/strong>AHA BHA PHA 30 Days Miracle <a href=\"https:\/\/tomyklou.gr\/product\/some-by-mi-aha-bha-pha-toner\/\">Toner<\/a>,<a href=\"https:\/\/tomyklou.gr\/product\/some-by-mi-aha-bha-pha-serum\/\"> Serum<\/a> und <a href=\"https:\/\/tomyklou.gr\/product\/some-by-mi-aha-bha-pha-cream\/\">Cream<\/a>.<\/p>\n","protected":false},"featured_media":7213,"comment_status":"open","ping_status":"closed","template":"","meta":{"content-type":"","site-sidebar-layout":"default","site-content-layout":"default","ast-site-content-layout":"default","site-content-style":"default","site-sidebar-style":"default","ast-global-header-display":"","ast-banner-title-visibility":"","ast-main-header-display":"","ast-hfb-above-header-display":"","ast-hfb-below-header-display":"","ast-hfb-mobile-header-display":"","site-post-title":"","ast-breadcrumbs-content":"","ast-featured-img":"","footer-sml-layout":"","ast-disable-related-posts":"","theme-transparent-header-meta":"default","adv-header-id-meta":"","stick-header-meta":"","header-above-stick-meta":"","header-main-stick-meta":"","header-below-stick-meta":"","astra-migrate-meta-layouts":"set","ast-page-background-enabled":"default","ast-page-background-meta":{"desktop":{"background-color":"","background-image":"","background-repeat":"repeat","background-position":"center center","background-size":"auto","background-attachment":"scroll","background-type":"","background-media":"","overlay-type":"","overlay-color":"","overlay-opacity":"","overlay-gradient":""},"tablet":{"background-color":"","background-image":"","background-repeat":"repeat","background-position":"center center","background-size":"auto","background-attachment":"scroll","background-type":"","background-media":"","overlay-type":"","overlay-color":"","overlay-opacity":"","overlay-gradient":""},"mobile":{"background-color":"","background-image":"","background-repeat":"repeat","background-position":"center center","background-size":"auto","background-attachment":"scroll","background-type":"","background-media":"","overlay-type":"","overlay-color":"","overlay-opacity":"","overlay-gradient":""}},"ast-content-background-meta":{"desktop":{"background-color":"var(--ast-global-color-5)","background-image":"","background-repeat":"repeat","background-position":"center center","background-size":"auto","background-attachment":"scroll","background-type":"","background-media":"","overlay-type":"","overlay-color":"","overlay-opacity":"","overlay-gradient":""},"tablet":{"background-color":"var(--ast-global-color-5)","background-image":"","background-repeat":"repeat","background-position":"center center","background-size":"auto","background-attachment":"scroll","background-type":"","background-media":"","overlay-type":"","overlay-color":"","overlay-opacity":"","overlay-gradient":""},"mobile":{"background-color":"var(--ast-global-color-5)","background-image":"","background-repeat":"repeat","background-position":"center center","background-size":"auto","background-attachment":"scroll","background-type":"","background-media":"","overlay-type":"","overlay-color":"","overlay-opacity":"","overlay-gradient":""}}},"product_brand":[],"product_cat":[312,319,171,113,31],"product_tag":[64],"class_list":{"0":"post-7124","1":"product","2":"type-product","3":"status-publish","4":"has-post-thumbnail","6":"product_cat-gesichtsreiniger","7":"product_cat-gesichtsserum","8":"product_cat-some-by-mi","9":"product_cat-spezielle-produkte","10":"product_cat-gesicht","11":"product_tag-reinigung","12":"desktop-align-center","13":"tablet-align-center","14":"mobile-align-center","16":"first","17":"outofstock","18":"taxable","19":"shipping-taxable","20":"purchasable","21":"product-type-simple"},"_links":{"self":[{"href":"https:\/\/tomyklou.gr\/de\/wp-json\/wp\/v2\/product\/7124","targetHints":{"allow":["GET"]}}],"collection":[{"href":"https:\/\/tomyklou.gr\/de\/wp-json\/wp\/v2\/product"}],"about":[{"href":"https:\/\/tomyklou.gr\/de\/wp-json\/wp\/v2\/types\/product"}],"replies":[{"embeddable":true,"href":"https:\/\/tomyklou.gr\/de\/wp-json\/wp\/v2\/comments?post=7124"}],"wp:featuredmedia":[{"embeddable":true,"href":"https:\/\/tomyklou.gr\/de\/wp-json\/wp\/v2\/media\/7213"}],"wp:attachment":[{"href":"https:\/\/tomyklou.gr\/de\/wp-json\/wp\/v2\/media?parent=7124"}],"wp:term":[{"taxonomy":"product_brand","embeddable":true,"href":"https:\/\/tomyklou.gr\/de\/wp-json\/wp\/v2\/product_brand?post=7124"},{"taxonomy":"product_cat","embeddable":true,"href":"https:\/\/tomyklou.gr\/de\/wp-json\/wp\/v2\/product_cat?post=7124"},{"taxonomy":"product_tag","embeddable":true,"href":"https:\/\/tomyklou.gr\/de\/wp-json\/wp\/v2\/product_tag?post=7124"}],"curies":[{"name":"wp","href":"https:\/\/api.w.org\/{rel}","templated":true}]}}