{"id":7128,"date":"2023-07-05T22:57:28","date_gmt":"2023-07-05T20:57:28","guid":{"rendered":"https:\/\/tomyklou.gr\/product\/frudia-pomegranate-nutri-moisturizing-serum-50g\/"},"modified":"2026-02-22T18:43:30","modified_gmt":"2026-02-22T16:43:30","slug":"frudia-pomegranate-nutri-moisturizing-serum-50g","status":"publish","type":"product","link":"https:\/\/tomyklou.gr\/de\/product\/frudia-pomegranate-nutri-moisturizing-serum-50g\/","title":{"rendered":"Frudia Pomegranate Nutri-Moisturizing Serum 50g"},"content":{"rendered":"<h3>Anwendung<\/h3>\n<ol>\n<li>Nach dem Toner gebrauchen.<\/li>\n<li>Tragen Sie eine geeignete Menge direkt nach dem Reinigen auf Haut auf.<\/li>\n<li>Arbeiten Sie das Produkt in die Haut ein, bis es vollst\u00e4ndig eingezogen ist.<\/li>\n<\/ol>\n<h3>Inhaltsstoffe<\/h3>\n<p>Punica Granatum Fruit Extract (64%), Adenosine 0.04%, Glycerin, Squalane, Dipropylene Glycol, 1,2-Hexanediol, Dipentaerythrityl Hexa C5-9 Acid Esters, Water, Hydrogenated Polydecene, Caprylic\/Capric Triglyceride, Trehalose, Glycereth-26, Cyclopentasiloxane,\u00a0Cyclohexasiloxane, Butylene Glycol, Glyceryl Stearate, Polysorbate 60, Panthenol, Dimethicone, PEG-100 Stearate, Cetyl Alcohol, Sorbitan Stearate, Methyl Glucose Sesquistearate, Tromethamine, Carbomer, Stearyl Alcohol, Polyquaternium-51, Xanthan Gum, Myristyl Alcohol, Polyacrylate-13, Glyceryl (Apricot) Kernel Oil, Polysorbate 20, Sorbitan Isostearate, Solanum Lycopersicum (Tomato) Seed Oil, Punica Granatum Seed Oil, Mangifera Indica (Mango) Seed Oil, Citrus Paradisi (Grapefruit) Seed Oil, Tocopherol, Disodium EDTA, Chlorphenesin, CI 14700, Fragrance<\/p>\n<h3>Warnhinweise<\/h3>\n<ol>\n<li>Nur zur \u00e4u\u00dferlichen Anwendung geeignet.<\/li>\n<li>Nicht auf verletzte Haut oder auf Wunden auftragen.<\/li>\n<li>Sollten Nebenwirkungen wie Irritationen oder Ausschlag eintreten, Anwendung sofort beenden und unverz\u00fcglich an einen Arzt wenden.<\/li>\n<li>Kontakt mit den Augen vermeiden. Sollte das Produkt ins Auge gelangen, das Auge sofort gr\u00fcndlich mit klarem Wasser aussp\u00fclen.<\/li>\n<li>Au\u00dfer Reichweite von Kindern aufbewahren.<\/li>\n<li>Nicht schlucken. Bei Verschlucken Arzt oder Giftzentrale aufsuchen.<\/li>\n<\/ol>\n","protected":false},"excerpt":{"rendered":"<p><b>Frudia Pomegranate Nutri-Moisturizing Serum\u00a0<\/b>ist ein extrem feuchtigkeitsspendendes Serum, das Anzeichen von Hautalterung reduziert und die Haut auf zellul\u00e4rer Ebene verj\u00fcngt.<\/p>\n<p>Das Serum enth\u00e4lt 63% Granatapfelextrakt, das bis in die tiefsten Hautschichten eindringt und diese mit essenziellen N\u00e4hrstoffen wie Vitamin C, Vitamin K, Mineralstoffen, Polypenolen und Fetts\u00e4uren versorgt. Zusammen versorgen diese die Haut mit Feuchtigkeit und helfen dabei, diese Feuchtigkeit zu speichern. Au\u00dferdem regenerieren sie die Hautzellen, regen die Kollagenproduktion an, lindern Irritationen und hellen den Hautton auf.<\/p>\n<p>Die Formel enth\u00e4lt au\u00dferdem Natriumhyaluronat und Glycerin &#8211; kraftvolle Feuchtigkeitsspender, die dabei helfen, die Hautschutzbarriere aufzubauen, wodurch der Feuchtigkeitsverlust der Haut minimiert wird. Die Haut ist zudem besser gesch\u00fctzt vor reizenden Umweltfaktoren wie Luftverschmutzung.<\/p>\n<p>Zus\u00e4tzliche Inhaltsstoffe wie Rizinus-, Aprikosen-, Traubensamen-, Grapefruitsamen-, Mangosamen- und Tomatensamen\u00f6l bauen die Feuchtigkeitsbarriere der Haut auf, um Trockenheit zu reduzieren und die Haut mit essenziellen Antioxidantien zu versorgen, w\u00e4hrend sie die Haut weich und geschmeidig machen.<\/p>\n<p><b>Frudia Pomegranate Nutri-Moisturizing Serum\u00a0<\/b>ist ein ideales Mittel f\u00fcr Haut, die Trockenheit und sichtbare Anzeichen von Hautalterung wie Falten, feine Linien und eine verminderte Elastizit\u00e4t aufweist.\u00a0Das Produkt hat einen\u00a0Hautvertr\u00e4glichkeitstest\u00a0bestanden und ist geeignet f\u00fcr alle Hauttypen, inklusive sensible Haut.<\/p>\n","protected":false},"featured_media":6783,"comment_status":"open","ping_status":"closed","template":"","meta":{"content-type":"","site-sidebar-layout":"default","site-content-layout":"default","ast-site-content-layout":"default","site-content-style":"default","site-sidebar-style":"default","ast-global-header-display":"","ast-banner-title-visibility":"","ast-main-header-display":"","ast-hfb-above-header-display":"","ast-hfb-below-header-display":"","ast-hfb-mobile-header-display":"","site-post-title":"","ast-breadcrumbs-content":"","ast-featured-img":"","footer-sml-layout":"","ast-disable-related-posts":"","theme-transparent-header-meta":"default","adv-header-id-meta":"","stick-header-meta":"","header-above-stick-meta":"","header-main-stick-meta":"","header-below-stick-meta":"","astra-migrate-meta-layouts":"set","ast-page-background-enabled":"default","ast-page-background-meta":{"desktop":{"background-color":"","background-image":"","background-repeat":"repeat","background-position":"center center","background-size":"auto","background-attachment":"scroll","background-type":"","background-media":"","overlay-type":"","overlay-color":"","overlay-opacity":"","overlay-gradient":""},"tablet":{"background-color":"","background-image":"","background-repeat":"repeat","background-position":"center center","background-size":"auto","background-attachment":"scroll","background-type":"","background-media":"","overlay-type":"","overlay-color":"","overlay-opacity":"","overlay-gradient":""},"mobile":{"background-color":"","background-image":"","background-repeat":"repeat","background-position":"center center","background-size":"auto","background-attachment":"scroll","background-type":"","background-media":"","overlay-type":"","overlay-color":"","overlay-opacity":"","overlay-gradient":""}},"ast-content-background-meta":{"desktop":{"background-color":"var(--ast-global-color-5)","background-image":"","background-repeat":"repeat","background-position":"center center","background-size":"auto","background-attachment":"scroll","background-type":"","background-media":"","overlay-type":"","overlay-color":"","overlay-opacity":"","overlay-gradient":""},"tablet":{"background-color":"var(--ast-global-color-5)","background-image":"","background-repeat":"repeat","background-position":"center center","background-size":"auto","background-attachment":"scroll","background-type":"","background-media":"","overlay-type":"","overlay-color":"","overlay-opacity":"","overlay-gradient":""},"mobile":{"background-color":"var(--ast-global-color-5)","background-image":"","background-repeat":"repeat","background-position":"center center","background-size":"auto","background-attachment":"scroll","background-type":"","background-media":"","overlay-type":"","overlay-color":"","overlay-opacity":"","overlay-gradient":""}}},"product_brand":[],"product_cat":[317,319,137,31],"product_tag":[],"class_list":{"0":"post-7128","1":"product","2":"type-product","3":"status-publish","4":"has-post-thumbnail","6":"product_cat-essence-serum-oel","7":"product_cat-gesichtsserum","8":"product_cat-frudia","9":"product_cat-gesicht","10":"desktop-align-center","11":"tablet-align-center","12":"mobile-align-center","14":"first","15":"outofstock","16":"taxable","17":"shipping-taxable","18":"purchasable","19":"product-type-simple"},"_links":{"self":[{"href":"https:\/\/tomyklou.gr\/de\/wp-json\/wp\/v2\/product\/7128","targetHints":{"allow":["GET"]}}],"collection":[{"href":"https:\/\/tomyklou.gr\/de\/wp-json\/wp\/v2\/product"}],"about":[{"href":"https:\/\/tomyklou.gr\/de\/wp-json\/wp\/v2\/types\/product"}],"replies":[{"embeddable":true,"href":"https:\/\/tomyklou.gr\/de\/wp-json\/wp\/v2\/comments?post=7128"}],"wp:featuredmedia":[{"embeddable":true,"href":"https:\/\/tomyklou.gr\/de\/wp-json\/wp\/v2\/media\/6783"}],"wp:attachment":[{"href":"https:\/\/tomyklou.gr\/de\/wp-json\/wp\/v2\/media?parent=7128"}],"wp:term":[{"taxonomy":"product_brand","embeddable":true,"href":"https:\/\/tomyklou.gr\/de\/wp-json\/wp\/v2\/product_brand?post=7128"},{"taxonomy":"product_cat","embeddable":true,"href":"https:\/\/tomyklou.gr\/de\/wp-json\/wp\/v2\/product_cat?post=7128"},{"taxonomy":"product_tag","embeddable":true,"href":"https:\/\/tomyklou.gr\/de\/wp-json\/wp\/v2\/product_tag?post=7128"}],"curies":[{"name":"wp","href":"https:\/\/api.w.org\/{rel}","templated":true}]}}