{"id":7134,"date":"2023-07-05T22:57:31","date_gmt":"2023-07-05T20:57:31","guid":{"rendered":"https:\/\/tomyklou.gr\/product\/frudia-green-grape-pore-control-serum-50g\/"},"modified":"2026-02-22T18:43:29","modified_gmt":"2026-02-22T16:43:29","slug":"frudia-green-grape-pore-control-serum-50g","status":"publish","type":"product","link":"https:\/\/tomyklou.gr\/de\/product\/frudia-green-grape-pore-control-serum-50g\/","title":{"rendered":"Frudia Green Grape Pore Control Serum 50g"},"content":{"rendered":"<h3>Anwendung<\/h3>\n<ol>\n<li>Nach dem Toner gebrauchen.<\/li>\n<li>Tragen Sie eine geeignete Menge direkt nach dem Reinigen auf Haut auf.<\/li>\n<li>Arbeiten Sie das Produkt in die Haut ein, bis es vollst\u00e4ndig eingezogen ist.<\/li>\n<\/ol>\n<h3>Inhaltsstoffe<\/h3>\n<p>Dimethicone 1.42%, Vitis Vinifera (Grape) Fruit Extract, Methylpropanediol, Dipropylene Glycol, Cyclopentasiloxane, 1,2-Hexanediol, Dimethicone\/Vinyl Dimethicone Crosspolymer, Water, Butylene Glycol, Silica, Polysorbate 60, Glycerin, Cetyl Ethylhexanoate, Alcohol, Phenoxyethanol, Glyceryl Stearate, PEG-100 Stearate,Vinyl Dimethicone\/Methicone Silesquioxane Crosspolymer, Cyclohexasiloxane, Chlorphenesin, Polysilicone-11, Sodium Polycrylate, Acrylates\/C10-30 Alkyl Acrylate Crosspolymer, Tromethamine, Panthenol, Ethylhexyl Stearate, Isoceteth-25, Isoceteth-10, Disodium EDTA, Trideceth-6, Fragrance, Coco-Caprylate\/Caprate, Vitis Vinifera (Grape) Seed Oil, Prunus Armeniaca (Apricot) Kernel Oil, Tannic Acid, Solanum Lycopersicum (Tomato) Seed Oil, Punica Granatum Seed Oil, Mangifera Indica (Mango) Seed Oil, Citrus Paradisi (Grapefruit) Seed Oil, Tocopherol<\/p>\n<h3>Warnhinweise<\/h3>\n<ol>\n<li>Nur zur \u00e4u\u00dferlichen Anwendung geeignet.<\/li>\n<li>Nicht auf verletzte Haut oder auf Wunden auftragen.<\/li>\n<li>Sollten Nebenwirkungen wie Irritationen oder Ausschlag eintreten, Anwendung sofort beenden und unverz\u00fcglich an einen Arzt wenden.<\/li>\n<li>Kontakt mit den Augen vermeiden. Sollte das Produkt ins Auge gelangen, das Auge sofort gr\u00fcndlich mit klarem Wasser aussp\u00fclen.<\/li>\n<li>Au\u00dfer Reichweite von Kindern aufbewahren.<\/li>\n<li>Nicht schlucken. Bei Verschlucken Arzt oder Giftzentrale aufsuchen.<\/li>\n<\/ol>\n","protected":false},"excerpt":{"rendered":"<p><b>Frudia Green Grape Pore Control Serum\u00a0<\/b>reguliert die Talgproduktion, verfeinert die Poren und sorgt f\u00fcr eine glatte, glanzfreie Haut. Dieses reichhaltige Serum enth\u00e4lt 81% Extrakt aus gr\u00fcnen Trauben sowie Traubensamen\u00f6l und lindert Entz\u00fcndungen. Es versorgt die Haut mit essenziellen N\u00e4hrstoffen und Mikroelementen wie Vitamin C, Vitamin E, Flavonoiden, Tanninen und Chlorophyll.\u00a0 Diese straffen und n\u00e4hren die Haut, regen die Kollagenproduktion an, entfernen abgestorbene Hautzellen, regulieren die Talgproduktion und befreien die Poren von Verschmutzungen.<\/p>\n<p>Zus\u00e4tzliche Inhaltsstoffe wie Aprikosen\u00f6l, Grapefruit-Samen\u00f6l und Mango-Samen\u00f6l wirken feuchtigkeitsspendend und helfen der Haut, die Feuchtigkeit l\u00e4nger zu speichern. Diese nat\u00fcrlichen \u00d6le pflegen die Haut mit essentiellen N\u00e4hrstoffen, die die Hautschutzbarriere st\u00e4rken und diese gegen\u00fcber Umweltstressoren widerstandsf\u00e4higer machen.<\/p>\n<p><b>Frudia Green Grape Pore Control Serum\u00a0<\/b>ist ein Mittel f\u00fcr\u00a0f\u00fcr Haut, die an \u00fcberm\u00e4\u00dfiger Talgproduktion, Dehydration und erweiterten Poren leidet. Es hat eine erfrischend feuchtigkeitsspendende Wirkung und sorgt f\u00fcr eine glatte, strahlende Haut. Empfohlen f\u00fcr fettige Haut und Mischhaut. Das Produkt hat einen\u00a0Hautvertr\u00e4glichkeitstest\u00a0bestanden und ist geeignet f\u00fcr alle Hauttypen.<\/p>\n","protected":false},"featured_media":7129,"comment_status":"open","ping_status":"closed","template":"","meta":{"content-type":"","site-sidebar-layout":"default","site-content-layout":"default","ast-site-content-layout":"default","site-content-style":"default","site-sidebar-style":"default","ast-global-header-display":"","ast-banner-title-visibility":"","ast-main-header-display":"","ast-hfb-above-header-display":"","ast-hfb-below-header-display":"","ast-hfb-mobile-header-display":"","site-post-title":"","ast-breadcrumbs-content":"","ast-featured-img":"","footer-sml-layout":"","ast-disable-related-posts":"","theme-transparent-header-meta":"default","adv-header-id-meta":"","stick-header-meta":"","header-above-stick-meta":"","header-main-stick-meta":"","header-below-stick-meta":"","astra-migrate-meta-layouts":"set","ast-page-background-enabled":"default","ast-page-background-meta":{"desktop":{"background-color":"","background-image":"","background-repeat":"repeat","background-position":"center center","background-size":"auto","background-attachment":"scroll","background-type":"","background-media":"","overlay-type":"","overlay-color":"","overlay-opacity":"","overlay-gradient":""},"tablet":{"background-color":"","background-image":"","background-repeat":"repeat","background-position":"center center","background-size":"auto","background-attachment":"scroll","background-type":"","background-media":"","overlay-type":"","overlay-color":"","overlay-opacity":"","overlay-gradient":""},"mobile":{"background-color":"","background-image":"","background-repeat":"repeat","background-position":"center center","background-size":"auto","background-attachment":"scroll","background-type":"","background-media":"","overlay-type":"","overlay-color":"","overlay-opacity":"","overlay-gradient":""}},"ast-content-background-meta":{"desktop":{"background-color":"var(--ast-global-color-5)","background-image":"","background-repeat":"repeat","background-position":"center center","background-size":"auto","background-attachment":"scroll","background-type":"","background-media":"","overlay-type":"","overlay-color":"","overlay-opacity":"","overlay-gradient":""},"tablet":{"background-color":"var(--ast-global-color-5)","background-image":"","background-repeat":"repeat","background-position":"center center","background-size":"auto","background-attachment":"scroll","background-type":"","background-media":"","overlay-type":"","overlay-color":"","overlay-opacity":"","overlay-gradient":""},"mobile":{"background-color":"var(--ast-global-color-5)","background-image":"","background-repeat":"repeat","background-position":"center center","background-size":"auto","background-attachment":"scroll","background-type":"","background-media":"","overlay-type":"","overlay-color":"","overlay-opacity":"","overlay-gradient":""}}},"product_brand":[],"product_cat":[317,319,137,113,31],"product_tag":[],"class_list":{"0":"post-7134","1":"product","2":"type-product","3":"status-publish","4":"has-post-thumbnail","6":"product_cat-essence-serum-oel","7":"product_cat-gesichtsserum","8":"product_cat-frudia","9":"product_cat-spezielle-produkte","10":"product_cat-gesicht","11":"desktop-align-center","12":"tablet-align-center","13":"mobile-align-center","15":"first","16":"outofstock","17":"taxable","18":"shipping-taxable","19":"purchasable","20":"product-type-simple"},"_links":{"self":[{"href":"https:\/\/tomyklou.gr\/de\/wp-json\/wp\/v2\/product\/7134","targetHints":{"allow":["GET"]}}],"collection":[{"href":"https:\/\/tomyklou.gr\/de\/wp-json\/wp\/v2\/product"}],"about":[{"href":"https:\/\/tomyklou.gr\/de\/wp-json\/wp\/v2\/types\/product"}],"replies":[{"embeddable":true,"href":"https:\/\/tomyklou.gr\/de\/wp-json\/wp\/v2\/comments?post=7134"}],"wp:featuredmedia":[{"embeddable":true,"href":"https:\/\/tomyklou.gr\/de\/wp-json\/wp\/v2\/media\/7129"}],"wp:attachment":[{"href":"https:\/\/tomyklou.gr\/de\/wp-json\/wp\/v2\/media?parent=7134"}],"wp:term":[{"taxonomy":"product_brand","embeddable":true,"href":"https:\/\/tomyklou.gr\/de\/wp-json\/wp\/v2\/product_brand?post=7134"},{"taxonomy":"product_cat","embeddable":true,"href":"https:\/\/tomyklou.gr\/de\/wp-json\/wp\/v2\/product_cat?post=7134"},{"taxonomy":"product_tag","embeddable":true,"href":"https:\/\/tomyklou.gr\/de\/wp-json\/wp\/v2\/product_tag?post=7134"}],"curies":[{"name":"wp","href":"https:\/\/api.w.org\/{rel}","templated":true}]}}