{"id":7140,"date":"2023-07-05T22:57:34","date_gmt":"2023-07-05T20:57:34","guid":{"rendered":"https:\/\/tomyklou.gr\/product\/frudia-pomegranate-nutri-moisturizing-cream-55g\/"},"modified":"2026-02-22T18:43:29","modified_gmt":"2026-02-22T16:43:29","slug":"frudia-pomegranate-nutri-moisturizing-cream-55g","status":"publish","type":"product","link":"https:\/\/tomyklou.gr\/de\/product\/frudia-pomegranate-nutri-moisturizing-cream-55g\/","title":{"rendered":"Frudia Pomegranate Nutri-Moisturizing Cream 55g"},"content":{"rendered":"<h3>Anwendung<\/h3>\n<ol>\n<li>Morgens und abends eine gew\u00fcnschte Menge auf die gereinigte (und mit Toner behandelte) Haut auftragen.<\/li>\n<li>Die Creme sanft in die Haut einarbeiten, bis sie vollst\u00e4ndig eingezogen ist.<\/li>\n<\/ol>\n<h3>Inhaltsstoffe<\/h3>\n<p>Punica Granatum Fruit Extract (63%), Glycerin, Butylene Glycol, Caprylic\/Capric Triglyceride, Cyclopentasiloxane, Diisostearyl Malate, Pentaerythrityl Tetraethylhexanoate, Dimethicone, Cyclohexasiloxane, 1,2-Hexanediol, Trehalose, Glyceryl Stearate, PEG-100 Stearate, Sorbitan Stearate, Water, Glyceryl Caprylate, PEG-240\/HDI Copolymer Bis-Decyltetradeceth-20 Ether, Polyglyceryl-3 Methylglucose Distearate, Hydroxyethyl Acrylate\/Sodium Acryloyldimethyl Taurate Copolymer, Chlorphenesin, Sodium Polyacrylate, Dimethicone\/Vinyl Dimethicone Crosspolymer, Fragrance, Ethylhexyl Stearate, Coco-Caprylate\/Caprate, Sucrose Cocoate, Adenosine, Glyceryl Acrylate\/Acrylic Acid Copolymer, Disodium EDTA, Polysorbate 60, Sorbitan Isostearate, Prunus Armeniaca (Apricot) Kernel Oil, Vitis Vinifera (Grape) Seed Oil, Trideceth-6, Citrus Paradisi (Grapefruit) Seed Oil, Mangifera Indica (Mango) Seed Oil, Punica Granatum Seed Oil, Solanum Lycopersicum (Tomato) Seed Oil, CI 14700, Tocopherol<\/p>\n<h3>Warnhinweise<\/h3>\n<ol>\n<li>Nur zur \u00e4u\u00dferlichen Anwendung geeignet.<\/li>\n<li>Nicht auf verletzte Haut oder auf Wunden auftragen.<\/li>\n<li>Sollten Nebenwirkungen wie Irritationen oder Ausschlag eintreten, Anwendung sofort beenden und unverz\u00fcglich an einen Arzt wenden.<\/li>\n<li>Kontakt mit den Augen vermeiden. Sollte das Produkt ins Auge gelangen, das Auge sofort gr\u00fcndlich mit klarem Wasser aussp\u00fclen.<\/li>\n<li>Au\u00dfer Reichweite von Kindern aufbewahren.<\/li>\n<li>Nicht schlucken. Bei Verschlucken Arzt oder Giftzentrale aufsuchen.<\/li>\n<\/ol>\n","protected":false},"excerpt":{"rendered":"<p><b>Frudia Pomegranate Nutri-Moisturizing Cream\u00a0<\/b>pflegt Ihre Haut und macht sie widerstandsf\u00e4hig gegen\u00fcber \u00e4u\u00dferen Stressfaktoren. Sie reduziert Anzeichen der Hautalterung wie Falten und erm\u00fcdete Haut.<\/p>\n<p>Die Creme enth\u00e4lt 63% Granatapfelextrakt, einen hochwertigen, nat\u00fcrlichen Anti-Aging-Inhaltsstoff, der reich ist an Vitamin C, Fetts\u00e4uren, Mineralstoffen und anderen Phyton\u00e4hrstoffen. Zusammen versorgen diese die Haut mit Feuchtigkeit und helfen dabei, diese Feuchtigkeit zu speichern. Au\u00dferdem regenerieren sie die Hautzellen, regen die Kollagenproduktion an, lindern Irritationen und hellen den Hautton auf.<\/p>\n<p>Zus\u00e4tzliche Inhaltsstoffe wie Aprikosen\u00f6l, Grapefruit-Samen\u00f6l und Mango-Samen\u00f6l wirken feuchtigkeitsspendend und helfen der Haut, die Feuchtigkeit l\u00e4nger zu speichern. Diese nat\u00fcrlichen \u00d6le pflegen die Haut mit essentiellen N\u00e4hrstoffen, die die Hautschutzbarriere st\u00e4rken und diese gegen\u00fcber Umweltstressoren widerstandsf\u00e4higer machen.<\/p>\n<p>Die Creme hat eine Pudding-\u00e4hnliche Textur, die sich sanft \u00fcber die gesamte Haut ausbreitet und diese mit den qualitativen Eigenschaften des Granatapfels und nat\u00fcrlicher \u00d6le anf\u00fcllt.<\/p>\n<p><b>Frudia Pomegranate Nutri-Moisturizing Cream\u00a0<\/b>ist ein straffendes und feuchtigkeitsspendendes Mittel trockene Haut, die sichtbare Anzeichen von Hautalterung wie Falten und feine Linien aufweist. Die Creme verj\u00fcngt die Haut auf zellul\u00e4rer Ebene und wirkt hautstraffend. Das Produkt hat einen Hautvertr\u00e4glichkeitstest bestanden und ist geeignet f\u00fcr alle Hauttypen.<\/p>\n","protected":false},"featured_media":6793,"comment_status":"open","ping_status":"closed","template":"","meta":{"content-type":"","site-sidebar-layout":"default","site-content-layout":"default","ast-site-content-layout":"default","site-content-style":"default","site-sidebar-style":"default","ast-global-header-display":"","ast-banner-title-visibility":"","ast-main-header-display":"","ast-hfb-above-header-display":"","ast-hfb-below-header-display":"","ast-hfb-mobile-header-display":"","site-post-title":"","ast-breadcrumbs-content":"","ast-featured-img":"","footer-sml-layout":"","ast-disable-related-posts":"","theme-transparent-header-meta":"default","adv-header-id-meta":"","stick-header-meta":"","header-above-stick-meta":"","header-main-stick-meta":"","header-below-stick-meta":"","astra-migrate-meta-layouts":"default","ast-page-background-enabled":"default","ast-page-background-meta":{"desktop":{"background-color":"","background-image":"","background-repeat":"repeat","background-position":"center center","background-size":"auto","background-attachment":"scroll","background-type":"","background-media":"","overlay-type":"","overlay-color":"","overlay-opacity":"","overlay-gradient":""},"tablet":{"background-color":"","background-image":"","background-repeat":"repeat","background-position":"center center","background-size":"auto","background-attachment":"scroll","background-type":"","background-media":"","overlay-type":"","overlay-color":"","overlay-opacity":"","overlay-gradient":""},"mobile":{"background-color":"","background-image":"","background-repeat":"repeat","background-position":"center center","background-size":"auto","background-attachment":"scroll","background-type":"","background-media":"","overlay-type":"","overlay-color":"","overlay-opacity":"","overlay-gradient":""}},"ast-content-background-meta":{"desktop":{"background-color":"var(--ast-global-color-5)","background-image":"","background-repeat":"repeat","background-position":"center center","background-size":"auto","background-attachment":"scroll","background-type":"","background-media":"","overlay-type":"","overlay-color":"","overlay-opacity":"","overlay-gradient":""},"tablet":{"background-color":"var(--ast-global-color-5)","background-image":"","background-repeat":"repeat","background-position":"center center","background-size":"auto","background-attachment":"scroll","background-type":"","background-media":"","overlay-type":"","overlay-color":"","overlay-opacity":"","overlay-gradient":""},"mobile":{"background-color":"var(--ast-global-color-5)","background-image":"","background-repeat":"repeat","background-position":"center center","background-size":"auto","background-attachment":"scroll","background-type":"","background-media":"","overlay-type":"","overlay-color":"","overlay-opacity":"","overlay-gradient":""}}},"product_brand":[],"product_cat":[322,137,31],"product_tag":[35],"class_list":{"0":"post-7140","1":"product","2":"type-product","3":"status-publish","4":"has-post-thumbnail","6":"product_cat-gesichtscreme","7":"product_cat-frudia","8":"product_cat-gesicht","9":"product_tag-moisturizer","10":"desktop-align-center","11":"tablet-align-center","12":"mobile-align-center","14":"first","15":"outofstock","16":"taxable","17":"shipping-taxable","18":"purchasable","19":"product-type-simple"},"_links":{"self":[{"href":"https:\/\/tomyklou.gr\/de\/wp-json\/wp\/v2\/product\/7140","targetHints":{"allow":["GET"]}}],"collection":[{"href":"https:\/\/tomyklou.gr\/de\/wp-json\/wp\/v2\/product"}],"about":[{"href":"https:\/\/tomyklou.gr\/de\/wp-json\/wp\/v2\/types\/product"}],"replies":[{"embeddable":true,"href":"https:\/\/tomyklou.gr\/de\/wp-json\/wp\/v2\/comments?post=7140"}],"wp:featuredmedia":[{"embeddable":true,"href":"https:\/\/tomyklou.gr\/de\/wp-json\/wp\/v2\/media\/6793"}],"wp:attachment":[{"href":"https:\/\/tomyklou.gr\/de\/wp-json\/wp\/v2\/media?parent=7140"}],"wp:term":[{"taxonomy":"product_brand","embeddable":true,"href":"https:\/\/tomyklou.gr\/de\/wp-json\/wp\/v2\/product_brand?post=7140"},{"taxonomy":"product_cat","embeddable":true,"href":"https:\/\/tomyklou.gr\/de\/wp-json\/wp\/v2\/product_cat?post=7140"},{"taxonomy":"product_tag","embeddable":true,"href":"https:\/\/tomyklou.gr\/de\/wp-json\/wp\/v2\/product_tag?post=7140"}],"curies":[{"name":"wp","href":"https:\/\/api.w.org\/{rel}","templated":true}]}}