{"id":7148,"date":"2023-07-05T22:57:38","date_gmt":"2023-07-05T20:57:38","guid":{"rendered":"https:\/\/tomyklou.gr\/product\/frudia-green-grape-pore-control-cream-55g\/"},"modified":"2026-02-22T18:43:29","modified_gmt":"2026-02-22T16:43:29","slug":"frudia-green-grape-pore-control-cream-55g","status":"publish","type":"product","link":"https:\/\/tomyklou.gr\/de\/product\/frudia-green-grape-pore-control-cream\/","title":{"rendered":"Frudia Green Grape Pore Control Cream 55g"},"content":{"rendered":"<h3>Anwendung<\/h3>\n<ol>\n<li>Morgens und abends eine gew\u00fcnschte Menge auf die gereinigte (und mit Toner behandelte) Haut auftragen.<\/li>\n<li>Die Creme sanft in die Haut einarbeiten, bis sie vollst\u00e4ndig eingezogen ist.<\/li>\n<\/ol>\n<h3>Inhaltsstoffe<\/h3>\n<p>Vitis Vinifera (Grape) Fruit Extract (81%), Methylpropanediol, Glycerin, 1,2-Hexanediol, PEG\/PPG-17\/6 Copolymer, Water, Hydroxyethyl Urea, Sodium Carbomer, Betaine, Dimethicone, Panthenol, Phenoxyethanol, Octyldodeceth-16, PEG-60 Hydrogenated Castor Oil, Ethylhexylglycerin, Fragrance, Polyquaternium-51, Disodium EDTA, Coco-Caprylate\/Caprate, Prunus Armeniaca (Apricot) Kernel Oil, Vitis Vinifera (Grape) Seed Oil, CI 15985, CI 19140, CI 42090, Citrus Paradisi (Grapefruit) Seed Oil, Mangifera Indica (Mango) Seed Oil, Punica Granatum Seed Oil, Solanum Lycopersicum (Tomato) Seed Oil, Tocopherol<\/p>\n<h3>Warnhinweise<\/h3>\n<ol>\n<li>Nur zur \u00e4u\u00dferlichen Anwendung geeignet.<\/li>\n<li>Nicht auf verletzte Haut oder auf Wunden auftragen.<\/li>\n<li>Sollten Nebenwirkungen wie Irritationen oder Ausschlag eintreten, Anwendung sofort beenden und unverz\u00fcglich an einen Arzt wenden.<\/li>\n<li>Kontakt mit den Augen vermeiden. Sollte das Produkt ins Auge gelangen, das Auge sofort gr\u00fcndlich mit klarem Wasser aussp\u00fclen.<\/li>\n<li>Au\u00dfer Reichweite von Kindern aufbewahren.<\/li>\n<li>Nicht schlucken. Bei Verschlucken Arzt oder Giftzentrale aufsuchen.<\/li>\n<\/ol>\n","protected":false},"excerpt":{"rendered":"<p><b>Frudia Green Grape Pore Control Cream\u00a0<\/b>bringt den nat\u00fcrlichen \u00d6l- und Wasserhaushalt der Haut ins Gleichgewicht und verfeinert die Poren, um eine gesunde und glatte Haut zu garantieren. Die Creme ist formuliert mit 81% Gr\u00fcnem-Traubenextrakt sowie mit Traubenkern\u00f6l, wirkt entz\u00fcndungshemmend und versorgt die Haut mit Mikroelementen wie Vitamin C, Vitamin E, Flavonoiden, Tanninen und Chlorophyll. Diese straffen und n\u00e4hren die Haut, regen die Kollagenproduktion an, entfernen abgestorbene Hautzellen, regulieren die Talgproduktion und befreien die Poren von Verschmutzungen.<\/p>\n<p>Zus\u00e4tzliche Inhaltsstoffe wie Aprikosen\u00f6l, Grapefruit-Samen\u00f6l und Mango-Samen\u00f6l wirken feuchtigkeitsspendend und helfen der Haut, die Feuchtigkeit l\u00e4nger zu speichern. Diese nat\u00fcrlichen \u00d6le pflegen die Haut mit essentiellen N\u00e4hrstoffen, die die Hautschutzbarriere st\u00e4rken und diese gegen\u00fcber Umweltstressoren widerstandsf\u00e4higer machen.<\/p>\n<p>Diese leichte Creme mit einer Sorbett-Textur verschmilzt nach dem Auftragen mit der Haut, um diese tief mit Feuchtigkeit zu versorgen, abzuk\u00fchlen und m\u00fcde Haut zu beruhigen.<\/p>\n<p><b>Frudia Green Grape Pore Control Cream\u00a0<\/b>eignet sich\u00a0ideal f\u00fcr Haut, die an \u00fcberm\u00e4\u00dfiger Talgproduktion, Dehydration und erweiterten Poren leidet. Es hat eine erfrischend feuchtigkeitsspendende Wirkung und sorgt f\u00fcr eine glatte, strahlende Haut. Empfohlen f\u00fcr fettige Haut und Mischhaut. Das Produkt hat einen Hautvertr\u00e4glichkeitstest bestanden und ist geeignet f\u00fcr alle Hauttypen.<\/p>\n","protected":false},"featured_media":7141,"comment_status":"open","ping_status":"closed","template":"","meta":{"content-type":"","site-sidebar-layout":"default","site-content-layout":"default","ast-site-content-layout":"default","site-content-style":"default","site-sidebar-style":"default","ast-global-header-display":"","ast-banner-title-visibility":"","ast-main-header-display":"","ast-hfb-above-header-display":"","ast-hfb-below-header-display":"","ast-hfb-mobile-header-display":"","site-post-title":"","ast-breadcrumbs-content":"","ast-featured-img":"","footer-sml-layout":"","ast-disable-related-posts":"","theme-transparent-header-meta":"default","adv-header-id-meta":"","stick-header-meta":"","header-above-stick-meta":"","header-main-stick-meta":"","header-below-stick-meta":"","astra-migrate-meta-layouts":"set","ast-page-background-enabled":"default","ast-page-background-meta":{"desktop":{"background-color":"","background-image":"","background-repeat":"repeat","background-position":"center center","background-size":"auto","background-attachment":"scroll","background-type":"","background-media":"","overlay-type":"","overlay-color":"","overlay-opacity":"","overlay-gradient":""},"tablet":{"background-color":"","background-image":"","background-repeat":"repeat","background-position":"center center","background-size":"auto","background-attachment":"scroll","background-type":"","background-media":"","overlay-type":"","overlay-color":"","overlay-opacity":"","overlay-gradient":""},"mobile":{"background-color":"","background-image":"","background-repeat":"repeat","background-position":"center center","background-size":"auto","background-attachment":"scroll","background-type":"","background-media":"","overlay-type":"","overlay-color":"","overlay-opacity":"","overlay-gradient":""}},"ast-content-background-meta":{"desktop":{"background-color":"var(--ast-global-color-5)","background-image":"","background-repeat":"repeat","background-position":"center center","background-size":"auto","background-attachment":"scroll","background-type":"","background-media":"","overlay-type":"","overlay-color":"","overlay-opacity":"","overlay-gradient":""},"tablet":{"background-color":"var(--ast-global-color-5)","background-image":"","background-repeat":"repeat","background-position":"center center","background-size":"auto","background-attachment":"scroll","background-type":"","background-media":"","overlay-type":"","overlay-color":"","overlay-opacity":"","overlay-gradient":""},"mobile":{"background-color":"var(--ast-global-color-5)","background-image":"","background-repeat":"repeat","background-position":"center center","background-size":"auto","background-attachment":"scroll","background-type":"","background-media":"","overlay-type":"","overlay-color":"","overlay-opacity":"","overlay-gradient":""}}},"product_brand":[],"product_cat":[322,137,113,31],"product_tag":[35],"class_list":{"0":"post-7148","1":"product","2":"type-product","3":"status-publish","4":"has-post-thumbnail","6":"product_cat-gesichtscreme","7":"product_cat-frudia","8":"product_cat-spezielle-produkte","9":"product_cat-gesicht","10":"product_tag-moisturizer","11":"desktop-align-center","12":"tablet-align-center","13":"mobile-align-center","15":"first","16":"outofstock","17":"taxable","18":"shipping-taxable","19":"purchasable","20":"product-type-simple"},"_links":{"self":[{"href":"https:\/\/tomyklou.gr\/de\/wp-json\/wp\/v2\/product\/7148","targetHints":{"allow":["GET"]}}],"collection":[{"href":"https:\/\/tomyklou.gr\/de\/wp-json\/wp\/v2\/product"}],"about":[{"href":"https:\/\/tomyklou.gr\/de\/wp-json\/wp\/v2\/types\/product"}],"replies":[{"embeddable":true,"href":"https:\/\/tomyklou.gr\/de\/wp-json\/wp\/v2\/comments?post=7148"}],"wp:featuredmedia":[{"embeddable":true,"href":"https:\/\/tomyklou.gr\/de\/wp-json\/wp\/v2\/media\/7141"}],"wp:attachment":[{"href":"https:\/\/tomyklou.gr\/de\/wp-json\/wp\/v2\/media?parent=7148"}],"wp:term":[{"taxonomy":"product_brand","embeddable":true,"href":"https:\/\/tomyklou.gr\/de\/wp-json\/wp\/v2\/product_brand?post=7148"},{"taxonomy":"product_cat","embeddable":true,"href":"https:\/\/tomyklou.gr\/de\/wp-json\/wp\/v2\/product_cat?post=7148"},{"taxonomy":"product_tag","embeddable":true,"href":"https:\/\/tomyklou.gr\/de\/wp-json\/wp\/v2\/product_tag?post=7148"}],"curies":[{"name":"wp","href":"https:\/\/api.w.org\/{rel}","templated":true}]}}