{"id":7149,"date":"2023-07-05T22:57:38","date_gmt":"2023-07-05T20:57:38","guid":{"rendered":"https:\/\/tomyklou.gr\/product\/frudia-citrus-brightening-cream-55g\/"},"modified":"2026-02-22T18:43:29","modified_gmt":"2026-02-22T16:43:29","slug":"frudia-citrus-brightening-cream-55g","status":"publish","type":"product","link":"https:\/\/tomyklou.gr\/de\/product\/frudia-citrus-brightening-cream\/","title":{"rendered":"Frudia Citrus Brightening Cream 55g"},"content":{"rendered":"<h3>Anwendung<\/h3>\n<ol>\n<li>Morgens und abends eine gew\u00fcnschte Menge auf die gereinigte (und mit Toner behandelte) Haut auftragen.<\/li>\n<li>Die Creme sanft in die Haut einarbeiten, bis sie vollst\u00e4ndig eingezogen ist.<\/li>\n<\/ol>\n<h3>Inhaltsstoffe<\/h3>\n<p>Citrus Unshiu Peel Extract (61%), Niacinamide (2%), Pentaerythrityl Tetraethylhexanoate, Glycerin, Water, Butylene Glycol, Dimethicone\/Divinyldimethicone\/Silsesquioxane Crosspolymer, Hydrogenated Polydecene,\u00a0Diisostearyl Malate, 1,2-Hexanediol, Cetyl Alcohol, Betaine, Cetearyl Olivate, Sorbitan Olivate, Phenyl Trimethicone, Glycereth-26, Dimethicone, Caprylic\/Capric Triglyceride, PEG-100 Stearate, Stearyl Alcohol, Sodium Acrylate\/Sodium Acryloyldimethyl Taurate Copolymer, Tocopherol Acetate, Carbomer, Arginine, Isohexadecane, Polyquaternium-51, Sodium Hyaluronate, Lauryl Alcohol,\u00a0Sorbitan Oleate, 3-0-Ethyl Ascorbic Acid, Coco-Caprylate\/Caprate, Vitis Vinifera (Grape) Seed Oil, Prunus Armeniaca (Apricot) Kernel Oil, Solanum Lycopersicum (Tomato) Seed Oil, Punica Granatum Seed Oil, Mangifera Indica (Mango) Seed Oil, Citrus Paradisi (Grapefruit) Seed Oil, Tocopherol, Disodium EDTA, Glyceryl Caprylate, Chlorphenesin, Phenoxyethanol, Ethylhexylglycerin, CI 19140, CI 15510, CI 14700, Fragrance, Limonene, Linalool<\/p>\n<h3>Warnhinweise<\/h3>\n<ol>\n<li>Nur zur \u00e4u\u00dferlichen Anwendung geeignet.<\/li>\n<li>Nicht auf verletzte Haut oder auf Wunden auftragen.<\/li>\n<li>Sollten Nebenwirkungen wie Irritationen oder Ausschlag eintreten, Anwendung sofort beenden und unverz\u00fcglich an einen Arzt wenden.<\/li>\n<li>Kontakt mit den Augen vermeiden. Sollte das Produkt ins Auge gelangen, das Auge sofort gr\u00fcndlich mit klarem Wasser aussp\u00fclen.<\/li>\n<li>Au\u00dfer Reichweite von Kindern aufbewahren.<\/li>\n<li>Nicht schlucken. Bei Verschlucken Arzt oder Giftzentrale aufsuchen.<\/li>\n<\/ol>\n","protected":false},"excerpt":{"rendered":"<p><b>Frudia Citrus Brightening Cream\u00a0<\/b>ist eine extrem feuchtigkeitsspendende Creme, die den nat\u00fcrlichen Glanz auf die Haut zur\u00fcckbringt und die Haut mit der Kraft von Jeju Tangerine belebt. 61% Tangerine-Extrakt versorgt die Haut mit Vitamin C, das den Hautton ausgleicht, Pigmentierung reduziert und Falten sowie feine Linien bek\u00e4mpft, indem es die Kollagensynthese anregt. Es ist au\u00dferdem eine Quelle f\u00fcr Zitrus-Flavonoide, die den Teint aufhellen und gleichzeitig die Poren verfeinern. Zus\u00e4tzlich enth\u00e4lt die Formel Nicotinamid, einen kr\u00e4ftigen Anti-Aging-Inhaltsstoff, der die geschw\u00e4chte Haut wiederherstellt, Poren verfeinert, einen ebenm\u00e4\u00dfigen Hautton f\u00f6rdert und Falten sowie feine Linien reduziert. Aprikosen-\u00d6l, Trauben-Samen\u00f6l, Grapefruit-Samen\u00f6l und Mango-Samen\u00f6l versorgen die Haut tief mit Feuchtigkeit und helfen der Haut dabei, die Feuchtigkeit l\u00e4nger zu speichern. Diese Inhaltsstoffe n\u00e4hren die Haut mit essentiellen N\u00e4hrstoffen, die die Hautschutzbarriere st\u00e4rken und diese gegen\u00fcber Umweltstressoren widerstandsf\u00e4higer machen. Die Creme hat eine leichte, Smoothie-artige Textur, die sanft und schnell in die Haut einzieht, ohne klebrige R\u00fcckst\u00e4nde zu hinterlassen.<\/p>\n<p><b>Frudia Citrus Brightening Cream\u00a0<\/b>ist eine leichte, aber dennoch n\u00e4hrende Creme, die Hautunebenheiten ausgleicht, sichtbare Anzeichen von Hautalterung sowie Hyperpigmentierung reduziert und die Haut reichlich mit Feuchtigkeit versorgt, um einen strahlenden Look zu garantieren. Geeignet f\u00fcr alle Hauttypen.<\/p>\n","protected":false},"featured_media":6798,"comment_status":"open","ping_status":"closed","template":"","meta":{"content-type":"","site-sidebar-layout":"default","site-content-layout":"default","ast-site-content-layout":"default","site-content-style":"default","site-sidebar-style":"default","ast-global-header-display":"","ast-banner-title-visibility":"","ast-main-header-display":"","ast-hfb-above-header-display":"","ast-hfb-below-header-display":"","ast-hfb-mobile-header-display":"","site-post-title":"","ast-breadcrumbs-content":"","ast-featured-img":"","footer-sml-layout":"","ast-disable-related-posts":"","theme-transparent-header-meta":"default","adv-header-id-meta":"","stick-header-meta":"","header-above-stick-meta":"","header-main-stick-meta":"","header-below-stick-meta":"","astra-migrate-meta-layouts":"set","ast-page-background-enabled":"default","ast-page-background-meta":{"desktop":{"background-color":"","background-image":"","background-repeat":"repeat","background-position":"center center","background-size":"auto","background-attachment":"scroll","background-type":"","background-media":"","overlay-type":"","overlay-color":"","overlay-opacity":"","overlay-gradient":""},"tablet":{"background-color":"","background-image":"","background-repeat":"repeat","background-position":"center center","background-size":"auto","background-attachment":"scroll","background-type":"","background-media":"","overlay-type":"","overlay-color":"","overlay-opacity":"","overlay-gradient":""},"mobile":{"background-color":"","background-image":"","background-repeat":"repeat","background-position":"center center","background-size":"auto","background-attachment":"scroll","background-type":"","background-media":"","overlay-type":"","overlay-color":"","overlay-opacity":"","overlay-gradient":""}},"ast-content-background-meta":{"desktop":{"background-color":"var(--ast-global-color-5)","background-image":"","background-repeat":"repeat","background-position":"center center","background-size":"auto","background-attachment":"scroll","background-type":"","background-media":"","overlay-type":"","overlay-color":"","overlay-opacity":"","overlay-gradient":""},"tablet":{"background-color":"var(--ast-global-color-5)","background-image":"","background-repeat":"repeat","background-position":"center center","background-size":"auto","background-attachment":"scroll","background-type":"","background-media":"","overlay-type":"","overlay-color":"","overlay-opacity":"","overlay-gradient":""},"mobile":{"background-color":"var(--ast-global-color-5)","background-image":"","background-repeat":"repeat","background-position":"center center","background-size":"auto","background-attachment":"scroll","background-type":"","background-media":"","overlay-type":"","overlay-color":"","overlay-opacity":"","overlay-gradient":""}}},"product_brand":[],"product_cat":[319,322,137,31],"product_tag":[35],"class_list":{"0":"post-7149","1":"product","2":"type-product","3":"status-publish","4":"has-post-thumbnail","6":"product_cat-gesichtsserum","7":"product_cat-gesichtscreme","8":"product_cat-frudia","9":"product_cat-gesicht","10":"product_tag-moisturizer","11":"desktop-align-center","12":"tablet-align-center","13":"mobile-align-center","15":"first","16":"outofstock","17":"taxable","18":"shipping-taxable","19":"purchasable","20":"product-type-simple"},"_links":{"self":[{"href":"https:\/\/tomyklou.gr\/de\/wp-json\/wp\/v2\/product\/7149","targetHints":{"allow":["GET"]}}],"collection":[{"href":"https:\/\/tomyklou.gr\/de\/wp-json\/wp\/v2\/product"}],"about":[{"href":"https:\/\/tomyklou.gr\/de\/wp-json\/wp\/v2\/types\/product"}],"replies":[{"embeddable":true,"href":"https:\/\/tomyklou.gr\/de\/wp-json\/wp\/v2\/comments?post=7149"}],"wp:featuredmedia":[{"embeddable":true,"href":"https:\/\/tomyklou.gr\/de\/wp-json\/wp\/v2\/media\/6798"}],"wp:attachment":[{"href":"https:\/\/tomyklou.gr\/de\/wp-json\/wp\/v2\/media?parent=7149"}],"wp:term":[{"taxonomy":"product_brand","embeddable":true,"href":"https:\/\/tomyklou.gr\/de\/wp-json\/wp\/v2\/product_brand?post=7149"},{"taxonomy":"product_cat","embeddable":true,"href":"https:\/\/tomyklou.gr\/de\/wp-json\/wp\/v2\/product_cat?post=7149"},{"taxonomy":"product_tag","embeddable":true,"href":"https:\/\/tomyklou.gr\/de\/wp-json\/wp\/v2\/product_tag?post=7149"}],"curies":[{"name":"wp","href":"https:\/\/api.w.org\/{rel}","templated":true}]}}