{"id":7163,"date":"2023-07-05T22:57:46","date_gmt":"2023-07-05T20:57:46","guid":{"rendered":"https:\/\/tomyklou.gr\/product\/frudia-green-grape-pore-control-mask-1-%cf%84%ce%b5%ce%bc\/"},"modified":"2026-02-22T18:43:28","modified_gmt":"2026-02-22T16:43:28","slug":"frudia-green-grape-pore-control-mask-1-%cf%84%ce%b5%ce%bc","status":"publish","type":"product","link":"https:\/\/tomyklou.gr\/de\/product\/frudia-green-grape-pore-control-mask\/","title":{"rendered":"Frudia Green Grape Pore Control Mask"},"content":{"rendered":"<h3>Anwendung<\/h3>\n<ol>\n<li>Entnehmen Sie die Maske aus der Verpackung und falten Sie sie vorsichtig auseinander.<\/li>\n<li>Legen Sie die Maske auf das Gesicht und lassen Sie sie f\u00fcr <strong>15-20<\/strong> Minuten einwirken.<\/li>\n<li>Entfernen Sie die Maske anschlie\u00dfend vorsichtig und tupfen Sie das restliche Serum sanft in die Haut ein, bis es vollst\u00e4ndig eingezogen ist.<\/li>\n<\/ol>\n<h3>Inhaltsstoffe<\/h3>\n<p>Water, Methylpropanediol, Glycereth-26, 1,2-Hexanediol, Betaine, Hydroxyethyl Acrylate\/Sodium Acryloyldimethyl Taurate Copolymer, Panthenol, PEG-40 Hydrogenated Castor Oil, Chlorphenesin, Phenoxyethanol, Allantoin, Xanthan Gum, Fragrance, Polysorbate 60, Sorbitan Isostearate, Disodium EDTA, Coco-Caprylate\/Caprate, Prunus Armeniaca (Apricot) Kernel Oil, Vitis Vinifera (Grape) Seed Oil, Citrus Paradisi (Grapefruit) Seed Oil, Mangifera Indica (Mango) Seed Oil, Punica Granatum Seed Oil, Solanum Lycopersicum (Tomato) Seed Oil, Tocopherol<\/p>\n<h3>Warnhinweise<\/h3>\n<ol>\n<li>Nur zur \u00e4u\u00dferlichen Anwendung geeignet.<\/li>\n<li>Nicht auf verletzte Haut oder auf Wunden auftragen.<\/li>\n<li>Sollten Nebenwirkungen wie Irritationen oder Ausschlag eintreten, Anwendung sofort beenden und unverz\u00fcglich an einen Arzt wenden.<\/li>\n<li>Kontakt mit den Augen vermeiden. Sollte das Produkt ins Auge gelangen, das Auge sofort gr\u00fcndlich mit klarem Wasser aussp\u00fclen.<\/li>\n<li>Au\u00dfer Reichweite von Kindern aufbewahren.<\/li>\n<li>Nicht schlucken. Bei Verschlucken Arzt oder Giftzentrale aufsuchen.<\/li>\n<\/ol>\n","protected":false},"excerpt":{"rendered":"<p><strong>Frudia<\/strong>\u00a0Green Grape Pore Control Mask ist eine Maske mit Extrakten aus gr\u00fcnen Trauben, die die Poren verfeinern und die Haut von \u00fcbersch\u00fcssigem Talg befreien. Besteht zu 60% aus Traubenextrakten, die sicherstellen, dass Ihre Poren in k\u00fcrzester Zeit weniger sichtbar sind. Alle Wirkstoffe dringen tief in die Haut ein und pflegen die Haut von innen heraus. Dar\u00fcber hinaus ist die Maske auch f\u00fcr sensible Haut geeignet.<\/p>\n","protected":false},"featured_media":8828,"comment_status":"open","ping_status":"closed","template":"","meta":{"content-type":"","site-sidebar-layout":"default","site-content-layout":"default","ast-site-content-layout":"default","site-content-style":"default","site-sidebar-style":"default","ast-global-header-display":"","ast-banner-title-visibility":"","ast-main-header-display":"","ast-hfb-above-header-display":"","ast-hfb-below-header-display":"","ast-hfb-mobile-header-display":"","site-post-title":"","ast-breadcrumbs-content":"","ast-featured-img":"","footer-sml-layout":"","ast-disable-related-posts":"","theme-transparent-header-meta":"default","adv-header-id-meta":"","stick-header-meta":"","header-above-stick-meta":"","header-main-stick-meta":"","header-below-stick-meta":"","astra-migrate-meta-layouts":"default","ast-page-background-enabled":"default","ast-page-background-meta":{"desktop":{"background-color":"","background-image":"","background-repeat":"repeat","background-position":"center center","background-size":"auto","background-attachment":"scroll","background-type":"","background-media":"","overlay-type":"","overlay-color":"","overlay-opacity":"","overlay-gradient":""},"tablet":{"background-color":"","background-image":"","background-repeat":"repeat","background-position":"center center","background-size":"auto","background-attachment":"scroll","background-type":"","background-media":"","overlay-type":"","overlay-color":"","overlay-opacity":"","overlay-gradient":""},"mobile":{"background-color":"","background-image":"","background-repeat":"repeat","background-position":"center center","background-size":"auto","background-attachment":"scroll","background-type":"","background-media":"","overlay-type":"","overlay-color":"","overlay-opacity":"","overlay-gradient":""}},"ast-content-background-meta":{"desktop":{"background-color":"var(--ast-global-color-5)","background-image":"","background-repeat":"repeat","background-position":"center center","background-size":"auto","background-attachment":"scroll","background-type":"","background-media":"","overlay-type":"","overlay-color":"","overlay-opacity":"","overlay-gradient":""},"tablet":{"background-color":"var(--ast-global-color-5)","background-image":"","background-repeat":"repeat","background-position":"center center","background-size":"auto","background-attachment":"scroll","background-type":"","background-media":"","overlay-type":"","overlay-color":"","overlay-opacity":"","overlay-gradient":""},"mobile":{"background-color":"var(--ast-global-color-5)","background-image":"","background-repeat":"repeat","background-position":"center center","background-size":"auto","background-attachment":"scroll","background-type":"","background-media":"","overlay-type":"","overlay-color":"","overlay-opacity":"","overlay-gradient":""}}},"product_brand":[],"product_cat":[316,137,113,31],"product_tag":[34],"class_list":{"0":"post-7163","1":"product","2":"type-product","3":"status-publish","4":"has-post-thumbnail","6":"product_cat-gesichtsmaske","7":"product_cat-frudia","8":"product_cat-spezielle-produkte","9":"product_cat-gesicht","10":"product_tag-sheet","11":"desktop-align-center","12":"tablet-align-center","13":"mobile-align-center","15":"first","16":"outofstock","17":"taxable","18":"shipping-taxable","19":"purchasable","20":"product-type-simple"},"_links":{"self":[{"href":"https:\/\/tomyklou.gr\/de\/wp-json\/wp\/v2\/product\/7163","targetHints":{"allow":["GET"]}}],"collection":[{"href":"https:\/\/tomyklou.gr\/de\/wp-json\/wp\/v2\/product"}],"about":[{"href":"https:\/\/tomyklou.gr\/de\/wp-json\/wp\/v2\/types\/product"}],"replies":[{"embeddable":true,"href":"https:\/\/tomyklou.gr\/de\/wp-json\/wp\/v2\/comments?post=7163"}],"wp:featuredmedia":[{"embeddable":true,"href":"https:\/\/tomyklou.gr\/de\/wp-json\/wp\/v2\/media\/8828"}],"wp:attachment":[{"href":"https:\/\/tomyklou.gr\/de\/wp-json\/wp\/v2\/media?parent=7163"}],"wp:term":[{"taxonomy":"product_brand","embeddable":true,"href":"https:\/\/tomyklou.gr\/de\/wp-json\/wp\/v2\/product_brand?post=7163"},{"taxonomy":"product_cat","embeddable":true,"href":"https:\/\/tomyklou.gr\/de\/wp-json\/wp\/v2\/product_cat?post=7163"},{"taxonomy":"product_tag","embeddable":true,"href":"https:\/\/tomyklou.gr\/de\/wp-json\/wp\/v2\/product_tag?post=7163"}],"curies":[{"name":"wp","href":"https:\/\/api.w.org\/{rel}","templated":true}]}}