{"id":7164,"date":"2023-07-05T22:57:46","date_gmt":"2023-07-05T20:57:46","guid":{"rendered":"https:\/\/tomyklou.gr\/product\/frudia-pomegranate-nutri-moisturizing-sticky-cleansing-foam-145g\/"},"modified":"2026-02-22T18:43:28","modified_gmt":"2026-02-22T16:43:28","slug":"frudia-pomegranate-nutri-moisturizing-sticky-cleansing-foam-145g","status":"publish","type":"product","link":"https:\/\/tomyklou.gr\/de\/product\/frudia-pomegranate-nutri-moisturizing-sticky-cleansing-foam-145g\/","title":{"rendered":"Frudia Pomegranate Nutri-Moisturizing Sticky Cleansing Foam 145g"},"content":{"rendered":"<h3>Anwendung<\/h3>\n<ol>\n<li>Tragen Sie 1-2 Portionen mit sauberen H\u00e4nden auf das nasse Gesicht und den Hals auf.<\/li>\n<li>Massieren Sie das Produkt sanft in die Haut ein.<\/li>\n<li>Sp\u00fclen Sie es anschlie\u00dfend mit lauwarmem Wasser von der Haut ab und tupfen Sie die Haut mit einem weichen, sauberen Handtuch trocken.<\/li>\n<\/ol>\n<h3>Inhaltsstoffe<\/h3>\n<p>Water, Palmitic Acid, Stearic Acid, Glycerin, Myristic Acid, Glycerin, Lauric Acid, Potassium Hydroxide, Cocamidopropyl Betaine, Sorbitan Olivate, Sodium Chloride, Oleic Acid, Arachidonic Acid, Punica Granatum Fruit Extract, Capric Acid, Panthenol, Allantoin, PEG-90M, Butylene Glycol, Coco-Caprylate\/Caprate, Vitis Vinifera (Grape) Seed Oil, Prunus Armeniaca (Apricot) Kernel Oil, Palmitoyl Tripeptide-5, Solanum Lycopersicum (Tomato) Seed Oil, Punica Granatum Seed Oil, Mangifera Indica (Mango) Seed Oil, Citrus Paradisi (Grapefruit) Seed Oil, Eucalyptus Globulus Leaf Extract, Chamaecyparis Obtusa Leaf Extract, Bambusa Vulgaris Extract, Tocopherol, Disodium EDTA, 1,2-Hexanediol, Chlorphenesin, Phenoxyethanol, Fragrance<\/p>\n<h3>Warnhinweise<\/h3>\n<ol>\n<li>Nur zur \u00e4u\u00dferlichen Anwendung geeignet.<\/li>\n<li>Nicht auf verletzte Haut oder auf Wunden auftragen.<\/li>\n<li>Sollten Nebenwirkungen wie Irritationen oder Ausschlag eintreten, Anwendung sofort beenden und unverz\u00fcglich an einen Arzt wenden.<\/li>\n<li>Kontakt mit den Augen vermeiden. Sollte das Produkt ins Auge gelangen, das Auge sofort gr\u00fcndlich mit klarem Wasser aussp\u00fclen.<\/li>\n<li>Au\u00dfer Reichweite von Kindern aufbewahren.<\/li>\n<li>Nicht schlucken. Bei Verschlucken Arzt oder Giftzentrale aufsuchen.<\/li>\n<\/ol>\n","protected":false},"excerpt":{"rendered":"<p><b>Frudia Pomegranate Nutri-Moisturizing Sticky Cleansing Foam\u00a0<\/b>ist ein mildes Reinigungsmittel, das Unreinheiten effektiv ausw\u00e4scht, die Haut erfrischt und sie mit Feuchtigkeit versorgt. Der Reinigungsschaum enth\u00e4lt Granatapfelextrakt &#8211; ein hochwertiger, nat\u00fcrlicher Anti-Aging-Inhaltsstoff, der reich ist an Vitamin C, Fetts\u00e4uren, Polyphenolen und anderen essenziellen N\u00e4hrstoffen, die Ihre Haut jung halten. Zus\u00e4tzlich enth\u00e4lt die Formel nat\u00fcrliche \u00d6le wie Trauben-, Tomaten- und Mangokern\u00f6l, um die Haut mit ausreichend Feuchtigkeit zu versorgen und ihr ein angenehmes Gef\u00fchl nach der Reinigung zu verleihen.\u00a0Frudia macht Gebrauch von R Vita W &#x2122;, einer speziellen Technologie zur Gewinnung von N\u00e4hrstoffen bei niedrigen Temperaturen, um die Haut mit wertvollen Antioxidanzien zu versorgen und diese zu speichern.<\/p>\n<p><b>Frudia Pomegranate Nutri-Moisturizing Sticky Cleansing Foam\u00a0<\/b>ist ein perfektes, mildes Reinigungsmittel f\u00fcr trockene Haut. Das Produkt hat einen Hautvertr\u00e4glichkeitstest bestanden und ist geeignet f\u00fcr sensible Hauttypen.<\/p>\n","protected":false},"featured_media":6814,"comment_status":"open","ping_status":"closed","template":"","meta":{"content-type":"","site-sidebar-layout":"default","site-content-layout":"default","ast-site-content-layout":"default","site-content-style":"default","site-sidebar-style":"default","ast-global-header-display":"","ast-banner-title-visibility":"","ast-main-header-display":"","ast-hfb-above-header-display":"","ast-hfb-below-header-display":"","ast-hfb-mobile-header-display":"","site-post-title":"","ast-breadcrumbs-content":"","ast-featured-img":"","footer-sml-layout":"","ast-disable-related-posts":"","theme-transparent-header-meta":"default","adv-header-id-meta":"","stick-header-meta":"","header-above-stick-meta":"","header-main-stick-meta":"","header-below-stick-meta":"","astra-migrate-meta-layouts":"default","ast-page-background-enabled":"default","ast-page-background-meta":{"desktop":{"background-color":"","background-image":"","background-repeat":"repeat","background-position":"center center","background-size":"auto","background-attachment":"scroll","background-type":"","background-media":"","overlay-type":"","overlay-color":"","overlay-opacity":"","overlay-gradient":""},"tablet":{"background-color":"","background-image":"","background-repeat":"repeat","background-position":"center center","background-size":"auto","background-attachment":"scroll","background-type":"","background-media":"","overlay-type":"","overlay-color":"","overlay-opacity":"","overlay-gradient":""},"mobile":{"background-color":"","background-image":"","background-repeat":"repeat","background-position":"center center","background-size":"auto","background-attachment":"scroll","background-type":"","background-media":"","overlay-type":"","overlay-color":"","overlay-opacity":"","overlay-gradient":""}},"ast-content-background-meta":{"desktop":{"background-color":"var(--ast-global-color-5)","background-image":"","background-repeat":"repeat","background-position":"center center","background-size":"auto","background-attachment":"scroll","background-type":"","background-media":"","overlay-type":"","overlay-color":"","overlay-opacity":"","overlay-gradient":""},"tablet":{"background-color":"var(--ast-global-color-5)","background-image":"","background-repeat":"repeat","background-position":"center center","background-size":"auto","background-attachment":"scroll","background-type":"","background-media":"","overlay-type":"","overlay-color":"","overlay-opacity":"","overlay-gradient":""},"mobile":{"background-color":"var(--ast-global-color-5)","background-image":"","background-repeat":"repeat","background-position":"center center","background-size":"auto","background-attachment":"scroll","background-type":"","background-media":"","overlay-type":"","overlay-color":"","overlay-opacity":"","overlay-gradient":""}}},"product_brand":[],"product_cat":[312,137,31],"product_tag":[64],"class_list":{"0":"post-7164","1":"product","2":"type-product","3":"status-publish","4":"has-post-thumbnail","6":"product_cat-gesichtsreiniger","7":"product_cat-frudia","8":"product_cat-gesicht","9":"product_tag-reinigung","10":"desktop-align-center","11":"tablet-align-center","12":"mobile-align-center","14":"first","15":"outofstock","16":"taxable","17":"shipping-taxable","18":"purchasable","19":"product-type-simple"},"_links":{"self":[{"href":"https:\/\/tomyklou.gr\/de\/wp-json\/wp\/v2\/product\/7164","targetHints":{"allow":["GET"]}}],"collection":[{"href":"https:\/\/tomyklou.gr\/de\/wp-json\/wp\/v2\/product"}],"about":[{"href":"https:\/\/tomyklou.gr\/de\/wp-json\/wp\/v2\/types\/product"}],"replies":[{"embeddable":true,"href":"https:\/\/tomyklou.gr\/de\/wp-json\/wp\/v2\/comments?post=7164"}],"wp:featuredmedia":[{"embeddable":true,"href":"https:\/\/tomyklou.gr\/de\/wp-json\/wp\/v2\/media\/6814"}],"wp:attachment":[{"href":"https:\/\/tomyklou.gr\/de\/wp-json\/wp\/v2\/media?parent=7164"}],"wp:term":[{"taxonomy":"product_brand","embeddable":true,"href":"https:\/\/tomyklou.gr\/de\/wp-json\/wp\/v2\/product_brand?post=7164"},{"taxonomy":"product_cat","embeddable":true,"href":"https:\/\/tomyklou.gr\/de\/wp-json\/wp\/v2\/product_cat?post=7164"},{"taxonomy":"product_tag","embeddable":true,"href":"https:\/\/tomyklou.gr\/de\/wp-json\/wp\/v2\/product_tag?post=7164"}],"curies":[{"name":"wp","href":"https:\/\/api.w.org\/{rel}","templated":true}]}}