{"id":7178,"date":"2023-07-05T22:57:52","date_gmt":"2023-07-05T20:57:52","guid":{"rendered":"https:\/\/tomyklou.gr\/product\/import-placeholder-for-secret-1001-8809305990403\/"},"modified":"2026-02-22T18:43:28","modified_gmt":"2026-02-22T16:43:28","slug":"secret-key-snail-repairing-cream-50ml","status":"publish","type":"product","link":"https:\/\/tomyklou.gr\/de\/product\/secret-key-snail-repairing-cream-50ml\/","title":{"rendered":"Secret Key Snail Repairing Cream 50ml"},"content":{"rendered":"<h3>Anwendung<\/h3>\n<ol>\n<li>Tragen Sie eine geeignete Menge auf die gereinigte (und tonisierte) Haut auf.<\/li>\n<li>Tupfen Sie die Creme in die Haut ein, bis sie vollst\u00e4ndig eingezogen ist.<\/li>\n<li>Gebrauchen Sie das Produkt morgens und abends.<\/li>\n<li>Kombinieren Sie das Produkt mit dem Secret Key Snail Repairing Packet, um verbesserte Ergebnisse zu erzielen.<\/li>\n<\/ol>\n<h3>Inhaltsstoffe<\/h3>\n<p>Purified Water, Glycerin, Caprylic\/capric Tryglycerides. Cetearyl Alcohol, Butylen Glycol, Glyceryl Stearate, Peg-100 Stearate, Beads Wax. Cethylhexanoate, Caprylil Glycol, 12\u00b0hexandiol. Sorbitan Sesquioleate, Polysorbate80, Sodium Hyaluronate, Dimethicone. Poly Glycetyl-3. Methyl Glucose Distearate. Filtered Snail Mucus, Carbomer. Arginine, Perfume, White Tree Fungus Extract, Rice Extract, Placenta Protein, Hollyhock Extract, Aloe Vera Leal Extract, Yeast\/caragana Root Fermented Extract. Lanoline, Disodium Edta, Tocopheryl Acetate, rh-Oligopeptide-1, Cl 15985<\/p>\n<h3>Warnhinweise<\/h3>\n<ol>\n<li>Nur zur \u00e4u\u00dferlichen Anwendung geeignet.<\/li>\n<li>Nicht auf verletzte Haut oder auf Wunden auftragen.<\/li>\n<li>Sollten Nebenwirkungen wie Irritationen oder Ausschlag eintreten, Anwendung sofort beenden und unverz\u00fcglich an einen Arzt wenden.<\/li>\n<li>Kontakt mit den Augen vermeiden. Sollte das Produkt ins Auge gelangen, das Auge sofort gr\u00fcndlich mit klarem Wasser aussp\u00fclen.<\/li>\n<li>Au\u00dfer Reichweite von Kindern aufbewahren.<\/li>\n<li>Nicht schlucken. Bei Verschlucken Arzt oder Giftzentrale aufsuchen.<\/li>\n<\/ol>\n","protected":false},"excerpt":{"rendered":"<p><strong>Secret Key<\/strong> Snail Repairing Cream enth\u00e4lt Schneckenschleimextrakte, Kaviarextrakte und EGF (epidermal growth factor), um die Zellteilung und die Heilung zu beschleunigen. Die Creme enth\u00e4lt au\u00dferdem Wollwachs und Champignonextrakte, um die Haut zu beruhigen und aufzuhellen, w\u00e4hrend sie gleichzeitig vor Umweltstressoren gesch\u00fctzt wird. Kombinieren Sie das Produkt mit dem Secret Key Snail Repairing Packet, um verbesserte Ergebnisse zu erzielen.<\/p>\n","protected":false},"featured_media":7227,"comment_status":"open","ping_status":"closed","template":"","meta":{"content-type":"","site-sidebar-layout":"default","site-content-layout":"default","ast-site-content-layout":"default","site-content-style":"default","site-sidebar-style":"default","ast-global-header-display":"","ast-banner-title-visibility":"","ast-main-header-display":"","ast-hfb-above-header-display":"","ast-hfb-below-header-display":"","ast-hfb-mobile-header-display":"","site-post-title":"","ast-breadcrumbs-content":"","ast-featured-img":"","footer-sml-layout":"","ast-disable-related-posts":"","theme-transparent-header-meta":"default","adv-header-id-meta":"","stick-header-meta":"","header-above-stick-meta":"","header-main-stick-meta":"","header-below-stick-meta":"","astra-migrate-meta-layouts":"default","ast-page-background-enabled":"default","ast-page-background-meta":{"desktop":{"background-color":"","background-image":"","background-repeat":"repeat","background-position":"center center","background-size":"auto","background-attachment":"scroll","background-type":"","background-media":"","overlay-type":"","overlay-color":"","overlay-opacity":"","overlay-gradient":""},"tablet":{"background-color":"","background-image":"","background-repeat":"repeat","background-position":"center center","background-size":"auto","background-attachment":"scroll","background-type":"","background-media":"","overlay-type":"","overlay-color":"","overlay-opacity":"","overlay-gradient":""},"mobile":{"background-color":"","background-image":"","background-repeat":"repeat","background-position":"center center","background-size":"auto","background-attachment":"scroll","background-type":"","background-media":"","overlay-type":"","overlay-color":"","overlay-opacity":"","overlay-gradient":""}},"ast-content-background-meta":{"desktop":{"background-color":"var(--ast-global-color-5)","background-image":"","background-repeat":"repeat","background-position":"center center","background-size":"auto","background-attachment":"scroll","background-type":"","background-media":"","overlay-type":"","overlay-color":"","overlay-opacity":"","overlay-gradient":""},"tablet":{"background-color":"var(--ast-global-color-5)","background-image":"","background-repeat":"repeat","background-position":"center center","background-size":"auto","background-attachment":"scroll","background-type":"","background-media":"","overlay-type":"","overlay-color":"","overlay-opacity":"","overlay-gradient":""},"mobile":{"background-color":"var(--ast-global-color-5)","background-image":"","background-repeat":"repeat","background-position":"center center","background-size":"auto","background-attachment":"scroll","background-type":"","background-media":"","overlay-type":"","overlay-color":"","overlay-opacity":"","overlay-gradient":""}}},"product_brand":[],"product_cat":[322,165,113,31],"product_tag":[35],"class_list":{"0":"post-7178","1":"product","2":"type-product","3":"status-publish","4":"has-post-thumbnail","6":"product_cat-gesichtscreme","7":"product_cat-secret-key","8":"product_cat-spezielle-produkte","9":"product_cat-gesicht","10":"product_tag-moisturizer","11":"desktop-align-center","12":"tablet-align-center","13":"mobile-align-center","15":"first","16":"outofstock","17":"taxable","18":"shipping-taxable","19":"purchasable","20":"product-type-simple"},"_links":{"self":[{"href":"https:\/\/tomyklou.gr\/de\/wp-json\/wp\/v2\/product\/7178","targetHints":{"allow":["GET"]}}],"collection":[{"href":"https:\/\/tomyklou.gr\/de\/wp-json\/wp\/v2\/product"}],"about":[{"href":"https:\/\/tomyklou.gr\/de\/wp-json\/wp\/v2\/types\/product"}],"replies":[{"embeddable":true,"href":"https:\/\/tomyklou.gr\/de\/wp-json\/wp\/v2\/comments?post=7178"}],"wp:featuredmedia":[{"embeddable":true,"href":"https:\/\/tomyklou.gr\/de\/wp-json\/wp\/v2\/media\/7227"}],"wp:attachment":[{"href":"https:\/\/tomyklou.gr\/de\/wp-json\/wp\/v2\/media?parent=7178"}],"wp:term":[{"taxonomy":"product_brand","embeddable":true,"href":"https:\/\/tomyklou.gr\/de\/wp-json\/wp\/v2\/product_brand?post=7178"},{"taxonomy":"product_cat","embeddable":true,"href":"https:\/\/tomyklou.gr\/de\/wp-json\/wp\/v2\/product_cat?post=7178"},{"taxonomy":"product_tag","embeddable":true,"href":"https:\/\/tomyklou.gr\/de\/wp-json\/wp\/v2\/product_tag?post=7178"}],"curies":[{"name":"wp","href":"https:\/\/api.w.org\/{rel}","templated":true}]}}