{"id":7179,"date":"2023-07-05T22:57:52","date_gmt":"2023-07-05T20:57:52","guid":{"rendered":"https:\/\/tomyklou.gr\/product\/frudia-citrus-brightening-micro-cleansing-foam-145g\/"},"modified":"2026-02-22T18:43:28","modified_gmt":"2026-02-22T16:43:28","slug":"frudia-citrus-brightening-micro-cleansing-foam-145g","status":"publish","type":"product","link":"https:\/\/tomyklou.gr\/de\/product\/frudia-citrus-brightening-micro-cleansing-foam-145g\/","title":{"rendered":"Frudia Citrus Brightening Micro Cleansing Foam 145g"},"content":{"rendered":"<h3>Anwendung<\/h3>\n<ol>\n<li>Tragen Sie mit einem Wattepad eine geeignete Menge auf die gereinigte Haut auf.<\/li>\n<li>Gebrauchen Sie anschlie\u00dfend ein Serum und eine Gesichtscreme Ihrer Wahl.<\/li>\n<\/ol>\n<h3>Inhaltsstoffe<\/h3>\n<p>Citrus Unshiu Peel Extract (86%), Niacinamide (2%), Methylpropanediol, 1,2-Hexanediol, Glycereth-26, Bis-PEG-18 Methyl Ether Dimethyl Silane, Betaine, PEG-60 Hydrogenated Castor Oil, Panthenol,\u00a0Octyldodeceth-16, PEG-6 Methyl Ether, Ethylhexylglycerin, Glycerin, Diphenyl Dimethicone, \u00a0Triethylhexanoin, Water, Hydrogenated Lecithin, Polyglyceryl-10 Oleate, BHT, Coco-Caprylate\/Caprate, Prunus Armeniaca (Apricot) Kernel Oil, Vitis Vinifera (Grape) Seed Oil, Citrus Paradisi (Grapefruit) Seed Oil, Mangifera Indica (Mango) Seed Oil, Punica Granatum Seed Oil, Solanum Lycopersicum (Tomato) Seed Oil, Tocopherol,\u00a0Disodium EDTA, Fragrance, Limonene<\/p>\n<h3>Warnhinweise<\/h3>\n<ol>\n<li>Nur zur \u00e4u\u00dferlichen Anwendung geeignet.<\/li>\n<li>Nicht auf verletzte Haut oder auf Wunden auftragen.<\/li>\n<li>Sollten Nebenwirkungen wie Irritationen oder Ausschlag eintreten, Anwendung sofort beenden und unverz\u00fcglich an einen Arzt wenden.<\/li>\n<li>Kontakt mit den Augen vermeiden. Sollte das Produkt ins Auge gelangen, das Auge sofort gr\u00fcndlich mit klarem Wasser aussp\u00fclen.<\/li>\n<li>Au\u00dfer Reichweite von Kindern aufbewahren.<\/li>\n<li>Nicht schlucken. Bei Verschlucken Arzt oder Giftzentrale aufsuchen.<\/li>\n<\/ol>\n","protected":false},"excerpt":{"rendered":"<p><b>Frudia Citrus Brightening Toner\u00a0<\/b>ist ein aufhellender Toner, der die stumpfe Haut wieder strahlen l\u00e4sst und sie mit der nat\u00fcrlichen Kraft der Jeju Tangerine belebt.<\/p>\n<p>86% Tangerine-Extrakt versorgt die Haut mit Vitamin C, das den Hautton ausgleicht, Pigmentierung reduziert und Falten sowie feine Linien bek\u00e4mpft, indem es die Kollagensynthese anregt. Es ist au\u00dferdem eine Quelle f\u00fcr Zitrus-Flavonoide, die den Teint aufhellen und gleichzeitig die Poren verfeinern.<\/p>\n<p>Zus\u00e4tzlich enth\u00e4lt die Formel Nicotinamid, einen kr\u00e4ftigen Anti-Aging-Inhaltsstoff, der die geschw\u00e4chte Haut wiederherstellt, Poren verfeinert, einen ebenm\u00e4\u00dfigen Hautton f\u00f6rdert und Falten sowie feine Linien reduziert.<\/p>\n<p>Aprikosen-\u00d6l, Trauben-Samen\u00f6l, Grapefruit-Samen\u00f6l und Mango-Samen\u00f6l versorgen die Haut tief mit Feuchtigkeit und helfen der Haut dabei, die Feuchtigkeit l\u00e4nger zu speichern. Diese Inhaltsstoffe n\u00e4hren die Haut mit essentiellen N\u00e4hrstoffen, die die Hautschutzbarriere st\u00e4rken und diese gegen\u00fcber Umweltstressoren widerstandsf\u00e4higer machen.<\/p>\n<p><b>Frudia Citrus Brightening Toner\u00a0<\/b>ist ideal geeignet f\u00fcr die aufhellende Anti-Aging-Hautpflegeroutine. Er behandelt das ungleichm\u00e4\u00dfige Hautbild, bek\u00e4mpft Anzeichen von Hautalterung sowie Hyperpigmentation und versorgt die Haut mit Feuchtigkeit. Das Produkt hat einen Hautvertr\u00e4glichkeitstest bestanden und ist geeignet f\u00fcr alle Hauttypen.<\/p>\n","protected":false},"featured_media":6819,"comment_status":"open","ping_status":"closed","template":"","meta":{"content-type":"","site-sidebar-layout":"default","site-content-layout":"default","ast-site-content-layout":"default","site-content-style":"default","site-sidebar-style":"default","ast-global-header-display":"","ast-banner-title-visibility":"","ast-main-header-display":"","ast-hfb-above-header-display":"","ast-hfb-below-header-display":"","ast-hfb-mobile-header-display":"","site-post-title":"","ast-breadcrumbs-content":"","ast-featured-img":"","footer-sml-layout":"","ast-disable-related-posts":"","theme-transparent-header-meta":"default","adv-header-id-meta":"","stick-header-meta":"","header-above-stick-meta":"","header-main-stick-meta":"","header-below-stick-meta":"","astra-migrate-meta-layouts":"default","ast-page-background-enabled":"default","ast-page-background-meta":{"desktop":{"background-color":"","background-image":"","background-repeat":"repeat","background-position":"center center","background-size":"auto","background-attachment":"scroll","background-type":"","background-media":"","overlay-type":"","overlay-color":"","overlay-opacity":"","overlay-gradient":""},"tablet":{"background-color":"","background-image":"","background-repeat":"repeat","background-position":"center center","background-size":"auto","background-attachment":"scroll","background-type":"","background-media":"","overlay-type":"","overlay-color":"","overlay-opacity":"","overlay-gradient":""},"mobile":{"background-color":"","background-image":"","background-repeat":"repeat","background-position":"center center","background-size":"auto","background-attachment":"scroll","background-type":"","background-media":"","overlay-type":"","overlay-color":"","overlay-opacity":"","overlay-gradient":""}},"ast-content-background-meta":{"desktop":{"background-color":"var(--ast-global-color-5)","background-image":"","background-repeat":"repeat","background-position":"center center","background-size":"auto","background-attachment":"scroll","background-type":"","background-media":"","overlay-type":"","overlay-color":"","overlay-opacity":"","overlay-gradient":""},"tablet":{"background-color":"var(--ast-global-color-5)","background-image":"","background-repeat":"repeat","background-position":"center center","background-size":"auto","background-attachment":"scroll","background-type":"","background-media":"","overlay-type":"","overlay-color":"","overlay-opacity":"","overlay-gradient":""},"mobile":{"background-color":"var(--ast-global-color-5)","background-image":"","background-repeat":"repeat","background-position":"center center","background-size":"auto","background-attachment":"scroll","background-type":"","background-media":"","overlay-type":"","overlay-color":"","overlay-opacity":"","overlay-gradient":""}}},"product_brand":[],"product_cat":[312,319,137,31],"product_tag":[64],"class_list":{"0":"post-7179","1":"product","2":"type-product","3":"status-publish","4":"has-post-thumbnail","6":"product_cat-gesichtsreiniger","7":"product_cat-gesichtsserum","8":"product_cat-frudia","9":"product_cat-gesicht","10":"product_tag-reinigung","11":"desktop-align-center","12":"tablet-align-center","13":"mobile-align-center","15":"first","16":"outofstock","17":"taxable","18":"shipping-taxable","19":"purchasable","20":"product-type-simple"},"_links":{"self":[{"href":"https:\/\/tomyklou.gr\/de\/wp-json\/wp\/v2\/product\/7179","targetHints":{"allow":["GET"]}}],"collection":[{"href":"https:\/\/tomyklou.gr\/de\/wp-json\/wp\/v2\/product"}],"about":[{"href":"https:\/\/tomyklou.gr\/de\/wp-json\/wp\/v2\/types\/product"}],"replies":[{"embeddable":true,"href":"https:\/\/tomyklou.gr\/de\/wp-json\/wp\/v2\/comments?post=7179"}],"wp:featuredmedia":[{"embeddable":true,"href":"https:\/\/tomyklou.gr\/de\/wp-json\/wp\/v2\/media\/6819"}],"wp:attachment":[{"href":"https:\/\/tomyklou.gr\/de\/wp-json\/wp\/v2\/media?parent=7179"}],"wp:term":[{"taxonomy":"product_brand","embeddable":true,"href":"https:\/\/tomyklou.gr\/de\/wp-json\/wp\/v2\/product_brand?post=7179"},{"taxonomy":"product_cat","embeddable":true,"href":"https:\/\/tomyklou.gr\/de\/wp-json\/wp\/v2\/product_cat?post=7179"},{"taxonomy":"product_tag","embeddable":true,"href":"https:\/\/tomyklou.gr\/de\/wp-json\/wp\/v2\/product_tag?post=7179"}],"curies":[{"name":"wp","href":"https:\/\/api.w.org\/{rel}","templated":true}]}}