{"id":7205,"date":"2023-07-05T22:58:07","date_gmt":"2023-07-05T20:58:07","guid":{"rendered":"https:\/\/tomyklou.gr\/product\/missha-m-perfect-covering-bb-cream-no-13-bright-beige-spf42-pa-50ml\/"},"modified":"2026-02-22T18:43:27","modified_gmt":"2026-02-22T16:43:27","slug":"missha-m-perfect-covering-bb-cream-no-13-bright-beige-spf42-pa-50ml","status":"publish","type":"product","link":"https:\/\/tomyklou.gr\/de\/product\/missha-m-perfect-cover-bb-cream-spf42-pa-13\/","title":{"rendered":"Missha M Perfect cover BB cream SPF42 PA+++ #13"},"content":{"rendered":"<h3>Anwendung<\/h3>\n<ol>\n<li>Tragen Sie eine gew\u00fcnschte Menge der BB Cream mit den Fingern, einem Foundation-Pinsel oder einem Schwamm auf das Gesicht (und eventuell auf den Hals) auf.<\/li>\n<\/ol>\n<h3>Inhaltsstoffe<\/h3>\n<p><strong><em>Missha M Perfect Cover BB Cream SPF42 PA++ nr.13:<\/em><\/strong><\/p>\n<p>Water (Aqua), Cyclopentasiloxane, Ethylhexyl Methoxycinnamate, Zinc Oxide, Propylene Glycol, Titanium Dioxide, Caprylic\/\u200bCapric Triglyceride, PEG-10 Dimethicone, Glycerin, Cetyl PEG PPG-10\/\u200b1 Dimethicone, Arbutin, Mineral Oil, Polyethylene, Talc, Phenyl Trimethicone, Beeswax (Cera Alba), Sodium Chloride, Iron Oxides (Ci 77492), Methylparaben, Dimethicone, Iron Oxides (Ci 77491), Propylparaben, Rosa Canina Fruit Oil, Squalane, Macadamia Ternifolia Seed Oil, Simmondsia Chinensis (Jojoba) Seed Oil,\u00a0Cyclotetrasiloxane, Iron Oxides (Ci 77499), Disodium EDTA,\u00a0Adenosine, Algae Extract, Rosmarinus Officinalis (Rosemary) Leaf Extract, Chamomilla Recutita (Matricaria) Flower Extract, Ceramide NP,\u00a0Butylene Glycol, Fagus Sylvatica Bud Extract, Hydrolyzed Collagen,Caprylyl Glycol, Benzyl Alcohol, 1,2-Hexanediol, Caprylhydroxamic Acid, Tocopherol, Benzoic Acid, Sodium Hyaluronate, Phenoxyethanol,\u00a0Tropolone, Fragrance (Parfum), Butylphenyl Methylpropional, Benzyl Salicylate, Hydroxycitronellal, Alpha-Isomethyl Ionone, Hexyl Cinnamal, Linalool, Citronellol, Limonene<\/p>\n<div class=\"multiline-ellipsis-component\"><strong><em>Missha M Perfect Cover BB Cream SPF42 PA++ nr.23:<\/em><\/strong><\/div>\n<p>Water (Aqua), Cyclomethicone, Ethylhexyl Methoxycinnamate, Zinc Oxide, Propylene Glycol, Titanium Dioxide, Caprylic\/\u200bCapric Triglyceride, PEG-10 Dimethicone, Cetyl PEG\/\u200bPPG-10\/\u200b1 Dimethicone, Mineral Oil, Glycerin, Arbutin, Polyethylene, Talc, Beeswax (Cera Alba),\u00a0Phenyl Trimethicone, Iron Oxides (Ci 77492), Sodium Chloride, Iron Oxides (Ci 77499), Iron Oxides (Ci 77491), Methylparaben, Fragrance,\u00a0Dimethicone, Propylparaben, Rosa Canina Fruit Oil, Simmondsia Chinensis (Jojoba) Seed Oil, Squalane, Macadamia Ternifolia Seed Oil,\u00a0Hydrolyzed Collagen, Disodium EDTA, Adenosine, Algae Extract,\u00a0Caviar Extract, Rosmarinus Officinalis (Rosemary) Leaf Extract, Fagus Sylvatica Bud Extract, Sodium Hyaluronate, Ceramide NP (Ceramide 3),\u00a0Chamomilla Recutita (Matricaria) Flower Extract, Limonene, Butylphenyl Methylpropional, Hydroxycitronellal, Benzyl Salicylate, Alpha-Isomethyl Ionone, Linalool, Hexyl Cinnamal, Citronellol<\/p>\n<div class=\"multiline-ellipsis-component\"><strong><em>Missha M Perfect Cover BB Cream SPF42 PA++ nr.29:<\/em><\/strong><\/div>\n<p>Water (Aqua), Cyclopentasiloxane, Ethylhexyl Methoxycinnamate, Zinc Oxide, Propylene Glycol, Titanium Dioxide, Caprylic\/\u200bCapric Triglyceride, PEG-10 Dimethicone, Iron Oxides (Ci 77492), Glycerin, Cetyl PEG\/\u200bPPG-10\/\u200b1 Dimethicone, Arbutin, Mineral Oil, Polyethylene, Talc,Phenyl Trimethicone, Beeswax (Cera Alba), Sodium Chloride, Iron Oxides (Ci 77491),Iron Oxides (Ci 77499), Methylparaben, Dimethicone,\u00a0Propylparaben, Rosa Canina Fruit Oil, Squalane, Macadamia Ternifolia Seed Oil, Simmondsia Chinensis (Jojoba) Seed Oil,\u00a0Cyclotetrasiloxane, Disodium EDTA, Adenosine, Algae Extract,\u00a0Rosmarinus Officinalis (Rosemary) Leaf Extract, Chamomilla Recutita (Matricaria) Flower Extract, Ceramide NP, Butylene Glycol, Fagus Sylvatica Bud Extract, Hydrolyzed Collagen, Caprylyl Glycol, Benzyl Alcohol, 1,2-Hexanediol, Caprylhydroxamic Acid, Tocopherol,\u00a0Benzoic Acid, Sodium Hyaluronate, Phenoxyethanol, Tropolone,Fragrance (Parfum), Butylphenyl Methylpropional, Benzyl Salicylate,\u00a0Hydroxycitronellal, Alpha-Isomethyl Ionone, Hexyl Cinnamal, Linalool, Citronellol, Limonene<\/p>\n<div class=\"multiline-ellipsis-component\"><strong><em>Missha M Perfect Cover BB Cream SPF42 PA++ nr.31:<\/em><\/strong><\/div>\n<p>Water (Aqua), Cyclopentasiloxane, Ethylhexyl Methoxycinnamate, Zinc Oxide, Propylene Glycol, Titanium Dioxide, Caprylic\/\u200bCapric Triglyceride, PEG-10 Dimethicone, Iron Oxides (Ci 77492), Glycerin, Cetyl PEG\/\u200bPPG-10\/\u200b1 Dimethicone, Arbutin, Mineral Oil, Polyethylene, Talc,Phenyl Trimethicone, Beeswax (Cera Alba), Sodium Chloride, Iron Oxides (Ci 77491),Iron Oxides (Ci 77499), Methylparaben, Dimethicone,\u00a0Propylparaben, Rosa Canina Fruit Oil, Squalane, Macadamia Ternifolia Seed Oil, Simmondsia Chinensis (Jojoba) Seed Oil,\u00a0Cyclotetrasiloxane, Disodium EDTA, Adenosine, Algae Extract,\u00a0Rosmarinus Officinalis (Rosemary) Leaf Extract, Chamomilla Recutita (Matricaria) Flower Extract, Ceramide NP, Butylene Glycol, Fagus Sylvatica Bud Extract, Hydrolyzed Collagen, Caprylyl Glycol, Benzyl Alcohol, 1,2-Hexanediol, Caprylhydroxamic Acid, Tocopherol,\u00a0Benzoic Acid, Sodium Hyaluronate, Phenoxyethanol, Tropolone,Fragrance (Parfum), Butylphenyl Methylpropional, Benzyl Salicylate,\u00a0Hydroxycitronellal, Alpha-Isomethyl Ionone, Hexyl Cinnamal, Linalool, Citronellol, Limonene<\/p>\n<h3>Warnhinweise<\/h3>\n<ol>\n<li>Nur zur \u00e4u\u00dferlichen Anwendung geeignet.<\/li>\n<li>Nicht auf verletzte Haut oder auf Wunden auftragen.<\/li>\n<li>Sollten Nebenwirkungen wie Irritationen oder Ausschlag eintreten, Anwendung sofort beenden und unverz\u00fcglich an einen Arzt wenden.<\/li>\n<li>Kontakt mit den Augen vermeiden. Sollte das Produkt ins Auge gelangen, das Auge sofort gr\u00fcndlich mit klarem Wasser aussp\u00fclen.<\/li>\n<li>Au\u00dfer Reichweite von Kindern aufbewahren.<\/li>\n<li>Nicht schlucken. Bei Verschlucken Arzt oder Giftzentrale aufsuchen.<\/li>\n<\/ol>\n","protected":false},"excerpt":{"rendered":"<p><strong>Missha<\/strong> M Perfect Cover BB Cream ist eines der beliebtesten Produkte der koreanischen Marke und wurde weltweit bisher \u00fcber 30 Millionen Mal verkauft. Diese BB Cream vereint die Kraft der Kosmetik mit den Vorteilen der Hautpflege. Sie weist eine hohe Deckkraft mit einem leuchtenden Finish auf. Geeignet f\u00fcr alle Hauttypen und erh\u00e4ltlich in 6 verschiedenen T\u00f6nen.<\/p>\n<p>Verf\u00fcgbarkeit: Nr. 23 Natural Beige, Nr. 29 Caramel Beige und Nr. 21 Light Beige.<\/p>\n","protected":false},"featured_media":6830,"comment_status":"open","ping_status":"closed","template":"","meta":{"content-type":"","site-sidebar-layout":"default","site-content-layout":"default","ast-site-content-layout":"default","site-content-style":"default","site-sidebar-style":"default","ast-global-header-display":"","ast-banner-title-visibility":"","ast-main-header-display":"","ast-hfb-above-header-display":"","ast-hfb-below-header-display":"","ast-hfb-mobile-header-display":"","site-post-title":"","ast-breadcrumbs-content":"","ast-featured-img":"","footer-sml-layout":"","ast-disable-related-posts":"","theme-transparent-header-meta":"default","adv-header-id-meta":"","stick-header-meta":"","header-above-stick-meta":"","header-main-stick-meta":"","header-below-stick-meta":"","astra-migrate-meta-layouts":"set","ast-page-background-enabled":"default","ast-page-background-meta":{"desktop":{"background-color":"","background-image":"","background-repeat":"repeat","background-position":"center center","background-size":"auto","background-attachment":"scroll","background-type":"","background-media":"","overlay-type":"","overlay-color":"","overlay-opacity":"","overlay-gradient":""},"tablet":{"background-color":"","background-image":"","background-repeat":"repeat","background-position":"center center","background-size":"auto","background-attachment":"scroll","background-type":"","background-media":"","overlay-type":"","overlay-color":"","overlay-opacity":"","overlay-gradient":""},"mobile":{"background-color":"","background-image":"","background-repeat":"repeat","background-position":"center center","background-size":"auto","background-attachment":"scroll","background-type":"","background-media":"","overlay-type":"","overlay-color":"","overlay-opacity":"","overlay-gradient":""}},"ast-content-background-meta":{"desktop":{"background-color":"var(--ast-global-color-5)","background-image":"","background-repeat":"repeat","background-position":"center center","background-size":"auto","background-attachment":"scroll","background-type":"","background-media":"","overlay-type":"","overlay-color":"","overlay-opacity":"","overlay-gradient":""},"tablet":{"background-color":"var(--ast-global-color-5)","background-image":"","background-repeat":"repeat","background-position":"center center","background-size":"auto","background-attachment":"scroll","background-type":"","background-media":"","overlay-type":"","overlay-color":"","overlay-opacity":"","overlay-gradient":""},"mobile":{"background-color":"var(--ast-global-color-5)","background-image":"","background-repeat":"repeat","background-position":"center center","background-size":"auto","background-attachment":"scroll","background-type":"","background-media":"","overlay-type":"","overlay-color":"","overlay-opacity":"","overlay-gradient":""}}},"product_brand":[],"product_cat":[313,158,66],"product_tag":[36],"class_list":{"0":"post-7205","1":"product","2":"type-product","3":"status-publish","4":"has-post-thumbnail","6":"product_cat-gesichtssonnencreme","7":"product_cat-missha","8":"product_cat-make-up","9":"product_tag-sonnenschutz","10":"desktop-align-center","11":"tablet-align-center","12":"mobile-align-center","14":"first","15":"outofstock","16":"taxable","17":"shipping-taxable","18":"purchasable","19":"product-type-simple"},"_links":{"self":[{"href":"https:\/\/tomyklou.gr\/de\/wp-json\/wp\/v2\/product\/7205","targetHints":{"allow":["GET"]}}],"collection":[{"href":"https:\/\/tomyklou.gr\/de\/wp-json\/wp\/v2\/product"}],"about":[{"href":"https:\/\/tomyklou.gr\/de\/wp-json\/wp\/v2\/types\/product"}],"replies":[{"embeddable":true,"href":"https:\/\/tomyklou.gr\/de\/wp-json\/wp\/v2\/comments?post=7205"}],"wp:featuredmedia":[{"embeddable":true,"href":"https:\/\/tomyklou.gr\/de\/wp-json\/wp\/v2\/media\/6830"}],"wp:attachment":[{"href":"https:\/\/tomyklou.gr\/de\/wp-json\/wp\/v2\/media?parent=7205"}],"wp:term":[{"taxonomy":"product_brand","embeddable":true,"href":"https:\/\/tomyklou.gr\/de\/wp-json\/wp\/v2\/product_brand?post=7205"},{"taxonomy":"product_cat","embeddable":true,"href":"https:\/\/tomyklou.gr\/de\/wp-json\/wp\/v2\/product_cat?post=7205"},{"taxonomy":"product_tag","embeddable":true,"href":"https:\/\/tomyklou.gr\/de\/wp-json\/wp\/v2\/product_tag?post=7205"}],"curies":[{"name":"wp","href":"https:\/\/api.w.org\/{rel}","templated":true}]}}