{"id":7254,"date":"2023-07-05T22:58:45","date_gmt":"2023-07-05T20:58:45","guid":{"rendered":"https:\/\/tomyklou.gr\/product\/secret-key-starting-treatment-essence-155ml\/"},"modified":"2026-02-22T18:43:26","modified_gmt":"2026-02-22T16:43:26","slug":"secret-key-starting-treatment-essence-155ml","status":"publish","type":"product","link":"https:\/\/tomyklou.gr\/de\/product\/secret-key-starting-treatment-essence-155ml\/","title":{"rendered":"Secret Key Starting Treatment Essence 155ml"},"content":{"rendered":"<h3>Anwendung<\/h3>\n<ol>\n<li>Tragen Sie eine geeignete Menge auf die gereinigte (und tonisierte) Haut auf.<\/li>\n<li>Tupfen Sie die Essenz sanft in die Haut ein, bis sie vollst\u00e4ndig eingezogen ist.<\/li>\n<li>Gebrauchen Sie das Produkt morgens und abends.<\/li>\n<\/ol>\n<h3>Inhaltsstoffe<\/h3>\n<p>Water, Glycerin, Butylene Glycol, Arbutin, Galactomyces Ferment filtrate, Aloe Barbadensis Leaf Juice, Anthemis Nobilis Flower Extract, Centella Asiatice Extract, Camellia Sinensis Leaf Extract, Physalis Alkekengi Fruit Extract, Acanthopanax Senticosus (Eleuthero) Root Extract, Ganoderma Lucidum (Mushroom) Extract, Panax Ginseng Root Extract, Velvet Extract, Cordyceps Sinensis Extract, Hamamelis Virginiana (Witch Hazel) Extract, Oryza Sativa (Rice) Extract, Portulaca Oleracea Extract, Zanthoxylum Piperitum Fruit Extract, 1,2-Hexanediol, PEG-12 Dimethicone, Pentylene Glycol, Adenosine, Phenoxyethanol, Disodium EDTA<\/p>\n<h3>Warnhinweise<\/h3>\n<ol>\n<li>Nur zur \u00e4u\u00dferlichen Anwendung geeignet.<\/li>\n<li>Nicht auf verletzte Haut oder auf Wunden auftragen.<\/li>\n<li>Sollten Nebenwirkungen wie Irritationen oder Ausschlag eintreten, beenden Sie die Anwendung sofort und wenden Sie sich unverz\u00fcglich an Ihren Arzt.<\/li>\n<li>Vermeiden Sie den Kontakt mit den Augen. Sollte das Produkt ins Auge gelangen, sp\u00fclen Sie das Auge sofort gr\u00fcndlich mit klarem Wasser aus.<\/li>\n<li>Au\u00dfer Reichweite von Kindern aufbewahren.<\/li>\n<li>Nicht schlucken. Bei Verschlucken Arzt oder Giftzentrale aufsuchen.<\/li>\n<\/ol>\n","protected":false},"excerpt":{"rendered":"<p><strong>Secret Key<\/strong>\u00a0Starting Treatment Essence: Es gibt nichts besseres als diese reichhaltige, w\u00e4ssrige Essenz von\u00a0<strong>Secret Key<\/strong>, um Ihrer Haut den n\u00f6tigen Feuchtigkeitsboost zu verleihen. Von Beginn Ihres Hautpflegerituals an versorgt diese Essenz Ihre Haut mit Galactomyces-Ferment, das bekannt ist daf\u00fcr, dass es feine Linien, Stumpfheit und einen ungleichm\u00e4\u00dfigen Hautton bek\u00e4mpft, w\u00e4hrend es die Hautelastizit\u00e4t sowie den Feuchtigkeitsgehalt der Haut verbessert. Die Formel dieses Produkts ist mild genug, um die sensible und gereizte Haut zu schonen. Das Ergebnis ist eine seidig weiche und strahlende Haut. Sie werden diese &#8222;Sch\u00f6nheitswaffe&#8220; nicht lange geheim halten k\u00f6nnen!<\/p>\n","protected":false},"featured_media":7252,"comment_status":"open","ping_status":"closed","template":"","meta":{"content-type":"","site-sidebar-layout":"default","site-content-layout":"default","ast-site-content-layout":"default","site-content-style":"default","site-sidebar-style":"default","ast-global-header-display":"","ast-banner-title-visibility":"","ast-main-header-display":"","ast-hfb-above-header-display":"","ast-hfb-below-header-display":"","ast-hfb-mobile-header-display":"","site-post-title":"","ast-breadcrumbs-content":"","ast-featured-img":"","footer-sml-layout":"","ast-disable-related-posts":"","theme-transparent-header-meta":"default","adv-header-id-meta":"","stick-header-meta":"","header-above-stick-meta":"","header-main-stick-meta":"","header-below-stick-meta":"","astra-migrate-meta-layouts":"default","ast-page-background-enabled":"default","ast-page-background-meta":{"desktop":{"background-color":"","background-image":"","background-repeat":"repeat","background-position":"center center","background-size":"auto","background-attachment":"scroll","background-type":"","background-media":"","overlay-type":"","overlay-color":"","overlay-opacity":"","overlay-gradient":""},"tablet":{"background-color":"","background-image":"","background-repeat":"repeat","background-position":"center center","background-size":"auto","background-attachment":"scroll","background-type":"","background-media":"","overlay-type":"","overlay-color":"","overlay-opacity":"","overlay-gradient":""},"mobile":{"background-color":"","background-image":"","background-repeat":"repeat","background-position":"center center","background-size":"auto","background-attachment":"scroll","background-type":"","background-media":"","overlay-type":"","overlay-color":"","overlay-opacity":"","overlay-gradient":""}},"ast-content-background-meta":{"desktop":{"background-color":"var(--ast-global-color-5)","background-image":"","background-repeat":"repeat","background-position":"center center","background-size":"auto","background-attachment":"scroll","background-type":"","background-media":"","overlay-type":"","overlay-color":"","overlay-opacity":"","overlay-gradient":""},"tablet":{"background-color":"var(--ast-global-color-5)","background-image":"","background-repeat":"repeat","background-position":"center center","background-size":"auto","background-attachment":"scroll","background-type":"","background-media":"","overlay-type":"","overlay-color":"","overlay-opacity":"","overlay-gradient":""},"mobile":{"background-color":"var(--ast-global-color-5)","background-image":"","background-repeat":"repeat","background-position":"center center","background-size":"auto","background-attachment":"scroll","background-type":"","background-media":"","overlay-type":"","overlay-color":"","overlay-opacity":"","overlay-gradient":""}}},"product_brand":[],"product_cat":[317,165,31],"product_tag":[],"class_list":{"0":"post-7254","1":"product","2":"type-product","3":"status-publish","4":"has-post-thumbnail","6":"product_cat-essence-serum-oel","7":"product_cat-secret-key","8":"product_cat-gesicht","9":"desktop-align-center","10":"tablet-align-center","11":"mobile-align-center","13":"first","14":"outofstock","15":"taxable","16":"shipping-taxable","17":"purchasable","18":"product-type-simple"},"_links":{"self":[{"href":"https:\/\/tomyklou.gr\/de\/wp-json\/wp\/v2\/product\/7254","targetHints":{"allow":["GET"]}}],"collection":[{"href":"https:\/\/tomyklou.gr\/de\/wp-json\/wp\/v2\/product"}],"about":[{"href":"https:\/\/tomyklou.gr\/de\/wp-json\/wp\/v2\/types\/product"}],"replies":[{"embeddable":true,"href":"https:\/\/tomyklou.gr\/de\/wp-json\/wp\/v2\/comments?post=7254"}],"wp:featuredmedia":[{"embeddable":true,"href":"https:\/\/tomyklou.gr\/de\/wp-json\/wp\/v2\/media\/7252"}],"wp:attachment":[{"href":"https:\/\/tomyklou.gr\/de\/wp-json\/wp\/v2\/media?parent=7254"}],"wp:term":[{"taxonomy":"product_brand","embeddable":true,"href":"https:\/\/tomyklou.gr\/de\/wp-json\/wp\/v2\/product_brand?post=7254"},{"taxonomy":"product_cat","embeddable":true,"href":"https:\/\/tomyklou.gr\/de\/wp-json\/wp\/v2\/product_cat?post=7254"},{"taxonomy":"product_tag","embeddable":true,"href":"https:\/\/tomyklou.gr\/de\/wp-json\/wp\/v2\/product_tag?post=7254"}],"curies":[{"name":"wp","href":"https:\/\/api.w.org\/{rel}","templated":true}]}}