{"id":7258,"date":"2023-07-05T22:58:46","date_gmt":"2023-07-05T20:58:46","guid":{"rendered":"https:\/\/tomyklou.gr\/product\/secret-key-marine-racoony-hydro-gel-eye-multi-patch\/"},"modified":"2026-02-22T18:43:26","modified_gmt":"2026-02-22T16:43:26","slug":"secret-key-marine-racoony-hydro-gel-eye-multi-patch","status":"publish","type":"product","link":"https:\/\/tomyklou.gr\/de\/product\/secret-key-marine-racoony-hydro-gel-eye-multi-patch\/","title":{"rendered":"Secret Key Marine Racoony Hydro Gel Eye &amp; Multi Patch"},"content":{"rendered":"<h3>Anwendung<\/h3>\n<ol>\n<li>Reinigen Sie die Haut.<\/li>\n<li>Gebrauchen Sie ein komplettes Patch auf dem Gesicht oder halbieren Sie es, um es unter den Augen anzubringen.<\/li>\n<li>Nehmen Sie es nach <strong>20-30<\/strong> Minuten wieder ab und arbeiten Sie die restliche Essenz sanft in die Haut ein, bis es vollst\u00e4ndig eingezogen ist.<\/li>\n<\/ol>\n<h3>Inhaltsstoffe<\/h3>\n<p>Water, Glycerin, Dipropylene Glycol, Carrageenan, Ceratonia Siliqua (Carob) Gum, Butylene Glycol, Glucose, Sodium Hyaluronate, Potassium Chloride, Hydroxyethylcellulose, Colloidal Gold (100 ppm%), Cyamopsis Tetrafonoloba (Guar) Gum, Ethylhexylglycerin, Mica, Chromium Oxide Greens, Synthetic Fluorphlogopite, Disodium EDTA, Fragrance, Aloe Barbadensis Leaf Extract, Citrus Unshiu Peel Extract, Camellia Sinensis Leaf Extract, Melaleuca Alternnifolia (Tea Tree) Leaf Water, Eucalyptus Globulus Leaf Extract, Hydrolyzed Collagen, Glycine Soja (Soybean) Seed Extract, Cl 77499, Ecklonia Caca Extract, Gelidium Amansii Extract, Hikikia Fusiforme Extract, Sargassum Fulvellum Extract, Undaria Pinnatifida Extract, Titanium Dioxide<\/p>\n<h3>Warnhinweise<\/h3>\n<ol>\n<li>Nur zur \u00e4u\u00dferlichen Anwendung geeignet.<\/li>\n<li>Nicht auf verletzte Haut oder auf Wunden auftragen.<\/li>\n<li>Sollten Nebenwirkungen wie Irritationen oder Ausschlag eintreten, Anwendung sofort beenden und unverz\u00fcglich an einen Arzt wenden.<\/li>\n<li>Kontakt mit den Augen vermeiden. Sollte das Produkt ins Auge gelangen, das Auge sofort gr\u00fcndlich mit klarem Wasser aussp\u00fclen.<\/li>\n<li>Au\u00dfer Reichweite von Kindern aufbewahren.<\/li>\n<li>Nicht schlucken. Bei Verschlucken Arzt oder Giftzentrale aufsuchen.<\/li>\n<\/ol>\n","protected":false},"excerpt":{"rendered":"<p><strong>Secret Key<\/strong>\u00a0Marine Racoony Hydro Gel Eye &amp; Multi Patch enth\u00e4lt Fisch-Kollagen, Algen, Chlorella, Johannisbrotbohnen und andere nat\u00fcrliche Inhaltsstoffe. Das Hydrogel haftet fest auf der Haut und sorgt f\u00fcr einen schnellen Transport der Feuchtigkeit. Die weiche Geltextur vitalisiert die trockene und m\u00fcde Haut mit Hilfe von elastischem 24K Gold und einem Meereskomplex. L\u00f6sen Sie das Pflaster in hei\u00dfem Wasser, um die L\u00f6sung als feuchtigkeitsspendende und beruhigende Essenz f\u00fcr die Haut zu verwenden.<\/p>\n","protected":false},"featured_media":7255,"comment_status":"open","ping_status":"closed","template":"","meta":{"content-type":"","site-sidebar-layout":"default","site-content-layout":"default","ast-site-content-layout":"default","site-content-style":"default","site-sidebar-style":"default","ast-global-header-display":"","ast-banner-title-visibility":"","ast-main-header-display":"","ast-hfb-above-header-display":"","ast-hfb-below-header-display":"","ast-hfb-mobile-header-display":"","site-post-title":"","ast-breadcrumbs-content":"","ast-featured-img":"","footer-sml-layout":"","ast-disable-related-posts":"","theme-transparent-header-meta":"default","adv-header-id-meta":"","stick-header-meta":"","header-above-stick-meta":"","header-main-stick-meta":"","header-below-stick-meta":"","astra-migrate-meta-layouts":"set","ast-page-background-enabled":"default","ast-page-background-meta":{"desktop":{"background-color":"","background-image":"","background-repeat":"repeat","background-position":"center center","background-size":"auto","background-attachment":"scroll","background-type":"","background-media":"","overlay-type":"","overlay-color":"","overlay-opacity":"","overlay-gradient":""},"tablet":{"background-color":"","background-image":"","background-repeat":"repeat","background-position":"center center","background-size":"auto","background-attachment":"scroll","background-type":"","background-media":"","overlay-type":"","overlay-color":"","overlay-opacity":"","overlay-gradient":""},"mobile":{"background-color":"","background-image":"","background-repeat":"repeat","background-position":"center center","background-size":"auto","background-attachment":"scroll","background-type":"","background-media":"","overlay-type":"","overlay-color":"","overlay-opacity":"","overlay-gradient":""}},"ast-content-background-meta":{"desktop":{"background-color":"var(--ast-global-color-5)","background-image":"","background-repeat":"repeat","background-position":"center center","background-size":"auto","background-attachment":"scroll","background-type":"","background-media":"","overlay-type":"","overlay-color":"","overlay-opacity":"","overlay-gradient":""},"tablet":{"background-color":"var(--ast-global-color-5)","background-image":"","background-repeat":"repeat","background-position":"center center","background-size":"auto","background-attachment":"scroll","background-type":"","background-media":"","overlay-type":"","overlay-color":"","overlay-opacity":"","overlay-gradient":""},"mobile":{"background-color":"var(--ast-global-color-5)","background-image":"","background-repeat":"repeat","background-position":"center center","background-size":"auto","background-attachment":"scroll","background-type":"","background-media":"","overlay-type":"","overlay-color":"","overlay-opacity":"","overlay-gradient":""}}},"product_brand":[],"product_cat":[320,321,165,31],"product_tag":[67],"class_list":{"0":"post-7258","1":"product","2":"type-product","3":"status-publish","4":"has-post-thumbnail","6":"product_cat-augenpflege","7":"product_cat-spezialbehandlung","8":"product_cat-secret-key","9":"product_cat-gesicht","10":"product_tag-spezialbehandlung","11":"desktop-align-center","12":"tablet-align-center","13":"mobile-align-center","15":"first","16":"outofstock","17":"taxable","18":"shipping-taxable","19":"purchasable","20":"product-type-simple"},"_links":{"self":[{"href":"https:\/\/tomyklou.gr\/de\/wp-json\/wp\/v2\/product\/7258","targetHints":{"allow":["GET"]}}],"collection":[{"href":"https:\/\/tomyklou.gr\/de\/wp-json\/wp\/v2\/product"}],"about":[{"href":"https:\/\/tomyklou.gr\/de\/wp-json\/wp\/v2\/types\/product"}],"replies":[{"embeddable":true,"href":"https:\/\/tomyklou.gr\/de\/wp-json\/wp\/v2\/comments?post=7258"}],"wp:featuredmedia":[{"embeddable":true,"href":"https:\/\/tomyklou.gr\/de\/wp-json\/wp\/v2\/media\/7255"}],"wp:attachment":[{"href":"https:\/\/tomyklou.gr\/de\/wp-json\/wp\/v2\/media?parent=7258"}],"wp:term":[{"taxonomy":"product_brand","embeddable":true,"href":"https:\/\/tomyklou.gr\/de\/wp-json\/wp\/v2\/product_brand?post=7258"},{"taxonomy":"product_cat","embeddable":true,"href":"https:\/\/tomyklou.gr\/de\/wp-json\/wp\/v2\/product_cat?post=7258"},{"taxonomy":"product_tag","embeddable":true,"href":"https:\/\/tomyklou.gr\/de\/wp-json\/wp\/v2\/product_tag?post=7258"}],"curies":[{"name":"wp","href":"https:\/\/api.w.org\/{rel}","templated":true}]}}