{"id":7264,"date":"2023-07-05T22:58:51","date_gmt":"2023-07-05T20:58:51","guid":{"rendered":"https:\/\/tomyklou.gr\/product\/dr-jart-cicapair-calming-mask-5ea\/"},"modified":"2026-02-22T18:43:26","modified_gmt":"2026-02-22T16:43:26","slug":"dr-jart-cicapair-intensive-soothing-repair-serum-mask-5ea","status":"publish","type":"product","link":"https:\/\/tomyklou.gr\/de\/product\/dr-jart-cicapair-intensive-soothing-repair-serum-mask-5ea\/","title":{"rendered":"Dr.Jart Cicapair Intensive Soothing Repair Serum Mask (5ea)"},"content":{"rendered":"<h3>Anwendung<\/h3>\n<ol>\n<li>Folie entfernen und Sheet-Maske auf die gereinigte Haut auflegen.<\/li>\n<li>F\u00fcr 15 bis 20 Minuten einwirken lassen, dann vorsichtig entfernen. Nicht abwaschen!<\/li>\n<li>Das zur\u00fcckgebliebene Serum in die Haut tupfen bis es v\u00f6llig eingezogen ist.<\/li>\n<\/ol>\n<h3>Inhaltsstoffe<\/h3>\n<p>Water, Glycerin, 1,2-Hexanediol, Ceratonia Siliqua Gum, Chondrus Crispus (Carrageenan) Extract, PEG-60 Hydrogenated Castor Oil, Cetyl Ethylhexanoate, Phenyl Trimethicone, Allantoin, Beta-Glucan, Dipotassium Glycyrrhizate, Agar, Adenosine, Butylene Glycol, Disodium EDTA, Glyceryl Polymethacrylate, Potassium Hydroxide, Geranium Maculatum Oil, Citrus Limon (Lemon) Peel Oil, Citrus Aurantium Dulcis (Orange) Peel Oil, Propylene Glycol, Ubiquinone, Palmitoyl Tripeptide-1<\/p>\n<h3>Warnhinweise<\/h3>\n<ol>\n<li>Nur zur \u00e4u\u00dferlichen Anwendung geeignet.<\/li>\n<li>Nicht auf verletzte Haut oder auf Wunden auftragen.<\/li>\n<li>Sollten Nebenwirkungen wie Irritationen oder Ausschlag eintreten, Anwendung sofort beenden und unverz\u00fcglich an einen Arzt wenden.<\/li>\n<li>Kontakt mit den Augen vermeiden. Sollte das Produkt ins Auge gelangen, das Auge sofort gr\u00fcndlich mit klarem Wasser aussp\u00fclen.<\/li>\n<li>Au\u00dfer Reichweite von Kindern aufbewahren.<\/li>\n<li>Nicht schlucken. Bei Verschlucken Arzt oder Giftzentrale aufsuchen.<\/li>\n<\/ol>\n","protected":false},"excerpt":{"rendered":"<p>Die<strong> Dr. Jart +<\/strong> Cicapair Beruhigungsmaske ist eine perfekte Erg\u00e4nzung Ihrer Routine, wenn Sie ein sofortiges beruhigendes Gef\u00fchl suchen. Die Maske beruhigt entz\u00fcndete Haut und sorgt gleichzeitig f\u00fcr Feuchtigkeit.<\/p>\n<p>Hast Du gewusst? Centella Asiatica ist auch als Tigergras bekannt, da Tiger gerne durch die Pflanzen rollen, wenn sie verwundet sind, um die Wundheilung und die schnelle Genesung zu f\u00f6rdern.<\/p>\n<p>Zutaten, die wir lieben:<\/p>\n<p><strong>Niacinamid<\/strong>: Verhindert die Auswirkungen des Alterns in der Haut, indem es die Synthese von Ceramiden stimuliert, die Hautbarriere verbessert, dunkle Flecken verblasst und feine Linien und Falten verringert.<br \/>\n<strong>Allantoin<\/strong>: Beruhigender Weichmacher mit hautweichmachenden, sch\u00fctzenden und wundheilenden Eigenschaften. Nat\u00fcrlich in der Beinwellpflanze zu finden.<br \/>\n<strong>Centella Asiatica Extrakt<\/strong>: Heilende, entz\u00fcndungshemmende Pflanze. Stimuliert die Synthese von Hyalurons\u00e4ure, einem starken Antioxidans, das die Haut mit Feuchtigkeit versorgt.<br \/>\nDiese Maske ist Teil der <strong>Dr.Jart +<\/strong> Cicapair-Kollektion. Alle Hydrium-Produkte sind mit dem Panthenol formuliert, um die Haut zu sch\u00fctzen.<\/p>\n","protected":false},"featured_media":10446,"comment_status":"open","ping_status":"closed","template":"","meta":{"content-type":"","site-sidebar-layout":"default","site-content-layout":"default","ast-site-content-layout":"default","site-content-style":"default","site-sidebar-style":"default","ast-global-header-display":"","ast-banner-title-visibility":"","ast-main-header-display":"","ast-hfb-above-header-display":"","ast-hfb-below-header-display":"","ast-hfb-mobile-header-display":"","site-post-title":"","ast-breadcrumbs-content":"","ast-featured-img":"","footer-sml-layout":"","ast-disable-related-posts":"","theme-transparent-header-meta":"default","adv-header-id-meta":"","stick-header-meta":"","header-above-stick-meta":"","header-main-stick-meta":"","header-below-stick-meta":"","astra-migrate-meta-layouts":"set","ast-page-background-enabled":"default","ast-page-background-meta":{"desktop":{"background-color":"","background-image":"","background-repeat":"repeat","background-position":"center center","background-size":"auto","background-attachment":"scroll","background-type":"","background-media":"","overlay-type":"","overlay-color":"","overlay-opacity":"","overlay-gradient":""},"tablet":{"background-color":"","background-image":"","background-repeat":"repeat","background-position":"center center","background-size":"auto","background-attachment":"scroll","background-type":"","background-media":"","overlay-type":"","overlay-color":"","overlay-opacity":"","overlay-gradient":""},"mobile":{"background-color":"","background-image":"","background-repeat":"repeat","background-position":"center center","background-size":"auto","background-attachment":"scroll","background-type":"","background-media":"","overlay-type":"","overlay-color":"","overlay-opacity":"","overlay-gradient":""}},"ast-content-background-meta":{"desktop":{"background-color":"var(--ast-global-color-5)","background-image":"","background-repeat":"repeat","background-position":"center center","background-size":"auto","background-attachment":"scroll","background-type":"","background-media":"","overlay-type":"","overlay-color":"","overlay-opacity":"","overlay-gradient":""},"tablet":{"background-color":"var(--ast-global-color-5)","background-image":"","background-repeat":"repeat","background-position":"center center","background-size":"auto","background-attachment":"scroll","background-type":"","background-media":"","overlay-type":"","overlay-color":"","overlay-opacity":"","overlay-gradient":""},"mobile":{"background-color":"var(--ast-global-color-5)","background-image":"","background-repeat":"repeat","background-position":"center center","background-size":"auto","background-attachment":"scroll","background-type":"","background-media":"","overlay-type":"","overlay-color":"","overlay-opacity":"","overlay-gradient":""}}},"product_brand":[],"product_cat":[316,319,131,31],"product_tag":[34],"class_list":{"0":"post-7264","1":"product","2":"type-product","3":"status-publish","4":"has-post-thumbnail","6":"product_cat-gesichtsmaske","7":"product_cat-gesichtsserum","8":"product_cat-dr-jart","9":"product_cat-gesicht","10":"product_tag-sheet","11":"desktop-align-center","12":"tablet-align-center","13":"mobile-align-center","15":"first","16":"outofstock","17":"taxable","18":"shipping-taxable","19":"purchasable","20":"product-type-simple"},"_links":{"self":[{"href":"https:\/\/tomyklou.gr\/de\/wp-json\/wp\/v2\/product\/7264","targetHints":{"allow":["GET"]}}],"collection":[{"href":"https:\/\/tomyklou.gr\/de\/wp-json\/wp\/v2\/product"}],"about":[{"href":"https:\/\/tomyklou.gr\/de\/wp-json\/wp\/v2\/types\/product"}],"replies":[{"embeddable":true,"href":"https:\/\/tomyklou.gr\/de\/wp-json\/wp\/v2\/comments?post=7264"}],"wp:featuredmedia":[{"embeddable":true,"href":"https:\/\/tomyklou.gr\/de\/wp-json\/wp\/v2\/media\/10446"}],"wp:attachment":[{"href":"https:\/\/tomyklou.gr\/de\/wp-json\/wp\/v2\/media?parent=7264"}],"wp:term":[{"taxonomy":"product_brand","embeddable":true,"href":"https:\/\/tomyklou.gr\/de\/wp-json\/wp\/v2\/product_brand?post=7264"},{"taxonomy":"product_cat","embeddable":true,"href":"https:\/\/tomyklou.gr\/de\/wp-json\/wp\/v2\/product_cat?post=7264"},{"taxonomy":"product_tag","embeddable":true,"href":"https:\/\/tomyklou.gr\/de\/wp-json\/wp\/v2\/product_tag?post=7264"}],"curies":[{"name":"wp","href":"https:\/\/api.w.org\/{rel}","templated":true}]}}