{"id":7270,"date":"2023-07-05T22:58:53","date_gmt":"2023-07-05T20:58:53","guid":{"rendered":"https:\/\/tomyklou.gr\/product\/dr-jart-shaking-rubber-soothing-shot\/"},"modified":"2026-02-22T18:43:26","modified_gmt":"2026-02-22T16:43:26","slug":"dr-jart-shaking-rubber-soothing-shot","status":"publish","type":"product","link":"https:\/\/tomyklou.gr\/de\/product\/dr-jart-shaking-rubber-soothing-shot-lila\/","title":{"rendered":"Dr. Jart+ Shaking Rubber Soothing Shot Lila"},"content":{"rendered":"<h3>Anwendung<\/h3>\n<ol>\n<li>\u00d6ffnen und entfernen Sie den Spatel vom Deckel.<\/li>\n<li>Kombinieren Sie sowohl STEP 01 Super Booster als auch STEP 02 Liquid Ampoule in der Tasse.<\/li>\n<li>Schlie\u00dfen Sie den Deckel, bedecken Sie das Loch mit Ihrem Finger und sch\u00fctteln Sie es gut, bis es vollst\u00e4ndig vermischt ist.<\/li>\n<li>Tragen Sie mit dem Spatel innerhalb von zwei bis drei Minuten eine gleichm\u00e4\u00dfige Schicht auf das gesamte Gesicht auf (vermeiden Sie Augen und Mund).<\/li>\n<li>15 bis 20 Minuten einwirken lassen.<\/li>\n<li>Beginnen Sie an den R\u00e4ndern und ziehen Sie die Maske vorsichtig ab.<\/li>\n<li>Entfernen Sie \u00fcbersch\u00fcssiges Material mit einem feuchten Baumwolltuch oder -polster.<\/li>\n<li>Folgen Sie Ihrer Hautpflege.<\/li>\n<\/ol>\n<h3>Inhaltsstoffe<\/h3>\n<p>&#8211;<\/p>\n<h3>Warnhinweise<\/h3>\n<ol>\n<li>Nur zur \u00e4u\u00dferlichen Anwendung geeignet.<\/li>\n<li>Nicht auf verletzte Haut oder auf Wunden auftragen.<\/li>\n<li>Sollten Nebenwirkungen wie Irritationen oder Ausschlag eintreten, Anwendung sofort beenden und unverz\u00fcglich an einen Arzt wenden.<\/li>\n<li>Kontakt mit den Augen vermeiden. Sollte das Produkt ins Auge gelangen, das Auge sofort gr\u00fcndlich mit klarem Wasser aussp\u00fclen.<\/li>\n<li>Au\u00dfer Reichweite von Kindern aufbewahren.<\/li>\n<li>Nicht schlucken. Bei Verschlucken Arzt oder Giftzentrale aufsuchen.<\/li>\n<\/ol>\n","protected":false},"excerpt":{"rendered":"<p><strong>Dr.jart<\/strong> Dermask Shake &amp; Shot Gummi Beruhigende Maske beruhigt und repariert den Teint. Die Ampulle der Beruhigenden Maske enth\u00e4lt Vitamin K3 (Menadion) und einen beruhigenden botanischen Komplex zur Beruhigung gereizter Haut. Sch\u00fctteln Sie es einfach und geben Sie empfindlicher Haut einen beruhigenden Schuss.<br \/>\nL\u00f6sung f\u00fcr:<br \/>\n&#8211; Feine Linien und Falten<br \/>\n&#8211; Verlust an Festigkeit und Elastizit\u00e4t<br \/>\n&#8211; Mattheit und ungleichm\u00e4\u00dfige Textur<\/p>\n","protected":false},"featured_media":6851,"comment_status":"open","ping_status":"closed","template":"","meta":{"content-type":"","site-sidebar-layout":"default","site-content-layout":"default","ast-site-content-layout":"default","site-content-style":"default","site-sidebar-style":"default","ast-global-header-display":"","ast-banner-title-visibility":"","ast-main-header-display":"","ast-hfb-above-header-display":"","ast-hfb-below-header-display":"","ast-hfb-mobile-header-display":"","site-post-title":"","ast-breadcrumbs-content":"","ast-featured-img":"","footer-sml-layout":"","ast-disable-related-posts":"","theme-transparent-header-meta":"default","adv-header-id-meta":"","stick-header-meta":"","header-above-stick-meta":"","header-main-stick-meta":"","header-below-stick-meta":"","astra-migrate-meta-layouts":"default","ast-page-background-enabled":"default","ast-page-background-meta":{"desktop":{"background-color":"","background-image":"","background-repeat":"repeat","background-position":"center center","background-size":"auto","background-attachment":"scroll","background-type":"","background-media":"","overlay-type":"","overlay-color":"","overlay-opacity":"","overlay-gradient":""},"tablet":{"background-color":"","background-image":"","background-repeat":"repeat","background-position":"center center","background-size":"auto","background-attachment":"scroll","background-type":"","background-media":"","overlay-type":"","overlay-color":"","overlay-opacity":"","overlay-gradient":""},"mobile":{"background-color":"","background-image":"","background-repeat":"repeat","background-position":"center center","background-size":"auto","background-attachment":"scroll","background-type":"","background-media":"","overlay-type":"","overlay-color":"","overlay-opacity":"","overlay-gradient":""}},"ast-content-background-meta":{"desktop":{"background-color":"var(--ast-global-color-5)","background-image":"","background-repeat":"repeat","background-position":"center center","background-size":"auto","background-attachment":"scroll","background-type":"","background-media":"","overlay-type":"","overlay-color":"","overlay-opacity":"","overlay-gradient":""},"tablet":{"background-color":"var(--ast-global-color-5)","background-image":"","background-repeat":"repeat","background-position":"center center","background-size":"auto","background-attachment":"scroll","background-type":"","background-media":"","overlay-type":"","overlay-color":"","overlay-opacity":"","overlay-gradient":""},"mobile":{"background-color":"var(--ast-global-color-5)","background-image":"","background-repeat":"repeat","background-position":"center center","background-size":"auto","background-attachment":"scroll","background-type":"","background-media":"","overlay-type":"","overlay-color":"","overlay-opacity":"","overlay-gradient":""}}},"product_brand":[],"product_cat":[316,131,31],"product_tag":[34],"class_list":{"0":"post-7270","1":"product","2":"type-product","3":"status-publish","4":"has-post-thumbnail","6":"product_cat-gesichtsmaske","7":"product_cat-dr-jart","8":"product_cat-gesicht","9":"product_tag-sheet","10":"desktop-align-center","11":"tablet-align-center","12":"mobile-align-center","14":"first","15":"outofstock","16":"taxable","17":"shipping-taxable","18":"purchasable","19":"product-type-simple"},"_links":{"self":[{"href":"https:\/\/tomyklou.gr\/de\/wp-json\/wp\/v2\/product\/7270","targetHints":{"allow":["GET"]}}],"collection":[{"href":"https:\/\/tomyklou.gr\/de\/wp-json\/wp\/v2\/product"}],"about":[{"href":"https:\/\/tomyklou.gr\/de\/wp-json\/wp\/v2\/types\/product"}],"replies":[{"embeddable":true,"href":"https:\/\/tomyklou.gr\/de\/wp-json\/wp\/v2\/comments?post=7270"}],"wp:featuredmedia":[{"embeddable":true,"href":"https:\/\/tomyklou.gr\/de\/wp-json\/wp\/v2\/media\/6851"}],"wp:attachment":[{"href":"https:\/\/tomyklou.gr\/de\/wp-json\/wp\/v2\/media?parent=7270"}],"wp:term":[{"taxonomy":"product_brand","embeddable":true,"href":"https:\/\/tomyklou.gr\/de\/wp-json\/wp\/v2\/product_brand?post=7270"},{"taxonomy":"product_cat","embeddable":true,"href":"https:\/\/tomyklou.gr\/de\/wp-json\/wp\/v2\/product_cat?post=7270"},{"taxonomy":"product_tag","embeddable":true,"href":"https:\/\/tomyklou.gr\/de\/wp-json\/wp\/v2\/product_tag?post=7270"}],"curies":[{"name":"wp","href":"https:\/\/api.w.org\/{rel}","templated":true}]}}