{"id":7285,"date":"2023-07-05T22:58:57","date_gmt":"2023-07-05T20:58:57","guid":{"rendered":"https:\/\/tomyklou.gr\/product\/etude-moistfull-eye-cream-28ml\/"},"modified":"2026-02-22T18:43:26","modified_gmt":"2026-02-22T16:43:26","slug":"etude-moistfull-eye-cream-28ml","status":"publish","type":"product","link":"https:\/\/tomyklou.gr\/de\/product\/etude-house-moistfull-eye-cream-28ml\/","title":{"rendered":"Etude Moistfull Eye Cream 28ml"},"content":{"rendered":"<h3>Anwendung<\/h3>\n<ol>\n<li>Eine angemessene Menge auf die gereinigte Haut in der Augenregion auftragen.<\/li>\n<li>In die Haut tupfen, bis die Augencreme v\u00f6llig eingezogen ist.<\/li>\n<li>Morgens und \u00fcber Nacht anwenden.<\/li>\n<\/ol>\n<h3>Inhaltsstoffe<\/h3>\n<p>Hydrolyzed Collagen, Glycerin, Butylene Glycol, Hydrogenated Poly(C6-14 Olefin), Limnanthes Alba (Meadowfoam) Seed Oil, Hydrogenated Castor Oil Isostearate, Dimethicone, Behenyl Alcohol, Adansonia Digitata Fruit Extract, Adansonia Digitata Seed Oil, Glyceryl Stearate, Cetearyl Alcohol, Acrylates\/C10-30 Alkyl Acrylate Crosspolymer, Ammonium Acryloyldimethyltaurate\/Vp Copolymer, Ethylhexylglycerin, Alcohol, Water, Carbomer, Kaolin, Phenoxyethanol, Poloxamer 407, Polyglyceryl-3 Methylglucose Distearate, Peg-100 Stearate, Phytantriol, Tromethamine, Fragrance<\/p>\n<h3>Warnhinweise<\/h3>\n<ol>\n<li>Nur zur \u00e4u\u00dferlichen Anwendung geeignet.<\/li>\n<li>Nicht auf verletzte Haut oder auf Wunden auftragen.<\/li>\n<li>Sollten Nebenwirkungen wie Irritationen oder Ausschlag eintreten, Anwendung sofort beenden und unverz\u00fcglich an einen Arzt wenden.<\/li>\n<li>Kontakt mit den Augen vermeiden. Sollte das Produkt ins Auge gelangen, das Auge sofort gr\u00fcndlich mit klarem Wasser aussp\u00fclen.<\/li>\n<li>Au\u00dfer Reichweite von Kindern aufbewahren.<\/li>\n<li>Nicht schlucken. Bei Verschlucken Arzt oder Giftzentrale aufsuchen.<\/li>\n<\/ol>\n","protected":false},"excerpt":{"rendered":"<p>Verhindern Sie das Entstehen feiner F\u00e4ltchen und versorgen Sie die Haut mit Feuchtigkeit mit dieser mit Kollagen angereicherten Augencreme. Sie besteht aus kleinen Partikeln, die leicht von der Haut aufgenommen werden k\u00f6nnen, um in der Tiefe mit Feuchtigkeit und N\u00e4hrstoffen zu versorgen. Diese leichte Augencreme, die die Zeit zur\u00fcckdrehen kann, bringt die nat\u00fcrliche Sch\u00f6nheit Ihrer Haut hervor, indem Sie die zarte Haut um Ihre Augen strafft ohne die Poren zu verstopfen.<\/p>\n<ul>\n<li><em><strong>Wiesenschaumkraut\u00f6l<\/strong><\/em>\u00a0speichert Feuchtigkeit, indem eine sch\u00fctzende Barriere geschaffen wird, die verhindert, das Umweltfaktoren zu einer Austrocknung f\u00fchren.<\/li>\n<li><em><strong>Hydrolisiertes Kollagen<\/strong><\/em>\u00a0wird leicht von der Haut aufgenommen und ist bekannt daf\u00fcr feine Falten zu reduzieren.<\/li>\n<li><em><strong>Baobab Wasser<\/strong><\/em>\u00a0gewonnen aus dem\u00a0<em>Baobabbaum<\/em>, auch bekannt als Baum des Lebens, hilft gegen juckende und irritierte Haut und hat anti-entz\u00fcndungs Eigenschaften.<\/li>\n<\/ul>\n","protected":false},"featured_media":6867,"comment_status":"open","ping_status":"closed","template":"","meta":{"content-type":"","site-sidebar-layout":"default","site-content-layout":"default","ast-site-content-layout":"default","site-content-style":"default","site-sidebar-style":"default","ast-global-header-display":"","ast-banner-title-visibility":"","ast-main-header-display":"","ast-hfb-above-header-display":"","ast-hfb-below-header-display":"","ast-hfb-mobile-header-display":"","site-post-title":"","ast-breadcrumbs-content":"","ast-featured-img":"","footer-sml-layout":"","ast-disable-related-posts":"","theme-transparent-header-meta":"default","adv-header-id-meta":"","stick-header-meta":"","header-above-stick-meta":"","header-main-stick-meta":"","header-below-stick-meta":"","astra-migrate-meta-layouts":"set","ast-page-background-enabled":"default","ast-page-background-meta":{"desktop":{"background-color":"","background-image":"","background-repeat":"repeat","background-position":"center center","background-size":"auto","background-attachment":"scroll","background-type":"","background-media":"","overlay-type":"","overlay-color":"","overlay-opacity":"","overlay-gradient":""},"tablet":{"background-color":"","background-image":"","background-repeat":"repeat","background-position":"center center","background-size":"auto","background-attachment":"scroll","background-type":"","background-media":"","overlay-type":"","overlay-color":"","overlay-opacity":"","overlay-gradient":""},"mobile":{"background-color":"","background-image":"","background-repeat":"repeat","background-position":"center center","background-size":"auto","background-attachment":"scroll","background-type":"","background-media":"","overlay-type":"","overlay-color":"","overlay-opacity":"","overlay-gradient":""}},"ast-content-background-meta":{"desktop":{"background-color":"var(--ast-global-color-5)","background-image":"","background-repeat":"repeat","background-position":"center center","background-size":"auto","background-attachment":"scroll","background-type":"","background-media":"","overlay-type":"","overlay-color":"","overlay-opacity":"","overlay-gradient":""},"tablet":{"background-color":"var(--ast-global-color-5)","background-image":"","background-repeat":"repeat","background-position":"center center","background-size":"auto","background-attachment":"scroll","background-type":"","background-media":"","overlay-type":"","overlay-color":"","overlay-opacity":"","overlay-gradient":""},"mobile":{"background-color":"var(--ast-global-color-5)","background-image":"","background-repeat":"repeat","background-position":"center center","background-size":"auto","background-attachment":"scroll","background-type":"","background-media":"","overlay-type":"","overlay-color":"","overlay-opacity":"","overlay-gradient":""}}},"product_brand":[],"product_cat":[320,134,31],"product_tag":[],"class_list":{"0":"post-7285","1":"product","2":"type-product","3":"status-publish","4":"has-post-thumbnail","6":"product_cat-augenpflege","7":"product_cat-etude","8":"product_cat-gesicht","9":"desktop-align-center","10":"tablet-align-center","11":"mobile-align-center","13":"first","14":"outofstock","15":"taxable","16":"shipping-taxable","17":"purchasable","18":"product-type-simple"},"_links":{"self":[{"href":"https:\/\/tomyklou.gr\/de\/wp-json\/wp\/v2\/product\/7285","targetHints":{"allow":["GET"]}}],"collection":[{"href":"https:\/\/tomyklou.gr\/de\/wp-json\/wp\/v2\/product"}],"about":[{"href":"https:\/\/tomyklou.gr\/de\/wp-json\/wp\/v2\/types\/product"}],"replies":[{"embeddable":true,"href":"https:\/\/tomyklou.gr\/de\/wp-json\/wp\/v2\/comments?post=7285"}],"wp:featuredmedia":[{"embeddable":true,"href":"https:\/\/tomyklou.gr\/de\/wp-json\/wp\/v2\/media\/6867"}],"wp:attachment":[{"href":"https:\/\/tomyklou.gr\/de\/wp-json\/wp\/v2\/media?parent=7285"}],"wp:term":[{"taxonomy":"product_brand","embeddable":true,"href":"https:\/\/tomyklou.gr\/de\/wp-json\/wp\/v2\/product_brand?post=7285"},{"taxonomy":"product_cat","embeddable":true,"href":"https:\/\/tomyklou.gr\/de\/wp-json\/wp\/v2\/product_cat?post=7285"},{"taxonomy":"product_tag","embeddable":true,"href":"https:\/\/tomyklou.gr\/de\/wp-json\/wp\/v2\/product_tag?post=7285"}],"curies":[{"name":"wp","href":"https:\/\/api.w.org\/{rel}","templated":true}]}}