{"id":7306,"date":"2023-07-05T22:59:10","date_gmt":"2023-07-05T20:59:10","guid":{"rendered":"https:\/\/tomyklou.gr\/product\/missha-bee-pollen-renew-ampouler-40ml\/"},"modified":"2026-02-22T18:42:21","modified_gmt":"2026-02-22T16:42:21","slug":"missha-bee-pollen-renew-ampouler-40ml","status":"publish","type":"product","link":"https:\/\/tomyklou.gr\/de\/product\/missha-bee-pollen-renew-ampouler-40ml\/","title":{"rendered":"Missha Bee Pollen Renew Ampouler 40ml"},"content":{"rendered":"<h3>Anwendung<\/h3>\n<ol>\n<li>Morgens und abends 2-3 Tropfen auf die saubere Haut geben.<\/li>\n<li>Das Produkt sanft in die Poren tupfen, bis es vollst\u00e4ndig eingezogen ist.<\/li>\n<\/ol>\n<h3>Inhaltsstoffe<\/h3>\n<p>Pollen Extract, Glycerin, Water, Propanediol, Butylene Glycol, Glycereth-26, Methyl Trimethicone, Dipropylene Glycol, Niacinamide, C14-22 Alcohols, Dimethicone, Octyldodecanol, Panthenol, 1,2-Hexanediol, Glyceryl Stearate, Hydroxyethyl Urea, Chondrus Crispus Extract, Hydroxyethyl Acrylate\/Sodium Acryloyldimethyl Taurate Copolymer, Choleth-24, C12-20 Alkyl Glucoside, Saccharum Officinarum (Sugarcane) Extract, Diphenyl Dimethicone, Triethylhexanoin, Sodium Polyacrylate, Hydrogenated Lecithin, Carbomer, Glyceryl Acrylate\/Acrylic Acid Copolymer, Caprylic\/Capric Triglyceride, Caprylyl Glycol, Tromethamine, Adenosine, Polysorbate 60, Sorbitan Isostearate, Helianthus Annuus (Sunflower) Seed Oil, Citric Acid, Disodium EDTA, Lavandula Angustifolia (Lavender) Oil, Ceramide NP, Dextrin, Theobroma Cacao (Cocoa) Seed Extract, Royal Jelly Extract, Pelargonium Graveolens Flower Oil, Anthemis Nobilis Flower Oil, Cananga Odorata Flower Oil, Citrus Aurantium Bergamia (Bergamot) Fruit Oil, Honey Extract, Rosa Damascena Flower Oil, Leontopodium Alpinum Callus Culture Extract, Aspalathus Linearis Leaf Extract, Anthemis Nobilis Flower Extract, Propolis Extract, Butyrospermum Parkii (Shea) Butter, Chrysanthemum Boreale Flower Extract, Ethylhexylglycerin, Sodium Hyaluronate, Phenethyl Alcohol, Maltodextrin, Hydrolyzed Royal Jelly Protein<\/p>\n<h3>Warnhinweise<\/h3>\n<ol>\n<li>Nur zur \u00e4u\u00dferlichen Anwendung geeignet.<\/li>\n<li>Nicht auf verletzte Haut oder auf Wunden auftragen.<\/li>\n<li>Sollten Nebenwirkungen wie Irritationen oder Ausschlag eintreten, Anwendung sofort beenden und unverz\u00fcglich an einen Arzt wenden.<\/li>\n<li>Kontakt mit den Augen vermeiden. Sollte das Produkt ins Auge gelangen, das Auge sofort gr\u00fcndlich mit klarem Wasser aussp\u00fclen.<\/li>\n<li>Au\u00dfer Reichweite von Kindern aufbewahren.<\/li>\n<li>Nicht schlucken. Bei Verschlucken Arzt oder Giftzentrale aufsuchen.<\/li>\n<\/ol>\n","protected":false},"excerpt":{"rendered":"<p><strong>Missha<\/strong>\u00a0Bee Pollen Renew Ampouler wurde hergestellt, um st\u00e4rkere Wirkstoffe tiefer in die Haut zu bringen. Diese Ampulle enth\u00e4lt 42% Bienen-Pollenextrakt, welches dabei hilft, die gesch\u00e4digte Haut zu reparieren und die Feuchtigkeit der Haut wiederherzustellen.<\/p>\n","protected":false},"featured_media":7304,"comment_status":"open","ping_status":"closed","template":"","meta":{"content-type":"","site-sidebar-layout":"default","site-content-layout":"default","ast-site-content-layout":"default","site-content-style":"default","site-sidebar-style":"default","ast-global-header-display":"","ast-banner-title-visibility":"","ast-main-header-display":"","ast-hfb-above-header-display":"","ast-hfb-below-header-display":"","ast-hfb-mobile-header-display":"","site-post-title":"","ast-breadcrumbs-content":"","ast-featured-img":"","footer-sml-layout":"","ast-disable-related-posts":"","theme-transparent-header-meta":"default","adv-header-id-meta":"","stick-header-meta":"","header-above-stick-meta":"","header-main-stick-meta":"","header-below-stick-meta":"","astra-migrate-meta-layouts":"default","ast-page-background-enabled":"default","ast-page-background-meta":{"desktop":{"background-color":"","background-image":"","background-repeat":"repeat","background-position":"center center","background-size":"auto","background-attachment":"scroll","background-type":"","background-media":"","overlay-type":"","overlay-color":"","overlay-opacity":"","overlay-gradient":""},"tablet":{"background-color":"","background-image":"","background-repeat":"repeat","background-position":"center center","background-size":"auto","background-attachment":"scroll","background-type":"","background-media":"","overlay-type":"","overlay-color":"","overlay-opacity":"","overlay-gradient":""},"mobile":{"background-color":"","background-image":"","background-repeat":"repeat","background-position":"center center","background-size":"auto","background-attachment":"scroll","background-type":"","background-media":"","overlay-type":"","overlay-color":"","overlay-opacity":"","overlay-gradient":""}},"ast-content-background-meta":{"desktop":{"background-color":"var(--ast-global-color-5)","background-image":"","background-repeat":"repeat","background-position":"center center","background-size":"auto","background-attachment":"scroll","background-type":"","background-media":"","overlay-type":"","overlay-color":"","overlay-opacity":"","overlay-gradient":""},"tablet":{"background-color":"var(--ast-global-color-5)","background-image":"","background-repeat":"repeat","background-position":"center center","background-size":"auto","background-attachment":"scroll","background-type":"","background-media":"","overlay-type":"","overlay-color":"","overlay-opacity":"","overlay-gradient":""},"mobile":{"background-color":"var(--ast-global-color-5)","background-image":"","background-repeat":"repeat","background-position":"center center","background-size":"auto","background-attachment":"scroll","background-type":"","background-media":"","overlay-type":"","overlay-color":"","overlay-opacity":"","overlay-gradient":""}}},"product_brand":[],"product_cat":[317,158,31],"product_tag":[],"class_list":{"0":"post-7306","1":"product","2":"type-product","3":"status-publish","4":"has-post-thumbnail","6":"product_cat-essence-serum-oel","7":"product_cat-missha","8":"product_cat-gesicht","9":"desktop-align-center","10":"tablet-align-center","11":"mobile-align-center","13":"first","14":"outofstock","15":"taxable","16":"shipping-taxable","17":"purchasable","18":"product-type-simple"},"_links":{"self":[{"href":"https:\/\/tomyklou.gr\/de\/wp-json\/wp\/v2\/product\/7306","targetHints":{"allow":["GET"]}}],"collection":[{"href":"https:\/\/tomyklou.gr\/de\/wp-json\/wp\/v2\/product"}],"about":[{"href":"https:\/\/tomyklou.gr\/de\/wp-json\/wp\/v2\/types\/product"}],"replies":[{"embeddable":true,"href":"https:\/\/tomyklou.gr\/de\/wp-json\/wp\/v2\/comments?post=7306"}],"wp:featuredmedia":[{"embeddable":true,"href":"https:\/\/tomyklou.gr\/de\/wp-json\/wp\/v2\/media\/7304"}],"wp:attachment":[{"href":"https:\/\/tomyklou.gr\/de\/wp-json\/wp\/v2\/media?parent=7306"}],"wp:term":[{"taxonomy":"product_brand","embeddable":true,"href":"https:\/\/tomyklou.gr\/de\/wp-json\/wp\/v2\/product_brand?post=7306"},{"taxonomy":"product_cat","embeddable":true,"href":"https:\/\/tomyklou.gr\/de\/wp-json\/wp\/v2\/product_cat?post=7306"},{"taxonomy":"product_tag","embeddable":true,"href":"https:\/\/tomyklou.gr\/de\/wp-json\/wp\/v2\/product_tag?post=7306"}],"curies":[{"name":"wp","href":"https:\/\/api.w.org\/{rel}","templated":true}]}}