{"id":7411,"date":"2023-07-05T23:00:01","date_gmt":"2023-07-05T21:00:01","guid":{"rendered":"https:\/\/tomyklou.gr\/product\/some-by-mi-aha-bha-pha-30-days-miracle-ac-sos-kit\/"},"modified":"2026-02-22T18:42:18","modified_gmt":"2026-02-22T16:42:18","slug":"some-by-mi-aha-bha-pha-30-days-miracle-ac-sos-kit","status":"publish","type":"product","link":"https:\/\/tomyklou.gr\/de\/product\/some-by-mi-aha-bha-pha-30-days-miracle-ac-sos-kit\/","title":{"rendered":"Some By Mi AHA.BHA.PHA 30 Days Miracle AC SOS Kit"},"content":{"rendered":"<h3>Anwendung<\/h3>\n<p><a href=\"https:\/\/tomyklou.gr\/product\/some-by-mi-aha-bha-pha-30-days-miracle-foam\/\"><em>Miracle Acne Foam:<\/em><\/a><\/p>\n<ol>\n<li>Eine geeignete Menge mit sauberen H\u00e4nden auf das nasse Gesicht und den Hals auftragen.<\/li>\n<li>Den Schaum mit kreisenden Bewegungen in die Haut einmassieren.<\/li>\n<li>Das Produkt mit lauwarmem Wasser von der Haut abwaschen und die Haut mit einem sauberen Handtuch trocken tupfen.<\/li>\n<\/ol>\n<p><em><a href=\"https:\/\/tomyklou.gr\/product\/some-by-mi-aha-bha-pha-toner\/\">Miracle Toner<\/a>:<\/em><\/p>\n<ol>\n<li>Eine geeignet Menge auf ein Wattepad geben und damit sanft \u00fcber das Gesicht wischen.<\/li>\n<li>Einziehen lassen und anschlie\u00dfend die Hautpflege-Routine fortsetzen.<\/li>\n<\/ol>\n<p><em><a href=\"https:\/\/tomyklou.gr\/product\/some-by-mi-aha-bha-pha-serum\/\">Miracle Serum<\/a>:<\/em><\/p>\n<ol>\n<li>Eine geeignete Menge direkt nach der Reinigung des Gesichts auftragen.<\/li>\n<li>Serum in die Haut tupfen, bis es vollst\u00e4ndig eingezogen ist.<\/li>\n<li>Morgens und f\u00fcr die Nacht anwenden.<\/li>\n<\/ol>\n<p><em><a href=\"https:\/\/tomyklou.gr\/product\/some-by-mi-aha-bha-pha-cream\/\">Miracle Cream<\/a>:<\/em><\/p>\n<ol>\n<li>Eine geeignete Menge auf die gereinigte (und mit Toner behandelte) Haut auftragen.<\/li>\n<li>In die Haut tupfen, bis die Creme vollst\u00e4ndig eingezogen ist.<\/li>\n<li>Morgens und f\u00fcr die Nacht anwenden.<\/li>\n<\/ol>\n<h3>Inhaltsstoffe<\/h3>\n<p><a href=\"https:\/\/tomyklou.gr\/product\/some-by-mi-aha-bha-pha-30-days-miracle-foam\/\"><em>Miracle Acne Foam<\/em><\/a><\/p>\n<p><em><a href=\"https:\/\/tomyklou.gr\/product\/some-by-mi-aha-bha-pha-toner\/\">Miracle Toner<\/a><\/em><\/p>\n<p><em><a href=\"https:\/\/tomyklou.gr\/product\/some-by-mi-aha-bha-pha-serum\/\">Miracle Serum<\/a><\/em><\/p>\n<p><em><a href=\"https:\/\/tomyklou.gr\/product\/some-by-mi-aha-bha-pha-cream\/\">Miracle Cream<\/a><\/em><\/p>\n<h3>Warnhinweise<\/h3>\n<ol>\n<li>Nur zur \u00e4u\u00dferlichen Anwendung geeignet.<\/li>\n<li>Nicht auf verletzte Haut oder auf Wunden auftragen.<\/li>\n<li>Sollten Nebenwirkungen wie Irritationen oder Ausschlag eintreten, Anwendung sofort beenden und unverz\u00fcglich an einen Arzt wenden.<\/li>\n<li>Kontakt mit den Augen vermeiden. Sollte das Produkt ins Auge gelangen, das Auge sofort gr\u00fcndlich mit klarem Wasser aussp\u00fclen.<\/li>\n<li>Au\u00dfer Reichweite von Kindern aufbewahren.<\/li>\n<li>Nicht schlucken. Bei Verschlucken Arzt oder Giftzentrale aufsuchen.<\/li>\n<\/ol>\n","protected":false},"excerpt":{"rendered":"<p>Das<strong>\u00a0Some By Mi<\/strong>\u00a0AHA BHA PHA 30 Days Miracle AC SOS Kit enth\u00e4lt 4 praktische Kosmetik-Produkte in Reisegr\u00f6\u00dfe, welche die Haut geschmeidiger und reiner machen:<\/p>\n<ul>\n<li><em>Miracle Acne Clear Foam 30ml:<\/em>\u00a0entfernt Verunreinigungen bis tief in den Poren und entfernt \u00fcbersch\u00fcssigen Talg.<\/li>\n<li><em>Miracle Toner 30ml:<\/em>\u00a0beruhigt gereizte Haut, w\u00e4hrend der Toner sanft tote Hautzellen entfernt.<\/li>\n<li><em>Miracle Serum 10ml:<\/em>\u00a0beruhigt gereizte und problematische Haut, w\u00e4hrend es f\u00fcr Feuchtigkeitspflege sorgt, indem es das Verh\u00e4ltnis von Wasser und \u00d6l auf der Haut optimiert.<\/li>\n<li><em>Miracle Cream 20g:<\/em>\u00a0versorgt die Haut mit Feuchtigkeit und st\u00e4rkt die Hautbarriere. Die Creme sch\u00fctzt mit ihrer 4-Cica-Care vor \u00e4u\u00dferen Einfl\u00fcssen.<\/li>\n<\/ul>\n","protected":false},"featured_media":9123,"comment_status":"open","ping_status":"closed","template":"","meta":{"content-type":"","site-sidebar-layout":"default","site-content-layout":"default","ast-site-content-layout":"default","site-content-style":"default","site-sidebar-style":"default","ast-global-header-display":"","ast-banner-title-visibility":"","ast-main-header-display":"","ast-hfb-above-header-display":"","ast-hfb-below-header-display":"","ast-hfb-mobile-header-display":"","site-post-title":"","ast-breadcrumbs-content":"","ast-featured-img":"","footer-sml-layout":"","ast-disable-related-posts":"","theme-transparent-header-meta":"default","adv-header-id-meta":"","stick-header-meta":"","header-above-stick-meta":"","header-main-stick-meta":"","header-below-stick-meta":"","astra-migrate-meta-layouts":"set","ast-page-background-enabled":"default","ast-page-background-meta":{"desktop":{"background-color":"","background-image":"","background-repeat":"repeat","background-position":"center center","background-size":"auto","background-attachment":"scroll","background-type":"","background-media":"","overlay-type":"","overlay-color":"","overlay-opacity":"","overlay-gradient":""},"tablet":{"background-color":"","background-image":"","background-repeat":"repeat","background-position":"center center","background-size":"auto","background-attachment":"scroll","background-type":"","background-media":"","overlay-type":"","overlay-color":"","overlay-opacity":"","overlay-gradient":""},"mobile":{"background-color":"","background-image":"","background-repeat":"repeat","background-position":"center center","background-size":"auto","background-attachment":"scroll","background-type":"","background-media":"","overlay-type":"","overlay-color":"","overlay-opacity":"","overlay-gradient":""}},"ast-content-background-meta":{"desktop":{"background-color":"var(--ast-global-color-5)","background-image":"","background-repeat":"repeat","background-position":"center center","background-size":"auto","background-attachment":"scroll","background-type":"","background-media":"","overlay-type":"","overlay-color":"","overlay-opacity":"","overlay-gradient":""},"tablet":{"background-color":"var(--ast-global-color-5)","background-image":"","background-repeat":"repeat","background-position":"center center","background-size":"auto","background-attachment":"scroll","background-type":"","background-media":"","overlay-type":"","overlay-color":"","overlay-opacity":"","overlay-gradient":""},"mobile":{"background-color":"var(--ast-global-color-5)","background-image":"","background-repeat":"repeat","background-position":"center center","background-size":"auto","background-attachment":"scroll","background-type":"","background-media":"","overlay-type":"","overlay-color":"","overlay-opacity":"","overlay-gradient":""}}},"product_brand":[],"product_cat":[312,315,317,319,322,171,31,119],"product_tag":[35,64],"class_list":{"0":"post-7411","1":"product","2":"type-product","3":"status-publish","4":"has-post-thumbnail","6":"product_cat-gesichtsreiniger","7":"product_cat-gesichtswasser","8":"product_cat-essence-serum-oel","9":"product_cat-gesichtsserum","10":"product_cat-gesichtscreme","11":"product_cat-some-by-mi","12":"product_cat-gesicht","13":"product_cat-beauty-boxen","14":"product_tag-moisturizer","15":"product_tag-reinigung","16":"desktop-align-center","17":"tablet-align-center","18":"mobile-align-center","20":"first","21":"outofstock","22":"taxable","23":"shipping-taxable","24":"purchasable","25":"product-type-simple"},"_links":{"self":[{"href":"https:\/\/tomyklou.gr\/de\/wp-json\/wp\/v2\/product\/7411","targetHints":{"allow":["GET"]}}],"collection":[{"href":"https:\/\/tomyklou.gr\/de\/wp-json\/wp\/v2\/product"}],"about":[{"href":"https:\/\/tomyklou.gr\/de\/wp-json\/wp\/v2\/types\/product"}],"replies":[{"embeddable":true,"href":"https:\/\/tomyklou.gr\/de\/wp-json\/wp\/v2\/comments?post=7411"}],"wp:featuredmedia":[{"embeddable":true,"href":"https:\/\/tomyklou.gr\/de\/wp-json\/wp\/v2\/media\/9123"}],"wp:attachment":[{"href":"https:\/\/tomyklou.gr\/de\/wp-json\/wp\/v2\/media?parent=7411"}],"wp:term":[{"taxonomy":"product_brand","embeddable":true,"href":"https:\/\/tomyklou.gr\/de\/wp-json\/wp\/v2\/product_brand?post=7411"},{"taxonomy":"product_cat","embeddable":true,"href":"https:\/\/tomyklou.gr\/de\/wp-json\/wp\/v2\/product_cat?post=7411"},{"taxonomy":"product_tag","embeddable":true,"href":"https:\/\/tomyklou.gr\/de\/wp-json\/wp\/v2\/product_tag?post=7411"}],"curies":[{"name":"wp","href":"https:\/\/api.w.org\/{rel}","templated":true}]}}