{"id":7454,"date":"2023-07-05T23:00:26","date_gmt":"2023-07-05T21:00:26","guid":{"rendered":"https:\/\/tomyklou.gr\/product\/frudia-my-orchard-peach-foot-peeling-mask\/"},"modified":"2026-02-22T18:42:16","modified_gmt":"2026-02-22T16:42:16","slug":"frudia-my-orchard-peach-foot-peeling-mask","status":"publish","type":"product","link":"https:\/\/tomyklou.gr\/de\/product\/frudia-my-orchard-peach-foot-peeling-mask\/","title":{"rendered":"Frudia My Orchard Peach Foot Peeling Mask"},"content":{"rendered":"<h3><span style=\"vertical-align: inherit\"><span style=\"vertical-align: inherit\">\u03b5\u03c6\u03b1\u03c1\u03bc\u03bf\u03b3\u03ae<\/span><\/span><\/h3>\n<ol>\n<li><span style=\"vertical-align: inherit\"><span style=\"vertical-align: inherit\">\u0395\u03c6\u03b1\u03c1\u03bc\u03cc\u03c3\u03c4\u03b5 \u03c4\u03b7\u03bd \u03b5\u03c0\u03b9\u03b8\u03c5\u03bc\u03b7\u03c4\u03ae \u03c0\u03bf\u03c3\u03cc\u03c4\u03b7\u03c4\u03b1 \u03c3\u03b5 \u03ba\u03b1\u03b8\u03b1\u03c1\u03cc (\u03ba\u03b1\u03b9 \u03c4\u03bf\u03bd\u03b9\u03c3\u03bc\u03ad\u03bd\u03bf) \u03b4\u03ad\u03c1\u03bc\u03b1 \u03c0\u03c1\u03c9\u03af \u03ba\u03b1\u03b9 \u03b2\u03c1\u03ac\u03b4\u03c5.<\/span><\/span><\/li>\n<li><span style=\"vertical-align: inherit\"><span style=\"vertical-align: inherit\">\u0395\u03c6\u03b1\u03c1\u03bc\u03cc\u03c3\u03c4\u03b5 \u03b1\u03c0\u03b1\u03bb\u03ac \u03c4\u03b7\u03bd \u03ba\u03c1\u03ad\u03bc\u03b1 \u03c3\u03c4\u03bf \u03b4\u03ad\u03c1\u03bc\u03b1 \u03bc\u03ad\u03c7\u03c1\u03b9 \u03bd\u03b1 \u03b1\u03c0\u03bf\u03c1\u03c1\u03bf\u03c6\u03b7\u03b8\u03b5\u03af \u03c0\u03bb\u03ae\u03c1\u03c9\u03c2.<\/span><\/span><\/li>\n<\/ol>\n<h3><span style=\"vertical-align: inherit\"><span style=\"vertical-align: inherit\">\u03c3\u03c5\u03c3\u03c4\u03b1\u03c4\u03b9\u03ba\u03ac<\/span><\/span><\/h3>\n<p><span style=\"vertical-align: inherit\"><span style=\"vertical-align: inherit\">\u0395\u03ba\u03c7\u03cd\u03bb\u03b9\u03c3\u03bc\u03b1 \u03c6\u03c1\u03bf\u03cd\u03c4\u03c9\u03bd Dimethicone (4,8%), Vaccinium Angustifolium (Blueberry), Caprigry \/ Capric Triglyceride, Butylene Glycol Dicaprylate \/ Dicaprate, Butylene Glycol, 1,2-Hexanediol, Glycereth-26, Glycerin, Cetearyl Alcohol, Butyrospermum Park, Butter \u03a3\u03c4\u03b5\u03b1\u03c4\u03b9\u03ba\u03ae \u03c3\u03bf\u03c1\u03b2\u03b9\u03c4\u03ac\u03bd\u03b7, \u03c3\u03c4\u03b5\u03b1\u03c4\u03b9\u03ba\u03cc \u03b3\u03bb\u03c5\u03ba\u03b5\u03c1\u03cd\u03bb\u03b9\u03bf, \u03c3\u03c4\u03b5\u03b1\u03c4\u03b9\u03ba\u03cc PEG-100, \u03ba\u03b5\u03c4\u03c5\u03bb\u03b9\u03ba\u03ae \u03b1\u03bb\u03ba\u03bf\u03cc\u03bb\u03b7, \u03bd\u03b5\u03c1\u03cc, \u03b4\u03b9\u03bc\u03b5\u03b8\u03b9\u03ba\u03cc, \u03b3\u03bb\u03c5\u03ba\u03b5\u03c3\u03af\u03b4\u03b9\u03bf \u03ba\u03b5\u03c4\u03b5\u03c1\u03c5\u03bb\u03af\u03bf\u03c5, \u03c3\u03c4\u03b5\u03b1\u03c1\u03c5\u03bb\u03b9\u03ba\u03ae \u03b1\u03bb\u03ba\u03bf\u03cc\u03bb\u03b7, \u03ba\u03b1\u03c0\u03c1\u03c5\u03bb\u03b9\u03ba\u03cc \u03b3\u03bb\u03c5\u03ba\u03b5\u03c1\u03cd\u03bb\u03b9\u03bf, \u03c7\u03bb\u03c9\u03c1\u03bf\u03c6\u03b1\u03b9\u03bd\u03b5\u03c3\u03af\u03bd\u03b7, \u03c0\u03bf\u03bb\u03c5\u03b1\u03ba\u03c1\u03c5\u03bb\u03b9\u03ba\u03cc \u03bd\u03ac\u03c4\u03c1\u03b9\u03bf, \u03b4\u03b9\u03bc\u03b5\u03b8\u03b9\u03ba\u03cc\u03bd\u03b7 \/ \u03b2\u03b9\u03bd\u03c5\u03bb\u03bf\u03b4\u03b9\u03bc\u03b5\u03b8\u03b9\u03ba\u03cc\u03bd\u03b7 Crosspolymer, \u03ba\u03b1\u03c1\u03b2\u03bf\u03be\u03c5\u03c1\u03b1\u03bc\u03af\u03bd\u03b7, \u03ba\u03b1\u03c1\u03c4\u03b5\u03c1\u03cc\u03bd\u03b7, \u03b1\u03c1\u03b3\u03b9\u03bd\u03c5\u03bb \u0391\u03bb\u03ba\u03bf\u03cc\u03bb, \u03c3\u03c5\u03bc\u03c0\u03bf\u03bb\u03c5\u03bc\u03b5\u03c1\u03ad\u03c2 \u03b3\u03bb\u03c5\u03ba\u03b5\u03c1\u03c5\u03bb\u03b9\u03ba\u03bf\u03cd \u03b1\u03ba\u03c1\u03c5\u03bb\u03b9\u03ba\u03bf\u03cd \/ \u03b1\u03ba\u03c1\u03c5\u03bb\u03b9\u03ba\u03bf\u03cd \u03bf\u03be\u03ad\u03bf\u03c2, Lauryl Alcohol, Disodium EDTA, Trideceth-6, Coco-Caprylate \/ Caprate, Glucose, Vitis Vinifera (Grape) Seed Oil, Prunus Armeniaca (\u0392\u03b5\u03c1\u03af\u03ba\u03bf\u03ba\u03bf) \u039b\u03ac\u03b4\u03b9 \u03c0\u03c5\u03c1\u03ae\u03bd\u03b1, Ribes Nigrum (\u039c\u03b1\u03cd\u03c1\u03b7 \u03c3\u03c4\u03b1\u03c6\u03af\u03b4\u03b1) \u0395\u03ba\u03c7\u03cd\u03bb\u03b9\u03c3\u03bc\u03b1, \u039b\u03ac\u03b4\u03b9 \u03c3\u03c0\u03cc\u03c1\u03bf\u03c5 Solanum Lycopersicum (\u039d\u03c4\u03bf\u03bc\u03ac\u03c4\u03b1),Punica Granatum Seed Oil, Mangifera Indica (Mango) Seed Oil, Citrus Paradisi (Grapefruit) Seed Oil, \u03a4\u03bf\u03ba\u03bf\u03c6\u03b5\u03c1\u03cc\u03bb\u03b7<\/span><\/span><\/p>\n<h3>Warnhinweise<\/h3>\n<ol>\n<li>Nur zur \u00e4u\u00dferlichen Anwendung geeignet.<\/li>\n<li>Nicht auf verletzte Haut oder auf Wunden auftragen.<\/li>\n<li>Sollten Nebenwirkungen wie Irritationen oder Ausschlag eintreten, Anwendung sofort beenden und unverz\u00fcglich an einen Arzt wenden.<\/li>\n<li>Kontakt mit den Augen vermeiden. Sollte das Produkt ins Auge gelangen, das Auge sofort gr\u00fcndlich mit klarem Wasser aussp\u00fclen.<\/li>\n<li>Au\u00dfer Reichweite von Kindern aufbewahren.<\/li>\n<li>Nicht schlucken. Bei Verschlucken Arzt oder Giftzentrale aufsuchen.<\/li>\n<\/ol>\n","protected":false},"excerpt":{"rendered":"<ul>\n<li>lockert Hornhaut auf<\/li>\n<li>verleiht zartweiche F\u00fc\u00dfe &amp; Fu\u00dfsohlen<\/li>\n<li>wirkt pflegend<\/li>\n<li>gepflegte F\u00fc\u00dfe &amp; Fu\u00dfsohlen<\/li>\n<li>wirkt k\u00fchlend &amp; f\u00f6rdert die Durchblutung<\/li>\n<li>Beruhigt m\u00fcde, schmerzende F\u00fc\u00dfe &amp; Fu\u00dfsohlen<\/li>\n<\/ul>\n<p>Durch die Kombination von Salicyls\u00e4ure, Milchs\u00e4ure und Glykols\u00e4ure wirkt die Maske peelend und sorgt daf\u00fcr, dass die Hornhaut eingeweicht wird. Das k\u00fchlende Mentol beruhigt m\u00fcde, schmerzende F\u00fc\u00dfe und f\u00f6rdert die Durchblutung, w\u00e4hrend Urea die Fu\u00dfhaut nachhaltig pflegt.<\/p>\n","protected":false},"featured_media":6941,"comment_status":"open","ping_status":"closed","template":"","meta":{"content-type":"","site-sidebar-layout":"default","site-content-layout":"default","ast-site-content-layout":"default","site-content-style":"default","site-sidebar-style":"default","ast-global-header-display":"","ast-banner-title-visibility":"","ast-main-header-display":"","ast-hfb-above-header-display":"","ast-hfb-below-header-display":"","ast-hfb-mobile-header-display":"","site-post-title":"","ast-breadcrumbs-content":"","ast-featured-img":"","footer-sml-layout":"","ast-disable-related-posts":"","theme-transparent-header-meta":"default","adv-header-id-meta":"","stick-header-meta":"","header-above-stick-meta":"","header-main-stick-meta":"","header-below-stick-meta":"","astra-migrate-meta-layouts":"default","ast-page-background-enabled":"default","ast-page-background-meta":{"desktop":{"background-color":"","background-image":"","background-repeat":"repeat","background-position":"center center","background-size":"auto","background-attachment":"scroll","background-type":"","background-media":"","overlay-type":"","overlay-color":"","overlay-opacity":"","overlay-gradient":""},"tablet":{"background-color":"","background-image":"","background-repeat":"repeat","background-position":"center center","background-size":"auto","background-attachment":"scroll","background-type":"","background-media":"","overlay-type":"","overlay-color":"","overlay-opacity":"","overlay-gradient":""},"mobile":{"background-color":"","background-image":"","background-repeat":"repeat","background-position":"center center","background-size":"auto","background-attachment":"scroll","background-type":"","background-media":"","overlay-type":"","overlay-color":"","overlay-opacity":"","overlay-gradient":""}},"ast-content-background-meta":{"desktop":{"background-color":"var(--ast-global-color-5)","background-image":"","background-repeat":"repeat","background-position":"center center","background-size":"auto","background-attachment":"scroll","background-type":"","background-media":"","overlay-type":"","overlay-color":"","overlay-opacity":"","overlay-gradient":""},"tablet":{"background-color":"var(--ast-global-color-5)","background-image":"","background-repeat":"repeat","background-position":"center center","background-size":"auto","background-attachment":"scroll","background-type":"","background-media":"","overlay-type":"","overlay-color":"","overlay-opacity":"","overlay-gradient":""},"mobile":{"background-color":"var(--ast-global-color-5)","background-image":"","background-repeat":"repeat","background-position":"center center","background-size":"auto","background-attachment":"scroll","background-type":"","background-media":"","overlay-type":"","overlay-color":"","overlay-opacity":"","overlay-gradient":""}}},"product_brand":[],"product_cat":[137,116,71],"product_tag":[],"class_list":{"0":"post-7454","1":"product","2":"type-product","3":"status-publish","4":"has-post-thumbnail","6":"product_cat-frudia","7":"product_cat-fusspflege","8":"product_cat-koerperpflege","9":"desktop-align-center","10":"tablet-align-center","11":"mobile-align-center","13":"first","14":"outofstock","15":"taxable","16":"shipping-taxable","17":"purchasable","18":"product-type-simple"},"_links":{"self":[{"href":"https:\/\/tomyklou.gr\/de\/wp-json\/wp\/v2\/product\/7454","targetHints":{"allow":["GET"]}}],"collection":[{"href":"https:\/\/tomyklou.gr\/de\/wp-json\/wp\/v2\/product"}],"about":[{"href":"https:\/\/tomyklou.gr\/de\/wp-json\/wp\/v2\/types\/product"}],"replies":[{"embeddable":true,"href":"https:\/\/tomyklou.gr\/de\/wp-json\/wp\/v2\/comments?post=7454"}],"wp:featuredmedia":[{"embeddable":true,"href":"https:\/\/tomyklou.gr\/de\/wp-json\/wp\/v2\/media\/6941"}],"wp:attachment":[{"href":"https:\/\/tomyklou.gr\/de\/wp-json\/wp\/v2\/media?parent=7454"}],"wp:term":[{"taxonomy":"product_brand","embeddable":true,"href":"https:\/\/tomyklou.gr\/de\/wp-json\/wp\/v2\/product_brand?post=7454"},{"taxonomy":"product_cat","embeddable":true,"href":"https:\/\/tomyklou.gr\/de\/wp-json\/wp\/v2\/product_cat?post=7454"},{"taxonomy":"product_tag","embeddable":true,"href":"https:\/\/tomyklou.gr\/de\/wp-json\/wp\/v2\/product_tag?post=7454"}],"curies":[{"name":"wp","href":"https:\/\/api.w.org\/{rel}","templated":true}]}}