{"id":7455,"date":"2023-07-05T23:00:26","date_gmt":"2023-07-05T21:00:26","guid":{"rendered":"https:\/\/tomyklou.gr\/product\/frudia-my-orchard-citron-hand-cream-30ml\/"},"modified":"2026-02-22T18:42:16","modified_gmt":"2026-02-22T16:42:16","slug":"frudia-my-orchard-citron-hand-cream-30ml","status":"publish","type":"product","link":"https:\/\/tomyklou.gr\/de\/product\/frudia-my-orchard-citron-hand-cream-30ml\/","title":{"rendered":"Frudia My Orchard Citron Hand Cream 30ml"},"content":{"rendered":"<p>&lt;h3&gt;Anwendung&lt;\/h3&gt;<br \/>\nGeben Sie eine bestimmte Menge Creme auf den Handr\u00fccken und tragen Sie sie glatt auf, wenn die H\u00e4nde trocken sind.<br \/>\n&lt;h3&gt;Inhaltsstoffe&lt;\/h3&gt;<br \/>\nWater, Glycerin, Cetyl Alcohol, Mineral Oil, Dipropylene Glycol, Dimethicone, Cyclopentasiloxane, Stearyl Alcohol, Glyceryl Stearate, PEG-100 Stearate, Polysorbate 60, Myristyl Alcohol, Sorbitan Stearate, Acrylates\/C10-30 Alkyl Acrylate Crosspolymer, Squalane, Erythritol, Butyrospermum Parkii (Shea Butter), Citrus Unshiu Peel Extract, Lauryl Alcohol, Coco-Caprylate\/ Caprate, Butylene Glycol, Xanthan Gum, Potassium Hydroxide, Adenosine, Vitis Vinifera (Grape) Seed Oil, Prunus Armeniaca (Apricot) Kernel Oil, Citrus Junos Fruit Extract, Panthenol, Solanum Lycopersicum (Tomato) Seed Oil, Punica Granatum Seed Oil, Mangifera Indica (Mango) Seed Oil, Citrus Paradisi (Grapefruit) Seed Oil, Honey Extract, Centella Asiatica Extract, Tocopherol, Disodium EDTA, Phenoxyethanol, Chlorphenesin, 1,2-Hexanediol, Fragrance, Limonene, Linanool, Benzyl Salicylate, Amyl Cinnamal<br \/>\n&lt;h3&gt;Warnhinweise&lt;\/h3&gt;<br \/>\n&lt;ol&gt;<br \/>\n&lt;li&gt;Nur zur \u00e4u\u00dferlichen Anwendung geeignet.&lt;\/li&gt;<br \/>\n&lt;li&gt;Nicht auf verletzte Haut oder auf Wunden auftragen.&lt;\/li&gt;<br \/>\n&lt;li&gt;Sollten Nebenwirkungen wie Irritationen oder Ausschlag eintreten, Anwendung sofort beenden und unverz\u00fcglich an einen Arzt wenden.&lt;\/li&gt;<br \/>\n&lt;li&gt;Kontakt mit den Augen vermeiden. Sollte das Produkt ins Auge gelangen, das Auge sofort gr\u00fcndlich mit klarem Wasser aussp\u00fclen.&lt;\/li&gt;<br \/>\n&lt;li&gt;Au\u00dfer Reichweite von Kindern aufbewahren.&lt;\/li&gt;<br \/>\n&lt;li&gt;Nicht schlucken. Bei Verschlucken Arzt oder Giftzentrale aufsuchen.&lt;\/li&gt;<br \/>\n&lt;\/ol&gt;<\/p>\n","protected":false},"excerpt":{"rendered":"<p>Frisch gepresste n\u00e4hrstoffreiche Zitronentherapie<br \/>\nDie superfeuchtigkeitsspendende Schicht dieser s\u00fc\u00df duftenden Therapie-Handcreme mit Fruchtextrakten enth\u00e4lt n\u00e4hrstoffreichen Zitrus-Junos-Extrakt.<br \/>\nEs sch\u00fctzt sanft trockene und besch\u00e4digte H\u00e4nde, um Komfort und heilende Wirkung zu verleihen<\/p>\n","protected":false},"featured_media":6945,"comment_status":"open","ping_status":"closed","template":"","meta":{"content-type":"","site-sidebar-layout":"default","site-content-layout":"default","ast-site-content-layout":"default","site-content-style":"default","site-sidebar-style":"default","ast-global-header-display":"","ast-banner-title-visibility":"","ast-main-header-display":"","ast-hfb-above-header-display":"","ast-hfb-below-header-display":"","ast-hfb-mobile-header-display":"","site-post-title":"","ast-breadcrumbs-content":"","ast-featured-img":"","footer-sml-layout":"","ast-disable-related-posts":"","theme-transparent-header-meta":"default","adv-header-id-meta":"","stick-header-meta":"","header-above-stick-meta":"","header-main-stick-meta":"","header-below-stick-meta":"","astra-migrate-meta-layouts":"default","ast-page-background-enabled":"default","ast-page-background-meta":{"desktop":{"background-color":"","background-image":"","background-repeat":"repeat","background-position":"center center","background-size":"auto","background-attachment":"scroll","background-type":"","background-media":"","overlay-type":"","overlay-color":"","overlay-opacity":"","overlay-gradient":""},"tablet":{"background-color":"","background-image":"","background-repeat":"repeat","background-position":"center center","background-size":"auto","background-attachment":"scroll","background-type":"","background-media":"","overlay-type":"","overlay-color":"","overlay-opacity":"","overlay-gradient":""},"mobile":{"background-color":"","background-image":"","background-repeat":"repeat","background-position":"center center","background-size":"auto","background-attachment":"scroll","background-type":"","background-media":"","overlay-type":"","overlay-color":"","overlay-opacity":"","overlay-gradient":""}},"ast-content-background-meta":{"desktop":{"background-color":"var(--ast-global-color-5)","background-image":"","background-repeat":"repeat","background-position":"center center","background-size":"auto","background-attachment":"scroll","background-type":"","background-media":"","overlay-type":"","overlay-color":"","overlay-opacity":"","overlay-gradient":""},"tablet":{"background-color":"var(--ast-global-color-5)","background-image":"","background-repeat":"repeat","background-position":"center center","background-size":"auto","background-attachment":"scroll","background-type":"","background-media":"","overlay-type":"","overlay-color":"","overlay-opacity":"","overlay-gradient":""},"mobile":{"background-color":"var(--ast-global-color-5)","background-image":"","background-repeat":"repeat","background-position":"center center","background-size":"auto","background-attachment":"scroll","background-type":"","background-media":"","overlay-type":"","overlay-color":"","overlay-opacity":"","overlay-gradient":""}}},"product_brand":[],"product_cat":[137,71,72],"product_tag":[],"class_list":{"0":"post-7455","1":"product","2":"type-product","3":"status-publish","4":"has-post-thumbnail","6":"product_cat-frudia","7":"product_cat-koerperpflege","8":"product_cat-handpflege","9":"desktop-align-center","10":"tablet-align-center","11":"mobile-align-center","13":"first","14":"outofstock","15":"taxable","16":"shipping-taxable","17":"purchasable","18":"product-type-simple"},"_links":{"self":[{"href":"https:\/\/tomyklou.gr\/de\/wp-json\/wp\/v2\/product\/7455","targetHints":{"allow":["GET"]}}],"collection":[{"href":"https:\/\/tomyklou.gr\/de\/wp-json\/wp\/v2\/product"}],"about":[{"href":"https:\/\/tomyklou.gr\/de\/wp-json\/wp\/v2\/types\/product"}],"replies":[{"embeddable":true,"href":"https:\/\/tomyklou.gr\/de\/wp-json\/wp\/v2\/comments?post=7455"}],"wp:featuredmedia":[{"embeddable":true,"href":"https:\/\/tomyklou.gr\/de\/wp-json\/wp\/v2\/media\/6945"}],"wp:attachment":[{"href":"https:\/\/tomyklou.gr\/de\/wp-json\/wp\/v2\/media?parent=7455"}],"wp:term":[{"taxonomy":"product_brand","embeddable":true,"href":"https:\/\/tomyklou.gr\/de\/wp-json\/wp\/v2\/product_brand?post=7455"},{"taxonomy":"product_cat","embeddable":true,"href":"https:\/\/tomyklou.gr\/de\/wp-json\/wp\/v2\/product_cat?post=7455"},{"taxonomy":"product_tag","embeddable":true,"href":"https:\/\/tomyklou.gr\/de\/wp-json\/wp\/v2\/product_tag?post=7455"}],"curies":[{"name":"wp","href":"https:\/\/api.w.org\/{rel}","templated":true}]}}