{"id":7469,"date":"2023-07-05T23:00:34","date_gmt":"2023-07-05T21:00:34","guid":{"rendered":"https:\/\/tomyklou.gr\/product\/some-by-mi-yuja-niacin-brightening-peeling-gel-120ml\/"},"modified":"2026-02-22T18:42:16","modified_gmt":"2026-02-22T16:42:16","slug":"some-by-mi-yuja-niacin-brightening-peeling-gel-120ml","status":"publish","type":"product","link":"https:\/\/tomyklou.gr\/de\/product\/some-by-mi-yuja-niacin-brightening-peeling-gel-120ml\/","title":{"rendered":"Some By Mi Yuja Niacin Brightening Peeling Gel 120ml"},"content":{"rendered":"<h3>Anwendung<\/h3>\n<ol>\n<li>Nach der Gesichtsreinigung auf die trockene Haut auftragen und sanft einmassieren.<\/li>\n<li>Anschlie\u00dfend mit lauwarmem Wasser absp\u00fclen und einen strahlenden Teint genie\u00dfen!<\/li>\n<\/ol>\n<div class=\"PageBarActions Flex ItemsCenter FlexShrinkNone\">\n<h3>Inhaltsstoffe*<\/h3>\n<\/div>\n<p>Citrus Junos Fruit Extract(82.37 %), Niacinamide(5 %), Butylene Glycol, 1,2-Hexanediol, Propanediol, C12-14 Pareth-12, Water, Trehalose, C12-14 Pareth-7, Carbomer, Citrus Junos Peel Oil(293 ppm), Tromethamine, Ethylhexylglycerin, Adenosine, Coptis Chinensis Root Extract,Glycyrrhiza Glabra (Licorice) Root Extract, Agrimonia Eupatoria Extract, Camellia Sinensis Leaf Extract, Cellulose Gum, Chamaecyparis Obtusa Leaf Extract, Glycerin, Disodium EDTA, Arbutin, Perilla Frutescens Leaf Extract, Xylitylglucoside, Anhydroxylitol, Xylitol,Saussurea Involucrata Extract, Glucose, Hydrogenated Lecithin, Mentha Piperita (Peppermint) Extract, Polyglyceryl-10 Stearate, Panthenol, Glutathione, Sodium Ascorbyl Phosphate, Maltodextrin, Persea Gratissima (Avocado) Fruit Extract,Pancratium Maritimum Extract, Folic Acid, Biotin, Pyridoxine, Tocopherol, Cyanocobalamin, Linoleic Acid, Thiamine HCl, Beta-Carotene, Riboflavin, Inositol, Limonene, Linalool<\/p>\n<div class=\"PageBarActions Flex ItemsCenter FlexShrinkNone\">\n<p>*Eine Ver\u00e4nderung der Inhaltsstoffe unterliegt dem Ermessen des Herstellers. Willst du vor dem Kauf ganz sicher gehen? Dann kontaktiere uns f\u00fcr ein Foto der aktuellen Produktverpackung.<\/p>\n<h3>Warnhinweise<\/h3>\n<ol>\n<li>Nur zur \u00e4u\u00dferlichen Anwendung geeignet.<\/li>\n<li>Nicht auf verletzte Haut oder auf Wunden auftragen.<\/li>\n<li>Sollten Nebenwirkungen wie Irritationen oder Ausschlag eintreten, Anwendung sofort beenden und unverz\u00fcglich an einen Arzt wenden.<\/li>\n<li>Kontakt mit den Augen vermeiden. Sollte das Produkt ins Auge gelangen, das Auge sofort gr\u00fcndlich mit klarem Wasser aussp\u00fclen.<\/li>\n<li>Au\u00dfer Reichweite von Kindern aufbewahren.<\/li>\n<li>Nicht schlucken. Bei Verschlucken Arzt oder Giftzentrale aufsuchen.<\/li>\n<\/ol>\n<\/div>\n","protected":false},"excerpt":{"rendered":"<p>SOMEBYMI Yuja Niacin Brightening Peeling Gel ist ein Peeling f\u00fcr sensible Haut, das sanft alte Hautsch\u00fcppchen entfernt und der Haut mit einem Vitamin C &#8211; Turbo einen strahlenden Glow verleiht.<\/p>\n<ul>\n<li><strong>PHA<\/strong>\u00a0schmilzt alte, harte Hautsch\u00fcppchen sanft weg und macht die Haut weich und aufnahmef\u00e4hig.<\/li>\n<li><strong>Goheung Yuja Extrakt, Glutathione, Niacinamide und ein Vitamincocktail<\/strong>\u00a0f\u00fcllen die Haut prall auf mit Strahlkraft und Feuchtigkeit und lassen Hautalterungszeichen wie Falten und Flecken verschwinden.<\/li>\n<li><strong>Mineralwasser<\/strong>\u00a0reinigt verbleibende Verunreinigungen aus den Poren, w\u00e4hrend\u00a0<strong>Gletscherwasser<\/strong>\u00a0die Feuchtigkeitsspeicher der Haut randvoll auff\u00fcllt, sodass kein Spannungsgef\u00fchl nach dem Peeling entsteht.<\/li>\n<\/ul>\n","protected":false},"featured_media":9768,"comment_status":"open","ping_status":"closed","template":"","meta":{"content-type":"","site-sidebar-layout":"default","site-content-layout":"default","ast-site-content-layout":"default","site-content-style":"default","site-sidebar-style":"default","ast-global-header-display":"","ast-banner-title-visibility":"","ast-main-header-display":"","ast-hfb-above-header-display":"","ast-hfb-below-header-display":"","ast-hfb-mobile-header-display":"","site-post-title":"","ast-breadcrumbs-content":"","ast-featured-img":"","footer-sml-layout":"","ast-disable-related-posts":"","theme-transparent-header-meta":"default","adv-header-id-meta":"","stick-header-meta":"","header-above-stick-meta":"","header-main-stick-meta":"","header-below-stick-meta":"","astra-migrate-meta-layouts":"set","ast-page-background-enabled":"default","ast-page-background-meta":{"desktop":{"background-color":"","background-image":"","background-repeat":"repeat","background-position":"center center","background-size":"auto","background-attachment":"scroll","background-type":"","background-media":"","overlay-type":"","overlay-color":"","overlay-opacity":"","overlay-gradient":""},"tablet":{"background-color":"","background-image":"","background-repeat":"repeat","background-position":"center center","background-size":"auto","background-attachment":"scroll","background-type":"","background-media":"","overlay-type":"","overlay-color":"","overlay-opacity":"","overlay-gradient":""},"mobile":{"background-color":"","background-image":"","background-repeat":"repeat","background-position":"center center","background-size":"auto","background-attachment":"scroll","background-type":"","background-media":"","overlay-type":"","overlay-color":"","overlay-opacity":"","overlay-gradient":""}},"ast-content-background-meta":{"desktop":{"background-color":"var(--ast-global-color-5)","background-image":"","background-repeat":"repeat","background-position":"center center","background-size":"auto","background-attachment":"scroll","background-type":"","background-media":"","overlay-type":"","overlay-color":"","overlay-opacity":"","overlay-gradient":""},"tablet":{"background-color":"var(--ast-global-color-5)","background-image":"","background-repeat":"repeat","background-position":"center center","background-size":"auto","background-attachment":"scroll","background-type":"","background-media":"","overlay-type":"","overlay-color":"","overlay-opacity":"","overlay-gradient":""},"mobile":{"background-color":"var(--ast-global-color-5)","background-image":"","background-repeat":"repeat","background-position":"center center","background-size":"auto","background-attachment":"scroll","background-type":"","background-media":"","overlay-type":"","overlay-color":"","overlay-opacity":"","overlay-gradient":""}}},"product_brand":[],"product_cat":[314,171,31],"product_tag":[69],"class_list":{"0":"post-7469","1":"product","2":"type-product","3":"status-publish","4":"has-post-thumbnail","6":"product_cat-gesichtspeeling","7":"product_cat-some-by-mi","8":"product_cat-gesicht","9":"product_tag-peeling","10":"desktop-align-center","11":"tablet-align-center","12":"mobile-align-center","14":"first","15":"outofstock","16":"taxable","17":"shipping-taxable","18":"purchasable","19":"product-type-simple"},"_links":{"self":[{"href":"https:\/\/tomyklou.gr\/de\/wp-json\/wp\/v2\/product\/7469","targetHints":{"allow":["GET"]}}],"collection":[{"href":"https:\/\/tomyklou.gr\/de\/wp-json\/wp\/v2\/product"}],"about":[{"href":"https:\/\/tomyklou.gr\/de\/wp-json\/wp\/v2\/types\/product"}],"replies":[{"embeddable":true,"href":"https:\/\/tomyklou.gr\/de\/wp-json\/wp\/v2\/comments?post=7469"}],"wp:featuredmedia":[{"embeddable":true,"href":"https:\/\/tomyklou.gr\/de\/wp-json\/wp\/v2\/media\/9768"}],"wp:attachment":[{"href":"https:\/\/tomyklou.gr\/de\/wp-json\/wp\/v2\/media?parent=7469"}],"wp:term":[{"taxonomy":"product_brand","embeddable":true,"href":"https:\/\/tomyklou.gr\/de\/wp-json\/wp\/v2\/product_brand?post=7469"},{"taxonomy":"product_cat","embeddable":true,"href":"https:\/\/tomyklou.gr\/de\/wp-json\/wp\/v2\/product_cat?post=7469"},{"taxonomy":"product_tag","embeddable":true,"href":"https:\/\/tomyklou.gr\/de\/wp-json\/wp\/v2\/product_tag?post=7469"}],"curies":[{"name":"wp","href":"https:\/\/api.w.org\/{rel}","templated":true}]}}