{"id":7473,"date":"2023-07-05T23:00:36","date_gmt":"2023-07-05T21:00:36","guid":{"rendered":"https:\/\/tomyklou.gr\/product\/some-by-mi-yuja-niacin-30days-miracle-brightning-sleeping-mask-60g\/"},"modified":"2026-02-22T18:42:16","modified_gmt":"2026-02-22T16:42:16","slug":"some-by-mi-yuja-niacin-30days-miracle-brightning-sleeping-mask-60g","status":"publish","type":"product","link":"https:\/\/tomyklou.gr\/de\/product\/some-by-mi-yuja-niacin-30days-miracle-brightning-sleeping-mask-60g\/","title":{"rendered":"Some By Mi Yuja Niacin 30Days Miracle Brightning Sleeping Mask 60g"},"content":{"rendered":"<h3>Anwendung<\/h3>\n<p>Am Abend als letzten Hautpflegeschritt anstatt der Hautcreme auftragen und zart einklopfen.<\/p>\n<h3>Inhaltsstoffe<\/h3>\n<p>Citrus Junos Fruit Extract(70.5 %), Water, Butylene Glycol, Niacinamide(5 %), Glycerin, Panthenol, 1,2-Hexanediol, Simmondsia Chinensis (Jojoba) Seed Oil, Thuja Orientalis Leaf Extract, Zanthoxylum Piperitum Fruit Extract, Polygonum Cuspidatum Root Extract, Mentha Piperita (Peppermint) Leaf Extract, Mentha Aquatica Leaf Extract, Mentha Rotundifolia Leaf Extract, Nelumbo Nucifera Flower Extract, Coptis Japonica Extract, Hippophae Rhamnoides Fruit Extract, Arbutin, Glutathione, Ascorbic Acid, Ascorbyl Glucoside, Biotin, Tocopherol, Cyanocobalamin, (-)-alpha-bisabolol, Ascorbyl Tetraisopalmitate, Menadione, Arginine, Trehalose, Madecassoside, Adenosine, Diphenylsiloxy Phenyl Trimethicone, Caprylyl Methicone, Inulin Lauryl Carbamate, Behenyl Alcohol, Sorbitan Oleate, Sorbitan Isostearate, Caprylyl\/Capryl Glucoside, Polyisobutene, Xanthan Gum, Carbomer, Acrylates\/C10-30 Alkyl Acrylate Crosspolymer, Sodium Acrylate\/Sodium Acryloyldimethyl Taurate Copolymer, Dimethicone\/Phenyl Vinyl Dimethicone Crosspolymer, Benzyl Glycol, Ethylhexylglycerin, Raspberry Ketone, Disodium EDTA, Citrus Junos Peel Oil(586 ppm), Linalool, Limonene<\/p>\n<h3>Warnhinweise<\/h3>\n<ol>\n<li>Nur zur \u00e4u\u00dferlichen Anwendung geeignet.<\/li>\n<li>Nicht auf verletzte Haut oder auf Wunden auftragen.<\/li>\n<li>Sollten Nebenwirkungen wie Irritationen oder Ausschlag eintreten, Anwendung sofort beenden und unverz\u00fcglich an einen Arzt wenden.<\/li>\n<li>Kontakt mit den Augen vermeiden. Sollte das Produkt ins Auge gelangen, das Auge sofort gr\u00fcndlich mit klarem Wasser aussp\u00fclen.<\/li>\n<li>Au\u00dfer Reichweite von Kindern aufbewahren.<\/li>\n<li>Nicht schlucken. Bei Verschlucken Arzt oder Giftzentrale aufsuchen.<\/li>\n<\/ol>\n","protected":false},"excerpt":{"rendered":"<p>SOMEBYMI Yuja Niacin Brightening Sleeping Mask verhilft der Haut \u00fcber Nacht zu einem klaren, strahlenden Teint, beruhigt sie nachhaltig und mindert bei regelm\u00e4\u00dfiger Anwendung Altersflecken und Mimikfalten.<\/p>\n<ul>\n<li>wenn ich \u00fcber Nacht einen klaren, ebenen Teint erhalten m\u00f6chte<\/li>\n<li>wenn ich zu st\u00f6renden Pigmentflecken neige<\/li>\n<li>wenn ich zu viel Sonne erwischt habe und sich nun Altersflecken bilden<\/li>\n<li>wenn meine Haut gereizt ist und sich nach Beruhigung sehnt<\/li>\n<\/ul>\n<ol>\n<li>Klare Haut mit \u00fcber\u00a0<strong>70% Goheung Yuja Extrakt voll mit Vitamin C<\/strong>\u00a0und Feuchtigkeit<\/li>\n<li><strong>Niacinamide, Glutathione, Arbutin und 10 Vitamine<\/strong>\u00a0sorgen f\u00fcr strahlendes Brightening, was auf keinen Fall etwas mit Bleaching zu tun hat! Whitening Inhaltsstoffe verringern nur die Einlagerung von zuviel an Melanin in Narben oder von Sonne gesch\u00e4digte Hautareale, was zu dunklen Flecken (Altersflecken) f\u00fchren w\u00fcrde.<\/li>\n<li>Einen besonderen\u00a0<strong>Aroma Relaxing Effekt<\/strong>\u00a0verschafft die Overnight Pack mit seinem herrlich frischen Duft nach Zitrus\u00f6l.<\/li>\n<li>Dermatologisch getestet f\u00fcr sensible Haut, frei von 20 Arten sch\u00e4dlicher Inhaltsstoffe.<\/li>\n<\/ol>\n","protected":false},"featured_media":7470,"comment_status":"open","ping_status":"closed","template":"","meta":{"content-type":"","site-sidebar-layout":"default","site-content-layout":"default","ast-site-content-layout":"default","site-content-style":"default","site-sidebar-style":"default","ast-global-header-display":"","ast-banner-title-visibility":"","ast-main-header-display":"","ast-hfb-above-header-display":"","ast-hfb-below-header-display":"","ast-hfb-mobile-header-display":"","site-post-title":"","ast-breadcrumbs-content":"","ast-featured-img":"","footer-sml-layout":"","ast-disable-related-posts":"","theme-transparent-header-meta":"default","adv-header-id-meta":"","stick-header-meta":"","header-above-stick-meta":"","header-main-stick-meta":"","header-below-stick-meta":"","astra-migrate-meta-layouts":"default","ast-page-background-enabled":"default","ast-page-background-meta":{"desktop":{"background-color":"","background-image":"","background-repeat":"repeat","background-position":"center center","background-size":"auto","background-attachment":"scroll","background-type":"","background-media":"","overlay-type":"","overlay-color":"","overlay-opacity":"","overlay-gradient":""},"tablet":{"background-color":"","background-image":"","background-repeat":"repeat","background-position":"center center","background-size":"auto","background-attachment":"scroll","background-type":"","background-media":"","overlay-type":"","overlay-color":"","overlay-opacity":"","overlay-gradient":""},"mobile":{"background-color":"","background-image":"","background-repeat":"repeat","background-position":"center center","background-size":"auto","background-attachment":"scroll","background-type":"","background-media":"","overlay-type":"","overlay-color":"","overlay-opacity":"","overlay-gradient":""}},"ast-content-background-meta":{"desktop":{"background-color":"var(--ast-global-color-5)","background-image":"","background-repeat":"repeat","background-position":"center center","background-size":"auto","background-attachment":"scroll","background-type":"","background-media":"","overlay-type":"","overlay-color":"","overlay-opacity":"","overlay-gradient":""},"tablet":{"background-color":"var(--ast-global-color-5)","background-image":"","background-repeat":"repeat","background-position":"center center","background-size":"auto","background-attachment":"scroll","background-type":"","background-media":"","overlay-type":"","overlay-color":"","overlay-opacity":"","overlay-gradient":""},"mobile":{"background-color":"var(--ast-global-color-5)","background-image":"","background-repeat":"repeat","background-position":"center center","background-size":"auto","background-attachment":"scroll","background-type":"","background-media":"","overlay-type":"","overlay-color":"","overlay-opacity":"","overlay-gradient":""}}},"product_brand":[],"product_cat":[323,171,31],"product_tag":[65],"class_list":{"0":"post-7473","1":"product","2":"type-product","3":"status-publish","4":"has-post-thumbnail","6":"product_cat-schlafmaske-schlafcreme","7":"product_cat-some-by-mi","8":"product_cat-gesicht","9":"product_tag-schlafmaske","10":"desktop-align-center","11":"tablet-align-center","12":"mobile-align-center","14":"first","15":"outofstock","16":"taxable","17":"shipping-taxable","18":"purchasable","19":"product-type-simple"},"_links":{"self":[{"href":"https:\/\/tomyklou.gr\/de\/wp-json\/wp\/v2\/product\/7473","targetHints":{"allow":["GET"]}}],"collection":[{"href":"https:\/\/tomyklou.gr\/de\/wp-json\/wp\/v2\/product"}],"about":[{"href":"https:\/\/tomyklou.gr\/de\/wp-json\/wp\/v2\/types\/product"}],"replies":[{"embeddable":true,"href":"https:\/\/tomyklou.gr\/de\/wp-json\/wp\/v2\/comments?post=7473"}],"wp:featuredmedia":[{"embeddable":true,"href":"https:\/\/tomyklou.gr\/de\/wp-json\/wp\/v2\/media\/7470"}],"wp:attachment":[{"href":"https:\/\/tomyklou.gr\/de\/wp-json\/wp\/v2\/media?parent=7473"}],"wp:term":[{"taxonomy":"product_brand","embeddable":true,"href":"https:\/\/tomyklou.gr\/de\/wp-json\/wp\/v2\/product_brand?post=7473"},{"taxonomy":"product_cat","embeddable":true,"href":"https:\/\/tomyklou.gr\/de\/wp-json\/wp\/v2\/product_cat?post=7473"},{"taxonomy":"product_tag","embeddable":true,"href":"https:\/\/tomyklou.gr\/de\/wp-json\/wp\/v2\/product_tag?post=7473"}],"curies":[{"name":"wp","href":"https:\/\/api.w.org\/{rel}","templated":true}]}}