{"id":7485,"date":"2023-07-05T23:00:42","date_gmt":"2023-07-05T21:00:42","guid":{"rendered":"https:\/\/tomyklou.gr\/product\/some-by-mi-yuja-niacin-brightening-toner-150ml\/"},"modified":"2026-02-22T18:42:15","modified_gmt":"2026-02-22T16:42:15","slug":"some-by-mi-yuja-niacin-30-days-miracle-brightening-toner-150ml","status":"publish","type":"product","link":"https:\/\/tomyklou.gr\/de\/product\/some-by-mi-yuja-niacin-30-days-miracle-brightening-toner-150ml\/","title":{"rendered":"Some By Mi Yuja Niacin 30 Days Miracle Brightening Toner 150ml"},"content":{"rendered":"<h3>Anwendung<\/h3>\n<p>Nach der Gesichtsreinigung direkt oder mit einem 5-Layer Sheet oder einem Wattepad auf das Gesicht auftragen.<\/p>\n<h3>Inhaltsstoffe<\/h3>\n<p>Citrus Junos Fruit Extract (90%), Niacinamide (5%), 1,2-Hexanediol, Glycerin, Polyglyceryl-10 Laurate, C12-14 Pareth-7, Water, Acrylates\/C10-30 Alkyl Acrylate Crosspolymer, Ethylhexylglycerin, Citrus Junos Peel Oil (500 ppm), Butylene Glycol, Adenosine, Tromethamine, Disodium EDTA, Coptis Chinensis Root Extract, Hydrogenated Lecithin, Polyglyceryl-10 Stearate, Panthenol, Sodium Ascorbyl Phosphate, Saussurea Involucrata Extract, Bisabolol, Maltodextrin, Hydrolyzed Vegetable Protein, Sambucus Nigra Flower Extract, Citrus Aurantium Dulcis (Orange) Flower Extract, Magnolia Liliflora Flower Extract, Plumeria Rubra Flower Extract, Lilium Tigrinum Extract, Folic Acid, Biotin, Pyridoxine, Pancratium Maritimum Extract, Tocopherol, Cyanocobalamin, Linoleic Acid, Thiamine HCL, Beta-Carotene, Riboflavin, Inositol, Limonene<\/p>\n<h3>Warnhinweise<\/h3>\n<ol>\n<li>Nur zur \u00e4u\u00dferlichen Anwendung geeignet.<\/li>\n<li>Nicht auf verletzte Haut oder auf Wunden auftragen.<\/li>\n<li>Sollten Nebenwirkungen wie Irritationen oder Ausschlag eintreten, Anwendung sofort beenden und unverz\u00fcglich an einen Arzt wenden.<\/li>\n<li>Kontakt mit den Augen vermeiden. Sollte das Produkt ins Auge gelangen, das Auge sofort gr\u00fcndlich mit klarem Wasser aussp\u00fclen.<\/li>\n<li>Au\u00dfer Reichweite von Kindern aufbewahren.<\/li>\n<li>Nicht schlucken. Bei Verschlucken Arzt oder Giftzentrale aufsuchen.<\/li>\n<\/ol>\n","protected":false},"excerpt":{"rendered":"<p>Der SOMEBYMI Yuja Niacin Miracle Brightening Toner beinhaltet\u00a0<strong>90% Goheung Yuja Extrakt<\/strong>, der reich an nat\u00fcrlichem Vitamin C ist und folglich Pigmentflecken reduziert und einen ebenm\u00e4\u00dfigen und strahlenden Teint schenkt. Des Weiteren sind Glutathione und<strong>\u00a05% Niacinamide<\/strong>\u00a0(Vitamin B3) enthalten, die f\u00fcr einen hervorragenden Brightening-Effekt sorgen. W\u00e4hrenddessen minimiert Arbutin, ein Whitening-Inhaltsstoff, der z.B. aus Maulbeeren gewonnen wird, die Melanineinlagerung. Das hei\u00dft, dass Pigmentflecken, Altersflecken oder Aknenarben effektiv aufgehellt werden und ein ebenm\u00e4\u00dfiges Hautbild erzielt wird.<\/p>\n<p>Da der Yuja Niacin Brightening Toner frei von k\u00fcnstlichen Duftstoffen (Parfum), Parabenen und anderen sch\u00e4dlichen Zusatzstoffen ist, kann er auch sehr gut bei sensibler Haut angewendet werden. Zudem ist das nat\u00fcrliche Vitamin C aufgrund des hohen Gehalts an Yuja Extrakt besonders mild f\u00fcr die Haut.<\/p>\n<ul>\n<li>Yuja aus Jeollanam-do, S\u00fcdkorea (Goheung)<\/li>\n<li>feuchtigkeitsspendend &amp; aufhellend<\/li>\n<li>12 verschiedene Vitamine und Lotusblumen-Extrakt revitalisieren die Haut.<\/li>\n<li>Frei von Parfum: Den leicht zitrischen Duft verdankt die Some by Mi Yuja Niacin Serie dem Hauch von \u00e4therischen \u00d6l. 1L des \u00d6ls wird im \u00dcbrigen aus 600kg Yuja-Fr\u00fcchten gewonnen.<\/li>\n<\/ul>\n","protected":false},"featured_media":9904,"comment_status":"open","ping_status":"closed","template":"","meta":{"content-type":"","site-sidebar-layout":"default","site-content-layout":"default","ast-site-content-layout":"default","site-content-style":"default","site-sidebar-style":"default","ast-global-header-display":"","ast-banner-title-visibility":"","ast-main-header-display":"","ast-hfb-above-header-display":"","ast-hfb-below-header-display":"","ast-hfb-mobile-header-display":"","site-post-title":"","ast-breadcrumbs-content":"","ast-featured-img":"","footer-sml-layout":"","ast-disable-related-posts":"","theme-transparent-header-meta":"default","adv-header-id-meta":"","stick-header-meta":"","header-above-stick-meta":"","header-main-stick-meta":"","header-below-stick-meta":"","astra-migrate-meta-layouts":"set","ast-page-background-enabled":"default","ast-page-background-meta":{"desktop":{"background-color":"","background-image":"","background-repeat":"repeat","background-position":"center center","background-size":"auto","background-attachment":"scroll","background-type":"","background-media":"","overlay-type":"","overlay-color":"","overlay-opacity":"","overlay-gradient":""},"tablet":{"background-color":"","background-image":"","background-repeat":"repeat","background-position":"center center","background-size":"auto","background-attachment":"scroll","background-type":"","background-media":"","overlay-type":"","overlay-color":"","overlay-opacity":"","overlay-gradient":""},"mobile":{"background-color":"","background-image":"","background-repeat":"repeat","background-position":"center center","background-size":"auto","background-attachment":"scroll","background-type":"","background-media":"","overlay-type":"","overlay-color":"","overlay-opacity":"","overlay-gradient":""}},"ast-content-background-meta":{"desktop":{"background-color":"var(--ast-global-color-5)","background-image":"","background-repeat":"repeat","background-position":"center center","background-size":"auto","background-attachment":"scroll","background-type":"","background-media":"","overlay-type":"","overlay-color":"","overlay-opacity":"","overlay-gradient":""},"tablet":{"background-color":"var(--ast-global-color-5)","background-image":"","background-repeat":"repeat","background-position":"center center","background-size":"auto","background-attachment":"scroll","background-type":"","background-media":"","overlay-type":"","overlay-color":"","overlay-opacity":"","overlay-gradient":""},"mobile":{"background-color":"var(--ast-global-color-5)","background-image":"","background-repeat":"repeat","background-position":"center center","background-size":"auto","background-attachment":"scroll","background-type":"","background-media":"","overlay-type":"","overlay-color":"","overlay-opacity":"","overlay-gradient":""}}},"product_brand":[],"product_cat":[315,171,31],"product_tag":[],"class_list":{"0":"post-7485","1":"product","2":"type-product","3":"status-publish","4":"has-post-thumbnail","6":"product_cat-gesichtswasser","7":"product_cat-some-by-mi","8":"product_cat-gesicht","9":"desktop-align-center","10":"tablet-align-center","11":"mobile-align-center","13":"first","14":"outofstock","15":"taxable","16":"shipping-taxable","17":"purchasable","18":"product-type-simple"},"_links":{"self":[{"href":"https:\/\/tomyklou.gr\/de\/wp-json\/wp\/v2\/product\/7485","targetHints":{"allow":["GET"]}}],"collection":[{"href":"https:\/\/tomyklou.gr\/de\/wp-json\/wp\/v2\/product"}],"about":[{"href":"https:\/\/tomyklou.gr\/de\/wp-json\/wp\/v2\/types\/product"}],"replies":[{"embeddable":true,"href":"https:\/\/tomyklou.gr\/de\/wp-json\/wp\/v2\/comments?post=7485"}],"wp:featuredmedia":[{"embeddable":true,"href":"https:\/\/tomyklou.gr\/de\/wp-json\/wp\/v2\/media\/9904"}],"wp:attachment":[{"href":"https:\/\/tomyklou.gr\/de\/wp-json\/wp\/v2\/media?parent=7485"}],"wp:term":[{"taxonomy":"product_brand","embeddable":true,"href":"https:\/\/tomyklou.gr\/de\/wp-json\/wp\/v2\/product_brand?post=7485"},{"taxonomy":"product_cat","embeddable":true,"href":"https:\/\/tomyklou.gr\/de\/wp-json\/wp\/v2\/product_cat?post=7485"},{"taxonomy":"product_tag","embeddable":true,"href":"https:\/\/tomyklou.gr\/de\/wp-json\/wp\/v2\/product_tag?post=7485"}],"curies":[{"name":"wp","href":"https:\/\/api.w.org\/{rel}","templated":true}]}}