{"id":7496,"date":"2023-07-05T23:00:47","date_gmt":"2023-07-05T21:00:47","guid":{"rendered":"https:\/\/tomyklou.gr\/product\/dr-jart-dermask-micro-jet-brightening-solution-5ea\/"},"modified":"2026-02-22T18:42:15","modified_gmt":"2026-02-22T16:42:15","slug":"dr-jart-dermask-micro-jet-brightening-solution-5ea","status":"publish","type":"product","link":"https:\/\/tomyklou.gr\/de\/product\/dr-jart-dermask-micro-jet-brightening-solution-5ea\/","title":{"rendered":"Dr. Jart+ Dermask Micro Jet Brightening Solution (5ea)"},"content":{"rendered":"<h3>Anwendung<\/h3>\n<ol>\n<li>Entnehmen Sie die Maske aus der Verpackung und entfernen Sie die Folie.<\/li>\n<li>Legen Sie die Maske auf das gereinigte Gesicht.<\/li>\n<li>Lassen Sie die Maske f\u00fcr <strong>15-30<\/strong> Minuten einwirken und entfernen Sie sie anschlie\u00dfend vorsichtig.<\/li>\n<li>Massieren Sie das restliche Serum sanft in die Haut ein.<\/li>\n<li>Tragen Sie anschlie\u00dfend eine Feuchtigkeitscreme auf.<\/li>\n<\/ol>\n<h3>Inhaltsstoffe<\/h3>\n<p>Water\/Eau, Caprylic\/Capric Triglyceride, Glycerin, Niacinamide, Dipropylene Glycol, Calcium Pantothenate, Sodium Ascorbyl Phosphate, Tocopheryl Acetate, Pyridoxine HCl, Maltodextrin, Sodium Starch Octenylsuccinate, Silica, Glutathione, Bisabolol, Sodium Hyaluronate, tromethamine, Stearic Acid, Lavandula Angustifolia (Lavender) Oil, Eucalyptus Globulus Leaf Oil, Citrus Grandis (Grapefruit) Peel Oil, Rosmarinus Officinalis (Rosemary) Leaf Oil, Citrus Aurantium Bergamia (Bergamot) Fruit Oil, Trehalose, Carbomer, Glyceryl Stearate, Hydroxyethylcellulose, Polysorbate 60, Ethylhexylglycerin, Cetearyl Alcohol, Sorbitan Sesquioleate, Allantoin, Phenoxyethanol, Disodium EDTA<\/p>\n<h3>Warnhinweise<\/h3>\n<ol>\n<li>Nur zur \u00e4u\u00dferlichen Anwendung geeignet.<\/li>\n<li>Nicht auf verletzte Haut oder auf Wunden auftragen.<\/li>\n<li>Sollten Nebenwirkungen wie Irritationen oder Ausschlag eintreten, Anwendung sofort beenden und unverz\u00fcglich an einen Arzt wenden.<\/li>\n<li>Kontakt mit den Augen vermeiden. Sollte das Produkt ins Auge gelangen, das Auge sofort gr\u00fcndlich mit klarem Wasser aussp\u00fclen.<\/li>\n<li>Au\u00dfer Reichweite von Kindern aufbewahren.<\/li>\n<li>Nicht schlucken. Bei Verschlucken Arzt oder Giftzentrale aufsuchen.<\/li>\n<\/ol>\n","protected":false},"excerpt":{"rendered":"<p><strong>Dr.Jart+<\/strong>\u00a0Dermask Micro Jet Brightening Solution ist eine ultrafeine Sheet-Maske aus Mikrofaser, die den stumpfen und ungleichm\u00e4\u00dfigen Hautton sofort aufhellt.<\/p>\n<p>Diese seidige, feuchtigkeitsspendende Sheet-Maske aus Mikrofaser &#8211; hergestellt aus weicher Mikrofaser, das feiner ist als ein Haar &#8211; liefert auf luxuri\u00f6se Weise essenzielle Inhaltsstoffe f\u00fcr einen ultimativen, aufhellenden Effekt. Mit seiner super seidigen Textur haftet das d\u00fcnne Material der Maske sanft auf der Haut, um eine gleichm\u00e4\u00dfige \u00dcbertragung der Wirkstoffe zu erm\u00f6glichen. Glutathion, ein starkes Antioxidans, gleicht den Hautton sichtbar aus und hilft dabei, dunkle Stellen und Verf\u00e4rbungen aufzuhellen. Ein dynamisches Duo aus bew\u00e4hrten, hautaufhellenden Inhaltsstoffen, Nicotinamid und \u03b1-Bisabolol, die f\u00fcr ein jugendlich aussehendes Strahlen sorgen.<br \/>\nOhne Parabene, Sulfate und Phthalate.<\/p>\n","protected":false},"featured_media":7493,"comment_status":"open","ping_status":"closed","template":"","meta":{"content-type":"","site-sidebar-layout":"default","site-content-layout":"default","ast-site-content-layout":"default","site-content-style":"default","site-sidebar-style":"default","ast-global-header-display":"","ast-banner-title-visibility":"","ast-main-header-display":"","ast-hfb-above-header-display":"","ast-hfb-below-header-display":"","ast-hfb-mobile-header-display":"","site-post-title":"","ast-breadcrumbs-content":"","ast-featured-img":"","footer-sml-layout":"","ast-disable-related-posts":"","theme-transparent-header-meta":"default","adv-header-id-meta":"","stick-header-meta":"","header-above-stick-meta":"","header-main-stick-meta":"","header-below-stick-meta":"","astra-migrate-meta-layouts":"set","ast-page-background-enabled":"default","ast-page-background-meta":{"desktop":{"background-color":"","background-image":"","background-repeat":"repeat","background-position":"center center","background-size":"auto","background-attachment":"scroll","background-type":"","background-media":"","overlay-type":"","overlay-color":"","overlay-opacity":"","overlay-gradient":""},"tablet":{"background-color":"","background-image":"","background-repeat":"repeat","background-position":"center center","background-size":"auto","background-attachment":"scroll","background-type":"","background-media":"","overlay-type":"","overlay-color":"","overlay-opacity":"","overlay-gradient":""},"mobile":{"background-color":"","background-image":"","background-repeat":"repeat","background-position":"center center","background-size":"auto","background-attachment":"scroll","background-type":"","background-media":"","overlay-type":"","overlay-color":"","overlay-opacity":"","overlay-gradient":""}},"ast-content-background-meta":{"desktop":{"background-color":"var(--ast-global-color-5)","background-image":"","background-repeat":"repeat","background-position":"center center","background-size":"auto","background-attachment":"scroll","background-type":"","background-media":"","overlay-type":"","overlay-color":"","overlay-opacity":"","overlay-gradient":""},"tablet":{"background-color":"var(--ast-global-color-5)","background-image":"","background-repeat":"repeat","background-position":"center center","background-size":"auto","background-attachment":"scroll","background-type":"","background-media":"","overlay-type":"","overlay-color":"","overlay-opacity":"","overlay-gradient":""},"mobile":{"background-color":"var(--ast-global-color-5)","background-image":"","background-repeat":"repeat","background-position":"center center","background-size":"auto","background-attachment":"scroll","background-type":"","background-media":"","overlay-type":"","overlay-color":"","overlay-opacity":"","overlay-gradient":""}}},"product_brand":[],"product_cat":[316,131,31],"product_tag":[34],"class_list":{"0":"post-7496","1":"product","2":"type-product","3":"status-publish","4":"has-post-thumbnail","6":"product_cat-gesichtsmaske","7":"product_cat-dr-jart","8":"product_cat-gesicht","9":"product_tag-sheet","10":"desktop-align-center","11":"tablet-align-center","12":"mobile-align-center","14":"first","15":"outofstock","16":"taxable","17":"shipping-taxable","18":"purchasable","19":"product-type-simple"},"_links":{"self":[{"href":"https:\/\/tomyklou.gr\/de\/wp-json\/wp\/v2\/product\/7496","targetHints":{"allow":["GET"]}}],"collection":[{"href":"https:\/\/tomyklou.gr\/de\/wp-json\/wp\/v2\/product"}],"about":[{"href":"https:\/\/tomyklou.gr\/de\/wp-json\/wp\/v2\/types\/product"}],"replies":[{"embeddable":true,"href":"https:\/\/tomyklou.gr\/de\/wp-json\/wp\/v2\/comments?post=7496"}],"wp:featuredmedia":[{"embeddable":true,"href":"https:\/\/tomyklou.gr\/de\/wp-json\/wp\/v2\/media\/7493"}],"wp:attachment":[{"href":"https:\/\/tomyklou.gr\/de\/wp-json\/wp\/v2\/media?parent=7496"}],"wp:term":[{"taxonomy":"product_brand","embeddable":true,"href":"https:\/\/tomyklou.gr\/de\/wp-json\/wp\/v2\/product_brand?post=7496"},{"taxonomy":"product_cat","embeddable":true,"href":"https:\/\/tomyklou.gr\/de\/wp-json\/wp\/v2\/product_cat?post=7496"},{"taxonomy":"product_tag","embeddable":true,"href":"https:\/\/tomyklou.gr\/de\/wp-json\/wp\/v2\/product_tag?post=7496"}],"curies":[{"name":"wp","href":"https:\/\/api.w.org\/{rel}","templated":true}]}}