{"id":7500,"date":"2023-07-05T23:00:50","date_gmt":"2023-07-05T21:00:50","guid":{"rendered":"https:\/\/tomyklou.gr\/product\/dr-jart-dermask-vital-hydra-solution-sheet-mask-5ea\/"},"modified":"2026-02-22T18:42:15","modified_gmt":"2026-02-22T16:42:15","slug":"dr-jart-dermask-vital-hydra-5pack","status":"publish","type":"product","link":"https:\/\/tomyklou.gr\/de\/product\/dr-jart-dermask-vital-hydra-solution-sheet-mask-5ea\/","title":{"rendered":"Dr. Jart+ Dermask Vital Hydra Solution Sheet Mask (5ea)"},"content":{"rendered":"<h3>Anwendung<\/h3>\n<ol>\n<li>Entnehmen Sie die Maske aus der Verpackung und entfernen Sie die Folie.<\/li>\n<li>Legen Sie die Maske auf das gereinigte Gesicht und lassen Sie sie f\u00fcr <strong>15 bis 30<\/strong> Minuten einwirken.<\/li>\n<li>Entfernen Sie die Maske und massieren Sie das restliche Serum sanft in die Haut ein.<\/li>\n<li>Tragen Sie anschlie\u00dfend eine Feuchtigkeitscreme auf.<\/li>\n<\/ol>\n<h3>Inhaltsstoffe<\/h3>\n<p>Water\/Eau, Glycerin, Butylene Glycol, Alcohol, Panthenol, Betaine, Xylitylglucoside, Anhydroxylitol, Xylitol, Hydrolyzed Hyaluronic Acid, Algae Extract, Laminaria Japonica Extract, Chlorphenesin, Hydroxyethylcellulose, Disodium EDTA, Xanthan Gum, PEG-60 Hydrogenated Castor Oil, Glycyrrhiza Glabra (Licorice) Root Extract, Zingiber Officinale (Ginger) Root Extract, Schizandra Chinensis Fruit Extract, Coptis Japonica Root Extract, Camellia Sinensis Leaf Extract, Caprylyl Glycol, 1,2-Hexanediol, Dipotassium Glycyrrhizate, Hydroxyethyl Acrylate\/Sodium Acryloyldimethyl Taurate Copolymer, Carbomer, Arginine, Citrus Grandis (Grapefruit) Seed Extract, Acorus Calamus Root Extract, Perilla Ocymoides Leaf Extract, Cyclopentasiloxane, Cyclohexasiloxane, PEG-10 Dimethicone\/Vinyl Dimethicone Crosspolymer, Pelargonium Graveolens Flower Oil.<\/p>\n<h3>Warnhinweise<\/h3>\n<ol>\n<li>Nur zur \u00e4u\u00dferlichen Anwendung geeignet.<\/li>\n<li>Nicht auf verletzte Haut oder auf Wunden auftragen.<\/li>\n<li>Sollten Nebenwirkungen wie Irritationen oder Ausschlag eintreten, Anwendung sofort beenden und unverz\u00fcglich an einen Arzt wenden.<\/li>\n<li>Kontakt mit den Augen vermeiden. Sollte das Produkt ins Auge gelangen, das Auge sofort gr\u00fcndlich mit klarem Wasser aussp\u00fclen.<\/li>\n<li>Au\u00dfer Reichweite von Kindern aufbewahren.<\/li>\n<li>Nicht schlucken. Bei Verschlucken Arzt oder Giftzentrale aufsuchen.<\/li>\n<\/ol>\n","protected":false},"excerpt":{"rendered":"<p><strong>Dr.Jart+<\/strong> Dermask Vital Hydra Solution Sheet Mask ist eine Sheet-Maske aus Cellulose, die Feuchtigkeit spendet und den Feuchtigkeitshaushalt der Haut auff\u00fcllt.<\/p>\n<p>Die leichte sowie transparente Maske wurde hergestellt aus feiner Cellulosefaser. Diese erm\u00f6glicht, dass die essenziellen N\u00e4hrstoffe und die feuchtigkeitsspendenden Inhaltsstoffe von den Poren vollst\u00e4ndig absorbiert werden, um eine ultimative Feuchtigkeitsbehandlung zu gew\u00e4hrleisten. Sie versorgt die trockene Haut sofort mit Feuchtigkeit, w\u00e4hrend Aquaxyl &#8211; ein patentierter, feuchtigkeitsspendender Inhaltsstoff &#8211; die Feuchtigkeitsspeicherung verbessert und die Barrierefunktion der Haut st\u00e4rkt. Hyalurons\u00e4ure mit ultraniedrigem Molekulargewicht aktiviert die Hautfeuchtigkeit mit hoher Absorption, und Algenextrakt, das Algens\u00e4uren enth\u00e4lt, spendet Feuchtigkeit und entfernt Unreinheiten.<\/p>\n<p>Ohne Parabene, Sulfate und Phthalate.<\/p>\n","protected":false},"featured_media":7497,"comment_status":"open","ping_status":"closed","template":"","meta":{"content-type":"","site-sidebar-layout":"default","site-content-layout":"default","ast-site-content-layout":"default","site-content-style":"default","site-sidebar-style":"default","ast-global-header-display":"","ast-banner-title-visibility":"","ast-main-header-display":"","ast-hfb-above-header-display":"","ast-hfb-below-header-display":"","ast-hfb-mobile-header-display":"","site-post-title":"","ast-breadcrumbs-content":"","ast-featured-img":"","footer-sml-layout":"","ast-disable-related-posts":"","theme-transparent-header-meta":"default","adv-header-id-meta":"","stick-header-meta":"","header-above-stick-meta":"","header-main-stick-meta":"","header-below-stick-meta":"","astra-migrate-meta-layouts":"set","ast-page-background-enabled":"default","ast-page-background-meta":{"desktop":{"background-color":"","background-image":"","background-repeat":"repeat","background-position":"center center","background-size":"auto","background-attachment":"scroll","background-type":"","background-media":"","overlay-type":"","overlay-color":"","overlay-opacity":"","overlay-gradient":""},"tablet":{"background-color":"","background-image":"","background-repeat":"repeat","background-position":"center center","background-size":"auto","background-attachment":"scroll","background-type":"","background-media":"","overlay-type":"","overlay-color":"","overlay-opacity":"","overlay-gradient":""},"mobile":{"background-color":"","background-image":"","background-repeat":"repeat","background-position":"center center","background-size":"auto","background-attachment":"scroll","background-type":"","background-media":"","overlay-type":"","overlay-color":"","overlay-opacity":"","overlay-gradient":""}},"ast-content-background-meta":{"desktop":{"background-color":"var(--ast-global-color-5)","background-image":"","background-repeat":"repeat","background-position":"center center","background-size":"auto","background-attachment":"scroll","background-type":"","background-media":"","overlay-type":"","overlay-color":"","overlay-opacity":"","overlay-gradient":""},"tablet":{"background-color":"var(--ast-global-color-5)","background-image":"","background-repeat":"repeat","background-position":"center center","background-size":"auto","background-attachment":"scroll","background-type":"","background-media":"","overlay-type":"","overlay-color":"","overlay-opacity":"","overlay-gradient":""},"mobile":{"background-color":"var(--ast-global-color-5)","background-image":"","background-repeat":"repeat","background-position":"center center","background-size":"auto","background-attachment":"scroll","background-type":"","background-media":"","overlay-type":"","overlay-color":"","overlay-opacity":"","overlay-gradient":""}}},"product_brand":[],"product_cat":[316,131,31],"product_tag":[34],"class_list":{"0":"post-7500","1":"product","2":"type-product","3":"status-publish","4":"has-post-thumbnail","6":"product_cat-gesichtsmaske","7":"product_cat-dr-jart","8":"product_cat-gesicht","9":"product_tag-sheet","10":"desktop-align-center","11":"tablet-align-center","12":"mobile-align-center","14":"first","15":"outofstock","16":"taxable","17":"shipping-taxable","18":"purchasable","19":"product-type-simple"},"_links":{"self":[{"href":"https:\/\/tomyklou.gr\/de\/wp-json\/wp\/v2\/product\/7500","targetHints":{"allow":["GET"]}}],"collection":[{"href":"https:\/\/tomyklou.gr\/de\/wp-json\/wp\/v2\/product"}],"about":[{"href":"https:\/\/tomyklou.gr\/de\/wp-json\/wp\/v2\/types\/product"}],"replies":[{"embeddable":true,"href":"https:\/\/tomyklou.gr\/de\/wp-json\/wp\/v2\/comments?post=7500"}],"wp:featuredmedia":[{"embeddable":true,"href":"https:\/\/tomyklou.gr\/de\/wp-json\/wp\/v2\/media\/7497"}],"wp:attachment":[{"href":"https:\/\/tomyklou.gr\/de\/wp-json\/wp\/v2\/media?parent=7500"}],"wp:term":[{"taxonomy":"product_brand","embeddable":true,"href":"https:\/\/tomyklou.gr\/de\/wp-json\/wp\/v2\/product_brand?post=7500"},{"taxonomy":"product_cat","embeddable":true,"href":"https:\/\/tomyklou.gr\/de\/wp-json\/wp\/v2\/product_cat?post=7500"},{"taxonomy":"product_tag","embeddable":true,"href":"https:\/\/tomyklou.gr\/de\/wp-json\/wp\/v2\/product_tag?post=7500"}],"curies":[{"name":"wp","href":"https:\/\/api.w.org\/{rel}","templated":true}]}}