{"id":7540,"date":"2023-07-05T23:01:13","date_gmt":"2023-07-05T21:01:13","guid":{"rendered":"https:\/\/tomyklou.gr\/product\/frudia-avocado-relief-mask-10%cf%84%ce%b5%ce%bc\/"},"modified":"2026-02-22T18:42:14","modified_gmt":"2026-02-22T16:42:14","slug":"frudia-avocado-relief-mask-10%cf%84%ce%b5%ce%bc","status":"publish","type":"product","link":"https:\/\/tomyklou.gr\/de\/product\/frudia-avocado-relief-mask-10ea\/","title":{"rendered":"Frudia Avocado Relief Mask (10ea)"},"content":{"rendered":"<h3>Anwendung<\/h3>\n<ol>\n<li>Entnehmen Sie die Maske aus der Verpackung und falten Sie sie vorsichtig auseinander.<\/li>\n<li>Legen Sie die Maske auf das gereinigte Gesicht und lassen Sie sie f\u00fcr <strong>15-20<\/strong> Minuten einwirken.<\/li>\n<li>Entfernen Sie die Maske anschlie\u00dfend und tupfen Sie das restliche Serum sanft in die Haut ein, bis es vollst\u00e4ndig eingezogen ist.<\/li>\n<\/ol>\n<h3>Inhaltsstoffe<\/h3>\n<p><span class=\"\" role=\"listitem\">Water,\u00a0<\/span><span class=\"\" role=\"listitem\">Butylene Glycol,\u00a0<\/span><span class=\"\" role=\"listitem\">Glycereth-26,\u00a0<\/span><span class=\"\" role=\"listitem\">1,2-Hexanediol,\u00a0<\/span><span class=\"\" role=\"listitem\">Persea Gratissima (Avocado) Fruit Extract,\u00a0<\/span><span class=\"\" role=\"listitem\">Panthenol,\u00a0<\/span><span class=\"\" role=\"listitem\">Ammonium Acryloyldimethyltaurate\/\u200bBeheneth-25 Methacrylate Crosspolymer,\u00a0<\/span><span class=\"\" role=\"listitem\">Glycerin,\u00a0<\/span><span class=\"\" role=\"listitem\">Caprylic\/\u200bCapric Triglyceride,\u00a0<span class=\"showmore-mobile\" role=\"listitem\">Butyrospermum Parkii (Shea) Butter,\u00a0<\/span><span class=\"showmore-mobile\" role=\"listitem\">Olea Europaea (Olive) Fruit Oil,\u00a0<\/span><span class=\"showmore-mobile\" role=\"listitem\"><span class=\"black strikethrough\">Polyglyceryl-10 Laurate,\u00a0<\/span><\/span><\/span><span class=\"\" role=\"listitem\"><span class=\"showmore-mobile\" role=\"listitem\">Portulaca Oleracea Extract,\u00a0<\/span><span class=\"showmore-mobile\" role=\"listitem\">Hydrogenated Lecithin,\u00a0<\/span><span class=\"showmore-mobile\" role=\"listitem\">Squalane,\u00a0<\/span><span class=\"showmore-mobile\" role=\"listitem\">Allantoin,\u00a0<\/span><span class=\"showmore-mobile\" role=\"listitem\">Disodium EDTA,\u00a0<\/span><span class=\"showmore-mobile\" role=\"listitem\">Xanthan Gum,\u00a0<\/span><span class=\"showmore-mobile\" role=\"listitem\">Madecassoside,\u00a0<\/span><span class=\"showmore-mobile\" role=\"listitem\">Punica Granatum Fruit Extract,\u00a0<\/span><span class=\"showmore-mobile\" role=\"listitem\">Citrus Aurantium Bergamia (Bergamot) Fruit Oil,\u00a0<\/span><span class=\"showmore-mobile\" role=\"listitem\">Lavandula Hybrida Oil,\u00a0<\/span><span class=\"showmore-mobile\" role=\"listitem\">Citrus Aurantium Dulcis (Orange) Peel Oil,<\/span><span class=\"showmore-mobile\" role=\"listitem\">Cupressus Sempervirens Leaf\/\u200bNut\/\u200bStem Oil,\u00a0<\/span><span class=\"showmore-mobile\" role=\"listitem\">Juniperus Virginiana Oil,\u00a0<\/span><span class=\"showmore-mobile\" role=\"listitem\">Ceramide NP,\u00a0<\/span><span class=\"showmore-mobile\" role=\"listitem\">Cholesterol,\u00a0<\/span><span class=\"showmore-mobile\" role=\"listitem\">Citrus Paradisi (Grapefruit) Peel Oil,<\/span><span class=\"showmore-mobile\" role=\"listitem\">Asiaticoside,\u00a0<\/span><span class=\"showmore-mobile\" role=\"listitem\">Ethylhexylglycerin,\u00a0<\/span><span class=\"showmore-mobile\" role=\"listitem\">Phytosphingosine,\u00a0<\/span><span class=\"showmore-mobile\" role=\"listitem\">Aesculus Hippocastanum (Horse Chestnut Extract, Centella Asiatica Extract, Camphor, Hamamelis Virginiana (Witch Hazel) Leaf Extract,\u00a0<\/span><span class=\"showmore-mobile\" role=\"listitem\">Cocos Nucifera (Coconut) Oil,\u00a0<\/span><span class=\"showmore-mobile\" role=\"listitem\">Madecassic Acid,\u00a0<\/span><span class=\"showmore-mobile\" role=\"listitem\">Asiatic Acid,\u00a0<\/span><span class=\"showmore-mobile\" role=\"listitem\">Leucine,\u00a0<\/span><span class=\"showmore-mobile\" role=\"listitem\">Phenylalanine,\u00a0<\/span><span class=\"showmore-mobile\" role=\"listitem\">Methionine,<\/span><span class=\"showmore-mobile\" role=\"listitem\">Lysine,\u00a0<\/span><span class=\"showmore-mobile\" role=\"listitem\">Histidine,\u00a0<\/span><span class=\"showmore-mobile\" role=\"listitem\">Isoleucine,\u00a0<\/span><span class=\"showmore-mobile\" role=\"listitem\">Valine,\u00a0<\/span><span class=\"showmore-mobile\" role=\"listitem\">Threonine,\u00a0<\/span><span class=\"showmore-mobile\" role=\"listitem\">Camellia Sinensis Leaf Oil,\u00a0<\/span><span class=\"showmore-mobile\" role=\"listitem\">Cinnamomum Camphora (Camphor) Bark Oil,\u00a0<\/span><span class=\"showmore-mobile\" role=\"listitem\">Gardenia Taitensis Flower,\u00a0<\/span><span class=\"showmore-mobile\" role=\"listitem\">Tryptophan,\u00a0<\/span><span class=\"showmore-mobile\" role=\"listitem\">Tocopherol,\u00a0<\/span><span class=\"showmore-mobile\" role=\"listitem\">Chlorphenesin<\/span><\/span><\/p>\n<h3>Warnhinweise<\/h3>\n<ol>\n<li>Nur zur \u00e4u\u00dferlichen Anwendung geeignet.<\/li>\n<li>Nicht auf verletzte Haut oder auf Wunden auftragen.<\/li>\n<li>Sollten Nebenwirkungen wie Irritationen oder Ausschlag eintreten, Anwendung sofort beenden und unverz\u00fcglich an einen Arzt wenden.<\/li>\n<li>Kontakt mit den Augen vermeiden. Sollte das Produkt ins Auge gelangen, das Auge sofort gr\u00fcndlich mit klarem Wasser aussp\u00fclen.<\/li>\n<li>Au\u00dfer Reichweite von Kindern aufbewahren.<\/li>\n<li>Nicht schlucken. Bei Verschlucken Arzt oder Giftzentrale aufsuchen.<\/li>\n<\/ol>\n","protected":false},"excerpt":{"rendered":"<p><strong>Frudia<\/strong>\u00a0Avocado Relief Sheet Mask ist eine Maske mit Avocado-Extrakten, die die Haut pflegt und Irritationen lindert. Enth\u00e4lt Avocado-Extrakte, die sicherstellen, dass sich Ihre Haut in k\u00fcrzester Zeit gepflegt und mit Feuchtigkeit versorgt anf\u00fchlt. Alle Wirkstoffe dringen tief in die Haut ein und pflegen diese von innen heraus. Diese Maske ist geeignet f\u00fcr alle Hauttypen, inklusive sensible Haut.<\/p>\n","protected":false},"featured_media":7538,"comment_status":"open","ping_status":"closed","template":"","meta":{"content-type":"","site-sidebar-layout":"default","site-content-layout":"default","ast-site-content-layout":"default","site-content-style":"default","site-sidebar-style":"default","ast-global-header-display":"","ast-banner-title-visibility":"","ast-main-header-display":"","ast-hfb-above-header-display":"","ast-hfb-below-header-display":"","ast-hfb-mobile-header-display":"","site-post-title":"","ast-breadcrumbs-content":"","ast-featured-img":"","footer-sml-layout":"","ast-disable-related-posts":"","theme-transparent-header-meta":"default","adv-header-id-meta":"","stick-header-meta":"","header-above-stick-meta":"","header-main-stick-meta":"","header-below-stick-meta":"","astra-migrate-meta-layouts":"default","ast-page-background-enabled":"default","ast-page-background-meta":{"desktop":{"background-color":"","background-image":"","background-repeat":"repeat","background-position":"center center","background-size":"auto","background-attachment":"scroll","background-type":"","background-media":"","overlay-type":"","overlay-color":"","overlay-opacity":"","overlay-gradient":""},"tablet":{"background-color":"","background-image":"","background-repeat":"repeat","background-position":"center center","background-size":"auto","background-attachment":"scroll","background-type":"","background-media":"","overlay-type":"","overlay-color":"","overlay-opacity":"","overlay-gradient":""},"mobile":{"background-color":"","background-image":"","background-repeat":"repeat","background-position":"center center","background-size":"auto","background-attachment":"scroll","background-type":"","background-media":"","overlay-type":"","overlay-color":"","overlay-opacity":"","overlay-gradient":""}},"ast-content-background-meta":{"desktop":{"background-color":"var(--ast-global-color-5)","background-image":"","background-repeat":"repeat","background-position":"center center","background-size":"auto","background-attachment":"scroll","background-type":"","background-media":"","overlay-type":"","overlay-color":"","overlay-opacity":"","overlay-gradient":""},"tablet":{"background-color":"var(--ast-global-color-5)","background-image":"","background-repeat":"repeat","background-position":"center center","background-size":"auto","background-attachment":"scroll","background-type":"","background-media":"","overlay-type":"","overlay-color":"","overlay-opacity":"","overlay-gradient":""},"mobile":{"background-color":"var(--ast-global-color-5)","background-image":"","background-repeat":"repeat","background-position":"center center","background-size":"auto","background-attachment":"scroll","background-type":"","background-media":"","overlay-type":"","overlay-color":"","overlay-opacity":"","overlay-gradient":""}}},"product_brand":[],"product_cat":[316,137,31],"product_tag":[34],"class_list":{"0":"post-7540","1":"product","2":"type-product","3":"status-publish","4":"has-post-thumbnail","6":"product_cat-gesichtsmaske","7":"product_cat-frudia","8":"product_cat-gesicht","9":"product_tag-sheet","10":"desktop-align-center","11":"tablet-align-center","12":"mobile-align-center","14":"first","15":"outofstock","16":"taxable","17":"shipping-taxable","18":"purchasable","19":"product-type-simple"},"_links":{"self":[{"href":"https:\/\/tomyklou.gr\/de\/wp-json\/wp\/v2\/product\/7540","targetHints":{"allow":["GET"]}}],"collection":[{"href":"https:\/\/tomyklou.gr\/de\/wp-json\/wp\/v2\/product"}],"about":[{"href":"https:\/\/tomyklou.gr\/de\/wp-json\/wp\/v2\/types\/product"}],"replies":[{"embeddable":true,"href":"https:\/\/tomyklou.gr\/de\/wp-json\/wp\/v2\/comments?post=7540"}],"wp:featuredmedia":[{"embeddable":true,"href":"https:\/\/tomyklou.gr\/de\/wp-json\/wp\/v2\/media\/7538"}],"wp:attachment":[{"href":"https:\/\/tomyklou.gr\/de\/wp-json\/wp\/v2\/media?parent=7540"}],"wp:term":[{"taxonomy":"product_brand","embeddable":true,"href":"https:\/\/tomyklou.gr\/de\/wp-json\/wp\/v2\/product_brand?post=7540"},{"taxonomy":"product_cat","embeddable":true,"href":"https:\/\/tomyklou.gr\/de\/wp-json\/wp\/v2\/product_cat?post=7540"},{"taxonomy":"product_tag","embeddable":true,"href":"https:\/\/tomyklou.gr\/de\/wp-json\/wp\/v2\/product_tag?post=7540"}],"curies":[{"name":"wp","href":"https:\/\/api.w.org\/{rel}","templated":true}]}}