{"id":7563,"date":"2023-07-05T23:01:23","date_gmt":"2023-07-05T21:01:23","guid":{"rendered":"https:\/\/tomyklou.gr\/product\/muldream-all-green-mild-mask-10ea\/"},"modified":"2026-02-22T18:42:14","modified_gmt":"2026-02-22T16:42:14","slug":"muldream-all-green-mild-mask-10ea","status":"publish","type":"product","link":"https:\/\/tomyklou.gr\/de\/product\/muldream-all-green-mild-mask-10ea\/","title":{"rendered":"Muldream All Green Mild Mask (10ea)"},"content":{"rendered":"<h3>Anwendung<\/h3>\n<ol>\n<li>Bewahren Sie Ihre Tuchmasken vor der Verwendung 10 Minuten lang im K\u00fchlschrank kalt auf.<\/li>\n<li>F\u00fcr 15 bis 20 Minuten einwirken lassen, dann vorsichtig entfernen. Nicht abwaschen!<\/li>\n<li>Das zur\u00fcckgebliebene Serum in die Haut tupfen bis es v\u00f6llig eingezogen ist.<\/li>\n<li>Restliche Essenz auf dem ganzen K\u00f6rper verteilen und einmassieren.<\/li>\n<\/ol>\n<p>Tipp: Es ist effektiver, die Maskenpackung nach der Verwendung der AHA PHA-Ampulle zu tragen. Empfohlen f\u00fcr die t\u00e4gliche Nachtpflege.<\/p>\n<h3>Inhaltsstoffe<\/h3>\n<p>&#8211;<\/p>\n<h3>Warnhinweise<\/h3>\n<ol>\n<li>Nur zur \u00e4u\u00dferlichen Anwendung geeignet.<\/li>\n<li>Nicht auf verletzte Haut oder auf Wunden auftragen.<\/li>\n<li>Sollten Nebenwirkungen wie Irritationen oder Ausschlag eintreten, Anwendung sofort beenden und unverz\u00fcglich an einen Arzt wenden.<\/li>\n<li>Kontakt mit den Augen vermeiden. Sollte das Produkt ins Auge gelangen, das Auge sofort gr\u00fcndlich mit klarem Wasser aussp\u00fclen.<\/li>\n<li>Au\u00dfer Reichweite von Kindern aufbewahren.<\/li>\n<li>Nicht schlucken. Bei Verschlucken Arzt oder Giftzentrale aufsuchen.<\/li>\n<\/ol>\n","protected":false},"excerpt":{"rendered":"<p>Perfekt f\u00fcr Menschen mit den folgenden Anliegen<\/p>\n<ul>\n<li>eine Person, die eine multiaktive Gesichtsmaske w\u00fcnscht<\/li>\n<li>eine Person, die einen Mangel an Ausstrahlung oder einen m\u00fcden, ungleichm\u00e4\u00dfigen Hautton hat<\/li>\n<li>trockene und empfindliche Haut und err\u00f6tende Haut<\/li>\n<li>eine Person, die eine beruhigende und feuchtigkeitsspendende Haut m\u00f6chte<\/li>\n<\/ul>\n<p><strong>Hauptmerkmale<\/strong><\/p>\n<ul>\n<li>SOS ALL-IN-ONE Pflege mit 5 Effekten: Reparatur der Hautbarriere (CeramideNP) + Beruhigung\/Beruhigung gereizter Haut (Centella Asiatica-Extrakte 10.000 ppm, Portulaca Oleracea-Extrakt\/Kamille) + Gleicht den Hautton aus (Oryza Sativa (Reis) Kleiewasser, Vitamin-C-Induktor, Niacinamid) + Hydratation (Beta-Glucan, Natriumhyaluronat, Betula-Alba-Extrakt, Betain) + Anti-Aging (Adenosin, Madecassosid, Asiaticosid)<\/li>\n<li>Heilt und beruhigt Haut: Cica (aka.) heilt gereizte Haut Haut durch Beruhigung und Wiederaufbau der Hautbarriere.<\/li>\n<li>Intensive Hydratation &amp; K\u00fchlung \/ beruhigende \/ feuchtigkeitsspendende Wirkung. Hochkondensierte Essenzbombe<\/li>\n<li><strong>CRUELTY FREE, VEGAN, CLEAN COSMETICS<\/strong>\u00a0&#8211; Parabenfrei, \u00f6lfrei, silikonfrei, keine Farbstoffe, kein Alkohol, kein PEG, pflanzliche vegane Formulierung<\/li>\n<\/ul>\n","protected":false},"featured_media":7561,"comment_status":"open","ping_status":"closed","template":"","meta":{"content-type":"","site-sidebar-layout":"default","site-content-layout":"default","ast-site-content-layout":"default","site-content-style":"default","site-sidebar-style":"default","ast-global-header-display":"","ast-banner-title-visibility":"","ast-main-header-display":"","ast-hfb-above-header-display":"","ast-hfb-below-header-display":"","ast-hfb-mobile-header-display":"","site-post-title":"","ast-breadcrumbs-content":"","ast-featured-img":"","footer-sml-layout":"","ast-disable-related-posts":"","theme-transparent-header-meta":"default","adv-header-id-meta":"","stick-header-meta":"","header-above-stick-meta":"","header-main-stick-meta":"","header-below-stick-meta":"","astra-migrate-meta-layouts":"default","ast-page-background-enabled":"default","ast-page-background-meta":{"desktop":{"background-color":"","background-image":"","background-repeat":"repeat","background-position":"center center","background-size":"auto","background-attachment":"scroll","background-type":"","background-media":"","overlay-type":"","overlay-color":"","overlay-opacity":"","overlay-gradient":""},"tablet":{"background-color":"","background-image":"","background-repeat":"repeat","background-position":"center center","background-size":"auto","background-attachment":"scroll","background-type":"","background-media":"","overlay-type":"","overlay-color":"","overlay-opacity":"","overlay-gradient":""},"mobile":{"background-color":"","background-image":"","background-repeat":"repeat","background-position":"center center","background-size":"auto","background-attachment":"scroll","background-type":"","background-media":"","overlay-type":"","overlay-color":"","overlay-opacity":"","overlay-gradient":""}},"ast-content-background-meta":{"desktop":{"background-color":"var(--ast-global-color-5)","background-image":"","background-repeat":"repeat","background-position":"center center","background-size":"auto","background-attachment":"scroll","background-type":"","background-media":"","overlay-type":"","overlay-color":"","overlay-opacity":"","overlay-gradient":""},"tablet":{"background-color":"var(--ast-global-color-5)","background-image":"","background-repeat":"repeat","background-position":"center center","background-size":"auto","background-attachment":"scroll","background-type":"","background-media":"","overlay-type":"","overlay-color":"","overlay-opacity":"","overlay-gradient":""},"mobile":{"background-color":"var(--ast-global-color-5)","background-image":"","background-repeat":"repeat","background-position":"center center","background-size":"auto","background-attachment":"scroll","background-type":"","background-media":"","overlay-type":"","overlay-color":"","overlay-opacity":"","overlay-gradient":""}}},"product_brand":[],"product_cat":[316,30,31],"product_tag":[34],"class_list":{"0":"post-7563","1":"product","2":"type-product","3":"status-publish","4":"has-post-thumbnail","6":"product_cat-gesichtsmaske","7":"product_cat-muldream","8":"product_cat-gesicht","9":"product_tag-sheet","10":"desktop-align-center","11":"tablet-align-center","12":"mobile-align-center","14":"first","15":"outofstock","16":"taxable","17":"shipping-taxable","18":"purchasable","19":"product-type-simple"},"_links":{"self":[{"href":"https:\/\/tomyklou.gr\/de\/wp-json\/wp\/v2\/product\/7563","targetHints":{"allow":["GET"]}}],"collection":[{"href":"https:\/\/tomyklou.gr\/de\/wp-json\/wp\/v2\/product"}],"about":[{"href":"https:\/\/tomyklou.gr\/de\/wp-json\/wp\/v2\/types\/product"}],"replies":[{"embeddable":true,"href":"https:\/\/tomyklou.gr\/de\/wp-json\/wp\/v2\/comments?post=7563"}],"wp:featuredmedia":[{"embeddable":true,"href":"https:\/\/tomyklou.gr\/de\/wp-json\/wp\/v2\/media\/7561"}],"wp:attachment":[{"href":"https:\/\/tomyklou.gr\/de\/wp-json\/wp\/v2\/media?parent=7563"}],"wp:term":[{"taxonomy":"product_brand","embeddable":true,"href":"https:\/\/tomyklou.gr\/de\/wp-json\/wp\/v2\/product_brand?post=7563"},{"taxonomy":"product_cat","embeddable":true,"href":"https:\/\/tomyklou.gr\/de\/wp-json\/wp\/v2\/product_cat?post=7563"},{"taxonomy":"product_tag","embeddable":true,"href":"https:\/\/tomyklou.gr\/de\/wp-json\/wp\/v2\/product_tag?post=7563"}],"curies":[{"name":"wp","href":"https:\/\/api.w.org\/{rel}","templated":true}]}}