{"id":7566,"date":"2023-07-05T23:01:25","date_gmt":"2023-07-05T21:01:25","guid":{"rendered":"https:\/\/tomyklou.gr\/product\/dr-jart-premium-beauty-balm-spf-451-5-oz-40ml\/"},"modified":"2026-02-22T18:42:14","modified_gmt":"2026-02-22T16:42:14","slug":"dr-jart-premium-beauty-balm-spf-451-5-oz-40ml","status":"publish","type":"product","link":"https:\/\/tomyklou.gr\/de\/product\/dr-jart-premium-beauty-balm-spf-451-5-oz\/","title":{"rendered":"Dr. Jart+ Premium Beauty Balm SPF 45,1.5 Oz 40ml"},"content":{"rendered":"<h3>Anwendung<\/h3>\n<ul>\n<li>Nach dem Toner oder der Feuchtigkeitscreme eine erbsengro\u00dfe Menge in die H\u00e4nde geben und sanft in Gesicht und Hals einmassieren.<\/li>\n<li>Verwenden Sie es als letzten Schritt in Ihrer t\u00e4glichen Hautpflege, um den Hautton zu verbessern und eine glatte Hautstruktur zu schaffen. Tragen Sie es unter Foundation oder anstelle von Foundation auf.<\/li>\n<\/ul>\n<h3>Inhaltsstoffe<\/h3>\n<p>Octinoxate (6.79%) Titanium Dioxide (5.80%) Zinc Oxide (5.00%) Octisalate (4.50%) Water, Cyclopentasiloxane, Ethylhexyl Methoxycinnamate (Octinoxate), Cyclohexasiloxane, Titanium Dioxide, Zinc Oxide, Glycerin, Ethylhexyl Salicylate (Octisalate), Talc, PEG-10 Dimethicone, Iron Oxides(CI 77492), C12-15 Alkyl Benzoate, Niacinamide, Diphenylsiloxy Phenyl Trimethicone, Dipropylene Glycol, Hexyl Laurate, Disteardimonium Hectorite, Magnesium Sulfate, Dimethicone\/Vinyl Dimethicone Crosspolymer, Dimethicone, Iron Oxides(CI 77491), Triethoxycaprylylsilane, Phenoxyethanol, Iron Oxides (CI 77499), Methicone, Polyglyceryl-6 Polyricinoleate, Ethylhexylglycerin, Trihydroxystearin, Citrus Aurantium Dulcis (Orange) Peel Oil, Adenosine, Pinus Sylvestris Leaf Oil, Citrus Aurantifolia (Lime) Oil, BHT, Eucalyptus Globulus Leaf Oil, Citrus Limon (Lemon) Peel Oil, Citrus Aurantium Bergamia (Bergamot) Fruit Oil, Allantoin, 1,2-Hexanediol, Platinum Powder, Palmitoyl Tripeptide-5, Polysorbate 80.<\/p>\n<h3>Warnhinweise<\/h3>\n<ol>\n<li>Nur zur \u00e4u\u00dferlichen Anwendung geeignet.<\/li>\n<li>Nicht auf verletzte Haut oder auf Wunden auftragen.<\/li>\n<li>Sollten Nebenwirkungen wie Irritationen oder Ausschlag eintreten, Anwendung sofort beenden und unverz\u00fcglich an einen Arzt wenden.<\/li>\n<li>Kontakt mit den Augen vermeiden. Sollte das Produkt ins Auge gelangen, das Auge sofort gr\u00fcndlich mit klarem Wasser aussp\u00fclen.<\/li>\n<li>Au\u00dfer Reichweite von Kindern aufbewahren.<\/li>\n<li>Nicht schlucken. Bei Verschlucken Arzt oder Giftzentrale aufsuchen.<\/li>\n<\/ol>\n","protected":false},"excerpt":{"rendered":"<p><strong>Dr. Jart+ Premium Beauty Balm SPF 45,1.5 Oz (Bio Peptide Complex Infused,Promote Natural Collagen):<\/strong><\/p>\n<p>\u200b<strong>Dr.jart Premium Beauty Balm 40ml<\/strong> , Bio Peptide und Wei\u00dfgoldanteil verleihen Ihrer Haut Elastizit\u00e4t. Spendet Ihrer Haut Feuchtigkeit. Saubere Anwendung f\u00fcr strahlend aussehende Haut. Deckt und behandelt Hautunreinheiten f\u00fcr eine strahlendere Haut. verleiht der Haut einen Ton heller. Seidige Abdeckung mit weicher Textur.<\/p>\n","protected":false},"featured_media":7564,"comment_status":"open","ping_status":"closed","template":"","meta":{"content-type":"","site-sidebar-layout":"default","site-content-layout":"default","ast-site-content-layout":"default","site-content-style":"default","site-sidebar-style":"default","ast-global-header-display":"","ast-banner-title-visibility":"","ast-main-header-display":"","ast-hfb-above-header-display":"","ast-hfb-below-header-display":"","ast-hfb-mobile-header-display":"","site-post-title":"","ast-breadcrumbs-content":"","ast-featured-img":"","footer-sml-layout":"","ast-disable-related-posts":"","theme-transparent-header-meta":"default","adv-header-id-meta":"","stick-header-meta":"","header-above-stick-meta":"","header-main-stick-meta":"","header-below-stick-meta":"","astra-migrate-meta-layouts":"default","ast-page-background-enabled":"default","ast-page-background-meta":{"desktop":{"background-color":"","background-image":"","background-repeat":"repeat","background-position":"center center","background-size":"auto","background-attachment":"scroll","background-type":"","background-media":"","overlay-type":"","overlay-color":"","overlay-opacity":"","overlay-gradient":""},"tablet":{"background-color":"","background-image":"","background-repeat":"repeat","background-position":"center center","background-size":"auto","background-attachment":"scroll","background-type":"","background-media":"","overlay-type":"","overlay-color":"","overlay-opacity":"","overlay-gradient":""},"mobile":{"background-color":"","background-image":"","background-repeat":"repeat","background-position":"center center","background-size":"auto","background-attachment":"scroll","background-type":"","background-media":"","overlay-type":"","overlay-color":"","overlay-opacity":"","overlay-gradient":""}},"ast-content-background-meta":{"desktop":{"background-color":"var(--ast-global-color-5)","background-image":"","background-repeat":"repeat","background-position":"center center","background-size":"auto","background-attachment":"scroll","background-type":"","background-media":"","overlay-type":"","overlay-color":"","overlay-opacity":"","overlay-gradient":""},"tablet":{"background-color":"var(--ast-global-color-5)","background-image":"","background-repeat":"repeat","background-position":"center center","background-size":"auto","background-attachment":"scroll","background-type":"","background-media":"","overlay-type":"","overlay-color":"","overlay-opacity":"","overlay-gradient":""},"mobile":{"background-color":"var(--ast-global-color-5)","background-image":"","background-repeat":"repeat","background-position":"center center","background-size":"auto","background-attachment":"scroll","background-type":"","background-media":"","overlay-type":"","overlay-color":"","overlay-opacity":"","overlay-gradient":""}}},"product_brand":[],"product_cat":[131,66,31],"product_tag":[],"class_list":{"0":"post-7566","1":"product","2":"type-product","3":"status-publish","4":"has-post-thumbnail","6":"product_cat-dr-jart","7":"product_cat-make-up","8":"product_cat-gesicht","9":"desktop-align-center","10":"tablet-align-center","11":"mobile-align-center","13":"first","14":"outofstock","15":"taxable","16":"shipping-taxable","17":"purchasable","18":"product-type-simple"},"_links":{"self":[{"href":"https:\/\/tomyklou.gr\/de\/wp-json\/wp\/v2\/product\/7566","targetHints":{"allow":["GET"]}}],"collection":[{"href":"https:\/\/tomyklou.gr\/de\/wp-json\/wp\/v2\/product"}],"about":[{"href":"https:\/\/tomyklou.gr\/de\/wp-json\/wp\/v2\/types\/product"}],"replies":[{"embeddable":true,"href":"https:\/\/tomyklou.gr\/de\/wp-json\/wp\/v2\/comments?post=7566"}],"wp:featuredmedia":[{"embeddable":true,"href":"https:\/\/tomyklou.gr\/de\/wp-json\/wp\/v2\/media\/7564"}],"wp:attachment":[{"href":"https:\/\/tomyklou.gr\/de\/wp-json\/wp\/v2\/media?parent=7566"}],"wp:term":[{"taxonomy":"product_brand","embeddable":true,"href":"https:\/\/tomyklou.gr\/de\/wp-json\/wp\/v2\/product_brand?post=7566"},{"taxonomy":"product_cat","embeddable":true,"href":"https:\/\/tomyklou.gr\/de\/wp-json\/wp\/v2\/product_cat?post=7566"},{"taxonomy":"product_tag","embeddable":true,"href":"https:\/\/tomyklou.gr\/de\/wp-json\/wp\/v2\/product_tag?post=7566"}],"curies":[{"name":"wp","href":"https:\/\/api.w.org\/{rel}","templated":true}]}}