{"id":7570,"date":"2023-07-05T23:01:26","date_gmt":"2023-07-05T21:01:26","guid":{"rendered":"https:\/\/tomyklou.gr\/product\/frudia-coconut-honey-salve-lip-cream-10g\/"},"modified":"2026-02-22T18:42:13","modified_gmt":"2026-02-22T16:42:13","slug":"frudia-coconut-honey-salve-lip-cream-10g","status":"publish","type":"product","link":"https:\/\/tomyklou.gr\/de\/product\/frudia-coconut-honey-salve-lip-cream-10g\/","title":{"rendered":"Frudia Coconut Honey Salve Lip Cream 10g"},"content":{"rendered":"<h3>Anwendung<\/h3>\n<ol>\n<li>Tragen Sie eine moderate Menge Lippencreme auf und verteilen Sie sie sanft entlang der Lippenlinie.<\/li>\n<li>F\u00fcr eine bessere Absorption sanft auf den feinen Linien von oben nach oben mischen.<\/li>\n<\/ol>\n<h3>Inhaltsstoffe<\/h3>\n<p>Cocos Nucifera (Coconut) Water, Glycerin, Sorbitol, Beeswax, Diisostearyl Malate, Cetyl Ethylhexanoate, Caprylic\/Capric Triglyceride, Water, Butyrospermum Parkii (Shea) Butter, Panthenol, Hydrogenated Castor Oil Dimer Dilinoleate, 1,2-Hexanediol, Polysorbate 60, Methyl Glucose Sesquistearate, Cetyl Alcohol, Glyceryl Stearate, Butylene Glycol, Trehalose, Sorbitan Sesquioleate, Hydrogenated Polyisobutene, Glyceryl Caprylate, Dimethicone, PEG-100 Stearate, Stearyl Alcohol, Ammonium Acryloyldimethyltaurate\/VP Copolymer, Sodium Polyacrylate, Tocopheryl Acetate, Allantoin, Ethylhexyl Stearate, Myristyl Alcohol, Adenosine, Lauryl Alcohol, Disodium EDTA, Citrus Limon (Lemon) Peel Oil, Citrus Aurantium Dulcis (Orange) Peel Oil, Trideceth-6, Punica Granatum Fruit Extract, Asiaticoside, Honey Extract, Citrus Nobilis (Mandarin Orange) Peel Oil, Citrus Aurantium Bergamia (Bergamot) Fruit Oil, Citrus Aurantifolia (Lime) Oil, Coco-Caprylate\/Caprate, Dextrin, Mentha Viridis (Spearmint) Leaf Oil, Vitis Vinifera (Grape) Seed Oil, Prunus Armeniaca (Apricot) Kernel Oil, Stearic Acid, Glyceryl Citrate\/Lactate\/Linoleate\/Oleate, Ceteareth-20, Ceramide NP, Centella Asiatica Extract, Solanum Lycopersicum (Tomato) Seed Oil, Punica Granatum Seed Oil, Phytosphingosine, Mangifera Indica (Mango) Seed Oil, Citrus Paradisi (Grapefruit) Seed Oil, Propolis Extract, Tocopherol, Royal Jelly Extract, Chlorphenesin, Phenoxyethanol, Fragrance<\/p>\n<h3>Warnhinweise<\/h3>\n<ol>\n<li>Nur zur \u00e4u\u00dferlichen Anwendung geeignet.<\/li>\n<li>Nicht auf verletzte Haut oder auf Wunden auftragen.<\/li>\n<li>Sollten Nebenwirkungen wie Irritationen oder Ausschlag eintreten, Anwendung sofort beenden und unverz\u00fcglich an einen Arzt wenden.<\/li>\n<li>Kontakt mit den Augen vermeiden. Sollte das Produkt ins Auge gelangen, das Auge sofort gr\u00fcndlich mit klarem Wasser aussp\u00fclen.<\/li>\n<li>Au\u00dfer Reichweite von Kindern aufbewahren.<\/li>\n<li>Nicht schlucken. Bei Verschlucken Arzt oder Giftzentrale aufsuchen.<\/li>\n<\/ol>\n","protected":false},"excerpt":{"rendered":"<p>Eine n\u00e4hrende Lippencreme mit Kokosnussextrakt und Sheabutter, um Ihre Lippen mit Feuchtigkeit zu versorgen und vor \u00e4u\u00dferen Einfl\u00fcssen zu sch\u00fctzen.<br \/>\nHilft mit reichhaltiger Pflege, das Auftreten von Falten und feinen Linien auf Ihren Lippen zu reduzieren.<br \/>\nEnth\u00e4lt den hautberuhigenden Inhaltsstoff Centella Asiatica Extract und Panthenol, um Ihre Lippen zu sch\u00fctzen und mit Feuchtigkeit zu versorgen.<\/p>\n","protected":false},"featured_media":6971,"comment_status":"open","ping_status":"closed","template":"","meta":{"content-type":"","site-sidebar-layout":"default","site-content-layout":"default","ast-site-content-layout":"default","site-content-style":"default","site-sidebar-style":"default","ast-global-header-display":"","ast-banner-title-visibility":"","ast-main-header-display":"","ast-hfb-above-header-display":"","ast-hfb-below-header-display":"","ast-hfb-mobile-header-display":"","site-post-title":"","ast-breadcrumbs-content":"","ast-featured-img":"","footer-sml-layout":"","ast-disable-related-posts":"","theme-transparent-header-meta":"default","adv-header-id-meta":"","stick-header-meta":"","header-above-stick-meta":"","header-main-stick-meta":"","header-below-stick-meta":"","astra-migrate-meta-layouts":"set","ast-page-background-enabled":"default","ast-page-background-meta":{"desktop":{"background-color":"","background-image":"","background-repeat":"repeat","background-position":"center center","background-size":"auto","background-attachment":"scroll","background-type":"","background-media":"","overlay-type":"","overlay-color":"","overlay-opacity":"","overlay-gradient":""},"tablet":{"background-color":"","background-image":"","background-repeat":"repeat","background-position":"center center","background-size":"auto","background-attachment":"scroll","background-type":"","background-media":"","overlay-type":"","overlay-color":"","overlay-opacity":"","overlay-gradient":""},"mobile":{"background-color":"","background-image":"","background-repeat":"repeat","background-position":"center center","background-size":"auto","background-attachment":"scroll","background-type":"","background-media":"","overlay-type":"","overlay-color":"","overlay-opacity":"","overlay-gradient":""}},"ast-content-background-meta":{"desktop":{"background-color":"var(--ast-global-color-5)","background-image":"","background-repeat":"repeat","background-position":"center center","background-size":"auto","background-attachment":"scroll","background-type":"","background-media":"","overlay-type":"","overlay-color":"","overlay-opacity":"","overlay-gradient":""},"tablet":{"background-color":"var(--ast-global-color-5)","background-image":"","background-repeat":"repeat","background-position":"center center","background-size":"auto","background-attachment":"scroll","background-type":"","background-media":"","overlay-type":"","overlay-color":"","overlay-opacity":"","overlay-gradient":""},"mobile":{"background-color":"var(--ast-global-color-5)","background-image":"","background-repeat":"repeat","background-position":"center center","background-size":"auto","background-attachment":"scroll","background-type":"","background-media":"","overlay-type":"","overlay-color":"","overlay-opacity":"","overlay-gradient":""}}},"product_brand":[],"product_cat":[321,137,66,327,31,328],"product_tag":[67],"class_list":{"0":"post-7570","1":"product","2":"type-product","3":"status-publish","4":"has-post-thumbnail","6":"product_cat-spezialbehandlung","7":"product_cat-frudia","8":"product_cat-make-up","9":"product_cat-new-arrivals","10":"product_cat-gesicht","11":"product_cat-lippenpflege","12":"product_tag-spezialbehandlung","13":"desktop-align-center","14":"tablet-align-center","15":"mobile-align-center","17":"first","18":"outofstock","19":"taxable","20":"shipping-taxable","21":"purchasable","22":"product-type-simple"},"_links":{"self":[{"href":"https:\/\/tomyklou.gr\/de\/wp-json\/wp\/v2\/product\/7570","targetHints":{"allow":["GET"]}}],"collection":[{"href":"https:\/\/tomyklou.gr\/de\/wp-json\/wp\/v2\/product"}],"about":[{"href":"https:\/\/tomyklou.gr\/de\/wp-json\/wp\/v2\/types\/product"}],"replies":[{"embeddable":true,"href":"https:\/\/tomyklou.gr\/de\/wp-json\/wp\/v2\/comments?post=7570"}],"wp:featuredmedia":[{"embeddable":true,"href":"https:\/\/tomyklou.gr\/de\/wp-json\/wp\/v2\/media\/6971"}],"wp:attachment":[{"href":"https:\/\/tomyklou.gr\/de\/wp-json\/wp\/v2\/media?parent=7570"}],"wp:term":[{"taxonomy":"product_brand","embeddable":true,"href":"https:\/\/tomyklou.gr\/de\/wp-json\/wp\/v2\/product_brand?post=7570"},{"taxonomy":"product_cat","embeddable":true,"href":"https:\/\/tomyklou.gr\/de\/wp-json\/wp\/v2\/product_cat?post=7570"},{"taxonomy":"product_tag","embeddable":true,"href":"https:\/\/tomyklou.gr\/de\/wp-json\/wp\/v2\/product_tag?post=7570"}],"curies":[{"name":"wp","href":"https:\/\/api.w.org\/{rel}","templated":true}]}}