{"id":7573,"date":"2023-07-05T23:01:29","date_gmt":"2023-07-05T21:01:29","guid":{"rendered":"https:\/\/tomyklou.gr\/product\/missha-time-revolution-night-repair-ampoule-mask\/"},"modified":"2026-02-22T18:42:13","modified_gmt":"2026-02-22T16:42:13","slug":"missha-time-revolution-night-repair-ampoule-mask","status":"publish","type":"product","link":"https:\/\/tomyklou.gr\/de\/product\/missha-time-revolution-night-repair-ampoule-mask\/","title":{"rendered":"Missha Time Revolution Night Repair Ampoule Mask"},"content":{"rendered":"<h3>Anwendung<\/h3>\n<ol>\n<li>Legen Sie die Maske nach der Reinigung auf die getrocknete Haut und entfernen Sie die Maske nach etwa 10 bis 20 Minuten.<\/li>\n<li>Entfernen Sie die verbleibende Ampulle und klopfen Sie sie zur Absorption leicht ab.<\/li>\n<\/ol>\n<h3>Inhaltsstoffe<\/h3>\n<p>Bifida Ferment Lysate, Water, Butylene Glycol, Glycerin, Cichorium Intybus (Chicory) Root Extract, Taraxacum Officinale (Dandelion) Rhizome\/Root Extract, Niacinamide, 1,2-Hexanediol, Propanediol, hydroxyacetophenone, Hydrolyzed Jojoba Esters, Chlorphenesin, Carbomer, Xanthan Gum, Allantoin, Panthenol, Adenosine, Arginine, Dipotassium Glycyrrhizate, Disodium EDTA, Polyglyceryl-10 Myristate, Polyglyceryl-10 Laurate, Hydrolyzed Collagen, Citrus Aurantium Bergamia (Bergamot) Fruit Oil, Theobroma Cacao (Cocoa) Extract, Glyceryl Acrylate\/Acrylic Acid Copolymer, Brassica Oleracea Capitata (Cabbage) Leaf Extract, Beta Vulgaris (Beet) Root Extract, Vaccinium Angustifolium (Blueberry) Fruit Extract, Daucus Carota Sativa (Carrot) Root Extract, Solanum Melongena (Eggplant) Fruit Extract, PVM\/MA Copolymer, Bifida Ferment Filtrate, Bacillus Ferment, Leuconostoc\/Radish Root Ferment Filtrate, Lactococcus Ferment Extract, Lactococcus Ferment, Lactobacillus Ferment Lysate, Lactobacillus Ferment, Lactobacillus\/Soybean Ferment Extract, Lactobacillus\/Punica Granatum Fruit Ferment Extract, Lactobacillus\/Pear Juice Ferment Filtrate, Dextrin, Limonene, Linalool<\/p>\n<p>*Eine Ver\u00e4nderung der Inhaltsstoffe unterliegt dem Ermessen des Herstellers. Willst du vor dem Kauf ganz sicher gehen? Dann kontaktiere uns f\u00fcr ein Foto der aktuellen Produktverpackung.<\/p>\n<h3>Warnhinweise<\/h3>\n<ol>\n<li>Nur zur \u00e4u\u00dferlichen Anwendung geeignet.<\/li>\n<li>Nicht auf verletzte Haut oder auf Wunden auftragen.<\/li>\n<li>Sollten Nebenwirkungen wie Irritationen oder Ausschlag eintreten, Anwendung sofort beenden und unverz\u00fcglich an einen Arzt wenden.<\/li>\n<li>Kontakt mit den Augen vermeiden. Sollte das Produkt ins Auge gelangen, das Auge sofort gr\u00fcndlich mit klarem Wasser aussp\u00fclen.<\/li>\n<li>Au\u00dfer Reichweite von Kindern aufbewahren.<\/li>\n<li>Nicht schlucken. Bei Verschlucken Arzt oder Giftzentrale aufsuchen.<\/li>\n<\/ol>\n","protected":false},"excerpt":{"rendered":"<p>Den Korean Beauty Klassiker MISSHA Night Repair Probio Ampulle gibt es jetzt ganz neu auch als Tuchmaske. Die feine Sheetmask mit f\u00fcnf hauchzarten Schichten getr\u00e4nkt mit einem probiotischen Komplex aus Bifida Ferment Lysate, einem fermentierten Hefeextrakt, reduziert die sichtbaren Anzeichen von Hautalterung, schafft einen tonausgleichenden Teint, verbessert die Hautelastizit\u00e4t und revitalisiert den Allgemeinzustand der Haut.<\/p>\n<p>Die Sheetmaske enth\u00e4lt mehr als 50% des enzymatischen Extraktes von Probiotika. Durch die spezielle Doppel-Fermentations-Technologie ist die Effizienz von Probiotika 10-mal h\u00f6her als in fr\u00fcheren Versionen. Die K-Beauty Tuchmaske enth\u00e4lt 10 Laktobazillen mit verschiedenen Wirkungen, die den Feuchtigkeitsgehalt und die Elastizit\u00e4t der Haut erh\u00f6hen, indem sie problematische Hautpartien mit Energie versorgen. Diese wirken auf die Verbesserung der Grundst\u00e4rke, Dichte, Feuchtigkeit, Balance, des Hauttons und der Elastizit\u00e4t der Haut ein.<\/p>\n<p>MISSHA-Technologie \u2013 PRO FERMENT \u03b1 &#x2122; Doppel-Fermentationstechnologie: Eine Kombination aus Warm- und Kaltmethode, die zu einem konzentrierten Extrakt f\u00fchrt, der leichter in die Haut eindringt. Doppeltfermentierte Wirkstoffe ver\u00e4ndern die Haut positiv. Das hochwertige und hautfreundliche Probiotic Ferment schafft ein glattes Hautbild, so als h\u00e4tten Sie einen gesunden Schlaf gehabt. Jeden Morgen wird die Haut immer perfekter.<\/p>\n<p><strong>Welche Inhaltsstoffe sind in der Probio Maske?<\/strong><\/p>\n<ul>\n<li>Probiotikakomplex: Bifida Ferment Lysat hilft, gereizte Haut mit Feuchtigkeit zu versorgen und zu beruhigen, was der Haut ein gesundes Aussehen verleiht. Bifidus hilft, den Allgemeinzustand der Haut zu verbessern und ihre Sch\u00e4digung durch negative Umweltfaktoren (UV-Strahlung) zu verhindern; Lactobacillus: Enthalten Peptide und Vitamin B12 zur Revitalisierung und St\u00e4rkung der Haut, Erh\u00f6hung ihrer Elastizit\u00e4t und Festigkeit; Lactococcus: St\u00e4rkt die Widerstandsf\u00e4higkeit der Haut gegen \u00e4u\u00dfere Einfl\u00fcsse, revitalisiert und spendet Feuchtigkeit. Die im Serum enthaltenen Pro-Vitamine verst\u00e4rken die Wirkung der nachfolgenden Pflegeprodukte.<\/li>\n<li>Multivitaminkomplex mit 5 violetten Energiequellen: Beruhigen empfindliche Haut, die \u00e4u\u00dferen Stressoren ausgesetzt war. Sie kl\u00e4ren die Haut und halten sie vital und geschmeidig.<\/li>\n<li>Kollagen: Wei\u00dfe Rupinen Samen Extrakte und Sonnenblumen\u00f6l halten die Haut elastisch und geschmeidig<\/li>\n<li>Saccharomyces Ferment Filtrate: Spendet der Haut Feuchtigkeit und hilft, einen unregelm\u00e4\u00dfigen Hautton auszugleichen. Sie sch\u00fctzen die Haut, indem sie ihre Barriereeigenschaften st\u00e4rken und Hautsch\u00e4den bek\u00e4mpfen; Saccharomyces haben starke antioxidative Eigenschaften.<\/li>\n<li>Niacinamid +Adenosin: Wirkt tonausgleichend und entz\u00fcndungshemmend.<\/li>\n<\/ul>\n","protected":false},"featured_media":8854,"comment_status":"open","ping_status":"closed","template":"","meta":{"content-type":"","site-sidebar-layout":"default","site-content-layout":"default","ast-site-content-layout":"default","site-content-style":"default","site-sidebar-style":"default","ast-global-header-display":"","ast-banner-title-visibility":"","ast-main-header-display":"","ast-hfb-above-header-display":"","ast-hfb-below-header-display":"","ast-hfb-mobile-header-display":"","site-post-title":"","ast-breadcrumbs-content":"","ast-featured-img":"","footer-sml-layout":"","ast-disable-related-posts":"","theme-transparent-header-meta":"default","adv-header-id-meta":"","stick-header-meta":"","header-above-stick-meta":"","header-main-stick-meta":"","header-below-stick-meta":"","astra-migrate-meta-layouts":"default","ast-page-background-enabled":"default","ast-page-background-meta":{"desktop":{"background-color":"","background-image":"","background-repeat":"repeat","background-position":"center center","background-size":"auto","background-attachment":"scroll","background-type":"","background-media":"","overlay-type":"","overlay-color":"","overlay-opacity":"","overlay-gradient":""},"tablet":{"background-color":"","background-image":"","background-repeat":"repeat","background-position":"center center","background-size":"auto","background-attachment":"scroll","background-type":"","background-media":"","overlay-type":"","overlay-color":"","overlay-opacity":"","overlay-gradient":""},"mobile":{"background-color":"","background-image":"","background-repeat":"repeat","background-position":"center center","background-size":"auto","background-attachment":"scroll","background-type":"","background-media":"","overlay-type":"","overlay-color":"","overlay-opacity":"","overlay-gradient":""}},"ast-content-background-meta":{"desktop":{"background-color":"var(--ast-global-color-5)","background-image":"","background-repeat":"repeat","background-position":"center center","background-size":"auto","background-attachment":"scroll","background-type":"","background-media":"","overlay-type":"","overlay-color":"","overlay-opacity":"","overlay-gradient":""},"tablet":{"background-color":"var(--ast-global-color-5)","background-image":"","background-repeat":"repeat","background-position":"center center","background-size":"auto","background-attachment":"scroll","background-type":"","background-media":"","overlay-type":"","overlay-color":"","overlay-opacity":"","overlay-gradient":""},"mobile":{"background-color":"var(--ast-global-color-5)","background-image":"","background-repeat":"repeat","background-position":"center center","background-size":"auto","background-attachment":"scroll","background-type":"","background-media":"","overlay-type":"","overlay-color":"","overlay-opacity":"","overlay-gradient":""}}},"product_brand":[],"product_cat":[316,158,327,31],"product_tag":[34],"class_list":{"0":"post-7573","1":"product","2":"type-product","3":"status-publish","4":"has-post-thumbnail","6":"product_cat-gesichtsmaske","7":"product_cat-missha","8":"product_cat-new-arrivals","9":"product_cat-gesicht","10":"product_tag-sheet","11":"desktop-align-center","12":"tablet-align-center","13":"mobile-align-center","15":"first","16":"outofstock","17":"taxable","18":"shipping-taxable","19":"purchasable","20":"product-type-simple"},"_links":{"self":[{"href":"https:\/\/tomyklou.gr\/de\/wp-json\/wp\/v2\/product\/7573","targetHints":{"allow":["GET"]}}],"collection":[{"href":"https:\/\/tomyklou.gr\/de\/wp-json\/wp\/v2\/product"}],"about":[{"href":"https:\/\/tomyklou.gr\/de\/wp-json\/wp\/v2\/types\/product"}],"replies":[{"embeddable":true,"href":"https:\/\/tomyklou.gr\/de\/wp-json\/wp\/v2\/comments?post=7573"}],"wp:featuredmedia":[{"embeddable":true,"href":"https:\/\/tomyklou.gr\/de\/wp-json\/wp\/v2\/media\/8854"}],"wp:attachment":[{"href":"https:\/\/tomyklou.gr\/de\/wp-json\/wp\/v2\/media?parent=7573"}],"wp:term":[{"taxonomy":"product_brand","embeddable":true,"href":"https:\/\/tomyklou.gr\/de\/wp-json\/wp\/v2\/product_brand?post=7573"},{"taxonomy":"product_cat","embeddable":true,"href":"https:\/\/tomyklou.gr\/de\/wp-json\/wp\/v2\/product_cat?post=7573"},{"taxonomy":"product_tag","embeddable":true,"href":"https:\/\/tomyklou.gr\/de\/wp-json\/wp\/v2\/product_tag?post=7573"}],"curies":[{"name":"wp","href":"https:\/\/api.w.org\/{rel}","templated":true}]}}