{"id":7588,"date":"2023-07-05T23:01:36","date_gmt":"2023-07-05T21:01:36","guid":{"rendered":"https:\/\/tomyklou.gr\/product\/missha-all-around-safe-block-essence-sun-50ml\/"},"modified":"2026-02-22T18:42:12","modified_gmt":"2026-02-22T16:42:12","slug":"missha-all-around-safe-block-essence-sun-50ml","status":"publish","type":"product","link":"https:\/\/tomyklou.gr\/de\/product\/missha-all-around-safe-block-essence-sun\/","title":{"rendered":"Missha All-Around Safe Block Essence Sun 50ml"},"content":{"rendered":"<h3>Anwendung<\/h3>\n<ol>\n<li>Sch\u00fctteln Sie die Flasche kr\u00e4ftig vor der Anwendung.<\/li>\n<li>Cremen Sie als letzten Schritt Ihrer t\u00e4glichen Hautpflege exponierte Stellen wie Gesicht, Hals, Dekollet\u00e9, Arme und Beine mit dem MISSHA All-around Safe Block ein.<\/li>\n<li>Achtung: Das Beh\u00e4ltnis ist nicht bis zum Anschlag mit Sonnencreme gef\u00fcllt. Erstens kann sich die Creme je nach Temperatur und Lagerung ausdehnen, zweitens soll sie vor Gebrauch gr\u00fcndlich gesch\u00fcttelt werden, damit sich die Inhaltsstoffe vermischen.<\/li>\n<\/ol>\n<h3>Hauptinhaltsstoffe<\/h3>\n<p>Water, Ethylhexyl Methoxycinnamate, Ethylhexyl Salicylate, Butylene Glycol, Phenylbenzimidazole Sulfonic Acid, Diethylamino Hydroxybenzoyl Hexyl Benzoate, Methyl Methacrylate Crosspolymer, C12-15 Alkyl Benzoate, Cetearyl Alcohol, Bis-Ethylhexyloxyphenol Methoxyphenyl Triazine, Glyceryl Stearate, Cetearyl Olivate, Sorbitan Olivate, Sodium Hydroxide, Polysorbate 60, Dimethicone, Polyacrylate-13, Caprylyl Glycol, PEG-100 Stearate, Ethylhexylglycerin, Fragrance, Polyisobutene, Sorbitan Sesquioleate, Disodium EDTA, BHT, 1,2-Hexanediol, Polysorbate 20, Sorbitan Isostearate, Limonia Acidissima Extract, Nelumbo Nucifera Flower Extract, Panthenol, Portulaca Oleracea Extract, Propylene Glycol, VP\/Hexadecene Copolymer, Rosa Davurica Bud Extract, Cyclopentasiloxane, Cucumis Sativus (Cucumber) Fruit Extract, Potassium Sorbate, Acrylates\/Dimethicone Copolymer, Morus Alba Root Extract, Hamamelis Virginiana (Witch Hazel) Water, Glycyrrhiza Glabra (Licorice) Root Extract, Alcohol, Camellia Sinensis Leaf Extract, Chrysanthemum Indicum Flower Extract, Phenoxyethanol, Artemisia Princeps Leaf Extract, Cinnamomum Cassia Bark Extract, Pueraria Lobata Root Extract, Diospyros Kaki Leaf Extract, Aloe Barbadensis Leaf Juice, Morus Alba Fruit Extract, Thymus Vulgaris (Thyme) Leaf Water, Helichrysum Italicum Flower Water, Centaurea Cyanus Flower Water, Sodium Benzoate 0418<\/p>\n<h3>Warnhinweise<\/h3>\n<ol>\n<li>Nur zur \u00e4u\u00dferlichen Anwendung geeignet.<\/li>\n<li>Nicht auf verletzte Haut oder auf Wunden auftragen.<\/li>\n<li>Sollten Nebenwirkungen wie Irritationen oder Ausschlag eintreten, Anwendung sofort beenden und unverz\u00fcglich an einen Arzt wenden.<\/li>\n<li>Kontakt mit den Augen vermeiden. Sollte das Produkt ins Auge gelangen, das Auge sofort gr\u00fcndlich mit klarem Wasser aussp\u00fclen.<\/li>\n<li>Au\u00dfer Reichweite von Kindern aufbewahren.<\/li>\n<li>Nicht schlucken. Bei Verschlucken Arzt oder Giftzentrale aufsuchen.<\/li>\n<\/ol>\n","protected":false},"excerpt":{"rendered":"<p>Die beliebte MISSHA Essence Sun Cream sch\u00fctzt zuverl\u00e4ssig vor sch\u00e4dlichen UV-Strahlen und versorgt die Haut gleichzeitig mit hochwertigen N\u00e4hrstoffen und viel Feuchtigkeit. Unsere beliebteste Sonnencreme wird von vielen Kundinnen t\u00e4glich als Make up Primer verwendet, wodurch\u00a0<strong>Sonnenschutz und perfekte Make up Haftung<\/strong>\u00a0garantiert wird.<\/p>\n<ul>\n<li>zuverl\u00e4ssiger UV-Schutz durch SPF45+\/PA+++<\/li>\n<li>wasserabweisend<\/li>\n<li>talgresistent<\/li>\n<li>pflegt mit viel Feuchtigkeit &amp; hochkar\u00e4tigen N\u00e4hrstoffen<\/li>\n<\/ul>\n<p>Das\u00a0Double-Layer-System\u00a0f\u00fcr UVA- und UVB-Strahlung blockt nach einem Upgrade sch\u00e4dliche Sonnenstrahlung noch besser und effizienter, auch bei hohen Temperaturen. Die\u00a0<strong>6 enthaltenen Essence-Extrakte\u00a0aus Aloe, Gurke, Maulbeerrinde, Lakritze, Portulak und Zaubernuss<\/strong>\u00a0versorgen die Haut mit hochwertigen N\u00e4hrstoffen und Feuchtigkeit. Zudem sch\u00fctzt ein orientalischer Tee-Komplex\u00a0aus 7 wertvollen Kr\u00e4uterextrakten die Haut vor sch\u00e4dlichen \u00e4u\u00dferen Einfl\u00fcssen wie Staub, Schmutz und Ozon. Der orientalischer Tee-Komplex bestehl aus Extrakten aus Chrysanthemen Tee, Gr\u00fcnem Tee, Beifu\u00df Tee, Maulbeer Tee, Kaki Tee, Pfeilwurz Tee und Zimt Tee.\u00a0Extrakte aus Portulak, Rosmarin und Aloe Vera\u00a0beruhigen zudem irritierte Haut.<\/p>\n<p><strong>DAS SONNENSCHUTZ 1 x 1<\/strong><\/p>\n<p><strong>Wieviel Sonnencreme muss ich auftragen?<\/strong><\/p>\n<p>F\u00fcr das Gesicht verwenden Sie eine Fingerspitzen-Menge, f\u00fcr den K\u00f6rper die Menge einer halben Handfl\u00e4che.<\/p>\n<p><strong>Wielange vor dem Sonnenbad trage ich meinen Sunblock auf?<\/strong><\/p>\n<p>Die Sonnencreme braucht 30 Minuten, um ihre komplette Wirkung zu entfalten. Tragen Sie sie dementsprechend vor dem Sonnenbad auf. Besonders exponierte Stellen wie Gesicht, Dekollete, Nacken und H\u00e4nde ben\u00f6tigen eine besonders intensive Sonnenpflege. Erneuern Sie Ihren Sunblock zumindest alle drei Stunden, in der Mittagshitze dementsprechend \u00f6fter.<\/p>\n<p><strong>Was ist der Unterschied zwischen physikalischem (organischem) und chemischem Sunblock?<\/strong><\/p>\n<p>Physikalischer Schutz vor Sonne formt eine d\u00fcnne Schutzschicht auf der Haut und reflektiert die Sonnenstrahlung, w\u00e4hrend chemischer Sunblock die Sonnenstrahlung absorbiert und neutralisiert.<\/p>\n<p><strong>Welche Vorteile hat ein physikalischer Sunblock?<\/strong><\/p>\n<p>Physikalischer Schutz vor Sonne ist in der Regel hypoallergen und auch f\u00fcr sensible Kinderhaut geeignet. Er haftet besonders gut auf der Haut, weswegen er oft &#8222;wei\u00dfelt&#8220;, also ein wei\u00dfer Film auf der Haut zu sehen ist.\u00a0<strong>Titan Dioxid und Zink Oxid<\/strong>\u00a0reflektieren sch\u00e4dliche Sonnenstrahlung und lassen sie gar nicht erst in die Haut eindringen.<\/p>\n<p><strong>Welche Vorteile hat ein chemischer Sonnenschutz?<\/strong><\/p>\n<p>Chemischer Sunblock haftet luftig leicht auf der Haut, ist nicht klebrig und hinterl\u00e4sst keinen wei\u00dfen Film.<\/p>\n<p><strong>Was bedeutet SPF und PA bei Sunblocks?<\/strong><\/p>\n<p>Der Lichtschutzfaktor eines Sunblocks wird in SPF und PA angegeben.<\/p>\n<p>Der\u00a0<strong>SPF (Sun Protection Factor)<\/strong>\u00a0gibt den Schutz vor UVB-Strahlung an, die nicht tief eindringt und oberfl\u00e4chliche Sch\u00e4den wie schmerzhaften Sonnenbrand und im Extremfall Hautkrebs ausl\u00f6sen kann.<\/p>\n<p>Der\u00a0<strong>PA- bzw. PPD-Wert<\/strong>\u00a0(UVA Protection und Persistant Pigment Darkening) definiert den Schutz von der altmachenden UVA-Strahlung. UVA-Strahlen dringen bis in tiefe Hautschichten vor und sind f\u00fcr die Entstehung von Falten und Altersflecken verantwortlich. Der PA-Wert einer Suncream gibt an, um wieviel l\u00e4nger die Haut im Vergleich zu ungesch\u00fctzter Haut braucht, um zu br\u00e4unen. PA++ bedeutet, die Haut kann bis zu 8mal l\u00e4nger als ungesch\u00fctzt der Sonne ausgesetzt sein, ohne dunkler zu werden. Bei PA+++ sind es schon bis zu 16mal l\u00e4nger, PA++++ hei\u00dft 17mal l\u00e4nger und mehr als ohne Schutz.<\/p>\n","protected":false},"featured_media":7587,"comment_status":"open","ping_status":"closed","template":"","meta":{"content-type":"","site-sidebar-layout":"default","site-content-layout":"default","ast-site-content-layout":"default","site-content-style":"default","site-sidebar-style":"default","ast-global-header-display":"","ast-banner-title-visibility":"","ast-main-header-display":"","ast-hfb-above-header-display":"","ast-hfb-below-header-display":"","ast-hfb-mobile-header-display":"","site-post-title":"","ast-breadcrumbs-content":"","ast-featured-img":"","footer-sml-layout":"","ast-disable-related-posts":"","theme-transparent-header-meta":"default","adv-header-id-meta":"","stick-header-meta":"","header-above-stick-meta":"","header-main-stick-meta":"","header-below-stick-meta":"","astra-migrate-meta-layouts":"set","ast-page-background-enabled":"default","ast-page-background-meta":{"desktop":{"background-color":"","background-image":"","background-repeat":"repeat","background-position":"center center","background-size":"auto","background-attachment":"scroll","background-type":"","background-media":"","overlay-type":"","overlay-color":"","overlay-opacity":"","overlay-gradient":""},"tablet":{"background-color":"","background-image":"","background-repeat":"repeat","background-position":"center center","background-size":"auto","background-attachment":"scroll","background-type":"","background-media":"","overlay-type":"","overlay-color":"","overlay-opacity":"","overlay-gradient":""},"mobile":{"background-color":"","background-image":"","background-repeat":"repeat","background-position":"center center","background-size":"auto","background-attachment":"scroll","background-type":"","background-media":"","overlay-type":"","overlay-color":"","overlay-opacity":"","overlay-gradient":""}},"ast-content-background-meta":{"desktop":{"background-color":"var(--ast-global-color-5)","background-image":"","background-repeat":"repeat","background-position":"center center","background-size":"auto","background-attachment":"scroll","background-type":"","background-media":"","overlay-type":"","overlay-color":"","overlay-opacity":"","overlay-gradient":""},"tablet":{"background-color":"var(--ast-global-color-5)","background-image":"","background-repeat":"repeat","background-position":"center center","background-size":"auto","background-attachment":"scroll","background-type":"","background-media":"","overlay-type":"","overlay-color":"","overlay-opacity":"","overlay-gradient":""},"mobile":{"background-color":"var(--ast-global-color-5)","background-image":"","background-repeat":"repeat","background-position":"center center","background-size":"auto","background-attachment":"scroll","background-type":"","background-media":"","overlay-type":"","overlay-color":"","overlay-opacity":"","overlay-gradient":""}}},"product_brand":[],"product_cat":[313,158,113,327,31,71],"product_tag":[36],"class_list":{"0":"post-7588","1":"product","2":"type-product","3":"status-publish","4":"has-post-thumbnail","6":"product_cat-gesichtssonnencreme","7":"product_cat-missha","8":"product_cat-spezielle-produkte","9":"product_cat-new-arrivals","10":"product_cat-gesicht","11":"product_cat-koerperpflege","12":"product_tag-sonnenschutz","13":"desktop-align-center","14":"tablet-align-center","15":"mobile-align-center","17":"first","18":"outofstock","19":"taxable","20":"shipping-taxable","21":"purchasable","22":"product-type-simple"},"_links":{"self":[{"href":"https:\/\/tomyklou.gr\/de\/wp-json\/wp\/v2\/product\/7588","targetHints":{"allow":["GET"]}}],"collection":[{"href":"https:\/\/tomyklou.gr\/de\/wp-json\/wp\/v2\/product"}],"about":[{"href":"https:\/\/tomyklou.gr\/de\/wp-json\/wp\/v2\/types\/product"}],"replies":[{"embeddable":true,"href":"https:\/\/tomyklou.gr\/de\/wp-json\/wp\/v2\/comments?post=7588"}],"wp:featuredmedia":[{"embeddable":true,"href":"https:\/\/tomyklou.gr\/de\/wp-json\/wp\/v2\/media\/7587"}],"wp:attachment":[{"href":"https:\/\/tomyklou.gr\/de\/wp-json\/wp\/v2\/media?parent=7588"}],"wp:term":[{"taxonomy":"product_brand","embeddable":true,"href":"https:\/\/tomyklou.gr\/de\/wp-json\/wp\/v2\/product_brand?post=7588"},{"taxonomy":"product_cat","embeddable":true,"href":"https:\/\/tomyklou.gr\/de\/wp-json\/wp\/v2\/product_cat?post=7588"},{"taxonomy":"product_tag","embeddable":true,"href":"https:\/\/tomyklou.gr\/de\/wp-json\/wp\/v2\/product_tag?post=7588"}],"curies":[{"name":"wp","href":"https:\/\/api.w.org\/{rel}","templated":true}]}}