{"id":7590,"date":"2023-07-05T23:01:36","date_gmt":"2023-07-05T21:01:36","guid":{"rendered":"https:\/\/tomyklou.gr\/product\/missha-all-around-safe-block-cotton-sun-50ml-spf50-pa\/"},"modified":"2026-02-22T18:42:12","modified_gmt":"2026-02-22T16:42:12","slug":"missha-all-around-safe-block-cotton-sun-50ml-spf50-pa","status":"publish","type":"product","link":"https:\/\/tomyklou.gr\/de\/product\/missha-all-around-safe-block-cotton-sun\/","title":{"rendered":"Missha All Around Safe Block Cotton Sun 50ml SPF50+ PA++++"},"content":{"rendered":"<h3>Anwendung<\/h3>\n<ol>\n<li>Verteile als letzten Schritt deiner Pflegeroutine eine angemessene Menge Sunscreen auf die der Sonne ausgesetzten Bereiche deiner Haut.<\/li>\n<li>Mindestens 15 Minuten vor dem in die Sonne gehen verwenden.<\/li>\n<li>Nach Bedarf bei l\u00e4ngerem Sonnenaufenthalt die Anwendung\u00a0mehrmals wiederholen!<\/li>\n<\/ol>\n<h3>Hauptinhaltsstoffe<\/h3>\n<p>Water, Homosalate, Propanediol, Ethylhexyl Salicylate, Titanium Dioxide (Ci 77891), Silica, C12-15 Alkyl Benzoate, Dipropylene Glycol, Diethylamino Hydroxybenzoyl Hexyl Benzoate, Dimethicone, Alcohol Denat, Polysorbate 60, Potassium Cetyl Phosphate, Butylene Glycol, Bis-Ethylhexyloxyphenol Methoxyphenyl Triazine, Methyl Methacrylate Crosspolymer, Cetearyl Olivate, Sorbitan Olivate, Sodium Acrylate\/\u200bSodium Acryloyldimethyl Taurate Copolymer, Stearic Acid, Glyceryl Stearate, Aluminum Hydroxide, Caprylyl Glycol, Isohexadecane, Fragrance, Xanthan Gum, Ethylhexylglycerin, Cetearyl Alcohol, Palmitic Acid, Carbomer, Polysorbate 80, Tocopheryl Acetate, Sorbitan Stearate, Tromethamine, 1,2-Hexanediol, Sorbitan Oleate, Potassium Hydroxide, Disodium EDTA, Aloe Barbadensis Leaf Extract, Leontopodium Alpinum Flower\/\u200bLeaf Extract, Myristic Acid, Calendula Officinalis Flower Extract, Anthemis Nobilis Flower Extract, Helianthus Annuus (Sunflower) Seed Extract, Phenoxyethanol, Camellia Sinensis Leaf Extract, Chrysanthemum Indicum Flower Extract, Diospyros Kaki Leaf Extract, Morus Alba Fruit Extract, Artemisia Princeps Leaf Extract, Sodium Benzoate, Cinnamomum Cassia Bark Extract, Pueraria Lobata Root Extract, Citric Acid, VP\/\u200bHexadecene Copolymer, Cyclopentasiloxane, Acrylates\/\u200bDimethicone Copolymer<\/p>\n<h3>Warnhinweise<\/h3>\n<ol>\n<li>Nur zur \u00e4u\u00dferlichen Anwendung geeignet.<\/li>\n<li>Nicht auf verletzte Haut oder auf Wunden auftragen.<\/li>\n<li>Sollten Nebenwirkungen wie Irritationen oder Ausschlag eintreten, Anwendung sofort beenden und unverz\u00fcglich an einen Arzt wenden.<\/li>\n<li>Kontakt mit den Augen vermeiden. Sollte das Produkt ins Auge gelangen, das Auge sofort gr\u00fcndlich mit klarem Wasser aussp\u00fclen.<\/li>\n<li>Au\u00dfer Reichweite von Kindern aufbewahren.<\/li>\n<li>Nicht schlucken. Bei Verschlucken Arzt oder Giftzentrale aufsuchen.<\/li>\n<\/ol>\n","protected":false},"excerpt":{"rendered":"<p>Puder kontrolliert Hautfett und Schwei\u00df. Nat\u00fcrlicher, durchsichtiger Ton-up- und Korrektureffekt, als ob Sie eine Ton-up-Basis aufgetragen h\u00e4tten Ceramide und Panthenol. Physikalischer Sonnenschutz, der auch bei empfindlicher Haut sicher verwendet werden kann<\/p>\n","protected":false},"featured_media":6996,"comment_status":"open","ping_status":"closed","template":"","meta":{"content-type":"","site-sidebar-layout":"default","site-content-layout":"default","ast-site-content-layout":"default","site-content-style":"default","site-sidebar-style":"default","ast-global-header-display":"","ast-banner-title-visibility":"","ast-main-header-display":"","ast-hfb-above-header-display":"","ast-hfb-below-header-display":"","ast-hfb-mobile-header-display":"","site-post-title":"","ast-breadcrumbs-content":"","ast-featured-img":"","footer-sml-layout":"","ast-disable-related-posts":"","theme-transparent-header-meta":"default","adv-header-id-meta":"","stick-header-meta":"","header-above-stick-meta":"","header-main-stick-meta":"","header-below-stick-meta":"","astra-migrate-meta-layouts":"default","ast-page-background-enabled":"default","ast-page-background-meta":{"desktop":{"background-color":"","background-image":"","background-repeat":"repeat","background-position":"center center","background-size":"auto","background-attachment":"scroll","background-type":"","background-media":"","overlay-type":"","overlay-color":"","overlay-opacity":"","overlay-gradient":""},"tablet":{"background-color":"","background-image":"","background-repeat":"repeat","background-position":"center center","background-size":"auto","background-attachment":"scroll","background-type":"","background-media":"","overlay-type":"","overlay-color":"","overlay-opacity":"","overlay-gradient":""},"mobile":{"background-color":"","background-image":"","background-repeat":"repeat","background-position":"center center","background-size":"auto","background-attachment":"scroll","background-type":"","background-media":"","overlay-type":"","overlay-color":"","overlay-opacity":"","overlay-gradient":""}},"ast-content-background-meta":{"desktop":{"background-color":"var(--ast-global-color-5)","background-image":"","background-repeat":"repeat","background-position":"center center","background-size":"auto","background-attachment":"scroll","background-type":"","background-media":"","overlay-type":"","overlay-color":"","overlay-opacity":"","overlay-gradient":""},"tablet":{"background-color":"var(--ast-global-color-5)","background-image":"","background-repeat":"repeat","background-position":"center center","background-size":"auto","background-attachment":"scroll","background-type":"","background-media":"","overlay-type":"","overlay-color":"","overlay-opacity":"","overlay-gradient":""},"mobile":{"background-color":"var(--ast-global-color-5)","background-image":"","background-repeat":"repeat","background-position":"center center","background-size":"auto","background-attachment":"scroll","background-type":"","background-media":"","overlay-type":"","overlay-color":"","overlay-opacity":"","overlay-gradient":""}}},"product_brand":[],"product_cat":[313,158,327,31],"product_tag":[36],"class_list":{"0":"post-7590","1":"product","2":"type-product","3":"status-publish","4":"has-post-thumbnail","6":"product_cat-gesichtssonnencreme","7":"product_cat-missha","8":"product_cat-new-arrivals","9":"product_cat-gesicht","10":"product_tag-sonnenschutz","11":"desktop-align-center","12":"tablet-align-center","13":"mobile-align-center","15":"first","16":"outofstock","17":"featured","18":"taxable","19":"shipping-taxable","20":"purchasable","21":"product-type-simple"},"_links":{"self":[{"href":"https:\/\/tomyklou.gr\/de\/wp-json\/wp\/v2\/product\/7590","targetHints":{"allow":["GET"]}}],"collection":[{"href":"https:\/\/tomyklou.gr\/de\/wp-json\/wp\/v2\/product"}],"about":[{"href":"https:\/\/tomyklou.gr\/de\/wp-json\/wp\/v2\/types\/product"}],"replies":[{"embeddable":true,"href":"https:\/\/tomyklou.gr\/de\/wp-json\/wp\/v2\/comments?post=7590"}],"wp:featuredmedia":[{"embeddable":true,"href":"https:\/\/tomyklou.gr\/de\/wp-json\/wp\/v2\/media\/6996"}],"wp:attachment":[{"href":"https:\/\/tomyklou.gr\/de\/wp-json\/wp\/v2\/media?parent=7590"}],"wp:term":[{"taxonomy":"product_brand","embeddable":true,"href":"https:\/\/tomyklou.gr\/de\/wp-json\/wp\/v2\/product_brand?post=7590"},{"taxonomy":"product_cat","embeddable":true,"href":"https:\/\/tomyklou.gr\/de\/wp-json\/wp\/v2\/product_cat?post=7590"},{"taxonomy":"product_tag","embeddable":true,"href":"https:\/\/tomyklou.gr\/de\/wp-json\/wp\/v2\/product_tag?post=7590"}],"curies":[{"name":"wp","href":"https:\/\/api.w.org\/{rel}","templated":true}]}}