{"id":7597,"date":"2023-07-05T23:01:38","date_gmt":"2023-07-05T21:01:38","guid":{"rendered":"https:\/\/tomyklou.gr\/product\/etude-soonjung-centella-relief-toner-200ml\/"},"modified":"2026-02-22T18:42:12","modified_gmt":"2026-02-22T16:42:12","slug":"etude-soonjung-centella-relief-toner-200ml","status":"publish","type":"product","link":"https:\/\/tomyklou.gr\/de\/product\/etude-soonjung-centella-relief-toner\/","title":{"rendered":"Etude SoonJung Centella Relief Toner 200ml"},"content":{"rendered":"<h3>Anwendung<\/h3>\n<ol>\n<li>2-3 Tropfen auf die gereinigte Haut auftragen.<\/li>\n<li>Sanft in die Haut einklopfen, bis sie vollst\u00e4ndig eingezogen ist.<\/li>\n<li>Verwenden Sie morgens und abends.<\/li>\n<\/ol>\n<h3>Hauptinhaltsstoffe<\/h3>\n<p>Water\/\u200bAqua\/\u200bEau, Propanediol, Glycerin, Betaine, 1,2-Hexanediol, Panthenol, Polyglycerin-3, Ethylhexylglycerin, Butylene Glycol, Carbomer, Disodium EDTA, Madecassoside, Centella Asiatica Flower\/\u200bLeaf\/\u200bStem Extract, Camellia Sinensis Leaf Extract, Tocopherol<\/p>\n<h3>Warnhinweise<\/h3>\n<ol>\n<li>Nur zur \u00e4u\u00dferlichen Anwendung geeignet.<\/li>\n<li>Nicht auf verletzte Haut oder auf Wunden auftragen.<\/li>\n<li>Sollten Nebenwirkungen wie Irritationen oder Ausschlag eintreten, Anwendung sofort beenden und unverz\u00fcglich an einen Arzt wenden.<\/li>\n<li>Kontakt mit den Augen vermeiden. Sollte das Produkt ins Auge gelangen, das Auge sofort gr\u00fcndlich mit klarem Wasser aussp\u00fclen.<\/li>\n<li>Au\u00dfer Reichweite von Kindern aufbewahren.<\/li>\n<li>Nicht schlucken. Bei Verschlucken Arzt oder Giftzentrale aufsuchen.<\/li>\n<\/ol>\n","protected":false},"excerpt":{"rendered":"<p><strong>Etude House Soon Jung Centella Relief Toner<\/strong> ist ein leicht reizender, schwach saurer Toner, der gereizte Haut beruhigt, die durch \u00e4u\u00dfere Stimulation verursacht wird. Hat eine w\u00e4ssrige Textur, die f\u00fcr Frische und Geschmeidigkeit sorgt<br \/>\nund hydratisiertes Finish ohne Klebrigkeit. Angereichert mit der beruhigenden und entz\u00fcndungshemmenden Kraft von Centella Asiatica und gr\u00fcnem Tee. Geeignet f\u00fcr trockene, empfindliche Haut.<\/p>\n<p>Frei von Silikonen, Sulfaten, Parabenen, PEG, Alkohol und Duftstoffen.<\/p>\n<p><strong>Zutaten, die wir lieben:<\/strong><br \/>\nPanthenol: Ein Provitamin mit feuchtigkeitsspendenden, feuchtigkeitsspendenden Eigenschaften, das entz\u00fcndungshemmende und sch\u00fctzende Eigenschaften hat. Hilft Irritationen vorzubeugen.<br \/>\nCentella Asiatica: Eine wundheilende Pflanze mit entz\u00fcndungshemmenden Eigenschaften. Stimuliert die Synthese von Hyalurons\u00e4ure, spendet der Haut Feuchtigkeit und erh\u00f6ht den Gehalt an Antioxidantien in der Haut.<br \/>\nCamellia Sinensis-Blattextrakt: Ein starkes Antioxidans mit UV-sch\u00fctzenden, entz\u00fcndungshemmenden und antimikrobiellen Eigenschaften, das bei der Behandlung von Rosacea, Akne und atopischer Dermatitis n\u00fctzlich ist.<\/p>\n","protected":false},"featured_media":7006,"comment_status":"open","ping_status":"closed","template":"","meta":{"content-type":"","site-sidebar-layout":"default","site-content-layout":"default","ast-site-content-layout":"default","site-content-style":"default","site-sidebar-style":"default","ast-global-header-display":"","ast-banner-title-visibility":"","ast-main-header-display":"","ast-hfb-above-header-display":"","ast-hfb-below-header-display":"","ast-hfb-mobile-header-display":"","site-post-title":"","ast-breadcrumbs-content":"","ast-featured-img":"","footer-sml-layout":"","ast-disable-related-posts":"","theme-transparent-header-meta":"default","adv-header-id-meta":"","stick-header-meta":"","header-above-stick-meta":"","header-main-stick-meta":"","header-below-stick-meta":"","astra-migrate-meta-layouts":"default","ast-page-background-enabled":"default","ast-page-background-meta":{"desktop":{"background-color":"","background-image":"","background-repeat":"repeat","background-position":"center center","background-size":"auto","background-attachment":"scroll","background-type":"","background-media":"","overlay-type":"","overlay-color":"","overlay-opacity":"","overlay-gradient":""},"tablet":{"background-color":"","background-image":"","background-repeat":"repeat","background-position":"center center","background-size":"auto","background-attachment":"scroll","background-type":"","background-media":"","overlay-type":"","overlay-color":"","overlay-opacity":"","overlay-gradient":""},"mobile":{"background-color":"","background-image":"","background-repeat":"repeat","background-position":"center center","background-size":"auto","background-attachment":"scroll","background-type":"","background-media":"","overlay-type":"","overlay-color":"","overlay-opacity":"","overlay-gradient":""}},"ast-content-background-meta":{"desktop":{"background-color":"var(--ast-global-color-5)","background-image":"","background-repeat":"repeat","background-position":"center center","background-size":"auto","background-attachment":"scroll","background-type":"","background-media":"","overlay-type":"","overlay-color":"","overlay-opacity":"","overlay-gradient":""},"tablet":{"background-color":"var(--ast-global-color-5)","background-image":"","background-repeat":"repeat","background-position":"center center","background-size":"auto","background-attachment":"scroll","background-type":"","background-media":"","overlay-type":"","overlay-color":"","overlay-opacity":"","overlay-gradient":""},"mobile":{"background-color":"var(--ast-global-color-5)","background-image":"","background-repeat":"repeat","background-position":"center center","background-size":"auto","background-attachment":"scroll","background-type":"","background-media":"","overlay-type":"","overlay-color":"","overlay-opacity":"","overlay-gradient":""}}},"product_brand":[],"product_cat":[315,134,327,31],"product_tag":[],"class_list":{"0":"post-7597","1":"product","2":"type-product","3":"status-publish","4":"has-post-thumbnail","6":"product_cat-gesichtswasser","7":"product_cat-etude","8":"product_cat-new-arrivals","9":"product_cat-gesicht","10":"desktop-align-center","11":"tablet-align-center","12":"mobile-align-center","14":"first","15":"outofstock","16":"taxable","17":"shipping-taxable","18":"purchasable","19":"product-type-simple"},"_links":{"self":[{"href":"https:\/\/tomyklou.gr\/de\/wp-json\/wp\/v2\/product\/7597","targetHints":{"allow":["GET"]}}],"collection":[{"href":"https:\/\/tomyklou.gr\/de\/wp-json\/wp\/v2\/product"}],"about":[{"href":"https:\/\/tomyklou.gr\/de\/wp-json\/wp\/v2\/types\/product"}],"replies":[{"embeddable":true,"href":"https:\/\/tomyklou.gr\/de\/wp-json\/wp\/v2\/comments?post=7597"}],"wp:featuredmedia":[{"embeddable":true,"href":"https:\/\/tomyklou.gr\/de\/wp-json\/wp\/v2\/media\/7006"}],"wp:attachment":[{"href":"https:\/\/tomyklou.gr\/de\/wp-json\/wp\/v2\/media?parent=7597"}],"wp:term":[{"taxonomy":"product_brand","embeddable":true,"href":"https:\/\/tomyklou.gr\/de\/wp-json\/wp\/v2\/product_brand?post=7597"},{"taxonomy":"product_cat","embeddable":true,"href":"https:\/\/tomyklou.gr\/de\/wp-json\/wp\/v2\/product_cat?post=7597"},{"taxonomy":"product_tag","embeddable":true,"href":"https:\/\/tomyklou.gr\/de\/wp-json\/wp\/v2\/product_tag?post=7597"}],"curies":[{"name":"wp","href":"https:\/\/api.w.org\/{rel}","templated":true}]}}