{"id":7599,"date":"2023-07-05T23:01:39","date_gmt":"2023-07-05T21:01:39","guid":{"rendered":"https:\/\/tomyklou.gr\/product\/frudia-green-grape-pore-peeling-pad-70pads\/"},"modified":"2026-02-22T18:40:40","modified_gmt":"2026-02-22T16:40:40","slug":"frudia-green-grape-pore-peeling-pad-70pads","status":"publish","type":"product","link":"https:\/\/tomyklou.gr\/de\/product\/frudia-green-grape-pore-peeling-pad\/","title":{"rendered":"Frudia Green Grape Pore Peeling Pad (70pads)"},"content":{"rendered":"<h3>Anwendung<\/h3>\n<ol>\n<li>Nach der Reinigung, das Gesicht sanft mit einem Pad abreiben. Dabei die Augenregion auslassen.<\/li>\n<li>Nicht abwaschen.<\/li>\n<li>Nach Gebrauch den Deckel fest verschlie\u00dfen, damit die Pads nicht austrocknen.<\/li>\n<\/ol>\n<h3>Hauptinhaltsstoffe<\/h3>\n<p>Water, Vitis Vinifera (Grape) Fruit Extract, 1,2-Hexanediol, Methylpropanediol, Butylene Glycol, Sodium Citrate, Propanediol, betaine salicylate, Polyglyceryl-10 Laurate, Pentylene Glycol, Hydroxyethyl Urea, Panthenol, Ethylhexylglycerin, Disodium EDTA, Citrus Aurantium Bergamia (Bergamot) Fruit Oil, Lavandula Hybrida Oil, Juniperus Virginiana Oil, Cupressus Sempervirens Leaf\/Nut\/Stem Oil, Citrus Aurantium Dulcis (Orange) Peel Oil, Polyquaternium-51, Citrus Paradisi (Grapefruit) Peel Oil, Tannic Acid, Ulmus Davidiana Root Extract, Pueraria Lobata Root Extract, Pinus Palustris Leaf Extract, Oenothera Biennis (Evening Primrose) Flower Extract, Chlorphenesin.<\/p>\n<h3>Warnhinweise<\/h3>\n<ol>\n<li>Nur zur \u00e4u\u00dferlichen Anwendung geeignet.<\/li>\n<li>Nicht auf verletzte Haut oder auf Wunden auftragen.<\/li>\n<li>Sollten Nebenwirkungen wie Irritationen oder Ausschlag eintreten, Anwendung sofort beenden und unverz\u00fcglich an einen Arzt wenden.<\/li>\n<li>Kontakt mit den Augen vermeiden. Sollte das Produkt ins Auge gelangen, das Auge sofort gr\u00fcndlich mit klarem Wasser aussp\u00fclen.<\/li>\n<li>Au\u00dfer Reichweite von Kindern aufbewahren.<\/li>\n<li>Nicht schlucken. Bei Verschlucken Arzt oder Giftzentrale aufsuchen.<\/li>\n<\/ol>\n","protected":false},"excerpt":{"rendered":"<p>Frudia\u00a0Green Grape Pore Peeling Pad entfernt Unreinheiten und abgestorbene Hautzellen aus verstopften Poren, sodass die Haut weich und geschmeidig bleibt. Reichhaltiges Tannin aus gr\u00fcnem Weintrauben-Extrakt verhindert die Absonderung von \u00fcbersch\u00fcssigem Talg und verkleinert die Poren.<\/p>\n<p>Die hypoallergenen Pads von\u00a0Frudia\u00a0besitzen einen pH-Wert, der nah an dem der Haut liegt, um die Hautgesundheit zu unterst\u00fctzen. Die Pads sind durch ihre Gr\u00f6\u00dfe auch zur Anwendung auf dem R\u00fccken und in der Knie-Region geeignet.<\/p>\n","protected":false},"featured_media":7012,"comment_status":"open","ping_status":"closed","template":"","meta":{"content-type":"","site-sidebar-layout":"default","site-content-layout":"default","ast-site-content-layout":"default","site-content-style":"default","site-sidebar-style":"default","ast-global-header-display":"","ast-banner-title-visibility":"","ast-main-header-display":"","ast-hfb-above-header-display":"","ast-hfb-below-header-display":"","ast-hfb-mobile-header-display":"","site-post-title":"","ast-breadcrumbs-content":"","ast-featured-img":"","footer-sml-layout":"","ast-disable-related-posts":"","theme-transparent-header-meta":"default","adv-header-id-meta":"","stick-header-meta":"","header-above-stick-meta":"","header-main-stick-meta":"","header-below-stick-meta":"","astra-migrate-meta-layouts":"set","ast-page-background-enabled":"default","ast-page-background-meta":{"desktop":{"background-color":"","background-image":"","background-repeat":"repeat","background-position":"center center","background-size":"auto","background-attachment":"scroll","background-type":"","background-media":"","overlay-type":"","overlay-color":"","overlay-opacity":"","overlay-gradient":""},"tablet":{"background-color":"","background-image":"","background-repeat":"repeat","background-position":"center center","background-size":"auto","background-attachment":"scroll","background-type":"","background-media":"","overlay-type":"","overlay-color":"","overlay-opacity":"","overlay-gradient":""},"mobile":{"background-color":"","background-image":"","background-repeat":"repeat","background-position":"center center","background-size":"auto","background-attachment":"scroll","background-type":"","background-media":"","overlay-type":"","overlay-color":"","overlay-opacity":"","overlay-gradient":""}},"ast-content-background-meta":{"desktop":{"background-color":"var(--ast-global-color-5)","background-image":"","background-repeat":"repeat","background-position":"center center","background-size":"auto","background-attachment":"scroll","background-type":"","background-media":"","overlay-type":"","overlay-color":"","overlay-opacity":"","overlay-gradient":""},"tablet":{"background-color":"var(--ast-global-color-5)","background-image":"","background-repeat":"repeat","background-position":"center center","background-size":"auto","background-attachment":"scroll","background-type":"","background-media":"","overlay-type":"","overlay-color":"","overlay-opacity":"","overlay-gradient":""},"mobile":{"background-color":"var(--ast-global-color-5)","background-image":"","background-repeat":"repeat","background-position":"center center","background-size":"auto","background-attachment":"scroll","background-type":"","background-media":"","overlay-type":"","overlay-color":"","overlay-opacity":"","overlay-gradient":""}}},"product_brand":[],"product_cat":[314,137,327,31],"product_tag":[69],"class_list":{"0":"post-7599","1":"product","2":"type-product","3":"status-publish","4":"has-post-thumbnail","6":"product_cat-gesichtspeeling","7":"product_cat-frudia","8":"product_cat-new-arrivals","9":"product_cat-gesicht","10":"product_tag-peeling","11":"desktop-align-center","12":"tablet-align-center","13":"mobile-align-center","15":"first","16":"outofstock","17":"taxable","18":"shipping-taxable","19":"purchasable","20":"product-type-simple"},"_links":{"self":[{"href":"https:\/\/tomyklou.gr\/de\/wp-json\/wp\/v2\/product\/7599","targetHints":{"allow":["GET"]}}],"collection":[{"href":"https:\/\/tomyklou.gr\/de\/wp-json\/wp\/v2\/product"}],"about":[{"href":"https:\/\/tomyklou.gr\/de\/wp-json\/wp\/v2\/types\/product"}],"replies":[{"embeddable":true,"href":"https:\/\/tomyklou.gr\/de\/wp-json\/wp\/v2\/comments?post=7599"}],"wp:featuredmedia":[{"embeddable":true,"href":"https:\/\/tomyklou.gr\/de\/wp-json\/wp\/v2\/media\/7012"}],"wp:attachment":[{"href":"https:\/\/tomyklou.gr\/de\/wp-json\/wp\/v2\/media?parent=7599"}],"wp:term":[{"taxonomy":"product_brand","embeddable":true,"href":"https:\/\/tomyklou.gr\/de\/wp-json\/wp\/v2\/product_brand?post=7599"},{"taxonomy":"product_cat","embeddable":true,"href":"https:\/\/tomyklou.gr\/de\/wp-json\/wp\/v2\/product_cat?post=7599"},{"taxonomy":"product_tag","embeddable":true,"href":"https:\/\/tomyklou.gr\/de\/wp-json\/wp\/v2\/product_tag?post=7599"}],"curies":[{"name":"wp","href":"https:\/\/api.w.org\/{rel}","templated":true}]}}