{"id":7604,"date":"2023-07-05T23:01:41","date_gmt":"2023-07-05T21:01:41","guid":{"rendered":"https:\/\/tomyklou.gr\/product\/some-by-mi-yuja-niacin-brightening-moisture-gel-cream-100ml\/"},"modified":"2026-02-22T18:40:39","modified_gmt":"2026-02-22T16:40:39","slug":"some-by-mi-yuja-niacin-brightening-moisture-gel-cream-100ml","status":"publish","type":"product","link":"https:\/\/tomyklou.gr\/de\/product\/some-by-mi-yuja-niacin-brightening-moisture-gel-cream\/","title":{"rendered":"Some By Mi Yuja Niacin Brightening Moisture Gel Cream 100ml"},"content":{"rendered":"<h3>Anwendung<\/h3>\n<p>Eine geeignete Menge auf das gereinigte Gesicht auftragen. In die Haut einklopfen bis die Creme vollst\u00e4ndig absorbiert ist.<\/p>\n<h3>Hauptinhaltsstoffe<\/h3>\n<p>Citron Extract 90%, Niacinamide 5%, 12-Hexandiol, Dipropylene Glycol, Butyleneglycol, Glacier Water\/Aqua\/Eau, Melaleuca Alternifolia (Tea Tree) Leaf Water, Thuja Orientalis Leaf Extract, Zanthoxylum Piperitum Fruit Extract, Polygonum Cuspidatum Root Extract, Centella Asiatica Extract, Artemisia Princeps Leaf Extract, Nelumbo Nucifera Flower Extract, Coptis Japonica Extract, Arbutin, (-)-alpha-bisabolol, Glutathione,\u00a0 Biotin, Ascorbic Acid, Ascorbyl Glucoside, Ascorbyl Tetraisopalmitate, Tocopherol, Panthenol, Cyanocobalamin, Menadione, Madecassoside, Madecassic Acid, Asiaticoside, Asiatic Acid, Adenosine, Ethylhexyl Olivate, Cetearyl Olivate, Sorbitan Olivate, Polyglyceryl-4 Oleate, CI2-13 Paret-9, Carbomer, Ammonium Acryloyldimethyltaurate\/VP Copolymer, Sodium Acrylate Copolymer, Purified Water\/Aqua\/Eau, Benzyl Glycol, Ethylhexylglycerin, Raspberry Ketone, Citrus Junos Peel Oil (156 ppm), Melaleuca Alternifolia (Tea Tree) Leaf Oil, Linalool, Limonene<\/p>\n<h3>Warnhinweise<\/h3>\n<ol>\n<li>Nur zur \u00e4u\u00dferlichen Anwendung geeignet.<\/li>\n<li>Nicht auf verletzte Haut oder auf Wunden auftragen.<\/li>\n<li>Sollten Nebenwirkungen wie Irritationen oder Ausschlag eintreten, Anwendung sofort beenden und unverz\u00fcglich an einen Arzt wenden.<\/li>\n<li>Kontakt mit den Augen vermeiden. Sollte das Produkt ins Auge gelangen, das Auge sofort gr\u00fcndlich mit klarem Wasser aussp\u00fclen.<\/li>\n<li>Au\u00dfer Reichweite von Kindern aufbewahren.<\/li>\n<li>Nicht schlucken. Bei Verschlucken Arzt oder Giftzentrale aufsuchen.<\/li>\n<\/ol>\n","protected":false},"excerpt":{"rendered":"<p>Hellen Sie dunkle Flecken auf, damit Sie j\u00fcnger aussehen und sich Ihre Haut weich und optimal mit Feuchtigkeit versorgt anf\u00fchlt.<\/p>\n<p>Die Mischung aus melanin-beinhaltenden Inhaltsstoffen hilft dabei, einen gleichm\u00e4ssigen, hellen Hautton zu erschaffen, w\u00e4hrend feine Linien und Falten nachhaltig reduziert werden. Nat\u00fcrliches Yuja Extrakt schenkt Ihnen einen strahlenden Teint und macht Hautsch\u00e4den, die durch UV-Strahlen entstanden sind, r\u00fcckg\u00e4ngig.<\/p>\n<ul>\n<li>Aus\u00a0<em><strong>90% feuchtigkeitsspendenden Yuja Extrakt<\/strong><\/em>\u00a0zusammengesetzt, welches 3x so viel Vitamin C beinhaltet wie eine Zitrone!<\/li>\n<li><em><strong>Gletschermilch\u00a0<\/strong><\/em>k\u00fchlt und verlangsamt die Melaninproduktion, die zu Sommersprossen und dunklen Flecken f\u00fchren kann.<\/li>\n<li>Zieht schnell ein, damit Sie sofort die Vorteile geniessen k\u00f6nnen.<\/li>\n<\/ul>\n","protected":false},"featured_media":9551,"comment_status":"open","ping_status":"closed","template":"","meta":{"content-type":"","site-sidebar-layout":"default","site-content-layout":"default","ast-site-content-layout":"default","site-content-style":"default","site-sidebar-style":"default","ast-global-header-display":"","ast-banner-title-visibility":"","ast-main-header-display":"","ast-hfb-above-header-display":"","ast-hfb-below-header-display":"","ast-hfb-mobile-header-display":"","site-post-title":"","ast-breadcrumbs-content":"","ast-featured-img":"","footer-sml-layout":"","ast-disable-related-posts":"","theme-transparent-header-meta":"default","adv-header-id-meta":"","stick-header-meta":"","header-above-stick-meta":"","header-main-stick-meta":"","header-below-stick-meta":"","astra-migrate-meta-layouts":"set","ast-page-background-enabled":"default","ast-page-background-meta":{"desktop":{"background-color":"","background-image":"","background-repeat":"repeat","background-position":"center center","background-size":"auto","background-attachment":"scroll","background-type":"","background-media":"","overlay-type":"","overlay-color":"","overlay-opacity":"","overlay-gradient":""},"tablet":{"background-color":"","background-image":"","background-repeat":"repeat","background-position":"center center","background-size":"auto","background-attachment":"scroll","background-type":"","background-media":"","overlay-type":"","overlay-color":"","overlay-opacity":"","overlay-gradient":""},"mobile":{"background-color":"","background-image":"","background-repeat":"repeat","background-position":"center center","background-size":"auto","background-attachment":"scroll","background-type":"","background-media":"","overlay-type":"","overlay-color":"","overlay-opacity":"","overlay-gradient":""}},"ast-content-background-meta":{"desktop":{"background-color":"var(--ast-global-color-5)","background-image":"","background-repeat":"repeat","background-position":"center center","background-size":"auto","background-attachment":"scroll","background-type":"","background-media":"","overlay-type":"","overlay-color":"","overlay-opacity":"","overlay-gradient":""},"tablet":{"background-color":"var(--ast-global-color-5)","background-image":"","background-repeat":"repeat","background-position":"center center","background-size":"auto","background-attachment":"scroll","background-type":"","background-media":"","overlay-type":"","overlay-color":"","overlay-opacity":"","overlay-gradient":""},"mobile":{"background-color":"var(--ast-global-color-5)","background-image":"","background-repeat":"repeat","background-position":"center center","background-size":"auto","background-attachment":"scroll","background-type":"","background-media":"","overlay-type":"","overlay-color":"","overlay-opacity":"","overlay-gradient":""}}},"product_brand":[],"product_cat":[322,171,327,31],"product_tag":[35],"class_list":{"0":"post-7604","1":"product","2":"type-product","3":"status-publish","4":"has-post-thumbnail","6":"product_cat-gesichtscreme","7":"product_cat-some-by-mi","8":"product_cat-new-arrivals","9":"product_cat-gesicht","10":"product_tag-moisturizer","11":"desktop-align-center","12":"tablet-align-center","13":"mobile-align-center","15":"first","16":"outofstock","17":"taxable","18":"shipping-taxable","19":"purchasable","20":"product-type-simple"},"_links":{"self":[{"href":"https:\/\/tomyklou.gr\/de\/wp-json\/wp\/v2\/product\/7604","targetHints":{"allow":["GET"]}}],"collection":[{"href":"https:\/\/tomyklou.gr\/de\/wp-json\/wp\/v2\/product"}],"about":[{"href":"https:\/\/tomyklou.gr\/de\/wp-json\/wp\/v2\/types\/product"}],"replies":[{"embeddable":true,"href":"https:\/\/tomyklou.gr\/de\/wp-json\/wp\/v2\/comments?post=7604"}],"wp:featuredmedia":[{"embeddable":true,"href":"https:\/\/tomyklou.gr\/de\/wp-json\/wp\/v2\/media\/9551"}],"wp:attachment":[{"href":"https:\/\/tomyklou.gr\/de\/wp-json\/wp\/v2\/media?parent=7604"}],"wp:term":[{"taxonomy":"product_brand","embeddable":true,"href":"https:\/\/tomyklou.gr\/de\/wp-json\/wp\/v2\/product_brand?post=7604"},{"taxonomy":"product_cat","embeddable":true,"href":"https:\/\/tomyklou.gr\/de\/wp-json\/wp\/v2\/product_cat?post=7604"},{"taxonomy":"product_tag","embeddable":true,"href":"https:\/\/tomyklou.gr\/de\/wp-json\/wp\/v2\/product_tag?post=7604"}],"curies":[{"name":"wp","href":"https:\/\/api.w.org\/{rel}","templated":true}]}}