{"id":7621,"date":"2023-07-05T23:01:51","date_gmt":"2023-07-05T21:01:51","guid":{"rendered":"https:\/\/tomyklou.gr\/product\/secret-key-starting-treatment-aura-mist-100ml\/"},"modified":"2026-02-22T18:40:39","modified_gmt":"2026-02-22T16:40:39","slug":"secret-key-starting-treatment-aura-mist-100ml","status":"publish","type":"product","link":"https:\/\/tomyklou.gr\/de\/product\/secret-key-starting-treatment-aura-mist-100ml\/","title":{"rendered":"Secret Key Starting Treatment Aura Mist 100ml"},"content":{"rendered":"<h3>Anwendung<\/h3>\n<ol>\n<li>Vor dem Gebrauch gut sch\u00fctteln.<\/li>\n<li>Spr\u00fchen Sie das Produkt aus einem Abstand von 20 cm auf die Haut, sobald diese sich trocken oder gereizt anf\u00fchlt.<\/li>\n<\/ol>\n<h3>Inhaltsstoffe<\/h3>\n<p>Water, Butylene Glycol, Glycerin, Alcohol Denat., Galactomyces Ferment Filtrate, Ceramide NP, Aloe Barbadensis (Aloe Vera) Leaf Extract, Chamomilla Recutita (Matricaria) Extract, Centella Asiatica (Gotu Kola) Extract, Camellia Sinensis (Green Tea) Leaf Extract, Hamamelis Virginiana (Witch Hazel) Extract, Oryza Sativa (Rice) Bran Extract, Portulaca Oleracea (Green Purslane) Extract, Panax Ginseng (Ginseng) Root Extract, Acanthopanax Senticosus (Eleuthero) Root Extract, Human Oligopeptide-1, Sodium Hyaluronate, Octyldodecanol, Hydrogenated Lecithin, Boswellia Serrata Resin Extract, PEG-60 Hydrogenated Castor Oil, Caprylhydroxamic Acid, Caprylyl Glycol, 1,2-Hexanediol, Disodium EDTA, Fragrance<\/p>\n<h3>Warnhinweise<\/h3>\n<ol>\n<li>Nur zur \u00e4u\u00dferlichen Anwendung geeignet.<\/li>\n<li>Nicht auf verletzte Haut oder auf Wunden auftragen.<\/li>\n<li>Sollten Nebenwirkungen wie Irritationen oder Ausschlag eintreten, Anwendung sofort beenden und unverz\u00fcglich an einen Arzt wenden.<\/li>\n<li>Kontakt mit den Augen vermeiden. Sollte das Produkt ins Auge gelangen, das Auge sofort gr\u00fcndlich mit klarem Wasser aussp\u00fclen.<\/li>\n<li>Au\u00dfer Reichweite von Kindern aufbewahren.<\/li>\n<li>Nicht schlucken. Bei Verschlucken Arzt oder Giftzentrale aufsuchen.<\/li>\n<\/ol>\n","protected":false},"excerpt":{"rendered":"<p><strong>Secret Key<\/strong>\u00a0Starting Treatment Aura Mist\u00a0ist ein erfrischendes Gesichtsspray mit renommierten Inhaltsstoffen wie Galactomyces-Ferment-Filtrat, eine mit N\u00e4hrstoffen angereicherte Hefe, die die Haut mit Feuchtigkeit versorgt und aufhellt. Die Formel enth\u00e4lt au\u00dferdem nat\u00fcrliche pflanzliche Extrakte aus Kamelienbl\u00e4ttern und Centella Asiatica, die die Schutzbarriere der Haut festigen, beruhigen und st\u00e4rken. Ein kurzer Spr\u00fchsto\u00df ist alles, was n\u00f6tig ist, um die Haut mit Feuchtigkeit aufzuf\u00fcllen und den Glow aufrechtzuerhalten, unabh\u00e4ngig davon, ob die Haut dazu neigt, trocken oder fettig zu sein.<\/p>\n","protected":false},"featured_media":7618,"comment_status":"open","ping_status":"closed","template":"","meta":{"content-type":"","site-sidebar-layout":"default","site-content-layout":"default","ast-site-content-layout":"default","site-content-style":"default","site-sidebar-style":"default","ast-global-header-display":"","ast-banner-title-visibility":"","ast-main-header-display":"","ast-hfb-above-header-display":"","ast-hfb-below-header-display":"","ast-hfb-mobile-header-display":"","site-post-title":"","ast-breadcrumbs-content":"","ast-featured-img":"","footer-sml-layout":"","ast-disable-related-posts":"","theme-transparent-header-meta":"default","adv-header-id-meta":"","stick-header-meta":"","header-above-stick-meta":"","header-main-stick-meta":"","header-below-stick-meta":"","astra-migrate-meta-layouts":"default","ast-page-background-enabled":"default","ast-page-background-meta":{"desktop":{"background-color":"","background-image":"","background-repeat":"repeat","background-position":"center center","background-size":"auto","background-attachment":"scroll","background-type":"","background-media":"","overlay-type":"","overlay-color":"","overlay-opacity":"","overlay-gradient":""},"tablet":{"background-color":"","background-image":"","background-repeat":"repeat","background-position":"center center","background-size":"auto","background-attachment":"scroll","background-type":"","background-media":"","overlay-type":"","overlay-color":"","overlay-opacity":"","overlay-gradient":""},"mobile":{"background-color":"","background-image":"","background-repeat":"repeat","background-position":"center center","background-size":"auto","background-attachment":"scroll","background-type":"","background-media":"","overlay-type":"","overlay-color":"","overlay-opacity":"","overlay-gradient":""}},"ast-content-background-meta":{"desktop":{"background-color":"var(--ast-global-color-5)","background-image":"","background-repeat":"repeat","background-position":"center center","background-size":"auto","background-attachment":"scroll","background-type":"","background-media":"","overlay-type":"","overlay-color":"","overlay-opacity":"","overlay-gradient":""},"tablet":{"background-color":"var(--ast-global-color-5)","background-image":"","background-repeat":"repeat","background-position":"center center","background-size":"auto","background-attachment":"scroll","background-type":"","background-media":"","overlay-type":"","overlay-color":"","overlay-opacity":"","overlay-gradient":""},"mobile":{"background-color":"var(--ast-global-color-5)","background-image":"","background-repeat":"repeat","background-position":"center center","background-size":"auto","background-attachment":"scroll","background-type":"","background-media":"","overlay-type":"","overlay-color":"","overlay-opacity":"","overlay-gradient":""}}},"product_brand":[],"product_cat":[315,165,31],"product_tag":[],"class_list":{"0":"post-7621","1":"product","2":"type-product","3":"status-publish","4":"has-post-thumbnail","6":"product_cat-gesichtswasser","7":"product_cat-secret-key","8":"product_cat-gesicht","9":"desktop-align-center","10":"tablet-align-center","11":"mobile-align-center","13":"first","14":"outofstock","15":"taxable","16":"shipping-taxable","17":"purchasable","18":"product-type-simple"},"_links":{"self":[{"href":"https:\/\/tomyklou.gr\/de\/wp-json\/wp\/v2\/product\/7621","targetHints":{"allow":["GET"]}}],"collection":[{"href":"https:\/\/tomyklou.gr\/de\/wp-json\/wp\/v2\/product"}],"about":[{"href":"https:\/\/tomyklou.gr\/de\/wp-json\/wp\/v2\/types\/product"}],"replies":[{"embeddable":true,"href":"https:\/\/tomyklou.gr\/de\/wp-json\/wp\/v2\/comments?post=7621"}],"wp:featuredmedia":[{"embeddable":true,"href":"https:\/\/tomyklou.gr\/de\/wp-json\/wp\/v2\/media\/7618"}],"wp:attachment":[{"href":"https:\/\/tomyklou.gr\/de\/wp-json\/wp\/v2\/media?parent=7621"}],"wp:term":[{"taxonomy":"product_brand","embeddable":true,"href":"https:\/\/tomyklou.gr\/de\/wp-json\/wp\/v2\/product_brand?post=7621"},{"taxonomy":"product_cat","embeddable":true,"href":"https:\/\/tomyklou.gr\/de\/wp-json\/wp\/v2\/product_cat?post=7621"},{"taxonomy":"product_tag","embeddable":true,"href":"https:\/\/tomyklou.gr\/de\/wp-json\/wp\/v2\/product_tag?post=7621"}],"curies":[{"name":"wp","href":"https:\/\/api.w.org\/{rel}","templated":true}]}}