{"id":7632,"date":"2023-07-05T23:02:02","date_gmt":"2023-07-05T21:02:02","guid":{"rendered":"https:\/\/tomyklou.gr\/product\/missha-time-revolution-artemisia-treatment-essence-150ml\/"},"modified":"2026-02-22T18:40:39","modified_gmt":"2026-02-22T16:40:39","slug":"missha-time-revolution-artemisia-treatment-essence-150ml","status":"publish","type":"product","link":"https:\/\/tomyklou.gr\/de\/product\/missha-time-revolution-artemisia-treatment-essence\/","title":{"rendered":"Missha Time Revolution Artemisia Treatment Essence 150ml"},"content":{"rendered":"<h3>Anwendung<\/h3>\n<ol>\n<li>Befeuchten Sie im ersten Schritt Ihrer Hautpflegeroutine Ihr Wattepad mit Essenz.<\/li>\n<li>Wischen Sie mit dem Wattepad leicht \u00fcber Ihre Hautstruktur oder geben Sie eine gro\u00dfz\u00fcgige Menge auf Ihre Handfl\u00e4chen und klopfen Sie es sanft in die Haut ein.<\/li>\n<li>Tipp: Wenn sich Ihre Haut besonders empfindlich anf\u00fchlt, befeuchten Sie ein paar Wattepads mit Essenz und legen Sie sie als beruhigende Packung f\u00fcr 5-10 Minuten auf Ihr ganzes Gesicht.<\/li>\n<\/ol>\n<h3>Hauptinhaltsstoffe<\/h3>\n<p><strong>100 % doppelt fermentierter Artemisia Annua-Extrakt: <\/strong><\/p>\n<p>Der Artemisia-Extrakt wird in der klaren Meeresbrise, im Mineralboden und im warmen Sonnenlicht der koreanischen Insel Ganghwa angebaut und durch 100 Tage nat\u00fcrliche Fermentation in einem koreanischen Glas verbessert \u2013 einmal bei warmer Temperatur und zweimal bei k\u00fchler Temperatur. Dieser Inhaltsstoff hilft, entz\u00fcndete und empfindliche Haut zu reparieren und zu heilen. Seine antibakteriellen und antimykotischen Eigenschaften machen es zu einer wirksamen Behandlung von Hautunreinheiten, Reizungen und entz\u00fcndlichen Erkrankungen.<\/p>\n<h3>Warnhinweise<\/h3>\n<ol>\n<li>Nur zur \u00e4u\u00dferlichen Anwendung geeignet.<\/li>\n<li>Nicht auf verletzte Haut oder auf Wunden auftragen.<\/li>\n<li>Sollten Nebenwirkungen wie Irritationen oder Ausschlag eintreten, Anwendung sofort beenden und unverz\u00fcglich an einen Arzt wenden.<\/li>\n<li>Kontakt mit den Augen vermeiden. Sollte das Produkt ins Auge gelangen, das Auge sofort gr\u00fcndlich mit klarem Wasser aussp\u00fclen.<\/li>\n<li>Au\u00dfer Reichweite von Kindern aufbewahren.<\/li>\n<li>Nicht schlucken. Bei Verschlucken Arzt oder Giftzentrale aufsuchen.<\/li>\n<\/ol>\n","protected":false},"excerpt":{"rendered":"<p>Time Revolution Artemisia Treatment Essence von Missha ist ein Produkt mit einem einzigen Inhaltsstoff, das mit doppelt fermentiertem Artemisia Annua-Extrakt von der Insel Ganghwa, einer Insel im Westmeer vor der Westk\u00fcste Koreas, formuliert ist. Diese leichte, konzentrierte Essenz liefert effizient feuchtigkeitsspendende und beruhigende Eigenschaften, um die Haut zu reparieren und zu heilen. Der Artemisia-Extrakt von Missha wird im September geerntet, wenn er die maximale Menge an aktiven Eigenschaften aufweist, und wird 100 Tage lang fermentiert, zuerst bei warmer Temperatur, dann zweimal bei k\u00fchler Temperatur. Dieser Hochdruck-Extraktionsprozess erzeugt die reinste und aktivste Artemisia-Konzentration, die m\u00f6glich ist.<\/p>\n","protected":false},"featured_media":7629,"comment_status":"open","ping_status":"closed","template":"","meta":{"content-type":"","site-sidebar-layout":"default","site-content-layout":"default","ast-site-content-layout":"default","site-content-style":"default","site-sidebar-style":"default","ast-global-header-display":"","ast-banner-title-visibility":"","ast-main-header-display":"","ast-hfb-above-header-display":"","ast-hfb-below-header-display":"","ast-hfb-mobile-header-display":"","site-post-title":"","ast-breadcrumbs-content":"","ast-featured-img":"","footer-sml-layout":"","ast-disable-related-posts":"","theme-transparent-header-meta":"default","adv-header-id-meta":"","stick-header-meta":"","header-above-stick-meta":"","header-main-stick-meta":"","header-below-stick-meta":"","astra-migrate-meta-layouts":"default","ast-page-background-enabled":"default","ast-page-background-meta":{"desktop":{"background-color":"","background-image":"","background-repeat":"repeat","background-position":"center center","background-size":"auto","background-attachment":"scroll","background-type":"","background-media":"","overlay-type":"","overlay-color":"","overlay-opacity":"","overlay-gradient":""},"tablet":{"background-color":"","background-image":"","background-repeat":"repeat","background-position":"center center","background-size":"auto","background-attachment":"scroll","background-type":"","background-media":"","overlay-type":"","overlay-color":"","overlay-opacity":"","overlay-gradient":""},"mobile":{"background-color":"","background-image":"","background-repeat":"repeat","background-position":"center center","background-size":"auto","background-attachment":"scroll","background-type":"","background-media":"","overlay-type":"","overlay-color":"","overlay-opacity":"","overlay-gradient":""}},"ast-content-background-meta":{"desktop":{"background-color":"var(--ast-global-color-5)","background-image":"","background-repeat":"repeat","background-position":"center center","background-size":"auto","background-attachment":"scroll","background-type":"","background-media":"","overlay-type":"","overlay-color":"","overlay-opacity":"","overlay-gradient":""},"tablet":{"background-color":"var(--ast-global-color-5)","background-image":"","background-repeat":"repeat","background-position":"center center","background-size":"auto","background-attachment":"scroll","background-type":"","background-media":"","overlay-type":"","overlay-color":"","overlay-opacity":"","overlay-gradient":""},"mobile":{"background-color":"var(--ast-global-color-5)","background-image":"","background-repeat":"repeat","background-position":"center center","background-size":"auto","background-attachment":"scroll","background-type":"","background-media":"","overlay-type":"","overlay-color":"","overlay-opacity":"","overlay-gradient":""}}},"product_brand":[],"product_cat":[317,158,327,31],"product_tag":[],"class_list":{"0":"post-7632","1":"product","2":"type-product","3":"status-publish","4":"has-post-thumbnail","6":"product_cat-essence-serum-oel","7":"product_cat-missha","8":"product_cat-new-arrivals","9":"product_cat-gesicht","10":"desktop-align-center","11":"tablet-align-center","12":"mobile-align-center","14":"first","15":"outofstock","16":"taxable","17":"shipping-taxable","18":"purchasable","19":"product-type-simple"},"_links":{"self":[{"href":"https:\/\/tomyklou.gr\/de\/wp-json\/wp\/v2\/product\/7632","targetHints":{"allow":["GET"]}}],"collection":[{"href":"https:\/\/tomyklou.gr\/de\/wp-json\/wp\/v2\/product"}],"about":[{"href":"https:\/\/tomyklou.gr\/de\/wp-json\/wp\/v2\/types\/product"}],"replies":[{"embeddable":true,"href":"https:\/\/tomyklou.gr\/de\/wp-json\/wp\/v2\/comments?post=7632"}],"wp:featuredmedia":[{"embeddable":true,"href":"https:\/\/tomyklou.gr\/de\/wp-json\/wp\/v2\/media\/7629"}],"wp:attachment":[{"href":"https:\/\/tomyklou.gr\/de\/wp-json\/wp\/v2\/media?parent=7632"}],"wp:term":[{"taxonomy":"product_brand","embeddable":true,"href":"https:\/\/tomyklou.gr\/de\/wp-json\/wp\/v2\/product_brand?post=7632"},{"taxonomy":"product_cat","embeddable":true,"href":"https:\/\/tomyklou.gr\/de\/wp-json\/wp\/v2\/product_cat?post=7632"},{"taxonomy":"product_tag","embeddable":true,"href":"https:\/\/tomyklou.gr\/de\/wp-json\/wp\/v2\/product_tag?post=7632"}],"curies":[{"name":"wp","href":"https:\/\/api.w.org\/{rel}","templated":true}]}}