{"id":7635,"date":"2023-07-05T23:02:04","date_gmt":"2023-07-05T21:02:04","guid":{"rendered":"https:\/\/tomyklou.gr\/product\/etude-sunprise-mild-airy-finish-55ml\/"},"modified":"2026-02-22T18:40:38","modified_gmt":"2026-02-22T16:40:38","slug":"etude-sunprise-mild-airy-finish-55ml","status":"publish","type":"product","link":"https:\/\/tomyklou.gr\/de\/product\/etude-sunprise-mild-airy-finish\/","title":{"rendered":"Etude Sunprise Mild Airy Finish 55ml"},"content":{"rendered":"<h3>Anwendung<\/h3>\n<ol>\n<li>Verteile als letzten Schritt deiner Pflegeroutine eine angemessene Menge Sunscreen auf die der Sonne ausgesetzten Bereiche deiner Haut.<\/li>\n<li>Mindestens 15 Minuten vor dem in die Sonne gehen verwenden.<\/li>\n<li>Nach Bedarf bei l\u00e4ngerem Sonnenaufenthalt die Anwendung\u00a0mehrmals wiederholen!<\/li>\n<\/ol>\n<h3>Hauptinhaltsstoffe<\/h3>\n<p>Water, Cyclopentasiloxane, Zinc Oxide, Alcohol, Dicaprylyl Ether, Dipropylene Glycol, Titanium Dioxide, Aloe Barbadensis Leaf Juice, Viscum Album (Mistletoe) Leaf Extract, Portulaca Oleracea Extract, Centella Asiatica Extract, Opuntia Ficus-Indica Extract, Carex Humillis Root Extract, Citrus Aurantium Bergamia (Bergamot) Fruit Oil, Citrus Limon (Lemon) Peel Oil, Eucalyptus Globulus Leaf Oil, Pinus Sylvestris Leaf Oil, Citrus Aurantifolia (Lime) Oil, Citrus Aurantium Dulcis (Orange) Peel Oil, Euterpe Oleracea Fruit Extract, Malpighia Emarginata (Acerola) Fruit Extract, Terminalia Ferdinandiana Fruit Extract, Echium Plantagineum Seed Oil, Adansonia Digitata Seed Oil, Hyaluronic Acid, Helianthus Annuus (Sunflower) Seed Oil, Cardiospermum Halicacabum Flower\/Leaf\/Vine Extract, Helianthus Annuus (Sunflower) Seed Oil Unsaponifiables, Vinyl Dimethicone\/Methicone Silsesquioxane Crosspolymer, Peg-10 Dimethicone, Cyclomethicone, Magnesium Sulfate, Polymethylsilsesquioxane, Methicone, 1,2-Hexanediol, Aluminum Hydroxide, Methyl Methacrylate Crosspolymer, Caprylyl Glycol, Octyldodecanol, Dimethicone, Stearic Acid, Glyceryl Caprylate, Polyglyceryl-6 Polyricinoleate, Dimethicone\/Vinyl Dimethicone Crosspolymer, Microcrystalline Cellulose, Butylene Glycol, Triethoxycaprylylsilane, Cellulose Gum<\/p>\n<h3>Warnhinweise<\/h3>\n<ol>\n<li>Nur zur \u00e4u\u00dferlichen Anwendung geeignet.<\/li>\n<li>Nicht auf verletzte Haut oder auf Wunden auftragen.<\/li>\n<li>Sollten Nebenwirkungen wie Irritationen oder Ausschlag eintreten, Anwendung sofort beenden und unverz\u00fcglich an einen Arzt wenden.<\/li>\n<li>Kontakt mit den Augen vermeiden. Sollte das Produkt ins Auge gelangen, das Auge sofort gr\u00fcndlich mit klarem Wasser aussp\u00fclen.<\/li>\n<li>Au\u00dfer Reichweite von Kindern aufbewahren.<\/li>\n<li>Nicht schlucken. Bei Verschlucken Arzt oder Giftzentrale aufsuchen.<\/li>\n<\/ol>\n","protected":false},"excerpt":{"rendered":"<p>Die Milch mit LSF 50 sch\u00fctzt die Haut vor vorzeitiger Alterung durch sch\u00e4dliche Sonneneinstrahlung. Dank ihrer Formel klebt und fettet die Milch nicht und l\u00e4sst sich problemlos auftragen. Ihre Filter sind zu 100\u00a0% mineralisch und somit ist die Milch auch <strong>f\u00fcr empfindliche Haut bestens geeignet<\/strong>. Enth\u00e4lt 20\u00a0verschiedene pflanzliche Inhaltsstoffe, wie etwa Erd-Segge-Extrakt, Aloe vera,\u00a0<i>Portulaca Oleracea<\/i>-Extrakt, Acai Beere, Acerola und mehr. Trage sie auf die gereinigte Haut auf und creme \u00fcber den Tag immer wieder nach.<\/p>\n","protected":false},"featured_media":7633,"comment_status":"open","ping_status":"closed","template":"","meta":{"content-type":"","site-sidebar-layout":"default","site-content-layout":"default","ast-site-content-layout":"default","site-content-style":"default","site-sidebar-style":"default","ast-global-header-display":"","ast-banner-title-visibility":"","ast-main-header-display":"","ast-hfb-above-header-display":"","ast-hfb-below-header-display":"","ast-hfb-mobile-header-display":"","site-post-title":"","ast-breadcrumbs-content":"","ast-featured-img":"","footer-sml-layout":"","ast-disable-related-posts":"","theme-transparent-header-meta":"default","adv-header-id-meta":"","stick-header-meta":"","header-above-stick-meta":"","header-main-stick-meta":"","header-below-stick-meta":"","astra-migrate-meta-layouts":"set","ast-page-background-enabled":"default","ast-page-background-meta":{"desktop":{"background-color":"","background-image":"","background-repeat":"repeat","background-position":"center center","background-size":"auto","background-attachment":"scroll","background-type":"","background-media":"","overlay-type":"","overlay-color":"","overlay-opacity":"","overlay-gradient":""},"tablet":{"background-color":"","background-image":"","background-repeat":"repeat","background-position":"center center","background-size":"auto","background-attachment":"scroll","background-type":"","background-media":"","overlay-type":"","overlay-color":"","overlay-opacity":"","overlay-gradient":""},"mobile":{"background-color":"","background-image":"","background-repeat":"repeat","background-position":"center center","background-size":"auto","background-attachment":"scroll","background-type":"","background-media":"","overlay-type":"","overlay-color":"","overlay-opacity":"","overlay-gradient":""}},"ast-content-background-meta":{"desktop":{"background-color":"var(--ast-global-color-5)","background-image":"","background-repeat":"repeat","background-position":"center center","background-size":"auto","background-attachment":"scroll","background-type":"","background-media":"","overlay-type":"","overlay-color":"","overlay-opacity":"","overlay-gradient":""},"tablet":{"background-color":"var(--ast-global-color-5)","background-image":"","background-repeat":"repeat","background-position":"center center","background-size":"auto","background-attachment":"scroll","background-type":"","background-media":"","overlay-type":"","overlay-color":"","overlay-opacity":"","overlay-gradient":""},"mobile":{"background-color":"var(--ast-global-color-5)","background-image":"","background-repeat":"repeat","background-position":"center center","background-size":"auto","background-attachment":"scroll","background-type":"","background-media":"","overlay-type":"","overlay-color":"","overlay-opacity":"","overlay-gradient":""}}},"product_brand":[],"product_cat":[313,134,327,31],"product_tag":[36],"class_list":{"0":"post-7635","1":"product","2":"type-product","3":"status-publish","4":"has-post-thumbnail","6":"product_cat-gesichtssonnencreme","7":"product_cat-etude","8":"product_cat-new-arrivals","9":"product_cat-gesicht","10":"product_tag-sonnenschutz","11":"desktop-align-center","12":"tablet-align-center","13":"mobile-align-center","15":"first","16":"outofstock","17":"taxable","18":"shipping-taxable","19":"purchasable","20":"product-type-simple"},"_links":{"self":[{"href":"https:\/\/tomyklou.gr\/de\/wp-json\/wp\/v2\/product\/7635","targetHints":{"allow":["GET"]}}],"collection":[{"href":"https:\/\/tomyklou.gr\/de\/wp-json\/wp\/v2\/product"}],"about":[{"href":"https:\/\/tomyklou.gr\/de\/wp-json\/wp\/v2\/types\/product"}],"replies":[{"embeddable":true,"href":"https:\/\/tomyklou.gr\/de\/wp-json\/wp\/v2\/comments?post=7635"}],"wp:featuredmedia":[{"embeddable":true,"href":"https:\/\/tomyklou.gr\/de\/wp-json\/wp\/v2\/media\/7633"}],"wp:attachment":[{"href":"https:\/\/tomyklou.gr\/de\/wp-json\/wp\/v2\/media?parent=7635"}],"wp:term":[{"taxonomy":"product_brand","embeddable":true,"href":"https:\/\/tomyklou.gr\/de\/wp-json\/wp\/v2\/product_brand?post=7635"},{"taxonomy":"product_cat","embeddable":true,"href":"https:\/\/tomyklou.gr\/de\/wp-json\/wp\/v2\/product_cat?post=7635"},{"taxonomy":"product_tag","embeddable":true,"href":"https:\/\/tomyklou.gr\/de\/wp-json\/wp\/v2\/product_tag?post=7635"}],"curies":[{"name":"wp","href":"https:\/\/api.w.org\/{rel}","templated":true}]}}